{"id":5147,"date":"2026-03-27T10:17:26","date_gmt":"2026-03-27T10:17:26","guid":{"rendered":"https:\/\/mueller-wrh.de\/produkt\/haas-mikron-vce-750_bj-12_2000_-intnr231534\/"},"modified":"2026-04-10T13:55:58","modified_gmt":"2026-04-10T13:55:58","slug":"haas-mikron-vce-750_bj-12_2000_-intnr231534","status":"publish","type":"product","link":"https:\/\/mueller-wrh.de\/fr\/produit\/haas-mikron-vce-750_bj-12_2000_-intnr231534\/","title":{"rendered":"Haas \/ Mikron VCE 750_Bj.12_2000_ IntNr231534"},"content":{"rendered":"<p><b>Emplacement :<\/b> Allemagne, Baden-W\u00fcrttemberg S\u00fcdwest<\/p>\n<p><b>\u00e9tat :<\/b> Occasion<\/p>\n<p><b>fabricant :<\/b> HAAS<\/p>\n<p><b>mod\u00e8le :<\/b> VCE 750<\/p>\n<p><b>Ann\u00e9e de construction :<\/b> 2000<\/p>\n<p><b>heures de fonctionnement :<\/b> 22000<\/p>\n<p>Haas Mikron VCE 750 (ann\u00e9e 12_2000) - 3 axes<br \/>\nHeures de fonctionnement : env. 20000<br \/>\nHeures de fonctionnement : env.44000<br \/>\nType de machine : Centre d'usinage vertical (CNC)<br \/>\nAnn\u00e9e de construction : 12_2000<br \/>\nContr\u00f4le : Haas<br \/>\nType d'entra\u00eenement : broche \u00e0 grande vitesse (High Efficiency)<br \/>\nCapacit\u00e9 d'axe : usinage 3 axes <\/p>\n<p>Donn\u00e9es m\u00e9caniques<br \/>\nCourse de d\u00e9placement :<br \/>\nAxe X : 760 mm<br \/>\naxe Y : 410 mm<br \/>\nAxe Z : 500 mm<br \/>\nPlage de vitesse : jusqu'\u00e0 10 000 tr\/min <\/p>\n<p>Entra\u00eenements d'axes<br \/>\nAxe X\/Y\/Z : vis \u00e0 billes, guidages de pr\u00e9cision<br \/>\n3 axes : table pivotante \/ table tournante int\u00e9gr\u00e9e, command\u00e9e par CNC<\/p>\n<p>Magasin de revolvers<br \/>\nCapacit\u00e9 : 20 emplacements d'outils<br \/>\nSK40<\/p>\n<p>Convoyeur \u00e0 copeaux<\/p>\n<p>Surface au sol \/ dimensions d'installation : env. 2.400 mm x 2.310 mm x 2.690 mm (L x P x H)<\/p>\n<p>Poids de la machine : env. 4 860 kg<\/p>\n<p>Machine enti\u00e8rement fonctionnelle \u00e9lectriquement et m\u00e9caniquement<br \/>\nDocumentation technique <\/p>\n<p>La machine peut \u00eatre visit\u00e9e sur rendez-vous.<br \/>\nSous r\u00e9serve de modifications et d'erreurs dans les donn\u00e9es techniques et les indications ainsi que de vente interm\u00e9diaire !<\/p>\n<p>Mikron VCE 750 (Dec. 2000) - Centre d'usinage vertical \u00e0 3 axes<\/p>\n<p>Heures de fonctionnement : env. 20,000<br \/>\nHeures de fonctionnement : env. 44,000<\/p>\n<p>Type de machine : Centre d'usinage vertical CNC<br \/>\nAnn\u00e9e de fabrication : Dec. 2000<br \/>\nContr\u00f4le : Haas<br \/>\nType d'entra\u00eenement : Broche \u00e0 grande vitesse (High Efficiency)<br \/>\nConfiguration des axes : usinage sur 3 axes<\/p>\n<p>Donn\u00e9es techniques<\/p>\n<p>Voyages :<\/p>\n<p>axe des X : 760 mm<br \/>\naxe Y : 410 mm<br \/>\naxe Z : 500 mm<\/p>\n<p>Vitesse de la broche : jusqu'\u00e0 10,000 rpm<\/p>\n<p>Axis Drives<br \/>\nAxes X\/Y\/Z : vis \u00e0 billes, guides lin\u00e9aires de pr\u00e9cision<br \/>\n3\u00e8me axe : Tilting \/ table tournante int\u00e9gr\u00e9e, contr\u00f4l\u00e9e par CNC<br \/>\nChangeur d'outils<br \/>\nCapacit\u00e9 : 20 positions d'outils<br \/>\nTaper : SK40<br \/>\n\u00c9quipement<br \/>\nConvoyeur \u00e0 puce<br \/>\nDimensions d'installation<br \/>\nApprox. 2,400 x 2,310 x 2,690 mm (L x P x H)<\/p>\n<p>Poids de la machine : env. 4,860 kg<\/p>\n<p>Condition<\/p>\n<p>La machine est enti\u00e8rement op\u00e9rationnelle, tant \u00e9lectriquement que m\u00e9caniquement.<br \/>\nLa documentation technique est incluse.<\/p>\n<p>La machine peut \u00eatre inspect\u00e9e sous tension sur rendez-vous.<\/p>\n<p>Sous r\u00e9serve de vente pr\u00e9alable. Toutes les sp\u00e9cifications sont indicatives et les erreurs sont exclues.<\/p>","protected":false},"excerpt":{"rendered":"<p>Standort: Deutschland, Baden-W\u00fcrttemberg S\u00fcdwest Zustand: Gebraucht Hersteller: HAAS Modell: VCE 750 Baujahr: 2000 Betriebsstunden: 22000 Haas Mikron VCE 750 (Bj. 12_2000) \u2013 3-Achsen Betriebsstunden: ca. 20000 Einschaltstunden : ca.44000 Maschinentyp: Vertikales Bearbeitungszentrum (CNC) Baujahr: 12_2000 Steuerung: Haas Antriebsart: Hochgeschwindigkeits-Spindel (High Efficiency) Achsf\u00e4higkeit: 3-Achsen Bearbeitung Mechanische Daten Verfahrwege: X-Achse: 760 mm Y-Achse: 410 mm Z-Achse: 500 [&hellip;]<\/p>\n","protected":false},"featured_media":5242,"comment_status":"open","ping_status":"closed","template":"","meta":{"_uf_show_specific_survey":0,"_uf_disable_surveys":false},"product_brand":[],"product_cat":[21],"product_tag":[],"class_list":{"0":"post-5147","1":"product","2":"type-product","3":"status-publish","4":"has-post-thumbnail","6":"product_cat-cnc-bearbeitungszentrum","8":"first","9":"instock","10":"taxable","11":"shipping-taxable","12":"product-type-simple"},"aioseo_notices":[],"_links":{"self":[{"href":"https:\/\/mueller-wrh.de\/fr\/wp-json\/wp\/v2\/product\/5147","targetHints":{"allow":["GET"]}}],"collection":[{"href":"https:\/\/mueller-wrh.de\/fr\/wp-json\/wp\/v2\/product"}],"about":[{"href":"https:\/\/mueller-wrh.de\/fr\/wp-json\/wp\/v2\/types\/product"}],"replies":[{"embeddable":true,"href":"https:\/\/mueller-wrh.de\/fr\/wp-json\/wp\/v2\/comments?post=5147"}],"wp:featuredmedia":[{"embeddable":true,"href":"https:\/\/mueller-wrh.de\/fr\/wp-json\/wp\/v2\/media\/5242"}],"wp:attachment":[{"href":"https:\/\/mueller-wrh.de\/fr\/wp-json\/wp\/v2\/media?parent=5147"}],"wp:term":[{"taxonomy":"product_brand","embeddable":true,"href":"https:\/\/mueller-wrh.de\/fr\/wp-json\/wp\/v2\/product_brand?post=5147"},{"taxonomy":"product_cat","embeddable":true,"href":"https:\/\/mueller-wrh.de\/fr\/wp-json\/wp\/v2\/product_cat?post=5147"},{"taxonomy":"product_tag","embeddable":true,"href":"https:\/\/mueller-wrh.de\/fr\/wp-json\/wp\/v2\/product_tag?post=5147"}],"curies":[{"name":"wp","href":"https:\/\/api.w.org\/{rel}","templated":true}]}}