{"id":5112,"date":"2026-03-23T15:18:16","date_gmt":"2026-03-23T15:18:16","guid":{"rendered":"https:\/\/mueller-wrh.de\/produkt\/doosan-puma-tt-1800-sy-bj-2022_-intnr231434\/"},"modified":"2026-03-24T08:07:35","modified_gmt":"2026-03-24T08:07:35","slug":"doosan-puma-tt-1800-sy-bj-2022_-intnr231434","status":"publish","type":"product","link":"https:\/\/mueller-wrh.de\/fr\/produit\/doosan-puma-tt-1800-sy-bj-2022_-intnr231434\/","title":{"rendered":"DOOSAN Puma TT 1800 SY, Ann\u00e9e 2022_ IntNr231434"},"content":{"rendered":"<p><b>Emplacement :<\/b> Allemagne, Baden-W\u00fcrttemberg S\u00fcdwest<\/p>\n<p><b>\u00e9tat :<\/b> Occasion<\/p>\n<p><b>fabricant :<\/b> DOOSAN-PUMA<\/p>\n<p><b>mod\u00e8le :<\/b> TT 1800 SY<\/p>\n<p><b>Ann\u00e9e de construction :<\/b> 2022<\/p>\n<p>DOOSAN Puma TT 1800 SY, Ann\u00e9e de fabrication 2022<br \/>\nTour CNC, excellent \u00e9tat<br \/>\nCommande : Fanuc<br \/>\nDonn\u00e9es techniques :<br \/>\nCentre de fraisage\/tournage multifonctionnel \u00e0 8 axes maximum, deux tourelles et deux contre-broches oppos\u00e9es \u00e9quivalentes. Axe Y pour les outils entra\u00een\u00e9s au-dessus de l'axe C ; S pour contre-broche.<br \/>\nAccessoires :<br \/>\nCollecteur de particules<br \/>\nPorte-outils<br \/>\nConvoyeur \u00e0 copeaux<br \/>\nChargeur \u00e0 barres LNS<br \/>\nDocumentation technique<br \/>\nFabricant : : DOOSAN Puma TT 1800 SY, Ann\u00e9e 2022_ IntNr231434<br \/>\nPays de fabrication : Cor\u00e9e du Sud<br \/>\nAnn\u00e9e de construction 2022<br \/>\nAccessoires inclus <\/p>\n<p>Sous r\u00e9serve de modifications et d'erreurs techniques, ainsi que de ventes interm\u00e9diaires !<\/p>\n<p>DOOSAN Puma TT 1800 SY, Ann\u00e9e 2022<br \/>\nTour CNC, \u00e9tat excellent<br \/>\nContr\u00f4le : Fanuc<\/p>\n<p>Donn\u00e9es techniques<\/p>\n<p>Centre de tournage multifonctionnel multi-axes avec jusqu'\u00e0 8 axes contr\u00f4l\u00e9s, deux tourelles et deux broches oppos\u00e9es identiques.<br \/>\nAxe Y pour outils entra\u00een\u00e9s au-dessus de l'axe C ; S pour contre-broche.<\/p>\n<p>Accessoires<br \/>\nR\u00e9cup\u00e9rateur de pi\u00e8ces<br \/>\nPorte-outils<br \/>\nConvoyeur \u00e0 puce<br \/>\nAlimentateur de barres LNS<br \/>\nDocumentation technique<\/p>\n<p>Fabricant : DOOSAN Puma TT 1800 SY, Ann\u00e9e 2022, N\u00b0 d'inventaire 231434<br \/>\nPays de fabrication : Cor\u00e9e du Sud<br \/>\nAnn\u00e9e de fabrication : 2022<br \/>\nAccessoires inclus<\/p>\n<p>Sous r\u00e9serve de vente ant\u00e9rieure. Erreurs et modifications des donn\u00e9es techniques r\u00e9serv\u00e9es.<\/p>","protected":false},"excerpt":{"rendered":"<p>Standort: Deutschland, Baden-W\u00fcrttemberg S\u00fcdwest Zustand: Gebraucht Hersteller: DOOSAN-PUMA Modell: TT 1800 SY Baujahr: 2022 DOOSAN Puma TT 1800 SY, Bj. 2022 CNC-Drehmaschine, Top-Zustand Steuerung: Fanuc Technische Daten: Multifunktionales Mehrachsen-Drehzentrum mit bis zu 8 gesteuerten Achsen, zwei Revolver und zwei gleichwertigen, gegen\u00fcberstehenden Spindeln. Y-Achse f\u00fcr angetriebene Werkzeuge \u00fcber der C-Achse; S steht f\u00fcr Gegenspindel. Zubeh\u00f6r: Teilef\u00e4nger [&hellip;]<\/p>\n","protected":false},"featured_media":5113,"comment_status":"open","ping_status":"closed","template":"","meta":{"_uf_show_specific_survey":0,"_uf_disable_surveys":false},"product_brand":[],"product_cat":[89],"product_tag":[],"class_list":{"0":"post-5112","1":"product","2":"type-product","3":"status-publish","4":"has-post-thumbnail","6":"product_cat-cnc-kurzdrehmaschinen","8":"first","9":"instock","10":"taxable","11":"shipping-taxable","12":"product-type-simple"},"aioseo_notices":[],"_links":{"self":[{"href":"https:\/\/mueller-wrh.de\/fr\/wp-json\/wp\/v2\/product\/5112","targetHints":{"allow":["GET"]}}],"collection":[{"href":"https:\/\/mueller-wrh.de\/fr\/wp-json\/wp\/v2\/product"}],"about":[{"href":"https:\/\/mueller-wrh.de\/fr\/wp-json\/wp\/v2\/types\/product"}],"replies":[{"embeddable":true,"href":"https:\/\/mueller-wrh.de\/fr\/wp-json\/wp\/v2\/comments?post=5112"}],"wp:featuredmedia":[{"embeddable":true,"href":"https:\/\/mueller-wrh.de\/fr\/wp-json\/wp\/v2\/media\/5113"}],"wp:attachment":[{"href":"https:\/\/mueller-wrh.de\/fr\/wp-json\/wp\/v2\/media?parent=5112"}],"wp:term":[{"taxonomy":"product_brand","embeddable":true,"href":"https:\/\/mueller-wrh.de\/fr\/wp-json\/wp\/v2\/product_brand?post=5112"},{"taxonomy":"product_cat","embeddable":true,"href":"https:\/\/mueller-wrh.de\/fr\/wp-json\/wp\/v2\/product_cat?post=5112"},{"taxonomy":"product_tag","embeddable":true,"href":"https:\/\/mueller-wrh.de\/fr\/wp-json\/wp\/v2\/product_tag?post=5112"}],"curies":[{"name":"wp","href":"https:\/\/api.w.org\/{rel}","templated":true}]}}