{"id":5103,"date":"2026-03-19T14:02:28","date_gmt":"2026-03-19T14:02:28","guid":{"rendered":"https:\/\/mueller-wrh.de\/produkt\/deckel-maho-dmf-220-linear-bj-2001-intnr231491\/"},"modified":"2026-03-19T14:02:28","modified_gmt":"2026-03-19T14:02:28","slug":"deckel-maho-dmf-220-linear-bj-2001-intnr231491","status":"publish","type":"product","link":"https:\/\/mueller-wrh.de\/fr\/produit\/deckel-maho-dmf-220-linear-bj-2001-intnr231491\/","title":{"rendered":"Couvercle Maho DMF 220 linear ann\u00e9e 2001, IntNr231491"},"content":{"rendered":"<p><b>Emplacement :<\/b> Allemagne, Baden-W\u00fcrttemberg S\u00fcdwest<\/p>\n<p><b>\u00e9tat :<\/b> Occasion<\/p>\n<p><b>fabricant :<\/b> DMG<\/p>\n<p><b>mod\u00e8le :<\/b> DMF 220<\/p>\n<p><b>Ann\u00e9e de construction :<\/b> 2001<\/p>\n<p><b>heures de fonctionnement :<\/b> 0<\/p>\n<p>Fabricant : DECKEL MAHO, Type : DMF 220 linear, Ann\u00e9e de fabrication : 2001<br \/>\nCommande : Siemens 840D Powerline<\/p>\n<p>Courses &amp; axes<br \/>\nAxe X (longitudinal) : 2.200 mm<br \/>\nAxe Y (transversal) : 560 mm<br \/>\nAxe Z (vertical) : 720 mm<br \/>\nAvance rapide X\/Y\/Z : 50 m\/min<br \/>\nEntra\u00eenement axe X : entra\u00eenement lin\u00e9aire hautement dynamique <\/p>\n<p>Table de travail<br \/>\nSurface de serrage : 2.600 x 600 mm<br \/>\nCharge max. Charge de la table : 2.200 kg<\/p>\n<p>Broche principale<br \/>\nPlage de vitesses de rotation : 20 - 12.000 tr\/min (standard)<br \/>\nPuissance d'entra\u00eenement (100% ED) : 35 \/ 25 kW (S1\/S6)<br \/>\nMax. Couple : 130 \/ 87 Nm (pour 100% ED)<br \/>\nPorte-outil : SK 40 selon DIN 69871 <\/p>\n<p>Changeur d'outils<br \/>\nNombre de places : Magasin de 30<br \/>\nTemps de changement (copeau \u00e0 copeau) : env. 4-6 secondes (selon le mod\u00e8le) <\/p>\n<p>Dimensions et poids<br \/>\nEspace n\u00e9cessaire env. : 6.500 x 3.500 mm<br \/>\nPoids de la machine env. : 12,5 t <\/p>\n<p>La machine peut \u00eatre visit\u00e9e sur rendez-vous.<br \/>\nSous r\u00e9serve de modifications et d'erreurs dans les donn\u00e9es techniques et les indications ainsi que de vente interm\u00e9diaire !<\/p>\n<p>Centre d'usinage CNC 5 axes remis \u00e0 neuf Deckel MAHO DMF 250 lin\u00e9aire en bon \u00e9tat.<br \/>\nAnn\u00e9e de fabrication : 2004.<\/p>\n<p>Contr\u00f4le : Heidenhain iTNC 530.<br \/>\nDonn\u00e9es techniques :<br \/>\nDistance de voyage X : 2,500 mm.<br \/>\nDistance de voyage Y : 920 mm.<br \/>\nDistance de voyage Z : 820 mm.<br \/>\naxe B : x\/- 105<\/p>\n<p>Table de travail : 3100 x 900 mm<\/p>\n<p>Exception de broche : HSK 63<br \/>\nVitesse de la broche : 20 - 18,000 rpm<br \/>\nTool changer : 30 pcs.<\/p>\n<p>\u00c9quip\u00e9 avec :<br \/>\n- Convoyeur \u00e0 puce<br \/>\n- Refroidissement par broche 40 bar<br \/>\n- Instructions de fonctionnement<\/p>\n<p>Pays d'origine : Allemagne<br \/>\nPuissance du moteur : 35 KW<br \/>\nMachine LxlxH : 6000 x 3800 x 2950 mm<br \/>\nPoids de la machine : 25,000 kg<\/p>\n<p>La machine peut \u00eatre visit\u00e9e sur rendez-vous.<br \/>\nSous r\u00e9serve de modifications et d'erreurs dans les donn\u00e9es techniques et les sp\u00e9cifications, ainsi que de vente pr\u00e9alable !<\/p>","protected":false},"excerpt":{"rendered":"<p>Standort: Deutschland, Baden-W\u00fcrttemberg S\u00fcdwest Zustand: Gebraucht Hersteller: DMG Modell: DMF 220 Baujahr: 2001 Betriebsstunden: 0 Hersteller: DECKEL MAHO, Typ: DMF 220 linear, Baujahr: 2001 Steuerung: Siemens 840D Powerline Verfahrwege &amp; Achsen X-Achse (L\u00e4ngs): 2.200 mm Y-Achse (Quer): 560 mm Z-Achse (Vertikal): 720 mm Eilgang X\/Y\/Z: 50 m\/min Antrieb X-Achse: Hochdynamischer Linearantrieb Arbeitstisch Aufspannfl\u00e4che: 2.600 x [&hellip;]<\/p>\n","protected":false},"featured_media":5097,"comment_status":"open","ping_status":"closed","template":"","meta":{"_uf_show_specific_survey":0,"_uf_disable_surveys":false},"product_brand":[],"product_cat":[21],"product_tag":[],"class_list":{"0":"post-5103","1":"product","2":"type-product","3":"status-publish","4":"has-post-thumbnail","6":"product_cat-cnc-bearbeitungszentrum","8":"first","9":"instock","10":"taxable","11":"shipping-taxable","12":"product-type-simple"},"aioseo_notices":[],"_links":{"self":[{"href":"https:\/\/mueller-wrh.de\/fr\/wp-json\/wp\/v2\/product\/5103","targetHints":{"allow":["GET"]}}],"collection":[{"href":"https:\/\/mueller-wrh.de\/fr\/wp-json\/wp\/v2\/product"}],"about":[{"href":"https:\/\/mueller-wrh.de\/fr\/wp-json\/wp\/v2\/types\/product"}],"replies":[{"embeddable":true,"href":"https:\/\/mueller-wrh.de\/fr\/wp-json\/wp\/v2\/comments?post=5103"}],"wp:featuredmedia":[{"embeddable":true,"href":"https:\/\/mueller-wrh.de\/fr\/wp-json\/wp\/v2\/media\/5097"}],"wp:attachment":[{"href":"https:\/\/mueller-wrh.de\/fr\/wp-json\/wp\/v2\/media?parent=5103"}],"wp:term":[{"taxonomy":"product_brand","embeddable":true,"href":"https:\/\/mueller-wrh.de\/fr\/wp-json\/wp\/v2\/product_brand?post=5103"},{"taxonomy":"product_cat","embeddable":true,"href":"https:\/\/mueller-wrh.de\/fr\/wp-json\/wp\/v2\/product_cat?post=5103"},{"taxonomy":"product_tag","embeddable":true,"href":"https:\/\/mueller-wrh.de\/fr\/wp-json\/wp\/v2\/product_tag?post=5103"}],"curies":[{"name":"wp","href":"https:\/\/api.w.org\/{rel}","templated":true}]}}