{"id":5096,"date":"2026-03-19T12:49:16","date_gmt":"2026-03-19T12:49:16","guid":{"rendered":"https:\/\/mueller-wrh.de\/produkt\/star-sr20r-ii-typ-660-bj-2006_09_-intnr231525\/"},"modified":"2026-03-19T12:49:16","modified_gmt":"2026-03-19T12:49:16","slug":"star-sr20r-ii-typ-660-bj-2006_09_-intnr231525","status":"publish","type":"product","link":"https:\/\/mueller-wrh.de\/fr\/produit\/star-sr20r-ii-typ-660-bj-2006_09_-intnr231525\/","title":{"rendered":"STAR SR20R II Type 660, ann\u00e9e 2006_09_ IntNr231525"},"content":{"rendered":"<p><b>Emplacement :<\/b> Allemagne, Baden-W\u00fcrttemberg S\u00fcdwest<\/p>\n<p><b>\u00e9tat :<\/b> Occasion<\/p>\n<p><b>fabricant :<\/b> STAR Micronics<\/p>\n<p><b>mod\u00e8le :<\/b> SR-20R II Type 660<\/p>\n<p><b>Ann\u00e9e de construction :<\/b> 2006<\/p>\n<p><b>heures de fonctionnement :<\/b> 76032<\/p>\n<p>Tour CNC \u00e0 poup\u00e9e mobile STAR SR-20RII Type 660 (Swiss-Type)<br \/>\nAnn\u00e9e de construction : 2006_09<br \/>\nCommande : Fanuc<br \/>\nTemps de coupe : 53000<br \/>\nDonn\u00e9es techniques<br \/>\nPoids max. Diam\u00e8tre de rotation : \u00d8 20 mm (en option jusqu'\u00e0 \u00d8 22 mm)<br \/>\nLongueur de tournage : 205 mm<br \/>\nBroche principale :<br \/>\n- Vitesse de rotation : jusqu'\u00e0 env. 10.000-12.000 min-\u00b9<br \/>\n- Puissance : env. 3,7-5,5 kW<br \/>\n- Axe C pour l'usinage de contours<br \/>\ncontre-broche :<br \/>\n- Vitesse de rotation : jusqu'\u00e0 env. 6.000-8.000 min-\u00b9<br \/>\n- Axe C<br \/>\nAxes (d\u00e9placements) :<br \/>\n- X1 \/ Z1 \/ Y1 (usinage principal) : X1 env. 265 mm \/ Z1 env. 205 mm \/ Y1 \u00b1 20 mm<br \/>\n- X2 \/ Z2 (contre-broche) : similaire \u00e0 l'axe principal, les valeurs exactes d\u00e9pendent de la machine<br \/>\n- Avance rapide : environ 24-30 m\/min<br \/>\nDimensions de la machine : 2.400 \u00d7 1.205 \u00d7 1.700 mm<br \/>\nPoids de la machine : env. 2 200 kg<\/p>\n<p>Ravitailleur de barres : FMB TURBO 3-26\/3200<br \/>\n- Capacit\u00e9 de la barre : \u00d8 3-26 mm<br \/>\n- Variante de montage : \u201eA\u201c<br \/>\n- Ann\u00e9e de construction : 2006<br \/>\n- dimensions : environ 4 500 \u00d7 1 000 \u00d7 1 800 mm<br \/>\n- Poids : environ 800 kg<br \/>\n- Syst\u00e8me haute pression SFB B\u00fcchele (2 vannes) et filtre<br \/>\nManuels d'utilisation \/ documentation<br \/>\nVisite de la machine : La machine peut \u00eatre visit\u00e9e sur place sur rendez-vous.<br \/>\nRemarque : sous r\u00e9serve de modifications et d'erreurs dans les donn\u00e9es techniques ainsi que de vente interm\u00e9diaire !<\/p>\n<p>CNC Long Lathe STAR SR-20RII Type 660 (Swiss-Type)<br \/>\nAnn\u00e9e de fabrication : 09\/2006<br \/>\nSyst\u00e8me de contr\u00f4le : Fanuc<br \/>\nTemps de coupe : 53,000 heures<\/p>\n<p>Sp\u00e9cifications techniques<\/p>\n<p>Diam\u00e8tre max. de tournage : \u00d8 20 mm (en option jusqu'\u00e0 \u00d8 22 mm)<br \/>\nLongueur de rotation : 205 mm<\/p>\n<p>Broche principale :<\/p>\n<p>Vitesse : jusqu'\u00e0 environ 10,000-12,000 rpm<\/p>\n<p>Puissance : env. 3.7-5.5 kW<\/p>\n<p>Axe C pour l'usinage de contours<\/p>\n<p>Broche de comptoir :<\/p>\n<p>Vitesse : jusqu'\u00e0 environ 6,000-8,000 rpm<\/p>\n<p>C-axis<\/p>\n<p>Axes (travel ranges) :<\/p>\n<p>X1 \/ Z1 \/ Y1 (usinage principal) : X1 approx. 265 mm \/ Z1 approx. 205 mm \/ Y1 \u00b1 20 mm<\/p>\n<p>X2 \/ Z2 (contre-broche) : similaire \u00e0 la broche principale, les valeurs exactes d\u00e9pendent de la machine<\/p>\n<p>Traverse rapide : environ 24-30 m\/min<\/p>\n<p>Dimensions de la machine : 2,400 \u00d7 1,205 \u00d7 1,700 mm<br \/>\nPoids de la machine : env. 2,200 kg<\/p>\n<p>Bar feeder : FMB TURBO 3-26\/3200<\/p>\n<p>Gamme de diam\u00e8tres de barre : \u00d8 3-26 mm<\/p>\n<p>Variante de montage : \u201cA\u201d<\/p>\n<p>Ann\u00e9e de fabrication : 2006<\/p>\n<p>Dimensions : env. 4,500 \u00d7 1,000 \u00d7 1,800 mm<\/p>\n<p>Poids : environ 800 kg<\/p>\n<p>Syst\u00e8me haute pression SFB B\u00fcchele (2 vannes) avec filtre<\/p>\n<p>Manuels \/ Documentation : Inclus<\/p>\n<p>Visualisation de la machine : La machine peut \u00eatre inspect\u00e9e sur place sur rendez-vous.<\/p>\n<p>Note : Les donn\u00e9es techniques et les sp\u00e9cifications sont sujettes \u00e0 des modifications et \u00e0 des erreurs ; sous r\u00e9serve de vente pr\u00e9alable.<\/p>","protected":false},"excerpt":{"rendered":"<p>Standort: Deutschland, Baden-W\u00fcrttemberg S\u00fcdwest Zustand: Gebraucht Hersteller: STAR Micronics Modell: SR-20R II Typ 660 Baujahr: 2006 Betriebsstunden: 76032 CNC-Langdrehmaschine STAR SR-20RII Typ 660 (Swiss-Type) Baujahr: 2006_09 Steuerung: Fanuc Cutting Time: 53000 Technische Daten Max. Drehdurchmesser: \u00d8 20 mm (optional bis \u00d8 22 mm) Drehl\u00e4nge: 205 mm Hauptspindel: \u2022 Drehzahl: bis ca. 10.000\u201312.000 min\u207b\u00b9 \u2022 Leistung: [&hellip;]<\/p>\n","protected":false},"featured_media":5089,"comment_status":"open","ping_status":"closed","template":"","meta":{"_uf_show_specific_survey":0,"_uf_disable_surveys":false},"product_brand":[],"product_cat":[23],"product_tag":[],"class_list":{"0":"post-5096","1":"product","2":"type-product","3":"status-publish","4":"has-post-thumbnail","6":"product_cat-cnc-langdrehmaschinen","8":"first","9":"instock","10":"taxable","11":"shipping-taxable","12":"product-type-simple"},"aioseo_notices":[],"_links":{"self":[{"href":"https:\/\/mueller-wrh.de\/fr\/wp-json\/wp\/v2\/product\/5096","targetHints":{"allow":["GET"]}}],"collection":[{"href":"https:\/\/mueller-wrh.de\/fr\/wp-json\/wp\/v2\/product"}],"about":[{"href":"https:\/\/mueller-wrh.de\/fr\/wp-json\/wp\/v2\/types\/product"}],"replies":[{"embeddable":true,"href":"https:\/\/mueller-wrh.de\/fr\/wp-json\/wp\/v2\/comments?post=5096"}],"wp:featuredmedia":[{"embeddable":true,"href":"https:\/\/mueller-wrh.de\/fr\/wp-json\/wp\/v2\/media\/5089"}],"wp:attachment":[{"href":"https:\/\/mueller-wrh.de\/fr\/wp-json\/wp\/v2\/media?parent=5096"}],"wp:term":[{"taxonomy":"product_brand","embeddable":true,"href":"https:\/\/mueller-wrh.de\/fr\/wp-json\/wp\/v2\/product_brand?post=5096"},{"taxonomy":"product_cat","embeddable":true,"href":"https:\/\/mueller-wrh.de\/fr\/wp-json\/wp\/v2\/product_cat?post=5096"},{"taxonomy":"product_tag","embeddable":true,"href":"https:\/\/mueller-wrh.de\/fr\/wp-json\/wp\/v2\/product_tag?post=5096"}],"curies":[{"name":"wp","href":"https:\/\/api.w.org\/{rel}","templated":true}]}}