{"id":4983,"date":"2026-03-13T11:16:37","date_gmt":"2026-03-13T11:16:37","guid":{"rendered":"https:\/\/mueller-wrh.de\/produkt\/hermle-c40u-bj-2003_intnr231507\/"},"modified":"2026-03-13T11:16:37","modified_gmt":"2026-03-13T11:16:37","slug":"hermle-c40u-bj-2003_intnr231507","status":"publish","type":"product","link":"https:\/\/mueller-wrh.de\/fr\/produit\/hermle-c40u-bj-2003_intnr231507\/","title":{"rendered":"Hermle C40U, ann\u00e9e 2003_IntNr231507"},"content":{"rendered":"<p><b>Emplacement :<\/b> Allemagne, Baden-W\u00fcrttemberg S\u00fcdwest<\/p>\n<p><b>\u00e9tat :<\/b> Occasion<\/p>\n<p><b>fabricant :<\/b> Hermle<\/p>\n<p><b>mod\u00e8le :<\/b> C 40 U<\/p>\n<p><b>Ann\u00e9e de construction :<\/b> 2003<\/p>\n<p>Centre d'usinage universel 5 axes Hermle Type : C 40 U<br \/>\nAnn\u00e9e de construction : 2003<br \/>\nCommande : Heidenhain iTNC 530<br \/>\nCourse de d\u00e9placement :<br \/>\nAxe X : 850 mm<br \/>\naxe Y : 700 mm<br \/>\nAxe Z : 500 mm<br \/>\nTable circulaire pivotante NC :<br \/>\nDiam\u00e8tre : \u00d8 800 mm<br \/>\nPlage de pivotement de l'axe A : +25\u00b0 \/ -110<br \/>\nPlage de rotation de l'axe C : 360<br \/>\npoids de la machine env. 10,5 t<\/p>\n<p>Accessoires :<br \/>\ndocumentation compl\u00e8te<br \/>\nDispositif d'arrosage<br \/>\nUnit\u00e9 hydraulique<br \/>\nTable circulaire pivotante NC<br \/>\nvolant \u00e9lectrique<br \/>\nPalpeur de mesure Renishaw<\/p>\n<p>La machine peut \u00eatre visit\u00e9e sur rendez-vous.<br \/>\nSous r\u00e9serve de modifications et d'erreurs dans les donn\u00e9es techniques et les indications ainsi que de vente interm\u00e9diaire !<\/p>\n<p>Centre d'usinage universel \u00e0 5 axes Hermle Type : C 40 U<br \/>\nAnn\u00e9e de fabrication : 2003<br \/>\nContr\u00f4le : Heidenhain iTNC 530<br \/>\nDistances de voyage :<br \/>\naxe des X : 850 mm<br \/>\naxe Y : 700 mm<br \/>\naxe Z : 500 mm<br \/>\nTable rotative pivotante NC :<br \/>\nDiam\u00e8tre de la table : \u00d8 800 mm<br \/>\nPlage de pivotement de l'axe A : +25\u00b0 \/ -110\u00b0.<br \/>\nGamme de rotation axe C : 360<br \/>\nPoids de la machine environ 10,5 t<\/p>\n<p>Accessoires :<br \/>\nDocumentation compl\u00e8te<br \/>\nSyst\u00e8me de refroidissement<br \/>\nUnit\u00e9 hydraulique<br \/>\nNC table rotative pivotante<br \/>\nManivelle \u00e9lectrique<br \/>\n\u00c9chantillon de mesure Renishaw<\/p>\n<p>La machine peut \u00eatre visit\u00e9e sur rendez-vous.<br \/>\nSous r\u00e9serve de modifications et d'erreurs dans les donn\u00e9es techniques et les sp\u00e9cifications, ainsi que de vente pr\u00e9alable !<\/p>","protected":false},"excerpt":{"rendered":"<p>Standort: Deutschland, Baden-W\u00fcrttemberg S\u00fcdwest Zustand: Gebraucht Hersteller: Hermle Modell: C 40 U Baujahr: 2003 5-Achsen-Universal-Bearbeitungszentrum Hermle Typ: C 40 U Baujahr: 2003 Steuerung: Heidenhain iTNC 530 Verfahrwege: X-Achse: 850 mm Y-Achse: 700 mm Z-Achse: 500 mm NC-Schwenkrundtisch: Durchmesser: \u00d8 800 mm Schwenkbereich A-Achse: +25\u00b0 \/ -110\u00b0 Drehbereich C-Achse: 360\u00b0 Maschinengewicht ca. 10,5 t Zubeh\u00f6r: kompl. [&hellip;]<\/p>\n","protected":false},"featured_media":4979,"comment_status":"open","ping_status":"closed","template":"","meta":{"_uf_show_specific_survey":0,"_uf_disable_surveys":false},"product_brand":[],"product_cat":[21],"product_tag":[],"class_list":{"0":"post-4983","1":"product","2":"type-product","3":"status-publish","4":"has-post-thumbnail","6":"product_cat-cnc-bearbeitungszentrum","8":"first","9":"instock","10":"taxable","11":"shipping-taxable","12":"product-type-simple"},"aioseo_notices":[],"_links":{"self":[{"href":"https:\/\/mueller-wrh.de\/fr\/wp-json\/wp\/v2\/product\/4983","targetHints":{"allow":["GET"]}}],"collection":[{"href":"https:\/\/mueller-wrh.de\/fr\/wp-json\/wp\/v2\/product"}],"about":[{"href":"https:\/\/mueller-wrh.de\/fr\/wp-json\/wp\/v2\/types\/product"}],"replies":[{"embeddable":true,"href":"https:\/\/mueller-wrh.de\/fr\/wp-json\/wp\/v2\/comments?post=4983"}],"wp:featuredmedia":[{"embeddable":true,"href":"https:\/\/mueller-wrh.de\/fr\/wp-json\/wp\/v2\/media\/4979"}],"wp:attachment":[{"href":"https:\/\/mueller-wrh.de\/fr\/wp-json\/wp\/v2\/media?parent=4983"}],"wp:term":[{"taxonomy":"product_brand","embeddable":true,"href":"https:\/\/mueller-wrh.de\/fr\/wp-json\/wp\/v2\/product_brand?post=4983"},{"taxonomy":"product_cat","embeddable":true,"href":"https:\/\/mueller-wrh.de\/fr\/wp-json\/wp\/v2\/product_cat?post=4983"},{"taxonomy":"product_tag","embeddable":true,"href":"https:\/\/mueller-wrh.de\/fr\/wp-json\/wp\/v2\/product_tag?post=4983"}],"curies":[{"name":"wp","href":"https:\/\/api.w.org\/{rel}","templated":true}]}}