{"id":4978,"date":"2026-03-13T11:04:59","date_gmt":"2026-03-13T11:04:59","guid":{"rendered":"https:\/\/mueller-wrh.de\/produkt\/cnc-lns-hydrobar-6-42-hs-4-4-bj-89-intnr231499\/"},"modified":"2026-03-13T11:04:59","modified_gmt":"2026-03-13T11:04:59","slug":"cnc-lns-hydrobar-6-42-hs-4-4-bj-89-intnr231499","status":"publish","type":"product","link":"https:\/\/mueller-wrh.de\/fr\/produit\/cnc-lns-hydrobar-6-42-hs-4-4-bj-89-intnr231499\/","title":{"rendered":"CNC LNS Hydrobar 6.42 HS-4.4 ann\u00e9e `89 IntNr231499"},"content":{"rendered":"<p><b>Emplacement :<\/b> Allemagne, Baden-W\u00fcrttemberg S\u00fcdwest<\/p>\n<p><b>\u00e9tat :<\/b> Occasion<\/p>\n<p><b>fabricant :<\/b> LNS<\/p>\n<p><b>mod\u00e8le :<\/b> 6.42 HS-4.4<\/p>\n<p><b>Ann\u00e9e de construction :<\/b> 1989<\/p>\n<p>Nous proposons \u00e0 la vente un ravitailleur de barres de haute performance qui a fait ses preuves.<br \/>\nLNS, type Hydrobar 6.42 HS-4.4. <\/p>\n<p>Donn\u00e9es techniques<\/p>\n<p>Fabricant LNS (Suisse)<br \/>\nMod\u00e8le Hydrobar 6.42 HS-4.4<br \/>\nAnn\u00e9e de construction : 1989<br \/>\nPlage de travail (diam\u00e8tre) \u00d8 6 mm \u00e0 \u00d8 42 mm<br \/>\nLongueur max. Longueur de barre 4.000 mm (type 4.4)<br \/>\nPrincipe de guidage Hydrobarique (bain d'huile complet)<br \/>\nEntra\u00eenement d'avance hydraulique<br \/>\nQuantit\u00e9 d'huile env. 150 - 170 litres (HLP 46 ou comparable)<br \/>\nlongueur totale du magasin environ 4.850 mm<br \/>\nPoids (vide) env. 650 kg<\/p>\n<p>La machine peut \u00eatre visit\u00e9e sous tension sur rendez-vous.<br \/>\nSous r\u00e9serve de modifications et d'erreurs dans les donn\u00e9es techniques et les indications ainsi que de vente interm\u00e9diaire !<\/p>\n<p>Un chargeur de barres haute performance test\u00e9 et \u00e9prouv\u00e9<br \/>\nLNS, mod\u00e8le Hydrobar 6.42 HS-4.4, est \u00e0 vendre. <\/p>\n<p>Sp\u00e9cifications techniques<\/p>\n<p>Fabricant LNS (Suisse)<br \/>\nMod\u00e8le Hydrobar 6.42 HS-4.4<br \/>\nAnn\u00e9e de fabrication 1989<br \/>\nGamme de travail (diam\u00e8tre) \u00d8 6 mm \u00e0 \u00d8 42 mm<br \/>\nLongueur max. de la barre 4,000 mm (Type 4.4)<br \/>\nGuide principle Hydrobaric (full oil bath)<br \/>\nEntra\u00eenement de l'alimentation Hydraulique<br \/>\nCapacit\u00e9 en huile d'environ 150-170 litres (HLP 46 ou \u00e9quivalent)<br \/>\nLongueur totale du magasin environ 4,850 mm<br \/>\nPoids (vide) env. 650 kg<\/p>\n<p>La machine peut \u00eatre vue en fonctionnement sur rendez-vous.<br \/>\nSous r\u00e9serve de modifications et d'erreurs dans les donn\u00e9es techniques et les sp\u00e9cifications, ainsi que de vente pr\u00e9alable !<\/p>","protected":false},"excerpt":{"rendered":"<p>Standort: Deutschland, Baden-W\u00fcrttemberg S\u00fcdwest Zustand: Gebraucht Hersteller: LNS Modell: 6.42 HS-4.4 Baujahr: 1989 Zum Verkauf steht ein bew\u00e4hrtes Hochleistungs-Stangenlademagazin LNS, Typ Hydrobar 6.42 HS-4.4. Technische Daten Hersteller LNS (Schweiz) Modell Hydrobar 6.42 HS-4.4 Baujahr 1989 Arbeitsbereich (Durchmesser) \u00d8 6 mm bis \u00d8 42 mm Max. Stangenl\u00e4nge 4.000 mm (Typ 4.4) F\u00fchrungsprinzip Hydrobarisch (vollst\u00e4ndiges \u00d6lbad) Vorschubantrieb [&hellip;]<\/p>\n","protected":false},"featured_media":4973,"comment_status":"open","ping_status":"closed","template":"","meta":{"_uf_show_specific_survey":0,"_uf_disable_surveys":false},"product_brand":[],"product_cat":[88],"product_tag":[],"class_list":{"0":"post-4978","1":"product","2":"type-product","3":"status-publish","4":"has-post-thumbnail","6":"product_cat-stangenzufuehrungen","8":"first","9":"instock","10":"taxable","11":"shipping-taxable","12":"product-type-simple"},"aioseo_notices":[],"_links":{"self":[{"href":"https:\/\/mueller-wrh.de\/fr\/wp-json\/wp\/v2\/product\/4978","targetHints":{"allow":["GET"]}}],"collection":[{"href":"https:\/\/mueller-wrh.de\/fr\/wp-json\/wp\/v2\/product"}],"about":[{"href":"https:\/\/mueller-wrh.de\/fr\/wp-json\/wp\/v2\/types\/product"}],"replies":[{"embeddable":true,"href":"https:\/\/mueller-wrh.de\/fr\/wp-json\/wp\/v2\/comments?post=4978"}],"wp:featuredmedia":[{"embeddable":true,"href":"https:\/\/mueller-wrh.de\/fr\/wp-json\/wp\/v2\/media\/4973"}],"wp:attachment":[{"href":"https:\/\/mueller-wrh.de\/fr\/wp-json\/wp\/v2\/media?parent=4978"}],"wp:term":[{"taxonomy":"product_brand","embeddable":true,"href":"https:\/\/mueller-wrh.de\/fr\/wp-json\/wp\/v2\/product_brand?post=4978"},{"taxonomy":"product_cat","embeddable":true,"href":"https:\/\/mueller-wrh.de\/fr\/wp-json\/wp\/v2\/product_cat?post=4978"},{"taxonomy":"product_tag","embeddable":true,"href":"https:\/\/mueller-wrh.de\/fr\/wp-json\/wp\/v2\/product_tag?post=4978"}],"curies":[{"name":"wp","href":"https:\/\/api.w.org\/{rel}","templated":true}]}}