{"id":4959,"date":"2026-03-13T10:25:16","date_gmt":"2026-03-13T10:25:16","guid":{"rendered":"https:\/\/mueller-wrh.de\/produkt\/ergomat-tda-26-36-cnc-bj-97-mit-einzelstangenvorschub-intnr231498\/"},"modified":"2026-03-13T10:25:16","modified_gmt":"2026-03-13T10:25:16","slug":"ergomat-tda-26-36-cnc-bj-97-mit-einzelstangenvorschub-intnr231498","status":"publish","type":"product","link":"https:\/\/mueller-wrh.de\/fr\/produit\/ergomat-tda-26-36-cnc-bj-97-mit-einzelstangenvorschub-intnr231498\/","title":{"rendered":"ERGOMAT TDA-26-36 CNC, ann\u00e9e `97 avec avance \u00e0 barre unique IntNr231498"},"content":{"rendered":"<p><b>Emplacement :<\/b> Allemagne, Baden-W\u00fcrttemberg S\u00fcdwest<\/p>\n<p><b>\u00e9tat :<\/b> Occasion<\/p>\n<p><b>mod\u00e8le :<\/b> TDA 26-36 CNC<\/p>\n<p><b>Ann\u00e9e de construction :<\/b> 1997<\/p>\n<p>Tour automatique CNC \u00e0 grande vitesse (tour court)<br \/>\nAnn\u00e9e de construction : 1997<br \/>\nCommande : similaire \u00e0 Fanuc<\/p>\n<p>Donn\u00e9es techniques<\/p>\n<p>Longueur max. Diam\u00e8tre de la barre : 36 mm<br \/>\nPassage de barre standard : 26 mm<br \/>\nLongueur max. Longueur de tournage : 100 mm<br \/>\nDiam\u00e8tre d'oscillation au-dessus du chariot plan : 120 mm<\/p>\n<p>Broche principale<br \/>\nPlage de vitesse : 100 - 6 300 tr\/min (r\u00e9glable en continu)<br \/>\nPuissance de la broche : 7,5 kW \/ 11 kW (continu\/cr\u00eate)<br \/>\nnez de broche : A2-5\u2033<br \/>\nAxe C : r\u00e9solution 0,001\u00b0.<br \/>\nNombre de chariots : 4 chariots lin\u00e9aires (X\/Z) pour l'usinage simultan\u00e9<br \/>\nTourelle en \u00e9toile \u00e0 8 stations (VDI 20)<br \/>\nVitesses d'avance rapide : 15 m\/min (axe X) \/ 20 m\/min (axe Z)<br \/>\nForce d'avance : 2.500 N<\/p>\n<p>Avance barre par barre : ERGOMAT, pour des longueurs de barre jusqu'\u00e0 3.000 mm.<\/p>\n<p>La machine peut \u00eatre visit\u00e9e sous tension sur rendez-vous.<br \/>\nSous r\u00e9serve de modifications et d'erreurs dans les donn\u00e9es techniques et les indications ainsi que de vente interm\u00e9diaire !<\/p>\n<p>UHigh-speed CNC automatic lathe (short-run lathe)<br \/>\nAnn\u00e9e de fabrication : 1997<br \/>\nSyst\u00e8me de contr\u00f4le : similaire \u00e0 Fanuc<\/p>\n<p>Sp\u00e9cifications techniques<\/p>\n<p>Diam\u00e8tre max. du bar : 36 mm<br \/>\nCapacit\u00e9 standard de la barre : 26 mm<br \/>\nLongueur max. de rotation : 100 mm<br \/>\nDiam\u00e8tre de pivotement sur glissi\u00e8re crois\u00e9e : 120 mm<\/p>\n<p>Broche principale<br \/>\nGamme de vitesse : 100 - 6,300 rpm (variable en continu)<br \/>\nPuissance de la broche : 7.5 kW \/ 11 kW (continu\/cr\u00eate)<br \/>\nNez de broche : A2-5\u2033<br \/>\nAxe C : r\u00e9solution 0.001\u00b0.<br \/>\nNombre de glissi\u00e8res : 4 glissi\u00e8res lin\u00e9aires (X\/Z) pour un usinage simultan\u00e9<br \/>\n8-station star turret (VDI 20)<br \/>\nVitesse de traverse rapide : 15 m\/min (axe X) \/ 20 m\/min (axe Z)<br \/>\nForce d'alimentation : 2,500 N<\/p>\n<p>Alimentation en bar simple : ERGOMAT, pour des longueurs de bar jusqu'\u00e0 3,000 mm.<\/p>\n<p>La machine peut \u00eatre vue en fonctionnement sur rendez-vous.<br \/>\nSous r\u00e9serve de modifications et d'erreurs dans les donn\u00e9es techniques et les sp\u00e9cifications, ainsi que de vente pr\u00e9alable !<\/p>","protected":false},"excerpt":{"rendered":"<p>Standort: Deutschland, Baden-W\u00fcrttemberg S\u00fcdwest Zustand: Gebraucht Modell: TDA 26-36 CNC Baujahr: 1997 Hochgeschwindigkeits-CNC-Drehautomat (Kurzdreher) Baujahr: 1997 Steuerung: \u00e4hnlich Fanuc Technische Daten Max. Stangendurchmesser: 36 mm Standard-Stangendurchlass: 26 mm Max. Drehl\u00e4nge: 100 mm Schwingdurchmesser \u00fcber Planschlitten: 120 mm Hauptspindel Drehzahlbereich: 100 \u2013 6.300 U\/min (stufenlos regelbar) Spindelleistung: 7,5 kW \/ 11 kW (Dauer\/Peak) Spindelnase: A2-5&#8243; C-Achse: [&hellip;]<\/p>\n","protected":false},"featured_media":4953,"comment_status":"open","ping_status":"closed","template":"","meta":{"_uf_show_specific_survey":0,"_uf_disable_surveys":false},"product_brand":[],"product_cat":[110],"product_tag":[],"class_list":{"0":"post-4959","1":"product","2":"type-product","3":"status-publish","4":"has-post-thumbnail","6":"product_cat-revolverdrehautomaten","8":"first","9":"instock","10":"taxable","11":"shipping-taxable","12":"product-type-simple"},"aioseo_notices":[],"_links":{"self":[{"href":"https:\/\/mueller-wrh.de\/fr\/wp-json\/wp\/v2\/product\/4959","targetHints":{"allow":["GET"]}}],"collection":[{"href":"https:\/\/mueller-wrh.de\/fr\/wp-json\/wp\/v2\/product"}],"about":[{"href":"https:\/\/mueller-wrh.de\/fr\/wp-json\/wp\/v2\/types\/product"}],"replies":[{"embeddable":true,"href":"https:\/\/mueller-wrh.de\/fr\/wp-json\/wp\/v2\/comments?post=4959"}],"wp:featuredmedia":[{"embeddable":true,"href":"https:\/\/mueller-wrh.de\/fr\/wp-json\/wp\/v2\/media\/4953"}],"wp:attachment":[{"href":"https:\/\/mueller-wrh.de\/fr\/wp-json\/wp\/v2\/media?parent=4959"}],"wp:term":[{"taxonomy":"product_brand","embeddable":true,"href":"https:\/\/mueller-wrh.de\/fr\/wp-json\/wp\/v2\/product_brand?post=4959"},{"taxonomy":"product_cat","embeddable":true,"href":"https:\/\/mueller-wrh.de\/fr\/wp-json\/wp\/v2\/product_cat?post=4959"},{"taxonomy":"product_tag","embeddable":true,"href":"https:\/\/mueller-wrh.de\/fr\/wp-json\/wp\/v2\/product_tag?post=4959"}],"curies":[{"name":"wp","href":"https:\/\/api.w.org\/{rel}","templated":true}]}}