{"id":4952,"date":"2026-03-13T10:06:22","date_gmt":"2026-03-13T10:06:22","guid":{"rendered":"https:\/\/mueller-wrh.de\/produkt\/weiler-ud-24-cnc-bj-1995-mit-irco-einzelstangenzufuehrung-intnr231497\/"},"modified":"2026-03-13T10:06:22","modified_gmt":"2026-03-13T10:06:22","slug":"weiler-ud-24-cnc-bj-1995-mit-irco-einzelstangenzufuehrung-intnr231497","status":"publish","type":"product","link":"https:\/\/mueller-wrh.de\/fr\/produit\/weiler-ud-24-cnc-bj-1995-mit-irco-einzelstangenzufuehrung-intnr231497\/","title":{"rendered":"WEILER UD 24 CNC, ann\u00e9e 1995 avec alimentation individuelle de barres IRCO IntNr231497"},"content":{"rendered":"<p><b>Emplacement :<\/b> Allemagne, Baden-W\u00fcrttemberg S\u00fcdwest<\/p>\n<p><b>\u00e9tat :<\/b> Occasion<\/p>\n<p><b>mod\u00e8le :<\/b> UD 24 CNC<\/p>\n<p><b>Ann\u00e9e de construction :<\/b> 1995<\/p>\n<p><b>heures de fonctionnement :<\/b> 40000<\/p>\n<p>Nous proposons \u00e0 la vente un tour de pr\u00e9cision CNC bien entretenu et pr\u00eat \u00e0 l'emploi.<br \/>\nde type Weiler UD 24 datant de 1995.<\/p>\n<p>Donn\u00e9es techniques<\/p>\n<p>Commande Siemens Sinumerik 810T<br \/>\ndiam\u00e8tre de rotation au-dessus du banc 240 mm<br \/>\nNombre max. Diam\u00e8tre de rotation 120 mm<br \/>\nAl\u00e9sage de la broche 42 mm<br \/>\nPlage de vitesse de rotation jusqu'\u00e0 6.000 tr\/min<br \/>\nTourelle porte-outils 12 positions VDI 20<br \/>\nAlimentation en barres IRCO Insertion de barres individuelles<\/p>\n<p>\u00c9quipement et accessoires :<br \/>\nAxe C : pour les op\u00e9rations de per\u00e7age et de fraisage (radial\/axial).<br \/>\nSyst\u00e8me de chargement : Ravitailleur \u00e0 barres courtes IRCO pour un ravitaillement efficace en mat\u00e9riaux.<br \/>\nSyst\u00e8me de refroidissement : dispositif de refroidissement complet.<br \/>\nCapot de protection int\u00e9grale avec verrouillage de s\u00e9curit\u00e9.<br \/>\nInstructions d'utilisation et d'entretien disponibles.<\/p>\n<p>La machine peut \u00eatre visit\u00e9e sous tension sur rendez-vous.<br \/>\nSous r\u00e9serve de modifications et d'erreurs dans les donn\u00e9es techniques et les indications ainsi que de vente interm\u00e9diaire !<\/p>\n<p>Il s'agit d'une machine CNC de pr\u00e9cision bien entretenue et op\u00e9rationnelle.<br \/>\ndu mod\u00e8le Weiler UD 24, fabriqu\u00e9 en 1995.<\/p>\n<p>Sp\u00e9cifications techniques<\/p>\n<p>Syst\u00e8me de contr\u00f4le Siemens Sinumerik 810T<br \/>\nMaximum swing over bed 240 mm<br \/>\nDiam\u00e8tre maximal de rotation 120 mm<br \/>\nDiam\u00e8tre de la broche 42 mm<br \/>\nGamme de vitesses jusqu'\u00e0 6,000 rpm<br \/>\nTool turret 12-station VDI 20<br \/>\nAlimentation en bar IRCO alimentation en bar simple<\/p>\n<p>\u00c9quipement et accessoires :<br \/>\nC-axis : Pour les op\u00e9rations de per\u00e7age et de fraisage (radial\/axial).<br \/>\nSyst\u00e8me de chargement : IRCO short bar loader for efficient material supply.<br \/>\nSyst\u00e8me de refroidissement : Syst\u00e8me de refroidissement complet.<br \/>\nCouverture de protection compl\u00e8te avec verrou de s\u00e9curit\u00e9.<br \/>\nInstructions d'utilisation et de maintenance disponibles.<\/p>\n<p>La machine peut \u00eatre vue sous tension sur rendez-vous.<br \/>\nSous r\u00e9serve de modifications et d'erreurs dans les donn\u00e9es techniques et les sp\u00e9cifications, ainsi que de vente pr\u00e9alable !<\/p>","protected":false},"excerpt":{"rendered":"<p>Standort: Deutschland, Baden-W\u00fcrttemberg S\u00fcdwest Zustand: Gebraucht Modell: UD 24 CNC Baujahr: 1995 Betriebsstunden: 40000 Zum Verkauf steht eine gepflegte und einsatzbereite CNC-Pr\u00e4zisionsdrehmaschine vom Typ Weiler UD 24 aus dem Jahr 1995. Technische Daten Steuerung Siemens Sinumerik 810T Umlaufdurchmesser \u00fcber Bett 240 mm Max. Drehdurchmesser 120 mm Spindelbohrung 42 mm Drehzahlbereich bis 6.000 U\/min Werkzeugrevolver 12-fach [&hellip;]<\/p>\n","protected":false},"featured_media":4945,"comment_status":"open","ping_status":"closed","template":"","meta":{"_uf_show_specific_survey":0,"_uf_disable_surveys":false},"product_brand":[],"product_cat":[110],"product_tag":[],"class_list":{"0":"post-4952","1":"product","2":"type-product","3":"status-publish","4":"has-post-thumbnail","6":"product_cat-revolverdrehautomaten","8":"first","9":"instock","10":"taxable","11":"shipping-taxable","12":"product-type-simple"},"aioseo_notices":[],"_links":{"self":[{"href":"https:\/\/mueller-wrh.de\/fr\/wp-json\/wp\/v2\/product\/4952","targetHints":{"allow":["GET"]}}],"collection":[{"href":"https:\/\/mueller-wrh.de\/fr\/wp-json\/wp\/v2\/product"}],"about":[{"href":"https:\/\/mueller-wrh.de\/fr\/wp-json\/wp\/v2\/types\/product"}],"replies":[{"embeddable":true,"href":"https:\/\/mueller-wrh.de\/fr\/wp-json\/wp\/v2\/comments?post=4952"}],"wp:featuredmedia":[{"embeddable":true,"href":"https:\/\/mueller-wrh.de\/fr\/wp-json\/wp\/v2\/media\/4945"}],"wp:attachment":[{"href":"https:\/\/mueller-wrh.de\/fr\/wp-json\/wp\/v2\/media?parent=4952"}],"wp:term":[{"taxonomy":"product_brand","embeddable":true,"href":"https:\/\/mueller-wrh.de\/fr\/wp-json\/wp\/v2\/product_brand?post=4952"},{"taxonomy":"product_cat","embeddable":true,"href":"https:\/\/mueller-wrh.de\/fr\/wp-json\/wp\/v2\/product_cat?post=4952"},{"taxonomy":"product_tag","embeddable":true,"href":"https:\/\/mueller-wrh.de\/fr\/wp-json\/wp\/v2\/product_tag?post=4952"}],"curies":[{"name":"wp","href":"https:\/\/api.w.org\/{rel}","templated":true}]}}