{"id":4944,"date":"2026-03-11T14:50:06","date_gmt":"2026-03-11T14:50:06","guid":{"rendered":"https:\/\/mueller-wrh.de\/produkt\/cnc-ergomat-tba-60-bj-2005-mit-einzelstangenvorschub-intnr231496\/"},"modified":"2026-03-11T14:50:06","modified_gmt":"2026-03-11T14:50:06","slug":"cnc-ergomat-tba-60-bj-2005-mit-einzelstangenvorschub-intnr231496","status":"publish","type":"product","link":"https:\/\/mueller-wrh.de\/fr\/produit\/cnc-ergomat-tba-60-bj-2005-mit-einzelstangenvorschub-intnr231496\/","title":{"rendered":"CNC ERGOMAT TBA-60, ann\u00e9e 2005 avec avance \u00e0 barre unique IntNr231496"},"content":{"rendered":"<p><b>Emplacement :<\/b> Allemagne, Baden-W\u00fcrttemberg S\u00fcdwest<\/p>\n<p><b>\u00e9tat :<\/b> Occasion<\/p>\n<p><b>mod\u00e8le :<\/b> TBA-60 CNC<\/p>\n<p><b>Ann\u00e9e de construction :<\/b> 2005<\/p>\n<p>Nous proposons \u00e0 la vente un tour automatique multi-chariots CNC ERGOMAT TBA-60,<br \/>\n\u00e9quip\u00e9 d'un dispositif d'avance \u00e0 tige unique. <\/p>\n<p>Donn\u00e9es techniques<br \/>\nType : TBA-60<br \/>\nAnn\u00e9e de construction : 2005<br \/>\nType de machine : Tour automatique multi-chariots CNC<br \/>\nCommande : CNC (commande bas\u00e9e sur Fanuc)<\/p>\n<p>Espace de travail<br \/>\nLongueur max. Passage de barre rond : 60 mm<br \/>\nLongueur max. Longueur de tournage : 100 mm<\/p>\n<p>Broche<br \/>\nPuissance de la broche : 7,5 kW<br \/>\nVitesse max. Vitesse de rotation de la broche : jusqu'\u00e0 3 150 tr\/min<\/p>\n<p>Syst\u00e8me d'outils<br \/>\nTourelle \u00e9toile \u00e0 6 positions servocommand\u00e9e<br \/>\ntemps de commutation de la tourelle : env. 0,3-0,4 s<\/p>\n<p>Concept multi-chariots avec :<br \/>\nChariot horizontal avant (X1\/Z1)<br \/>\nChariot horizontal arri\u00e8re (X2)<br \/>\nDeux chariots verticaux (X3\/X4) ()<\/p>\n<p>Course de d\u00e9placement<br \/>\nCourse du chariot horizontal : 45 mm<br \/>\nCourse du chariot vertical : 45 mm<\/p>\n<p>Donn\u00e9es de la machine<br \/>\nPoids de la machine : 2.000 kg<\/p>\n<p>\u00c9quipement<br \/>\nAvance barre par barre<br \/>\nSyst\u00e8me de rotation multi-chariots pour une productivit\u00e9 \u00e9lev\u00e9e<br \/>\nDispositif d'arrosage<br \/>\n\u00c9limination des copeaux \/ bac \u00e0 copeaux<\/p>\n<p>La machine peut \u00eatre visit\u00e9e sous tension sur rendez-vous.<br \/>\nSous r\u00e9serve de modifications et d'erreurs dans les donn\u00e9es techniques et les indications ainsi que de vente interm\u00e9diaire !<\/p>\n<p>En vente, une machine \u00e0 lattes automatique multi-slide CNC ERGOMAT TBA-60,<br \/>\n\u00e9quip\u00e9 d'une alimentation \u00e0 une seule barre. <\/p>\n<p>Donn\u00e9es techniques<br \/>\nType : TBA-60<br \/>\nAnn\u00e9e de fabrication : 2005<br \/>\nType de machine : Latte automatique multi-slide CNC<br \/>\nContr\u00f4le : CNC (contr\u00f4le bas\u00e9 sur Fanuc)<\/p>\n<p>Gamme de travail<br \/>\nCapacit\u00e9 max. de la barre ronde : 60 mm<br \/>\nLongueur max. de rotation : 100 mm<\/p>\n<p>Broche<br \/>\nPuissance de la broche : 7,5 kW<br \/>\nVitesse max. de la broche : jusqu'\u00e0 3,150 rpm<\/p>\n<p>Syst\u00e8me d'outils<br \/>\nServo-driven 6-station star turret<br \/>\nTemps de changement de tour : env. 0,3-0,4 s<\/p>\n<p>Concept multi-slide avec :<br \/>\nGlissi\u00e8re horizontale avant (X1\/Z1)<br \/>\nGlissi\u00e8re horizontale arri\u00e8re (X2)<br \/>\nDeux glissi\u00e8res verticales (X3\/X4) ()<\/p>\n<p>Distance de voyage<br \/>\nDistance de d\u00e9placement horizontal de la glissi\u00e8re : 45 mm<br \/>\nDistance de d\u00e9placement vertical de la glissi\u00e8re : 45 mm<\/p>\n<p>Donn\u00e9es de la machine<br \/>\nPoids de la machine : 2,000 kg<\/p>\n<p>\u00c9quipement<br \/>\nAlimentation par bar unique<br \/>\nSyst\u00e8me de rotation multi-carriage pour une productivit\u00e9 \u00e9lev\u00e9e<br \/>\nDispositif de refroidissement<br \/>\nDisposition des puces \/ plateau \u00e0 puces<\/p>\n<p>La machine peut \u00eatre vue sous tension sur rendez-vous.<br \/>\nSous r\u00e9serve de modifications et d'erreurs dans les donn\u00e9es techniques et les sp\u00e9cifications, ainsi que de vente pr\u00e9alable !<\/p>","protected":false},"excerpt":{"rendered":"<p>Standort: Deutschland, Baden-W\u00fcrttemberg S\u00fcdwest Zustand: Gebraucht Modell: TBA-60 CNC Baujahr: 2005 Zum Verkauf steht ein CNC-Mehrschlitten-Drehautomat ERGOMAT TBA-60, ausgestattet mit Einzelstangenvorschub. Technische Daten Typ: TBA-60 Baujahr: 2005 Maschinenart: CNC Mehrschlitten-Drehautomat Steuerung: CNC (Fanuc-basierte Steuerung) Arbeitsbereich Max. Stangendurchlass rund: 60 mm Max. Drehl\u00e4nge: 100 mm Spindel Spindelleistung: 7,5 kW Max. Spindeldrehzahl: bis 3.150 U\/min Werkzeugsystem Servoangetriebener [&hellip;]<\/p>\n","protected":false},"featured_media":4938,"comment_status":"open","ping_status":"closed","template":"","meta":{"_uf_show_specific_survey":0,"_uf_disable_surveys":false},"product_brand":[],"product_cat":[110],"product_tag":[],"class_list":{"0":"post-4944","1":"product","2":"type-product","3":"status-publish","4":"has-post-thumbnail","6":"product_cat-revolverdrehautomaten","8":"first","9":"instock","10":"taxable","11":"shipping-taxable","12":"product-type-simple"},"aioseo_notices":[],"_links":{"self":[{"href":"https:\/\/mueller-wrh.de\/fr\/wp-json\/wp\/v2\/product\/4944","targetHints":{"allow":["GET"]}}],"collection":[{"href":"https:\/\/mueller-wrh.de\/fr\/wp-json\/wp\/v2\/product"}],"about":[{"href":"https:\/\/mueller-wrh.de\/fr\/wp-json\/wp\/v2\/types\/product"}],"replies":[{"embeddable":true,"href":"https:\/\/mueller-wrh.de\/fr\/wp-json\/wp\/v2\/comments?post=4944"}],"wp:featuredmedia":[{"embeddable":true,"href":"https:\/\/mueller-wrh.de\/fr\/wp-json\/wp\/v2\/media\/4938"}],"wp:attachment":[{"href":"https:\/\/mueller-wrh.de\/fr\/wp-json\/wp\/v2\/media?parent=4944"}],"wp:term":[{"taxonomy":"product_brand","embeddable":true,"href":"https:\/\/mueller-wrh.de\/fr\/wp-json\/wp\/v2\/product_brand?post=4944"},{"taxonomy":"product_cat","embeddable":true,"href":"https:\/\/mueller-wrh.de\/fr\/wp-json\/wp\/v2\/product_cat?post=4944"},{"taxonomy":"product_tag","embeddable":true,"href":"https:\/\/mueller-wrh.de\/fr\/wp-json\/wp\/v2\/product_tag?post=4944"}],"curies":[{"name":"wp","href":"https:\/\/api.w.org\/{rel}","templated":true}]}}