{"id":4936,"date":"2026-03-11T13:19:02","date_gmt":"2026-03-11T13:19:02","guid":{"rendered":"https:\/\/mueller-wrh.de\/produkt\/cnc-haas-st-20ss-bj-2010-mit-lns-hydrobar-6-50-intnr231495\/"},"modified":"2026-03-13T10:46:30","modified_gmt":"2026-03-13T10:46:30","slug":"cnc-haas-st-20ss-bj-2010-mit-lns-hydrobar-6-50-intnr231495","status":"publish","type":"product","link":"https:\/\/mueller-wrh.de\/fr\/produit\/cnc-haas-st-20ss-bj-2010-mit-lns-hydrobar-6-50-intnr231495\/","title":{"rendered":"CNC HAAS ST-20SS, ann\u00e9e 2010 avec LNS Hydrobar 6.50 HS-4.6 IntNr231495"},"content":{"rendered":"<p><b>Emplacement :<\/b> Allemagne, Baden-W\u00fcrttemberg S\u00fcdwest<\/p>\n<p><b>\u00e9tat :<\/b> Occasion<\/p>\n<p><b>fabricant :<\/b> HAAS<\/p>\n<p><b>mod\u00e8le :<\/b> ST-20SS<\/p>\n<p><b>Ann\u00e9e de construction :<\/b> 2010<\/p>\n<p><b>heures de fonctionnement :<\/b> 1900<\/p>\n<p>Centre de tournage CNC d'occasion Haas ST-20SS (Super Speed) ann\u00e9e 2010,<br \/>\ny compris LNS Super Hydrobar 6.50 HS 4.6 ann\u00e9e 2011. <\/p>\n<p>D\u00e9tails techniques :<br \/>\nMoniteur LCD couleur 15 pouces, commande HAAS conviviale<br \/>\nNombre max. Diam\u00e8tre de rotation : jusqu'\u00e0 254 mm<br \/>\nLongueur max. Longueur de tournage : 533 mm.<\/p>\n<p>Broche :<br \/>\nPalier de broche principal d\u00e9fectueux !<br \/>\nVitesse de rotation : max. 5.000 tr\/min.<br \/>\nPuissance d'entra\u00eenement : 22,4 kW (30 hp) High-Performance Vector Drive.<br \/>\nNez de broche : A2-6.<br \/>\nAl\u00e9sage de la broche : 88,9 mm<\/p>\n<p>Tourelle porte-outils :<br \/>\nTourelle hybride 24 postes<\/p>\n<p>Des courses rapides :<br \/>\n24,0 m\/min (axe X)<br \/>\n30,5 m\/min (axe Z).<br \/>\n\u00c9quipement :<br \/>\nsyst\u00e8me de pr\u00e9r\u00e9glage automatique des outils (Auto Probe Arm).<br \/>\nUnit\u00e9 pour outils entra\u00een\u00e9s<br \/>\nLNS Super Hydrobar 6.50 HS 4.6 (ann\u00e9e 2011)<br \/>\npour des diam\u00e8tres de barre d'environ 5 mm \u00e0 50 mm (selon le mod\u00e8le, extensible jusqu'\u00e0 65\/68 mm au sein de la s\u00e9rie HS).<\/p>\n<p>La machine peut \u00eatre visit\u00e9e sous tension sur rendez-vous.<br \/>\nSous r\u00e9serve de modifications et d'erreurs dans les donn\u00e9es techniques et les indications ainsi que de vente interm\u00e9diaire !<\/p>\n<p>Used Haas ST-20SS (Super Speed) CNC turning centre, built in 2010,<br \/>\ny compris LNS Super Hydrobar 6.50 HS 4.6, construit en 2011. <\/p>\n<p>D\u00e9tails techniques :<br \/>\nMoniteur LCD couleur 15 pouces, contr\u00f4le HAAS convivial<br \/>\nDiam\u00e8tre max. de tournage : jusqu'\u00e0 254 mm<br \/>\nLongueur max. de rotation : 533 mm.<\/p>\n<p>Broche :<br \/>\nRondelle de broche principale d\u00e9fectueuse !<br \/>\nVitesse : max. 5,000 rpm.<br \/>\nPuissance d'entra\u00eenement : 22,4 kW (30 hp) vector drive haute performance.<br \/>\nNez de broche : A2-6.<br \/>\nDiam\u00e8tre de la broche : 88.9 mm<\/p>\n<p>Outil turret :<br \/>\n24-station hybride turret<\/p>\n<p>Travers\u00e9e rapide :<br \/>\n24.0 m\/min (axe X)<br \/>\n30.5 m\/min (axe Z).<br \/>\n\u00c9quipement :<br \/>\nsyst\u00e8me de r\u00e9glage automatique de l'outil (Auto Probe Arm)<br \/>\nUnit\u00e9 pour les outils d'entra\u00eenement<br \/>\nLNS Super Hydrobar 6.50 HS 4.6 (construit en 2011)<br \/>\npour des diam\u00e8tres de barre d'environ 5 mm \u00e0 50 mm (extensible \u00e0 65\/68 mm dans la s\u00e9rie HS, selon le mod\u00e8le).<\/p>\n<p>La machine peut \u00eatre vue sous tension sur rendez-vous.<br \/>\nSous r\u00e9serve de modifications et d'erreurs dans les donn\u00e9es techniques et les sp\u00e9cifications, ainsi que de vente pr\u00e9alable !<\/p>","protected":false},"excerpt":{"rendered":"<p>Standort: Deutschland, Baden-W\u00fcrttemberg S\u00fcdwest Zustand: Gebraucht Hersteller: HAAS Modell: ST-20SS Baujahr: 2010 Betriebsstunden: 1900 Gebrauchtes CNC-Drehzentrum Haas ST-20SS (Super Speed) Bj. 2010, inklusive LNS Super Hydrobar 6.50 HS 4.6 Bj. 2011. Technische Details: 15-Zoll-Farb-LCD-Monitor, benutzerfreundliche HAAS-Steuerung Max. Drehdurchmesser: bis zu 254 mm Max. Drehl\u00e4nge: 533 mm. Spindel: Hauptspindellager defekt! Drehzahl: max. 5.000 U\/min. Antriebsleistung: 22,4 [&hellip;]<\/p>\n","protected":false},"featured_media":4960,"comment_status":"open","ping_status":"closed","template":"","meta":{"_uf_show_specific_survey":0,"_uf_disable_surveys":false},"product_brand":[],"product_cat":[90],"product_tag":[],"class_list":{"0":"post-4936","1":"product","2":"type-product","3":"status-publish","4":"has-post-thumbnail","6":"product_cat-cnc-drehmaschinen-0-199mm-drehd","8":"first","9":"instock","10":"taxable","11":"shipping-taxable","12":"product-type-simple"},"aioseo_notices":[],"_links":{"self":[{"href":"https:\/\/mueller-wrh.de\/fr\/wp-json\/wp\/v2\/product\/4936","targetHints":{"allow":["GET"]}}],"collection":[{"href":"https:\/\/mueller-wrh.de\/fr\/wp-json\/wp\/v2\/product"}],"about":[{"href":"https:\/\/mueller-wrh.de\/fr\/wp-json\/wp\/v2\/types\/product"}],"replies":[{"embeddable":true,"href":"https:\/\/mueller-wrh.de\/fr\/wp-json\/wp\/v2\/comments?post=4936"}],"wp:featuredmedia":[{"embeddable":true,"href":"https:\/\/mueller-wrh.de\/fr\/wp-json\/wp\/v2\/media\/4960"}],"wp:attachment":[{"href":"https:\/\/mueller-wrh.de\/fr\/wp-json\/wp\/v2\/media?parent=4936"}],"wp:term":[{"taxonomy":"product_brand","embeddable":true,"href":"https:\/\/mueller-wrh.de\/fr\/wp-json\/wp\/v2\/product_brand?post=4936"},{"taxonomy":"product_cat","embeddable":true,"href":"https:\/\/mueller-wrh.de\/fr\/wp-json\/wp\/v2\/product_cat?post=4936"},{"taxonomy":"product_tag","embeddable":true,"href":"https:\/\/mueller-wrh.de\/fr\/wp-json\/wp\/v2\/product_tag?post=4936"}],"curies":[{"name":"wp","href":"https:\/\/api.w.org\/{rel}","templated":true}]}}