{"id":4921,"date":"2026-03-07T11:31:09","date_gmt":"2026-03-07T11:31:09","guid":{"rendered":"https:\/\/mueller-wrh.de\/produkt\/gebr-lns-express-220_bj-2027-intnr231503\/"},"modified":"2026-03-07T11:31:09","modified_gmt":"2026-03-07T11:31:09","slug":"gebr-lns-express-220_bj-2027-intnr231503","status":"publish","type":"product","link":"https:\/\/mueller-wrh.de\/fr\/produit\/gebr-lns-express-220_bj-2027-intnr231503\/","title":{"rendered":"LNS Express 220_Bj. 2027 IntNr231503 d'occasion"},"content":{"rendered":"<p><b>Emplacement :<\/b> Allemagne, Baden-W\u00fcrttemberg S\u00fcdwest<\/p>\n<p><b>\u00e9tat :<\/b> Occasion<\/p>\n<p><b>fabricant :<\/b> LNS<\/p>\n<p><b>mod\u00e8le :<\/b> Express 220<\/p>\n<p><b>Ann\u00e9e de construction :<\/b> 2007<\/p>\n<p>Magasin de chargement CNC LNS Express 220<br \/>\nAnn\u00e9e de construction : 2007<br \/>\nType : Ravitailleur de barres<\/p>\n<p>Changement facile du canal de guidage en moins de 2 minutes environ.<br \/>\nChangement complet des \u00e9l\u00e9ments de guidage possible en moins de 8 minutes environ.<\/p>\n<p>D\u00e9tails techniques :<br \/>\nPlage de diam\u00e8tres : 2 mm \u00e0 20 mm<br \/>\nCanal \u00d8 22mm<br \/>\nLongueur maximale de la barre : 3.000 mm<br \/>\nDimensions d'installation \/ dimensions (L x l x H) : 3.970 x 480 x 1.250 mm<br \/>\npoids : environ 850 kg<br \/>\n\u00c9tat : enti\u00e8rement fonctionnel<\/p>\n<p>La machine peut \u00eatre visit\u00e9e sur rendez-vous.<br \/>\nSous r\u00e9serve de modifications et d'erreurs dans les donn\u00e9es techniques et les indications ainsi que de vente interm\u00e9diaire !<\/p>\n<p>I<br \/>\nMagasin de chargement CNC LNS Express 220<br \/>\nAnn\u00e9e de fabrication : 2007<br \/>\nType : Magasin de chargement de barres<\/p>\n<p>Changement facile du canal de guidage en moins de 2 minutes environ.<br \/>\nChangement complet des \u00e9l\u00e9ments de guidage possible en moins de 8 minutes environ.<\/p>\n<p>D\u00e9tails techniques :<br \/>\nGamme de diam\u00e8tres : 2 mm \u00e0 20 mm<br \/>\nCanal \u00d8 22 mm<br \/>\nLongueur maximale de la barre : 3,000 mm<br \/>\nDimensions d'installation \/ dimensions (L x l x H) : 3,970 x 480 x 1,250 mm<br \/>\nPoids : environ 850 kg<br \/>\nCondition : enti\u00e8rement fonctionnel<\/p>\n<p>La machine peut \u00eatre vue en fonctionnement sur rendez-vous.<br \/>\nSous r\u00e9serve de modifications et d'erreurs dans les donn\u00e9es techniques et les sp\u00e9cifications, ainsi que de vente pr\u00e9alable !<\/p>\n<p>Translated with DeepL.com (free version)<\/p>","protected":false},"excerpt":{"rendered":"<p>Standort: Deutschland, Baden-W\u00fcrttemberg S\u00fcdwest Zustand: Gebraucht Hersteller: LNS Modell: Express 220 Baujahr: 2007 CNC-Lademagazin LNS Express 220 Baujahr: 2007 Typ: Stangenlademagazin Einfaches Umr\u00fcsten des F\u00fchrungskanals in weniger als ca. 2 Minuten. Komplettwechsel der F\u00fchrungselemente in unter ca. 8 Minuten m\u00f6glich. Technische Details: Durchmesserbereich: 2 mm bis 20 mm Kanal \u00d8 22mm Maximale Stangenl\u00e4nge: 3.000 mm [&hellip;]<\/p>\n","protected":false},"featured_media":4916,"comment_status":"open","ping_status":"closed","template":"","meta":{"_uf_show_specific_survey":0,"_uf_disable_surveys":false},"product_brand":[],"product_cat":[88],"product_tag":[],"class_list":{"0":"post-4921","1":"product","2":"type-product","3":"status-publish","4":"has-post-thumbnail","6":"product_cat-stangenzufuehrungen","8":"first","9":"instock","10":"taxable","11":"shipping-taxable","12":"product-type-simple"},"aioseo_notices":[],"_links":{"self":[{"href":"https:\/\/mueller-wrh.de\/fr\/wp-json\/wp\/v2\/product\/4921","targetHints":{"allow":["GET"]}}],"collection":[{"href":"https:\/\/mueller-wrh.de\/fr\/wp-json\/wp\/v2\/product"}],"about":[{"href":"https:\/\/mueller-wrh.de\/fr\/wp-json\/wp\/v2\/types\/product"}],"replies":[{"embeddable":true,"href":"https:\/\/mueller-wrh.de\/fr\/wp-json\/wp\/v2\/comments?post=4921"}],"wp:featuredmedia":[{"embeddable":true,"href":"https:\/\/mueller-wrh.de\/fr\/wp-json\/wp\/v2\/media\/4916"}],"wp:attachment":[{"href":"https:\/\/mueller-wrh.de\/fr\/wp-json\/wp\/v2\/media?parent=4921"}],"wp:term":[{"taxonomy":"product_brand","embeddable":true,"href":"https:\/\/mueller-wrh.de\/fr\/wp-json\/wp\/v2\/product_brand?post=4921"},{"taxonomy":"product_cat","embeddable":true,"href":"https:\/\/mueller-wrh.de\/fr\/wp-json\/wp\/v2\/product_cat?post=4921"},{"taxonomy":"product_tag","embeddable":true,"href":"https:\/\/mueller-wrh.de\/fr\/wp-json\/wp\/v2\/product_tag?post=4921"}],"curies":[{"name":"wp","href":"https:\/\/api.w.org\/{rel}","templated":true}]}}