{"id":4869,"date":"2026-02-24T11:35:04","date_gmt":"2026-02-24T11:35:04","guid":{"rendered":"https:\/\/mueller-wrh.de\/produkt\/cnc-langdrehfraeszentrum-star-st-38-bj-19-intnr231494\/"},"modified":"2026-02-24T11:35:04","modified_gmt":"2026-02-24T11:35:04","slug":"cnc-langdrehfraeszentrum-star-st-38-bj-19-intnr231494","status":"publish","type":"product","link":"https:\/\/mueller-wrh.de\/fr\/produit\/cnc-langdrehfraeszentrum-star-st-38-bj-19-intnr231494\/","title":{"rendered":"Centre de tournage CNC \u00e0 poup\u00e9e mobile STAR ST-38, ann\u00e9e `19 (IntNr231494)"},"content":{"rendered":"<p><b>Emplacement :<\/b> Allemagne, Baden-W\u00fcrttemberg S\u00fcdwest<\/p>\n<p><b>\u00e9tat :<\/b> Occasion<\/p>\n<p><b>fabricant :<\/b> STAR Micronics<\/p>\n<p><b>mod\u00e8le :<\/b> ST-38<\/p>\n<p><b>Ann\u00e9e de construction :<\/b> 2019<\/p>\n<p>FANUC, calculateur haute performance s\u00e9rie 31i-B5,<\/p>\n<p>\u00e9tat entretenu, environ 9000 heures de fonctionnement<\/p>\n<p>Principales donn\u00e9es techniques<br \/>\nEspace de travail<br \/>\nLongueur max. Diam\u00e8tre de la barre : 38 mm<br \/>\nLongueur max. Longueur d'usinage (avec canon de guidage) : env. 320 mm<br \/>\nPossibilit\u00e9 d'usinage sans canon de guidage (pour les pi\u00e8ces plus courtes)<br \/>\nLongueur max. Diam\u00e8tre de la pince de serrage de la contre-broche : 38 mm<\/p>\n<p>Broche principale<br \/>\nPuissance de la broche : env. 11-15 kW<br \/>\nVitesse max. Vitesse de rotation : env. 7.000 min-\u00b9<br \/>\nAxe C int\u00e9gr\u00e9 (r\u00e9solution de 0,001\u00b0)<br \/>\nPalier de broche de haute pr\u00e9cision pour l'usinage lourd<\/p>\n<p>Contre-broche<br \/>\nPuissance : env. 5,5-7,5 kW<br \/>\nVitesse max. Vitesse de rotation : env. 7.000 min-\u00b9<br \/>\nAxe C \u00e0 part enti\u00e8re<br \/>\nPrise en charge des pi\u00e8ces et usinage de la face arri\u00e8re en un seul serrage<\/p>\n<p>Configuration des axes<br \/>\nX1 \/ Z1 (syst\u00e8me principal)<br \/>\nX2 \/ Z2 (syst\u00e8me de contre-broche)<br \/>\nAxe Y pour les op\u00e9rations de fraisage excentr\u00e9es<br \/>\nAxe C broche principale et contre-broche<br \/>\nEn option, fonctions de pivotement similaires \u00e0 l'axe B (selon l'\u00e9quipement)<br \/>\nLa commande multicanaux permet un usinage simultan\u00e9 sur la broche principale et la contre-broche pour une r\u00e9duction significative du temps de cycle.<\/p>\n<p>\u00c9quipement des outils<br \/>\nJeu de porte-outils, (non entra\u00een\u00e9s)<br \/>\nEnsemble de douilles de guidage (syst\u00e8me de traction, JBS)<br \/>\nUnit\u00e9 de refroidissement d'huile<br \/>\nConvoyeur haute pression (avec unit\u00e9 haute pression int\u00e9gr\u00e9e) Type M\u00fcller combistream CS 3<br \/>\nUtilisation du liquide de refroidissement : huile<br \/>\nPoids : 6,25 to<br \/>\nDimensions : (LxlxH) 3477x1860x1865 mm<\/p>\n<p>La machine peut \u00eatre visit\u00e9e sous tension sur rendez-vous.<br \/>\nSous r\u00e9serve de modifications et d'erreurs dans les donn\u00e9es techniques et les indications ainsi que de vente interm\u00e9diaire !<\/p>\n<p>FANUC, ordinateur haute performance s\u00e9rie 31i-B5,<\/p>\n<p>Bien entretenu, environ 9000 heures de fonctionnement<\/p>\n<p>Principales donn\u00e9es techniques<br \/>\nGamme de travail<br \/>\nDiam\u00e8tre max. du bar : 38 mm<br \/>\nLongueur max. d'usinage (avec bush de guidage) : env. 320 mm<br \/>\nUsinage possible sans bush de guidage (pour les pi\u00e8ces plus courtes)<br \/>\nDiam\u00e8tre max. du collet de la contre-broche : 38 mm<\/p>\n<p>Broche principale<br \/>\nPuissance de la broche : env. 11-15 kW<br \/>\nVitesse maximale : environ 7,000 min-\u00b9<br \/>\nAxe C int\u00e9gr\u00e9 (r\u00e9solution de 0,001\u00b0)<br \/>\nRoulements de broche de haute pr\u00e9cision pour l'usinage lourd<\/p>\n<p>Broche du compteur<br \/>\nPuissance : env. 5.5-7.5 kW<br \/>\nVitesse maximale : env. 7,000 rpm<br \/>\nFull C-axis<br \/>\nTransfert de pi\u00e8ces et usinage arri\u00e8re en un seul serrage<\/p>\n<p>Configuration de l'axe<br \/>\nX1 \/ Z1 (syst\u00e8me principal)<br \/>\nX2 \/ Z2 (syst\u00e8me de contre-broche)<br \/>\nAxe Y pour les op\u00e9rations de fraisage hors centre<br \/>\nBroche principale et contre-broche \u00e0 axe C<br \/>\nFonctions de pivotement de type B-axis en option (selon l'\u00e9quipement)<br \/>\nLe contr\u00f4le multi-canal permet un usinage simultan\u00e9 sur les broches principales et les contre-broches pour une r\u00e9duction significative du temps de cycle.<\/p>\n<p>Outillage<br \/>\nTool holder set, (non-driven)<br \/>\nGuide bush unit (pull system, JBS)<br \/>\nUnit\u00e9 de refroidissement d'huile<br \/>\nConvoyeur \u00e0 haute pression (avec unit\u00e9 \u00e0 haute pression int\u00e9gr\u00e9e) Type M\u00fcller combistream CS 3<br \/>\nRefroidissant utilis\u00e9 : huile<br \/>\nPoids : 6.25 tonnes<br \/>\nDimensions : (LxlxH) 3477x1860x1865 mm<\/p>\n<p>La machine peut \u00eatre vue sous tension sur rendez-vous.<br \/>\nSous r\u00e9serve de modifications et d'erreurs dans les donn\u00e9es techniques et les sp\u00e9cifications, ainsi que de vente pr\u00e9alable !<\/p>","protected":false},"excerpt":{"rendered":"<p>Standort: Deutschland, Baden-W\u00fcrttemberg S\u00fcdwest Zustand: Gebraucht Hersteller: STAR Micronics Modell: ST-38 Baujahr: 2019 FANUC, Hochleistungs-Rechner Serie 31i-B5, Gepflegter Zustand, ca. 9000 Betriebsstunden Technische Hauptdaten Arbeitsbereich Max. Stangendurchmesser: 38 mm Max. Bearbeitungsl\u00e4nge (mit F\u00fchrungsbuchse): ca. 320 mm Bearbeitung ohne F\u00fchrungsbuchse m\u00f6glich (f\u00fcr k\u00fcrzere Werkst\u00fccke) Max. Spannzangendurchmesser Gegenspindel: 38 mm Hauptspindel Spindelleistung: ca. 11\u201315 kW Max. Drehzahl: [&hellip;]<\/p>\n","protected":false},"featured_media":4863,"comment_status":"open","ping_status":"closed","template":"","meta":{"_uf_show_specific_survey":0,"_uf_disable_surveys":false},"product_brand":[],"product_cat":[23],"product_tag":[],"class_list":{"0":"post-4869","1":"product","2":"type-product","3":"status-publish","4":"has-post-thumbnail","6":"product_cat-cnc-langdrehmaschinen","8":"first","9":"instock","10":"taxable","11":"shipping-taxable","12":"product-type-simple"},"aioseo_notices":[],"_links":{"self":[{"href":"https:\/\/mueller-wrh.de\/fr\/wp-json\/wp\/v2\/product\/4869","targetHints":{"allow":["GET"]}}],"collection":[{"href":"https:\/\/mueller-wrh.de\/fr\/wp-json\/wp\/v2\/product"}],"about":[{"href":"https:\/\/mueller-wrh.de\/fr\/wp-json\/wp\/v2\/types\/product"}],"replies":[{"embeddable":true,"href":"https:\/\/mueller-wrh.de\/fr\/wp-json\/wp\/v2\/comments?post=4869"}],"wp:featuredmedia":[{"embeddable":true,"href":"https:\/\/mueller-wrh.de\/fr\/wp-json\/wp\/v2\/media\/4863"}],"wp:attachment":[{"href":"https:\/\/mueller-wrh.de\/fr\/wp-json\/wp\/v2\/media?parent=4869"}],"wp:term":[{"taxonomy":"product_brand","embeddable":true,"href":"https:\/\/mueller-wrh.de\/fr\/wp-json\/wp\/v2\/product_brand?post=4869"},{"taxonomy":"product_cat","embeddable":true,"href":"https:\/\/mueller-wrh.de\/fr\/wp-json\/wp\/v2\/product_cat?post=4869"},{"taxonomy":"product_tag","embeddable":true,"href":"https:\/\/mueller-wrh.de\/fr\/wp-json\/wp\/v2\/product_tag?post=4869"}],"curies":[{"name":"wp","href":"https:\/\/api.w.org\/{rel}","templated":true}]}}