{"id":4861,"date":"2026-02-18T15:57:49","date_gmt":"2026-02-18T15:57:49","guid":{"rendered":"https:\/\/mueller-wrh.de\/produkt\/neu-star-er16-or1-61-werkzeughalter-str766100_-passend-fuer-star-sb-12-20rsd-26c-e-g-s-sl-7-10-sp-23sr-20jii-b-sr-20riv-sr-32jii-a-sr-32jii-b-jiii-bsr-38-type-a-bsv-20rsw-12rii_intnr231492\/"},"modified":"2026-02-18T15:57:50","modified_gmt":"2026-02-18T15:57:50","slug":"neu-star-er16-or1-61-werkzeughalter-str766100_-passend-fuer-star-sb-12-20rsd-26c-e-g-s-sl-7-10-sp-23sr-20jii-b-sr-20riv-sr-32jii-a-sr-32jii-b-jiii-bsr-38-type-a-bsv-20rsw-12rii_intnr231492","status":"publish","type":"product","link":"https:\/\/mueller-wrh.de\/fr\/produit\/neu-star-er16-or1-61-werkzeughalter-str766100_-passend-fuer-star-sb-12-20rsd-26c-e-g-s-sl-7-10-sp-23sr-20jii-b-sr-20riv-sr-32jii-a-sr-32jii-b-jiii-bsr-38-type-a-bsv-20rsw-12rii_intnr231492\/","title":{"rendered":"NOUVEAU STAR ER16 OR1-61 porte-outil STR766100_ Convient pour Star SB-12\/20R;SD-26C\/E\/G\/S ;SL-7\/10 ; SP-23;SR-20JII-B ;SR-20RIV ; SR-32JII-A ; SR-32JII-B\/JIII-B;SR-38 (Type A\/B);SV-20R;SW-12RII_IntNr231492"},"content":{"rendered":"<p><b>Emplacement :<\/b> Allemagne, Baden-W\u00fcrttemberg S\u00fcdwest<\/p>\n<p><b>\u00e9tat :<\/b> Nouveau<\/p>\n<p>Appareil de per\u00e7age\/fraisage frontal ER16 pour usinage de la face arri\u00e8re<br \/>\nConvient pour Star Star<br \/>\nSB-12\/20R<br \/>\nStar SD-26C\/E\/G\/S<br \/>\nStar SL-7\/10<br \/>\nStar SP-23<br \/>\nStar SR-20JII-B<br \/>\nStar SR-20RIV<br \/>\nStar SR-32JII-A<br \/>\nStar SR-32JII-B\/JIII-B<br \/>\nStar SR-38 (Type A\/B)<br \/>\nStar SV-20R<br \/>\nStar SW-12RII<br \/>\nStar SW-20<br \/>\nComparable \u00e0 Star R\u00e9f\u00e9rence 0R1-61<br \/>\npour 12 machines<br \/>\nTraduction 1:1<br \/>\nVitesse d'entr\u00e9e max. 12000 1\/min<br \/>\nVitesse de sortie max. 12000 1\/min<br \/>\nCouple de sortie max. 13 Nm<\/p>\n<p>Sous r\u00e9serve de modifications et d'erreurs dans les donn\u00e9es techniques et les indications ainsi que de vente interm\u00e9diaire !<\/p>\n<p>Unit\u00e9 de per\u00e7age\/fraisage avant ER16 pour usinage c\u00f4t\u00e9 arri\u00e8re<br \/>\nCompatible avec les machines Star :<\/p>\n<p>Star SB-12\/20R<\/p>\n<p>Star SD-26C\/E\/G\/S<\/p>\n<p>Star SL-7\/10<\/p>\n<p>Star SP-23<\/p>\n<p>Star SR-20JII-B<\/p>\n<p>Star SR-20RIV<\/p>\n<p>Star SR-32JII-A<\/p>\n<p>Star SR-32JII-B\/JIII-B<\/p>\n<p>Star SR-38 (Type A\/B)<\/p>\n<p>Star SV-20R<\/p>\n<p>Star SW-12RII<\/p>\n<p>Star SW-20<\/p>\n<p>Comparable \u00e0 la pi\u00e8ce Star no. : 0R1-61<br \/>\nPour 12 machines<\/p>\n<p>Rapport de transmission : 1:1<br \/>\nVitesse d'entr\u00e9e : max. 12,000 rpm<br \/>\nVitesse de sortie : max. 12,000 rpm<br \/>\nCouple de sortie : max. 13 Nm<\/p>\n<p>Sous r\u00e9serve de modifications et d'erreurs dans les donn\u00e9es techniques et les sp\u00e9cifications, ainsi que de vente ant\u00e9rieure !<\/p>","protected":false},"excerpt":{"rendered":"<p>Standort: Deutschland, Baden-W\u00fcrttemberg S\u00fcdwest Zustand: Neu Frontalbohr-\/Fr\u00e4sapparat ER16 f\u00fcr R\u00fcckseitenbearbeitung Passend f\u00fcr Star Star SB-12\/20R Star SD-26C\/E\/G\/S Star SL-7\/10 Star SP-23 Star SR-20JII-B Star SR-20RIV Star SR-32JII-A Star SR-32JII-B\/JIII-B Star SR-38 (Type A\/B) Star SV-20R Star SW-12RII Star SW-20 Vergleichbar mit Star Bestell-Nr. 0R1-61 f\u00fcr 12 Maschinen \u00dcbersetzung 1:1 Eingangsdrehzahl max. 12000 1\/min Ausgangsdrehzahl max. [&hellip;]<\/p>\n","protected":false},"featured_media":4860,"comment_status":"open","ping_status":"closed","template":"","meta":{"_uf_show_specific_survey":0,"_uf_disable_surveys":false},"product_brand":[],"product_cat":[20],"product_tag":[],"class_list":{"0":"post-4861","1":"product","2":"type-product","3":"status-publish","4":"has-post-thumbnail","6":"product_cat-werkzeughalter","8":"first","9":"instock","10":"taxable","11":"shipping-taxable","12":"product-type-simple"},"aioseo_notices":[],"_links":{"self":[{"href":"https:\/\/mueller-wrh.de\/fr\/wp-json\/wp\/v2\/product\/4861","targetHints":{"allow":["GET"]}}],"collection":[{"href":"https:\/\/mueller-wrh.de\/fr\/wp-json\/wp\/v2\/product"}],"about":[{"href":"https:\/\/mueller-wrh.de\/fr\/wp-json\/wp\/v2\/types\/product"}],"replies":[{"embeddable":true,"href":"https:\/\/mueller-wrh.de\/fr\/wp-json\/wp\/v2\/comments?post=4861"}],"wp:featuredmedia":[{"embeddable":true,"href":"https:\/\/mueller-wrh.de\/fr\/wp-json\/wp\/v2\/media\/4860"}],"wp:attachment":[{"href":"https:\/\/mueller-wrh.de\/fr\/wp-json\/wp\/v2\/media?parent=4861"}],"wp:term":[{"taxonomy":"product_brand","embeddable":true,"href":"https:\/\/mueller-wrh.de\/fr\/wp-json\/wp\/v2\/product_brand?post=4861"},{"taxonomy":"product_cat","embeddable":true,"href":"https:\/\/mueller-wrh.de\/fr\/wp-json\/wp\/v2\/product_cat?post=4861"},{"taxonomy":"product_tag","embeddable":true,"href":"https:\/\/mueller-wrh.de\/fr\/wp-json\/wp\/v2\/product_tag?post=4861"}],"curies":[{"name":"wp","href":"https:\/\/api.w.org\/{rel}","templated":true}]}}