{"id":4856,"date":"2026-02-18T12:49:09","date_gmt":"2026-02-18T12:49:09","guid":{"rendered":"https:\/\/mueller-wrh.de\/produkt\/messmaschine-keyence_im6025_bj-09-2016-_intnr231488\/"},"modified":"2026-02-18T13:44:47","modified_gmt":"2026-02-18T13:44:47","slug":"messmaschine-keyence_im6025_bj-09-2016-_intnr231488","status":"publish","type":"product","link":"https:\/\/mueller-wrh.de\/fr\/produit\/messmaschine-keyence_im6025_bj-09-2016-_intnr231488\/","title":{"rendered":"Machine de mesure Keyence_IM6025_Bj.09\/2016 _IntNr231488"},"content":{"rendered":"<p><b>Emplacement :<\/b> Allemagne, Baden-W\u00fcrttemberg S\u00fcdwest<\/p>\n<p><b>\u00e9tat :<\/b> Occasion<\/p>\n<p><b>fabricant :<\/b> KEYENCE<\/p>\n<p><b>mod\u00e8le :<\/b> IM 6025<\/p>\n<p><b>Ann\u00e9e de construction :<\/b> 2016<\/p>\n<p>Keyence IM-6025 Machine de mesure - Mesure optique rapide et pr\u00e9cise<\/p>\n<p>Nous vendons une machine de mesure Keyence IM-6025, id\u00e9ale pour le contr\u00f4le rapide de s\u00e9ries, le contr\u00f4le d'entr\u00e9e de marchandises ainsi que les contr\u00f4les dimensionnels pr\u00e9cis dans la production.<br \/>\nAnn\u00e9e de construction : 09\/2016<\/p>\n<p>Principales caract\u00e9ristiques :<\/p>\n<p>Fabricant : Keyence<br \/>\nMod\u00e8le : IM-6025<br \/>\nAnn\u00e9e de construction : 09\/2016<\/p>\n<p>Plage de mesure :<\/p>\n<p>300 \u00d7 200 mm (selon le mod\u00e8le)<\/p>\n<p>Principe de mesure :<\/p>\n<p>Traitement d'image optique 2D avec d\u00e9tection automatique des contours<\/p>\n<p>Pr\u00e9cision de mesure :<\/p>\n<p>Haute r\u00e9p\u00e9tabilit\u00e9 au niveau microm\u00e9trique<\/p>\n<p>Fonctions :<\/p>\n<p>D\u00e9tection automatique de la position<\/p>\n<p>Mesure simultan\u00e9e de plusieurs points<\/p>\n<p>Comparaison possible avec les donn\u00e9es CAO<\/p>\n<p>\u00c9valuation SPC<\/p>\n<p>Interface utilisateur intuitive<\/p>\n<p>Interfaces USB et r\u00e9seau<\/p>\n<p>Syst\u00e8me d'\u00e9clairage :<\/p>\n<p>\u00c9clairage par transmission et \u00e9piscopie (LED)<\/p>\n<p>Hauteur max. Hauteur de la pi\u00e8ce \u00e0 usiner :<\/p>\n<p>Jusqu'\u00e0 75 mm environ<\/p>\n<p>Particularit\u00e9s :<\/p>\n<p>Mesures en quelques secondes sans alignement fastidieux<\/p>\n<p>Id\u00e9al pour les contr\u00f4les en s\u00e9rie et par \u00e9chantillonnage<\/p>\n<p>R\u00e9sultats de mesure ind\u00e9pendants de l'op\u00e9rateur<\/p>\n<p>Construction compacte<\/p>\n<p>\u00e9tat :<br \/>\nOccasion, test\u00e9 et en bon \u00e9tat de fonctionnement.<\/p>\n<p>Domaine d'application :<br \/>\nOptimal pour l'usinage du m\u00e9tal et du plastique, les pi\u00e8ces d\u00e9coup\u00e9es, les pi\u00e8ces tourn\u00e9es, les pi\u00e8ces frais\u00e9es ainsi que pour l'assurance qualit\u00e9 et le contr\u00f4le de la production.<\/p>\n<p>La machine peut \u00eatre visit\u00e9e sous tension sur rendez-vous.<\/p>\n<p>Sous r\u00e9serve de modifications et d'erreurs dans les donn\u00e9es techniques et les indications ainsi que de vente interm\u00e9diaire.<\/p>\n<p>Keyence IM-6025 Machine de mesure - Mesure optique rapide et pr\u00e9cise<\/p>\n<p>En vente, une machine de mesure Keyence IM-6025, id\u00e9ale pour l'inspection rapide de lots, le contr\u00f4le des marchandises entrantes et la mesure dimensionnelle pr\u00e9cise dans les environnements de production.<br \/>\nAnn\u00e9e de fabrication : 09\/2016<\/p>\n<p>Caract\u00e9ristiques principales :<\/p>\n<p>Fabricant : Keyence<br \/>\nMod\u00e8le : IM-6025<br \/>\nAnn\u00e9e : 09\/2016<\/p>\n<p>Gamme de mesure :<\/p>\n<p>Approx. 300 \u00d7 200 mm (en fonction de la configuration)<\/p>\n<p>Principe de mesure :<\/p>\n<p>Traitement d'image optique 2D avec d\u00e9tection automatique de contour<\/p>\n<p>Pr\u00e9cision :<\/p>\n<p>Haute r\u00e9p\u00e9tabilit\u00e9 dans la gamme des microns<\/p>\n<p>Fonctions :<\/p>\n<p>Positionnement automatique des pi\u00e8ces<\/p>\n<p>Mesure multipoint simultan\u00e9e<\/p>\n<p>Comparaison des donn\u00e9es CAO possible<\/p>\n<p>\u00c9valuation SPC<\/p>\n<p>Interface conviviale<\/p>\n<p>Interfaces USB et r\u00e9seau<\/p>\n<p>Syst\u00e8me d'\u00e9clairage :<\/p>\n<p>Illumination de la lumi\u00e8re transmise et r\u00e9fl\u00e9chie par LED<\/p>\n<p>Hauteur max. des pi\u00e8ces \u00e0 usiner :<\/p>\n<p>Jusqu'\u00e0 environ 75 mm<\/p>\n<p>Caract\u00e9ristiques sp\u00e9ciales :<\/p>\n<p>Mesures en quelques secondes sans alignement complexe<\/p>\n<p>Id\u00e9al pour les inspections par lots et al\u00e9atoires<\/p>\n<p>R\u00e9sultats de mesure ind\u00e9pendants de l'op\u00e9rateur<\/p>\n<p>Design compact<\/p>\n<p>Condition :<br \/>\nUtilis\u00e9, test\u00e9 et enti\u00e8rement fonctionnel.<\/p>\n<p>Domaine d'application :<br \/>\nConvient pour le traitement du m\u00e9tal et du plastique, les pi\u00e8ces estamp\u00e9es, les pi\u00e8ces tourn\u00e9es, les composants usin\u00e9s, l'assurance qualit\u00e9 et le contr\u00f4le de la production.<\/p>\n<p>La machine peut \u00eatre inspect\u00e9e sous tension sur rendez-vous.<\/p>\n<p>Sous r\u00e9serve de vente pr\u00e9alable. Erreurs et omissions dans les donn\u00e9es techniques et les sp\u00e9cifications exclues.<\/p>","protected":false},"excerpt":{"rendered":"<p>Standort: Deutschland, Baden-W\u00fcrttemberg S\u00fcdwest Zustand: Gebraucht Hersteller: KEYENCE Modell: IM 6025 Baujahr: 2016 Keyence IM-6025 Messmaschine \u2013 Schnelle und pr\u00e4zise optische Messung Verkauft wird eine Keyence IM-6025 Messmaschine, ideal f\u00fcr die schnelle Serienpr\u00fcfung, Wareneingangskontrolle sowie pr\u00e4zise Ma\u00dfkontrollen in der Fertigung. Baujahr: 09\/2016 Hauptmerkmale: Hersteller: Keyence Modell: IM-6025 Baujahr: 09\/2016 Messbereich: 300 \u00d7 200 mm (modellabh\u00e4ngig) [&hellip;]<\/p>\n","protected":false},"featured_media":4857,"comment_status":"open","ping_status":"closed","template":"","meta":{"_uf_show_specific_survey":0,"_uf_disable_surveys":false},"product_brand":[],"product_cat":[98],"product_tag":[],"class_list":{"0":"post-4856","1":"product","2":"type-product","3":"status-publish","4":"has-post-thumbnail","6":"product_cat-messtechnik","8":"first","9":"instock","10":"taxable","11":"shipping-taxable","12":"product-type-simple"},"aioseo_notices":[],"_links":{"self":[{"href":"https:\/\/mueller-wrh.de\/fr\/wp-json\/wp\/v2\/product\/4856","targetHints":{"allow":["GET"]}}],"collection":[{"href":"https:\/\/mueller-wrh.de\/fr\/wp-json\/wp\/v2\/product"}],"about":[{"href":"https:\/\/mueller-wrh.de\/fr\/wp-json\/wp\/v2\/types\/product"}],"replies":[{"embeddable":true,"href":"https:\/\/mueller-wrh.de\/fr\/wp-json\/wp\/v2\/comments?post=4856"}],"wp:featuredmedia":[{"embeddable":true,"href":"https:\/\/mueller-wrh.de\/fr\/wp-json\/wp\/v2\/media\/4857"}],"wp:attachment":[{"href":"https:\/\/mueller-wrh.de\/fr\/wp-json\/wp\/v2\/media?parent=4856"}],"wp:term":[{"taxonomy":"product_brand","embeddable":true,"href":"https:\/\/mueller-wrh.de\/fr\/wp-json\/wp\/v2\/product_brand?post=4856"},{"taxonomy":"product_cat","embeddable":true,"href":"https:\/\/mueller-wrh.de\/fr\/wp-json\/wp\/v2\/product_cat?post=4856"},{"taxonomy":"product_tag","embeddable":true,"href":"https:\/\/mueller-wrh.de\/fr\/wp-json\/wp\/v2\/product_tag?post=4856"}],"curies":[{"name":"wp","href":"https:\/\/api.w.org\/{rel}","templated":true}]}}