{"id":4848,"date":"2026-02-18T12:37:51","date_gmt":"2026-02-18T12:37:51","guid":{"rendered":"https:\/\/mueller-wrh.de\/produkt\/mitutoyo-pj-a3000_profilprojektor_bj-2015_intnr231490\/"},"modified":"2026-02-18T12:37:51","modified_gmt":"2026-02-18T12:37:51","slug":"mitutoyo-pj-a3000_profilprojektor_bj-2015_intnr231490","status":"publish","type":"product","link":"https:\/\/mueller-wrh.de\/fr\/produit\/mitutoyo-pj-a3000_profilprojektor_bj-2015_intnr231490\/","title":{"rendered":"Mitutoyo PJ A3000_projecteur de profil_Bj.2015_IntNr231490"},"content":{"rendered":"<p><b>Emplacement :<\/b> Allemagne, Baden-W\u00fcrttemberg S\u00fcdwest<\/p>\n<p><b>\u00e9tat :<\/b> Occasion<\/p>\n<p><b>fabricant :<\/b> Mitutoyo<\/p>\n<p><b>mod\u00e8le :<\/b> PJ-A3000<\/p>\n<p><b>Ann\u00e9e de construction :<\/b> 2015<\/p>\n<p><b>heures de fonctionnement :<\/b> pas de<\/p>\n<p>Mitutoyo PJ-A3000 Projecteur de profil - Mesure optique pr\u00e9cise<\/p>\n<p>On vend un projecteur de profil Mitutoyo PJ-A3000, id\u00e9al pour l'assurance qualit\u00e9, le contr\u00f4le de fabrication et les mesures pr\u00e9cises de pi\u00e8ces.<br \/>\nAnn\u00e9e de construction : 2015<\/p>\n<p>Principales caract\u00e9ristiques :<\/p>\n<p>Fabricant : Mitutoyo Corporation<\/p>\n<p>Mod\u00e8le : PJ-A3000<\/p>\n<p>\u00c9cran de projection : \u00d8 315 mm<\/p>\n<p>Grossissement : 10\u00d7 standard, (en option 20\u00d7, 50\u00d7, 100\u00d7)<\/p>\n<p>pr\u00e9cision de mesure : \u00b10,001 mm (r\u00e9solution XY)<\/p>\n<p>Mouvement de la table : Diff\u00e9rentes plages de mesure selon le mod\u00e8le ( jusqu'\u00e0 200\u00d7100 mm)<\/p>\n<p>\u00c9clairage : lampe halog\u00e8ne 24 V \/ 150 W<\/p>\n<p>Fonctions : Affichage num\u00e9rique XY, mesure d'angle, interface RS-232C<\/p>\n<p>Hauteur max. Hauteur de la pi\u00e8ce : env. 92,5-123,5 mm<\/p>\n<p>Caract\u00e9ristiques particuli\u00e8res : Syst\u00e8me optique t\u00e9l\u00e9centrique pour une repr\u00e9sentation sans distorsion, table tournante, mise au point manuelle<\/p>\n<p>\u00c9tat : utilis\u00e9, test\u00e9 et fonctionnel.<\/p>\n<p>Domaine d'utilisation : id\u00e9al pour le travail des m\u00e9taux et des mati\u00e8res plastiques, la formation, le laboratoire et les mesures de pr\u00e9cision.<\/p>\n<p>La machine peut \u00eatre visit\u00e9e sur rendez-vous.<br \/>\nSous r\u00e9serve de modifications et d'erreurs dans les donn\u00e9es techniques et les indications ainsi que de vente interm\u00e9diaire !<\/p>\n<p>Mitutoyo PJ-A3000 Profile Projector - Mesure optique de pr\u00e9cision<\/p>\n<p>En vente : un projecteur de profil Mitutoyo PJ-A3000, id\u00e9al pour l'assurance qualit\u00e9, le contr\u00f4le de la production et les mesures pr\u00e9cises de pi\u00e8ces.<br \/>\nAnn\u00e9e de fabrication : 2015<\/p>\n<p>Caract\u00e9ristiques principales :<\/p>\n<p>Fabricant : Mitutoyo Corporation<\/p>\n<p>Mod\u00e8le : PJ-A3000<\/p>\n<p>\u00c9cran de projection : \u00d8 315 mm<\/p>\n<p>Magnification : 10\u00d7 standard (en option 20\u00d7, 50\u00d7, 100\u00d7)<\/p>\n<p>Pr\u00e9cision de mesure : \u00b10,001 mm (r\u00e9solution XY)<\/p>\n<p>Table Travel : diff\u00e9rentes plages de mesure selon le mod\u00e8le (jusqu'\u00e0 200\u00d7100 mm)<\/p>\n<p>\u00c9clairage : lampe halog\u00e8ne 24 V \/ 150 W<\/p>\n<p>Fonctions : lecture num\u00e9rique XY, mesure de l'angle, interface RS-232C<\/p>\n<p>Max. Hauteur de la pi\u00e8ce : env. 92.5-123.5 mm<\/p>\n<p>Caract\u00e9ristiques sp\u00e9ciales : syst\u00e8me optique t\u00e9l\u00e9centrique pour une projection sans distorsion, table rotative, mise au point manuelle<\/p>\n<p>Condition : Utilis\u00e9, test\u00e9, et enti\u00e8rement fonctionnel.<\/p>\n<p>Applications : Id\u00e9al pour le travail du m\u00e9tal et du plastique, la formation, les laboratoires et les mesures de pr\u00e9cision.<\/p>\n<p>La machine peut \u00eatre inspect\u00e9e sous tension sur rendez-vous.<br \/>\nLes sp\u00e9cifications techniques sont susceptibles d'\u00eatre modifi\u00e9es, sous r\u00e9serve d'erreurs et de vente ant\u00e9rieure.<\/p>","protected":false},"excerpt":{"rendered":"<p>Standort: Deutschland, Baden-W\u00fcrttemberg S\u00fcdwest Zustand: Gebraucht Hersteller: Mitutoyo Modell: PJ-A3000 Baujahr: 2015 Betriebsstunden: keine Mitutoyo PJ-A3000 Profilprojektor \u2013 Pr\u00e4zise optische Messung Verkauft wird ein Mitutoyo PJ-A3000 Profilprojektor, ideal f\u00fcr die Qualit\u00e4tssicherung, Fertigungskontrolle und pr\u00e4zise Werkst\u00fcckmessungen. Bj.2015 Hauptmerkmale: Hersteller: Mitutoyo Corporation Modell: PJ-A3000 Projektionsbildschirm: \u00d8 315\u202fmm Vergr\u00f6\u00dferung: 10\u00d7 Standard, (optional 20\u00d7, 50\u00d7, 100\u00d7) Messgenauigkeit: \u00b10,001\u202fmm (XY-Aufl\u00f6sung) [&hellip;]<\/p>\n","protected":false},"featured_media":4843,"comment_status":"open","ping_status":"closed","template":"","meta":{"_uf_show_specific_survey":0,"_uf_disable_surveys":false},"product_brand":[],"product_cat":[98],"product_tag":[],"class_list":{"0":"post-4848","1":"product","2":"type-product","3":"status-publish","4":"has-post-thumbnail","6":"product_cat-messtechnik","8":"first","9":"instock","10":"taxable","11":"shipping-taxable","12":"product-type-simple"},"aioseo_notices":[],"_links":{"self":[{"href":"https:\/\/mueller-wrh.de\/fr\/wp-json\/wp\/v2\/product\/4848","targetHints":{"allow":["GET"]}}],"collection":[{"href":"https:\/\/mueller-wrh.de\/fr\/wp-json\/wp\/v2\/product"}],"about":[{"href":"https:\/\/mueller-wrh.de\/fr\/wp-json\/wp\/v2\/types\/product"}],"replies":[{"embeddable":true,"href":"https:\/\/mueller-wrh.de\/fr\/wp-json\/wp\/v2\/comments?post=4848"}],"wp:featuredmedia":[{"embeddable":true,"href":"https:\/\/mueller-wrh.de\/fr\/wp-json\/wp\/v2\/media\/4843"}],"wp:attachment":[{"href":"https:\/\/mueller-wrh.de\/fr\/wp-json\/wp\/v2\/media?parent=4848"}],"wp:term":[{"taxonomy":"product_brand","embeddable":true,"href":"https:\/\/mueller-wrh.de\/fr\/wp-json\/wp\/v2\/product_brand?post=4848"},{"taxonomy":"product_cat","embeddable":true,"href":"https:\/\/mueller-wrh.de\/fr\/wp-json\/wp\/v2\/product_cat?post=4848"},{"taxonomy":"product_tag","embeddable":true,"href":"https:\/\/mueller-wrh.de\/fr\/wp-json\/wp\/v2\/product_tag?post=4848"}],"curies":[{"name":"wp","href":"https:\/\/api.w.org\/{rel}","templated":true}]}}