{"id":4822,"date":"2026-02-11T14:24:12","date_gmt":"2026-02-11T14:24:12","guid":{"rendered":"https:\/\/mueller-wrh.de\/produkt\/deckel-maho-dmf-250-bj-2004-intnr231486\/"},"modified":"2026-02-11T14:43:02","modified_gmt":"2026-02-11T14:43:02","slug":"deckel-maho-dmf-250-bj-2004-intnr231486","status":"publish","type":"product","link":"https:\/\/mueller-wrh.de\/fr\/produit\/deckel-maho-dmf-250-bj-2004-intnr231486\/","title":{"rendered":"Couvercle Maho DMF 250 linear ann\u00e9e 2004, IntNr231486"},"content":{"rendered":"<p><b>Emplacement :<\/b> Allemagne, Baden-W\u00fcrttemberg S\u00fcdwest<\/p>\n<p><b>\u00e9tat :<\/b> Occasion<\/p>\n<p><b>fabricant :<\/b> DMG<\/p>\n<p><b>mod\u00e8le :<\/b> DMF 250<\/p>\n<p><b>Ann\u00e9e de construction :<\/b> 2004<\/p>\n<p><b>heures de fonctionnement :<\/b> 0<\/p>\n<p>Centre d'usinage CNC 5 axes reconditionn\u00e9 d'occasion Deckel MAHO DMF 250 linear<br \/>\nAnn\u00e9e de construction 2004<\/p>\n<p>Commande : Heidenhain iTNC 530<br \/>\nDonn\u00e9es techniques :<br \/>\nCourse de d\u00e9placement X : 2.500 mm<br \/>\nCourse de d\u00e9placement Y : 920 mm<br \/>\nCourse Z : 820 mm<br \/>\nAxe B : x\/- 105<\/p>\n<p>Table de travail : 3100 x 900 mm<\/p>\n<p>Broche Exception : HSK 63<br \/>\nVitesse de rotation de la broche : 20 - 18.000 tours\/minute.<br \/>\nChangeur d'outils : 30 pi\u00e8ces.<\/p>\n<p>\u00c9quip\u00e9 de :<br \/>\n- Convoyeur \u00e0 copeaux<br \/>\n- Refroidissement par broche 40 bars<br \/>\n- Manuel d'utilisation<\/p>\n<p>Pays d'origine : Allemagne<br \/>\nPuissance du moteur : 35 KW<br \/>\nMachine L x l x H : 6000 x 3800 x 2950 mm<br \/>\nPoids de la machine : 25.000 kg<\/p>\n<p>La machine peut \u00eatre visit\u00e9e sur rendez-vous.<br \/>\nSous r\u00e9serve de modifications et d'erreurs dans les donn\u00e9es techniques et les indications ainsi que de vente interm\u00e9diaire !<\/p>\n<p>Centre d'usinage CNC 5 axes remis \u00e0 neuf Deckel MAHO DMF 250 lin\u00e9aire en bon \u00e9tat.<br \/>\nAnn\u00e9e de fabrication : 2004.<\/p>\n<p>Contr\u00f4le : Heidenhain iTNC 530.<br \/>\nDonn\u00e9es techniques :<br \/>\nDistance de voyage X : 2,500 mm.<br \/>\nDistance de voyage Y : 920 mm.<br \/>\nDistance de voyage Z : 820 mm.<br \/>\naxe B : x\/- 105<\/p>\n<p>Table de travail : 3100 x 900 mm<\/p>\n<p>Exception de broche : HSK 63<br \/>\nVitesse de la broche : 20 - 18,000 rpm<br \/>\nTool changer : 30 pcs.<\/p>\n<p>\u00c9quip\u00e9 avec :<br \/>\n- Convoyeur \u00e0 puce<br \/>\n- Refroidissement par broche 40 bar<br \/>\n- Instructions de fonctionnement<\/p>\n<p>Pays d'origine : Allemagne<br \/>\nPuissance du moteur : 35 KW<br \/>\nMachine LxlxH : 6000 x 3800 x 2950 mm<br \/>\nPoids de la machine : 25,000 kg<\/p>\n<p>La machine peut \u00eatre visit\u00e9e sur rendez-vous.<br \/>\nSous r\u00e9serve de modifications et d'erreurs dans les donn\u00e9es techniques et les sp\u00e9cifications, ainsi que de vente pr\u00e9alable !<\/p>","protected":false},"excerpt":{"rendered":"<p>Standort: Deutschland, Baden-W\u00fcrttemberg S\u00fcdwest Zustand: Gebraucht Hersteller: DMG Modell: DMF 250 Baujahr: 2004 Betriebsstunden: 0 Gebrauchtes \u00fcberholtes 5-Achs CNC Bearbeitungszentrum Deckel MAHO DMF 250 linear Baujahr 2004 Steuerung: Heidenhain iTNC 530 Technische Daten: Verfahrweg X: 2.500 mm Verfahrweg Y: 920 mm Verfahrweg Z: 820 mm B-Achse: x\/- 105\u00b0 Arbeitstisch: 3100 x 900 mm Spindel Ausnahme: [&hellip;]<\/p>\n","protected":false},"featured_media":4830,"comment_status":"open","ping_status":"closed","template":"","meta":{"_uf_show_specific_survey":0,"_uf_disable_surveys":false},"product_brand":[],"product_cat":[21],"product_tag":[],"class_list":{"0":"post-4822","1":"product","2":"type-product","3":"status-publish","4":"has-post-thumbnail","6":"product_cat-cnc-bearbeitungszentrum","8":"first","9":"instock","10":"taxable","11":"shipping-taxable","12":"product-type-simple"},"aioseo_notices":[],"_links":{"self":[{"href":"https:\/\/mueller-wrh.de\/fr\/wp-json\/wp\/v2\/product\/4822","targetHints":{"allow":["GET"]}}],"collection":[{"href":"https:\/\/mueller-wrh.de\/fr\/wp-json\/wp\/v2\/product"}],"about":[{"href":"https:\/\/mueller-wrh.de\/fr\/wp-json\/wp\/v2\/types\/product"}],"replies":[{"embeddable":true,"href":"https:\/\/mueller-wrh.de\/fr\/wp-json\/wp\/v2\/comments?post=4822"}],"wp:featuredmedia":[{"embeddable":true,"href":"https:\/\/mueller-wrh.de\/fr\/wp-json\/wp\/v2\/media\/4830"}],"wp:attachment":[{"href":"https:\/\/mueller-wrh.de\/fr\/wp-json\/wp\/v2\/media?parent=4822"}],"wp:term":[{"taxonomy":"product_brand","embeddable":true,"href":"https:\/\/mueller-wrh.de\/fr\/wp-json\/wp\/v2\/product_brand?post=4822"},{"taxonomy":"product_cat","embeddable":true,"href":"https:\/\/mueller-wrh.de\/fr\/wp-json\/wp\/v2\/product_cat?post=4822"},{"taxonomy":"product_tag","embeddable":true,"href":"https:\/\/mueller-wrh.de\/fr\/wp-json\/wp\/v2\/product_tag?post=4822"}],"curies":[{"name":"wp","href":"https:\/\/api.w.org\/{rel}","templated":true}]}}