{"id":4791,"date":"2026-02-04T15:42:35","date_gmt":"2026-02-04T15:42:35","guid":{"rendered":"https:\/\/mueller-wrh.de\/produkt\/chiron-mill-6000-high-speed-mit-nc-schwenkkopf-bj-2004-ueberholt-2013_-intnr231477\/"},"modified":"2026-02-04T15:42:35","modified_gmt":"2026-02-04T15:42:35","slug":"chiron-mill-6000-high-speed-mit-nc-schwenkkopf-bj-2004-ueberholt-2013_-intnr231477","status":"publish","type":"product","link":"https:\/\/mueller-wrh.de\/fr\/produit\/chiron-mill-6000-high-speed-mit-nc-schwenkkopf-bj-2004-ueberholt-2013_-intnr231477\/","title":{"rendered":"CHIRON MILL 6000 high speed avec t\u00eate pivotante NC, ann\u00e9e 2004 \/ R\u00e9vis\u00e9 en 2013_ IntNr231477"},"content":{"rendered":"<p><b>Emplacement :<\/b> Allemagne, Baden-W\u00fcrttemberg S\u00fcdwest<\/p>\n<p><b>\u00e9tat :<\/b> Occasion<\/p>\n<p><b>fabricant :<\/b> Chiron<\/p>\n<p><b>mod\u00e8le :<\/b> Chiron MILL 6000 high speed avec t\u00eate pivotante CN<\/p>\n<p><b>Ann\u00e9e de construction :<\/b> 2004<\/p>\n<p><b>heures de fonctionnement :<\/b> 77374<\/p>\n<p>Centre de fabrication vertical CNC<br \/>\nChiron MILL 6000 high speed avec t\u00eate pivotante CN<br \/>\nAnn\u00e9e de construction 2004, grande r\u00e9vision en 2013<br \/>\nLa machine a \u00e9t\u00e9 enti\u00e8rement r\u00e9vis\u00e9e par le fabricant Chiron en 2013.<br \/>\nHeures de fonctionnement env. 80.374 h<br \/>\nRemplacement de la broche mars 2021 Heures de broche env. 8.000 h<br \/>\nMaintenance effectu\u00e9e en janvier 2024<br \/>\nDonn\u00e9es techniques :<br \/>\nSiemens 840D (PCU50, NCU572.4) <\/p>\n<p>T\u00eate pivotante NC  <\/p>\n<p>Paquet haute vitesse :<br \/>\nBroche moteur D 12.000 tr\/min, 140 Nm<br \/>\nCourse X 6.000mm \/ Y 630mm \/ Z 550mm<br \/>\nAvance rapide en X \/ Y \/ Z 60 m\/min.<br \/>\nTemps de copeaux \u00e0 copeaux 3,0 sec. (3,3 sec. DIN) verticalement et 4,7 sec. (5,0 sec. DIN) horizontalement<br \/>\nPaquet de production :<br \/>\nConvoyeur \u00e0 raclettes, hauteur d'\u00e9jection 1.050 mm<br \/>\nPr\u00e9paration de la CIC<br \/>\nFiltre rotatif \u00e0 vide KNOLL VRF250 (acier, fonte, aluminium, plastique, laiton)<br \/>\nHaute pression 70 bar avec pompe HP et variovalve<br \/>\nPortes de chargement automatiques<br \/>\nParoi de s\u00e9paration centrale pour l'usinage pendulaire<br \/>\n92 emplacements d'outils HSK-A63 (magasin d'arri\u00e8re-plan)<br \/>\nKit de fraisage 5 axes<br \/>\nAir de soufflage<br \/>\nSurveillance de la dur\u00e9e de vie des outils<br \/>\nV24 RS232 suppl\u00e9mentaire dans l'armoire \u00e9lectrique<br \/>\nInterface BDE\/MDE (\u00e9tats : machine en marche, machine en cours, compteur de pi\u00e8ces)<br \/>\nMarposs (Brankamp) Contr\u00f4le anti-collision CMS100<br \/>\nMod\u00e8le de machine 3D pour la simulation cin\u00e9matique dans le syst\u00e8me de programmation FAO<br \/>\nGroupe hydraulique 210 bar, 2 circuits de serrage, pression de serrage du syst\u00e8me s\u00e9par\u00e9e par section pendulaire,<br \/>\nContr\u00f4le de la pression de serrage  <\/p>\n<p>Syst\u00e8me de serrage lin\u00e9aire KOHN<br \/>\n8 \u00e9taux hydrauliques KOHN Multi 2000 MFS 125\/680 HD <\/p>\n<p>marchepied en deux parties pour l'op\u00e9rateur sur toute la largeur de service 6.000 mm <\/p>\n<p>Hauteur de la machine : env. 3.000<br \/>\nPoids total : environ 20 000 kg <\/p>\n<p>La machine peut \u00eatre visit\u00e9e sur rendez-vous.<br \/>\nSous r\u00e9serve de modifications et d'erreurs dans les donn\u00e9es techniques et les indications ainsi que de vente interm\u00e9diaire !<\/p>\n<p>Centre d'usinage vertical CNC<br \/>\nCHIRON MILL 6000 grande vitesse avec t\u00eate pivotante NC<br \/>\nAnn\u00e9e de fabrication : 2004 - r\u00e9vision majeure par le fabricant CHIRON en 2013<br \/>\nLa machine a fait l'objet d'une r\u00e9vision compl\u00e8te en usine par CHIRON en 2013.<br \/>\nHeures d'exploitation : env. 80,374 h<br \/>\nRemplacement de la broche : mars 2021 - heures de la broche : env. 8,000 h<br \/>\nDerni\u00e8re maintenance effectu\u00e9e : Janvier 2024<br \/>\nSp\u00e9cifications techniques :<\/p>\n<p>Contr\u00f4le : Siemens 840D (PCU50, NCU572.4)<br \/>\nT\u00eate pivotante NC<br \/>\nPackage haute vitesse : Moteur broche jusqu'\u00e0 12,000 rpm, 140 Nm<br \/>\nTravels : X 6,000 mm \/ Y 630 mm \/ Z 550 mm<br \/>\nTraverse rapide en X \/ Y \/ Z : 60 m\/min<br \/>\nTemps de transfert de puce \u00e0 puce : 3.0 sec (3.3 sec DIN) vertical \/ 4.7 sec (5.0 sec DIN) horizontal<br \/>\nPaquet de production :<br \/>\nConvoyeur \u00e0 bande de raclage, hauteur de d\u00e9chargement 1,050 mm<br \/>\nPr\u00e9paration de l'alimentation en r\u00e9frig\u00e9rant interne (ACI)<br \/>\nFiltre rotatif \u00e0 vide KNOLL VRF250 (pour l'acier, l'acier inoxydable, l'aluminium, le plastique, le laiton)<br \/>\nHaute pression 70 bar avec pompe HP et vanne variable<br \/>\nPortes de chargement automatique<br \/>\nPartition centrale pour l'usinage du pendule<br \/>\n92 positions d'outil HSK-A63 (magazine d'arri\u00e8re-plan)<br \/>\nPaquet de fraisage \u00e0 5 axes<br \/>\nAir blast<br \/>\nSurveillance de la vie des outils<br \/>\nInterface RS232 V24 suppl\u00e9mentaire dans le bo\u00eetier \u00e9lectrique<br \/>\nInterface BDE\/MDE (machine on, machine running, compteur de pi\u00e8ces)<br \/>\nMarposs (Brankamp) surveillance de collision CMS100<br \/>\nMod\u00e8le de machine 3D pour la simulation cin\u00e9matique dans le syst\u00e8me de programmation FAO<br \/>\nUnit\u00e9 hydraulique 210 bar, 2 circuits de serrage, pression de serrage du syst\u00e8me s\u00e9par\u00e9e par champ pendulaire, surveillance de la pression de serrage<br \/>\nSyst\u00e8me de serrage lin\u00e9aire KOHN<br \/>\n8 vis de serrage hydraulique KOHN Multi 2000 MFS 125\/680 HD<\/p>\n<p>Plateforme op\u00e9rateur en deux parties (tread grid) sur toute la largeur op\u00e9rationnelle de 6,000 mm<\/p>\n<p>Dimensions et poids :<\/p>\n<p>Hauteur de la machine : env. 3,000 mm<br \/>\nPoids total : environ 20,000 kg<\/p>\n<p>En raison du long X-travel de 6,000 mm (design long-bed), l'espace au sol n\u00e9cessaire est substantiel :<\/p>\n<p>Longueur approximative (le long de l'axe X) : 9-10 m (empreinte de la machine souvent ~8-9 m, plus acc\u00e8s op\u00e9rateur\/maintenance ~9-10 m au total)<br \/>\nLargeur approximative (le long de l'axe Y) : 3-3.5 m (corps de la machine ~2.8-3 m, plus d\u00e9gagement de s\u00e9curit\u00e9\/op\u00e9rationnel)<\/p>\n<p>La machine peut \u00eatre inspect\u00e9e sous tension sur rendez-vous.<br \/>\nLes sp\u00e9cifications techniques et les informations sont sujettes \u00e0 des modifications et \u00e0 des erreurs, et la vente pr\u00e9alable est r\u00e9serv\u00e9e.<\/p>","protected":false},"excerpt":{"rendered":"<p>Standort: Deutschland, Baden-W\u00fcrttemberg S\u00fcdwest Zustand: Gebraucht Hersteller: Chiron Modell: Chiron MILL 6000 high speed mit NC-Schwenkkopf Baujahr: 2004 Betriebsstunden: 77374 Vertikales CNC-Fertigungszentrum Chiron MILL 6000 high speed mit NC-Schwenkkopf Baujahr 2004, gro\u00dfe Grund\u00fcberholung 2013 Die Maschine wurde 2013 vom Hersteller Chiron grund\u00fcberholt. Betriebsstunden ca. 80.374 h Spindeltausch M\u00e4rz 2021 Spindelstunden ca. 8.000 h Wartung wurde [&hellip;]<\/p>\n","protected":false},"featured_media":4786,"comment_status":"open","ping_status":"closed","template":"","meta":{"_uf_show_specific_survey":0,"_uf_disable_surveys":false},"product_brand":[],"product_cat":[21],"product_tag":[],"class_list":{"0":"post-4791","1":"product","2":"type-product","3":"status-publish","4":"has-post-thumbnail","6":"product_cat-cnc-bearbeitungszentrum","8":"first","9":"instock","10":"taxable","11":"shipping-taxable","12":"product-type-simple"},"aioseo_notices":[],"_links":{"self":[{"href":"https:\/\/mueller-wrh.de\/fr\/wp-json\/wp\/v2\/product\/4791","targetHints":{"allow":["GET"]}}],"collection":[{"href":"https:\/\/mueller-wrh.de\/fr\/wp-json\/wp\/v2\/product"}],"about":[{"href":"https:\/\/mueller-wrh.de\/fr\/wp-json\/wp\/v2\/types\/product"}],"replies":[{"embeddable":true,"href":"https:\/\/mueller-wrh.de\/fr\/wp-json\/wp\/v2\/comments?post=4791"}],"wp:featuredmedia":[{"embeddable":true,"href":"https:\/\/mueller-wrh.de\/fr\/wp-json\/wp\/v2\/media\/4786"}],"wp:attachment":[{"href":"https:\/\/mueller-wrh.de\/fr\/wp-json\/wp\/v2\/media?parent=4791"}],"wp:term":[{"taxonomy":"product_brand","embeddable":true,"href":"https:\/\/mueller-wrh.de\/fr\/wp-json\/wp\/v2\/product_brand?post=4791"},{"taxonomy":"product_cat","embeddable":true,"href":"https:\/\/mueller-wrh.de\/fr\/wp-json\/wp\/v2\/product_cat?post=4791"},{"taxonomy":"product_tag","embeddable":true,"href":"https:\/\/mueller-wrh.de\/fr\/wp-json\/wp\/v2\/product_tag?post=4791"}],"curies":[{"name":"wp","href":"https:\/\/api.w.org\/{rel}","templated":true}]}}