{"id":4741,"date":"2026-01-28T14:33:58","date_gmt":"2026-01-28T14:33:58","guid":{"rendered":"https:\/\/mueller-wrh.de\/produkt\/gebr-lademagazin-fmb-turbo-3-26-bj-2003-a-intnr231478\/"},"modified":"2026-02-11T12:36:51","modified_gmt":"2026-02-11T12:36:51","slug":"gebr-lademagazin-fmb-turbo-3-26-bj-2003-a-intnr231478","status":"publish","type":"product","link":"https:\/\/mueller-wrh.de\/fr\/produit\/gebr-lademagazin-fmb-turbo-3-26-bj-2003-a-intnr231478\/","title":{"rendered":"magasin de chargement d'occasion FMB Turbo 3 26 ann\u00e9e 2003 (A) (IntNr231478)"},"content":{"rendered":"<p><b>Emplacement :<\/b> Allemagne, Baden-W\u00fcrttemberg S\u00fcdwest<\/p>\n<p><b>\u00e9tat :<\/b> Occasion<\/p>\n<p><b>fabricant :<\/b> FMB<\/p>\n<p><b>mod\u00e8le :<\/b> Turbo 3-26<\/p>\n<p><b>Ann\u00e9e de construction :<\/b> 2003<\/p>\n<p>FMB Ravitailleur de barres TURBO 3-26 3200 A, ann\u00e9e 2003<\/p>\n<p>Pays de production : Allemagne<br \/>\nD\u00e9claration de conformit\u00e9 CE<br \/>\nDonn\u00e9es techniques<br \/>\nDiam\u00e8tre de la tige : 3-26 mm<br \/>\nlongueur de la barre : 3200 mm<br \/>\nmont\u00e9 en dernier sur un tour long CNC<\/p>\n<p>POIDS ET DIMENSIONS<br \/>\nDimensions du magasin de chargement : env. 4300 x 701 x 1400 mm<br \/>\nPoids du magasin de chargement : env. 980 kg<\/p>\n<p>La machine peut \u00eatre visit\u00e9e sur rendez-vous.<br \/>\nSous r\u00e9serve de modifications et d'erreurs dans les donn\u00e9es techniques et les indications ainsi que de vente interm\u00e9diaire !<\/p>\n<p>FMB TURBO 3-26 3200 A bar loader, construit en 2003<\/p>\n<p>Pays de fabrication : Allemagne<br \/>\nCE D\u00e9claration de conformit\u00e9<br \/>\nDonn\u00e9es techniques<br \/>\nDiam\u00e8tre de la barre : 3-26 mm<br \/>\nLongueur de la barre : 3200 mm<br \/>\nDerni\u00e8re install\u00e9e sur une t\u00eate coulissante CNC<\/p>\n<p>POIDS ET DIMENSIONS<br \/>\nDimensions du magasin de chargement : env. 4300 x 701 x 1400 mm<br \/>\nPoids du magasin de chargement : env. 980 kg<\/p>\n<p>La machine peut \u00eatre visit\u00e9e sur rendez-vous.<br \/>\nSous r\u00e9serve de modifications et d'erreurs dans les donn\u00e9es techniques et les sp\u00e9cifications, ainsi que de vente pr\u00e9alable !<\/p>","protected":false},"excerpt":{"rendered":"<p>Standort: Deutschland, Baden-W\u00fcrttemberg S\u00fcdwest Zustand: Gebraucht Hersteller: FMB Modell: Turbo 3-26 Baujahr: 2003 FMB Stangenlademagazin TURBO 3-26 3200 A, Bj. 2003 Herstellerland: Deutschland CE Konformit\u00e4tserkl\u00e4rung Technische Daten Stangendurchmesser : 3-26 mm Stangenl\u00e4nge : 3200 mm zuletzt angebaut an CNC-Langdrehmaschine GEWICHT UND ABMESSUNGEN Abmessungen Lademagazin: ca. 4300 x 701 x 1400 mm Gewicht Lademagazin: ca. 980 [&hellip;]<\/p>\n","protected":false},"featured_media":4798,"comment_status":"open","ping_status":"closed","template":"","meta":{"_uf_show_specific_survey":0,"_uf_disable_surveys":false},"product_brand":[],"product_cat":[88],"product_tag":[],"class_list":{"0":"post-4741","1":"product","2":"type-product","3":"status-publish","4":"has-post-thumbnail","6":"product_cat-stangenzufuehrungen","8":"first","9":"instock","10":"taxable","11":"shipping-taxable","12":"product-type-simple"},"aioseo_notices":[],"_links":{"self":[{"href":"https:\/\/mueller-wrh.de\/fr\/wp-json\/wp\/v2\/product\/4741","targetHints":{"allow":["GET"]}}],"collection":[{"href":"https:\/\/mueller-wrh.de\/fr\/wp-json\/wp\/v2\/product"}],"about":[{"href":"https:\/\/mueller-wrh.de\/fr\/wp-json\/wp\/v2\/types\/product"}],"replies":[{"embeddable":true,"href":"https:\/\/mueller-wrh.de\/fr\/wp-json\/wp\/v2\/comments?post=4741"}],"wp:featuredmedia":[{"embeddable":true,"href":"https:\/\/mueller-wrh.de\/fr\/wp-json\/wp\/v2\/media\/4798"}],"wp:attachment":[{"href":"https:\/\/mueller-wrh.de\/fr\/wp-json\/wp\/v2\/media?parent=4741"}],"wp:term":[{"taxonomy":"product_brand","embeddable":true,"href":"https:\/\/mueller-wrh.de\/fr\/wp-json\/wp\/v2\/product_brand?post=4741"},{"taxonomy":"product_cat","embeddable":true,"href":"https:\/\/mueller-wrh.de\/fr\/wp-json\/wp\/v2\/product_cat?post=4741"},{"taxonomy":"product_tag","embeddable":true,"href":"https:\/\/mueller-wrh.de\/fr\/wp-json\/wp\/v2\/product_tag?post=4741"}],"curies":[{"name":"wp","href":"https:\/\/api.w.org\/{rel}","templated":true}]}}