{"id":4614,"date":"2026-01-12T12:39:36","date_gmt":"2026-01-12T12:39:36","guid":{"rendered":"https:\/\/mueller-wrh.de\/produkt\/gebr-cnc-kurzdrehmaschine-used-cnc-lathe-star-sr32-jn-2015-intnr231186\/"},"modified":"2026-01-12T12:39:36","modified_gmt":"2026-01-12T12:39:36","slug":"gebr-cnc-kurzdrehmaschine-used-cnc-lathe-star-sr32-jn-2015-intnr231186","status":"publish","type":"product","link":"https:\/\/mueller-wrh.de\/fr\/produit\/gebr-cnc-kurzdrehmaschine-used-cnc-lathe-star-sr32-jn-2015-intnr231186\/","title":{"rendered":"machine d'occasion \u00e0 tour court CNC\/used cnc lathe STAR SR32-JN, 2015 (IntNr231186)"},"content":{"rendered":"<p><b>Emplacement :<\/b> Allemagne, Baden-W\u00fcrttemberg S\u00fcdwest<\/p>\n<p><b>\u00e9tat :<\/b> Comme neuf<\/p>\n<p><b>fabricant :<\/b> STAR Micronics<\/p>\n<p><b>mod\u00e8le :<\/b> SR32-JN<\/p>\n<p><b>Ann\u00e9e de construction :<\/b> 2015<\/p>\n<p><b>heures de fonctionnement :<\/b> 16000<\/p>\n<p>Tour CNC \u00e0 poup\u00e9e mobile STAR SR32JN New d'occasion, ann\u00e9e 2015<br \/>\nCommande, Fabr. Fanuc, s\u00e9rie 32i-B,<br \/>\n7 axes (X\/Z\/Y\/C1\/X1\/Z1\/C2,<br \/>\n\u00d8 max. de la barre : 32 mm,<br \/>\nLongueur de tournage max. 80 mm,<br \/>\nBroche principale, vitesse de rotation max. 7.000 tr\/min, axe C 0,001 degr\u00e9,<br \/>\n\u00d8 max. de la contre-broche 32 mm,<br \/>\nVitesse de rotation de la contre-broche max. 7.000 tr\/min, axe C,<br \/>\nPorte-outils pour un total de 23 outils (porte-outils lin\u00e9aires, appareil frontal, usinage de la face arri\u00e8re),<br \/>\nPompe de refroidissement \u00e0 d\u00e9bit accru<br \/>\nConvoyeur de pi\u00e8ces,<br \/>\nConvoyeur de copeaux Mayfran,<br \/>\n***Set de service paquet d'\u00e9mulsion***<br \/>\nMagasin de chargement FMB turbo 3-36\/3200 \/ A \/Sous-structure \u00e0 rotation courte<br \/>\nUtilisation du liquide de refroidissement de la machine : \u00e9mulsion<\/p>\n<p>La machine peut \u00eatre visit\u00e9e sous tension sur rendez-vous.<br \/>\nSous r\u00e9serve de modifications et d'erreurs dans les donn\u00e9es techniques et les indications ainsi que de vente interm\u00e9diaire !<\/p>\n<p>Used CNC Swiss type lathe STAR SR32-JN New, year 2015<br \/>\ncontr\u00f4le, faites Fanuc, s\u00e9rie 32i-B,<br \/>\n7 axes (X\/Z\/Y\/C1\/X1\/Z1\/C2,<br \/>\nbar-\u00d8 max. 32 mm,<br \/>\nlongueur de tournage max. 80 mm,<br \/>\nbroche principale, vitesse max. 7.000 rpm, axe C 0,001 degr\u00e9,<br \/>\nbroche arri\u00e8re \u00d8 max. 32 mm,<br \/>\nvitesse max. 7.000 rpm, axe C,<br \/>\nporte-outils pour un total de 23 outils (porte-outils lin\u00e9aire, fixation frontale, usinage arri\u00e8re),<br \/>\nparts conveyor belt,<br \/>\nConvoyeur \u00e0 puces Mayfran,<br \/>\n***Set de service paquet \u00e9mulsion***<br \/>\nbarloader magazine FMB turbo 3-36\/3200 \/ A \/accessories to support<br \/>\ntourner sans bush de guidage.<br \/>\nUtilisation de r\u00e9frig\u00e9rant dans la machine : \u00e9mulsion<\/p>\n<p>La machine peut \u00eatre inspect\u00e9e sous tension sur rendez-vous.<br \/>\nChanges and errors in the technical data and information and subject to prior sale !<\/p>","protected":false},"excerpt":{"rendered":"<p>Standort: Deutschland, Baden-W\u00fcrttemberg S\u00fcdwest Zustand: Neuwertig Hersteller: STAR Micronics Modell: SR32-JN Baujahr: 2015 Betriebsstunden: 16000 gebr. CNC-Langdrehmaschine STAR SR32JN New, Bj. 2015 Steuerung, Fabr. Fanuc, Serie 32i-B, 7 Achsen (X\/Z\/Y\/C1\/X1\/Z1\/C2, Stangen-\u00d8 max. 32 mm, Drehl\u00e4nge max. 80 mm, Hauptspindel, Drehzahl max. 7.000 U\/min, C-Achse 0,001 Grad, Gegenspindel-\u00d8 max. 32 mm, Gegenspindeldrehzahl max. 7.000 U\/min, C-Achse, [&hellip;]<\/p>\n","protected":false},"featured_media":4607,"comment_status":"open","ping_status":"closed","template":"","meta":{"_uf_show_specific_survey":0,"_uf_disable_surveys":false},"product_brand":[],"product_cat":[89],"product_tag":[],"class_list":{"0":"post-4614","1":"product","2":"type-product","3":"status-publish","4":"has-post-thumbnail","6":"product_cat-cnc-kurzdrehmaschinen","8":"first","9":"instock","10":"taxable","11":"shipping-taxable","12":"product-type-simple"},"aioseo_notices":[],"_links":{"self":[{"href":"https:\/\/mueller-wrh.de\/fr\/wp-json\/wp\/v2\/product\/4614","targetHints":{"allow":["GET"]}}],"collection":[{"href":"https:\/\/mueller-wrh.de\/fr\/wp-json\/wp\/v2\/product"}],"about":[{"href":"https:\/\/mueller-wrh.de\/fr\/wp-json\/wp\/v2\/types\/product"}],"replies":[{"embeddable":true,"href":"https:\/\/mueller-wrh.de\/fr\/wp-json\/wp\/v2\/comments?post=4614"}],"wp:featuredmedia":[{"embeddable":true,"href":"https:\/\/mueller-wrh.de\/fr\/wp-json\/wp\/v2\/media\/4607"}],"wp:attachment":[{"href":"https:\/\/mueller-wrh.de\/fr\/wp-json\/wp\/v2\/media?parent=4614"}],"wp:term":[{"taxonomy":"product_brand","embeddable":true,"href":"https:\/\/mueller-wrh.de\/fr\/wp-json\/wp\/v2\/product_brand?post=4614"},{"taxonomy":"product_cat","embeddable":true,"href":"https:\/\/mueller-wrh.de\/fr\/wp-json\/wp\/v2\/product_cat?post=4614"},{"taxonomy":"product_tag","embeddable":true,"href":"https:\/\/mueller-wrh.de\/fr\/wp-json\/wp\/v2\/product_tag?post=4614"}],"curies":[{"name":"wp","href":"https:\/\/api.w.org\/{rel}","templated":true}]}}