{"id":4606,"date":"2026-01-12T10:31:05","date_gmt":"2026-01-12T10:31:05","guid":{"rendered":"https:\/\/mueller-wrh.de\/produkt\/hardinge-gt27sp-gg-121_fanuc_fmb-unirobot-cnc-drehmaschine-bj-2021-_intnr231462\/"},"modified":"2026-01-12T10:31:05","modified_gmt":"2026-01-12T10:31:05","slug":"hardinge-gt27sp-gg-121_fanuc_fmb-unirobot-cnc-drehmaschine-bj-2021-_intnr231462","status":"publish","type":"product","link":"https:\/\/mueller-wrh.de\/fr\/produit\/hardinge-gt27sp-gg-121_fanuc_fmb-unirobot-cnc-drehmaschine-bj-2021-_intnr231462\/","title":{"rendered":"HARDINGE GT27SP GG-121_Fanuc_FMB Tour CNC Unirobot Bj.2021 _IntNr231462"},"content":{"rendered":"<p><b>Emplacement :<\/b> Allemagne, Baden-W\u00fcrttemberg S\u00fcdwest<\/p>\n<p><b>\u00e9tat :<\/b> Occasion<\/p>\n<p><b>fabricant :<\/b> Hardinge<\/p>\n<p><b>mod\u00e8le :<\/b> GT27SP GG-121<\/p>\n<p><b>Ann\u00e9e de construction :<\/b> 2021<\/p>\n<p><b>heures de fonctionnement :<\/b> 15000<\/p>\n<p>D\u00e9signation de machine : Tour court CNC<br \/>\nFabricant : Hardinge<br \/>\nMod\u00e8le : GT27SP GG-121<br \/>\nAnn\u00e9e de construction : 2021<br \/>\nCommande : Fanuc 32<br \/>\nFonctionnement : enti\u00e8rement fonctionnel<br \/>\nHeures de traitement : environ 15 000 heures<\/p>\n<p>Donn\u00e9es techniques<br \/>\nAl\u00e9sage de la broche : \u00d8 27 mm<br \/>\nLogement de la broche : A2-5<br \/>\nmandrin de serrage max. 80mm<br \/>\nVitesse max. Vitesse de rotation de la broche : 6.000 min-\u00b9<br \/>\nAxe X : 607 mm<br \/>\naxe Z : 286 mm<\/p>\n<p>Syst\u00e8me de refroidissement<\/p>\n<p>Syst\u00e8me de chargement et de d\u00e9chargement FMB<br \/>\nAccessoires \/ Outils \/ Manuels<\/p>\n<p>Poids et dimensions de la machine<br \/>\nDimensions de la machine : env. 1850 \u00d7 1750 \u00d7 1750 mm<br \/>\nPoids de la machine : env. 2100 kg<\/p>\n<p>Poids et dimensions Syst\u00e8me de chargement et de d\u00e9chargement<br \/>\nDimensions de la machine : env. 1900 \u00d7 950 \u00d7 2000 mm<br \/>\nPoids de la machine : env. 1000 kg<\/p>\n<p>Poids et dimensions Syst\u00e8me d'arrosage<br \/>\nDimensions de la machine : env. 1500 \u00d7 800 \u00d7 1100 mm<br \/>\nPoids de la machine : env. 250 kg<\/p>\n<p>La machine est enti\u00e8rement fonctionnelle et se trouve dans un bon \u00e9tat d'utilisation.<br \/>\nNous nous tenons \u00e0 votre disposition pour toute information compl\u00e9mentaire ou pour une visite sous tension.<br \/>\nSous r\u00e9serve de modifications et d'erreurs dans les donn\u00e9es techniques et les indications ainsi que de vente interm\u00e9diaire !<\/p>\n<p>Type de machine : CNC Short Lathe<br \/>\nFabricant : Hardinge<br \/>\nMod\u00e8le : GT27SP GG-121<br \/>\nAnn\u00e9e de fabrication : 2021<br \/>\nContr\u00f4le : Fanuc 32i<br \/>\nStatut op\u00e9rationnel : Enti\u00e8rement op\u00e9rationnel<br \/>\nHeures de fonctionnement : environ 15 000 heures<\/p>\n<p>Donn\u00e9es techniques<\/p>\n<p>Bore de la broche : \u00d8 27 mm<\/p>\n<p>Nez de broche : A2-5<\/p>\n<p>Chuck Capacity : max. 80 mm<\/p>\n<p>Vitesse maximale de la broche : 6,000 rpm<\/p>\n<p>Course de l'axe X : 607 mm<\/p>\n<p>Course de l'axe Z : 286 mm<\/p>\n<p>Syst\u00e8me de refroidissement<\/p>\n<p>Syst\u00e8me de chargement et de d\u00e9chargement<\/p>\n<p>Accessoires \/ Outils \/ Manuels<\/p>\n<p>Dimensions et poids de la machine<\/p>\n<p>Dimensions de la machine : env. 1850 \u00d7 1750 \u00d7 1750 mm<\/p>\n<p>Poids de la machine : env. 2100 kg<\/p>\n<p>Syst\u00e8me de chargement\/d\u00e9chargement Dimensions et poids<\/p>\n<p>Dimensions : env. 1900 \u00d7 950 \u00d7 2000 mm<\/p>\n<p>Poids : environ 1000 kg<\/p>\n<p>Syst\u00e8me de refroidissement Dimensions et poids<\/p>\n<p>Dimensions : approx. 1500 \u00d7 800 \u00d7 1100 mm<\/p>\n<p>Poids : environ 250 kg<\/p>\n<p>La machine est enti\u00e8rement op\u00e9rationnelle et en bon \u00e9tat d'usage.<br \/>\nPour plus d'informations ou pour organiser une d\u00e9monstration en direct sous tension, n'h\u00e9sitez pas \u00e0 nous contacter.<br \/>\nToutes les donn\u00e9es et informations techniques sont approximatives. Sous r\u00e9serve de vente pr\u00e9alable et d'erreurs.<\/p>","protected":false},"excerpt":{"rendered":"<p>Standort: Deutschland, Baden-W\u00fcrttemberg S\u00fcdwest Zustand: Gebraucht Hersteller: Hardinge Modell: GT27SP GG-121 Baujahr: 2021 Betriebsstunden: 15000 Maschinenbezeichnung: CNC-Kurzdrehmaschine Hersteller: Hardinge Modell: GT27SP GG-121 Baujahr: 2021 Steuerung: Fanuc 32 Funktionsf\u00e4higkeit: voll funktionsf\u00e4hig Bearbeitungsstunden: ca. 15.000 Stunden Technische Daten Spindelbohrung: \u00d8 27 mm Spindelaufnahme: A2-5 Spannfutter max. 80mm Max. Spindeldrehzahl: 6.000 min\u207b\u00b9 X-Achse: 607 mm Z-Achse: 286 mm [&hellip;]<\/p>\n","protected":false},"featured_media":4601,"comment_status":"open","ping_status":"closed","template":"","meta":{"_uf_show_specific_survey":0,"_uf_disable_surveys":false},"product_brand":[],"product_cat":[90],"product_tag":[],"class_list":{"0":"post-4606","1":"product","2":"type-product","3":"status-publish","4":"has-post-thumbnail","6":"product_cat-cnc-drehmaschinen-0-199mm-drehd","8":"first","9":"instock","10":"taxable","11":"shipping-taxable","12":"product-type-simple"},"aioseo_notices":[],"_links":{"self":[{"href":"https:\/\/mueller-wrh.de\/fr\/wp-json\/wp\/v2\/product\/4606","targetHints":{"allow":["GET"]}}],"collection":[{"href":"https:\/\/mueller-wrh.de\/fr\/wp-json\/wp\/v2\/product"}],"about":[{"href":"https:\/\/mueller-wrh.de\/fr\/wp-json\/wp\/v2\/types\/product"}],"replies":[{"embeddable":true,"href":"https:\/\/mueller-wrh.de\/fr\/wp-json\/wp\/v2\/comments?post=4606"}],"wp:featuredmedia":[{"embeddable":true,"href":"https:\/\/mueller-wrh.de\/fr\/wp-json\/wp\/v2\/media\/4601"}],"wp:attachment":[{"href":"https:\/\/mueller-wrh.de\/fr\/wp-json\/wp\/v2\/media?parent=4606"}],"wp:term":[{"taxonomy":"product_brand","embeddable":true,"href":"https:\/\/mueller-wrh.de\/fr\/wp-json\/wp\/v2\/product_brand?post=4606"},{"taxonomy":"product_cat","embeddable":true,"href":"https:\/\/mueller-wrh.de\/fr\/wp-json\/wp\/v2\/product_cat?post=4606"},{"taxonomy":"product_tag","embeddable":true,"href":"https:\/\/mueller-wrh.de\/fr\/wp-json\/wp\/v2\/product_tag?post=4606"}],"curies":[{"name":"wp","href":"https:\/\/api.w.org\/{rel}","templated":true}]}}