{"id":4596,"date":"2026-01-12T10:29:03","date_gmt":"2026-01-12T10:29:03","guid":{"rendered":"https:\/\/mueller-wrh.de\/produkt\/index-abc_fanuc_-cnc-drehmaschine-bj-2017-_intnr231463\/"},"modified":"2026-01-12T10:29:03","modified_gmt":"2026-01-12T10:29:03","slug":"index-abc_fanuc_-cnc-drehmaschine-bj-2017-_intnr231463","status":"publish","type":"product","link":"https:\/\/mueller-wrh.de\/fr\/produit\/index-abc_fanuc_-cnc-drehmaschine-bj-2017-_intnr231463\/","title":{"rendered":"Index ABC_Fanuc_ Tour CNC Bj.2017 _IntNr231463"},"content":{"rendered":"<p><b>Emplacement :<\/b> Allemagne, Baden-W\u00fcrttemberg S\u00fcdwest<\/p>\n<p><b>\u00e9tat :<\/b> Occasion<\/p>\n<p><b>fabricant :<\/b> Index<\/p>\n<p><b>mod\u00e8le :<\/b> ABC<\/p>\n<p><b>Ann\u00e9e de construction :<\/b> 2017<\/p>\n<p>D\u00e9signation de machine : Tour court CNC<br \/>\nFabricant : Index<br \/>\nMod\u00e8le : ABC<br \/>\nAnn\u00e9e de construction : 2017<br \/>\nCommande : Fanuc 32 i- B<br \/>\nFonctionnement : enti\u00e8rement fonctionnel<br \/>\nHeures de traitement : environ heures<\/p>\n<p>Donn\u00e9es techniques<br \/>\nAl\u00e9sage de la broche : \u00d8 42 mm<br \/>\nDonn\u00e9es de d\u00e9placement et d'avance<br \/>\nCourse de l'axe X : env. 90 mm<br \/>\nCourse de l'axe Z : env. 280 mm<br \/>\nAvance rapide X : env. 27 m\/min<br \/>\nAvance rapide Z : env. 36 m\/min<\/p>\n<p>Tourelle sup\u00e9rieure (porte-outil principal) :<br \/>\nNombre de stations : 8 (dont 1 position synchronisable)<br \/>\nPorte-outils : VDI 25<br \/>\nPrend en charge les outils entra\u00een\u00e9s.<\/p>\n<p>Tourelle inf\u00e9rieure :<br \/>\nNombre de stations : 6<br \/>\nsans entra\u00eenement<\/p>\n<p>Verso :<br \/>\n5 stations pour les traitements post\u00e9rieurs<\/p>\n<p>Usinage simultan\u00e9 avec jusqu'\u00e0 3 outils en m\u00eame temps<\/p>\n<p>Syst\u00e8me d'arrosage- Convoyeur \u00e0 copeaux <\/p>\n<p>Ravitailleur IRCO ILS MUK 7012-II ann\u00e9e 2015<br \/>\nAccessoires \/ Outils \/ Manuels<\/p>\n<p>Poids et dimensions de la machine<br \/>\nDimensions de la machine : env. 2830 \u00d7 1500 \u00d7 2200 mm<br \/>\nPoids de la machine : env. 3500 kg<\/p>\n<p>Poids et dimensions du syst\u00e8me d'arrosage- Convoyeur \u00e0 copeaux<br \/>\nDimensions de la machine : env. 1600 \u00d7 1250 \u00d7 1780 mm<br \/>\nPoids de la machine : env. 680 kg<\/p>\n<p>Poids et dimensions de l'embarreur IRCO ILS MUK<br \/>\nDimensions de la machine : env. 1800 \u00d7 1000 \u00d7 1280 mm<br \/>\nPoids de la machine : env. 650 kg<\/p>\n<p>La machine est enti\u00e8rement fonctionnelle et se trouve dans un bon \u00e9tat d'utilisation.<br \/>\nNous nous tenons \u00e0 votre disposition pour toute information compl\u00e9mentaire ou pour une visite sous tension.<br \/>\nSous r\u00e9serve de modifications et d'erreurs dans les donn\u00e9es techniques et les indications ainsi que de vente interm\u00e9diaire !<\/p>\n<p>Conception de la machine : CNC Short-Turning Lathe<br \/>\nFabricant : Index<br \/>\nMod\u00e8le : ABC<br \/>\nAnn\u00e9e de fabrication : 2017<br \/>\nSyst\u00e8me de contr\u00f4le : Fanuc 32i-B<br \/>\nStatut op\u00e9rationnel : Enti\u00e8rement op\u00e9rationnel<br \/>\nHeures d'utilisation : environ ___ heures<\/p>\n<p>Donn\u00e9es techniques<\/p>\n<p>Diam\u00e8tre de la broche : \u00d8 42 mm<\/p>\n<p>Donn\u00e9es de voyage et d'alimentation :<\/p>\n<p>Course de l'axe X : env. 90 mm<\/p>\n<p>Course de l'axe Z : env. 280 mm<\/p>\n<p>Rapid Feed X : approx. 27 m\/min<\/p>\n<p>Alimentation rapide Z : env. 36 m\/min<\/p>\n<p>Upper Turret (Main Tool Carrier) :<\/p>\n<p>Nombre de stations : 8 (1 synchronisable)<\/p>\n<p>Porte-outils (Tool Holder) : VDI 25<\/p>\n<p>Soutient les outils d'entra\u00eenement<\/p>\n<p>Lower Turret :<\/p>\n<p>Nombre de stations : 6<\/p>\n<p>Non-driven<\/p>\n<p>C\u00f4t\u00e9 arri\u00e8re :<\/p>\n<p>5 stations pour les op\u00e9rations \u00e0 l'arri\u00e8re<\/p>\n<p>Usinage simultan\u00e9 : jusqu'\u00e0 3 outils en m\u00eame temps<\/p>\n<p>Syst\u00e8me de refroidissement &amp; convoyeur de puces<\/p>\n<p>Bar Feeder : IRCO ILS MUK 7012-II, Ann\u00e9e 2015<\/p>\n<p>Accessoires \/ Outils \/ Manuels<\/p>\n<p>Dimensions et poids de la machine<\/p>\n<p>Machine : approx. 2830 \u00d7 1500 \u00d7 2200 mm, Poids : approx. 3500 kg<\/p>\n<p>Syst\u00e8me de refroidissement &amp; convoyeur de puces : approx. 1600 \u00d7 1250 \u00d7 1780 mm, Poids : approx. 680 kg<\/p>\n<p>Bar Feeder IRCO ILS MUK : approx. 1800 \u00d7 1000 \u00d7 1280 mm, Poids : approx. 650 kg<\/p>\n<p>La machine est enti\u00e8rement op\u00e9rationnelle et en bon \u00e9tat d'usage.<br \/>\nPour plus d'informations ou pour une d\u00e9monstration en direct sous tension, n'h\u00e9sitez pas \u00e0 nous contacter.<br \/>\nLes donn\u00e9es et informations techniques sont sujettes \u00e0 modification et \u00e0 erreur. Sous r\u00e9serve de vente ant\u00e9rieure.<\/p>","protected":false},"excerpt":{"rendered":"<p>Standort: Deutschland, Baden-W\u00fcrttemberg S\u00fcdwest Zustand: Gebraucht Hersteller: Index Modell: ABC Baujahr: 2017 Maschinenbezeichnung: CNC-Kurzdrehmaschine Hersteller: Index Modell: ABC Baujahr: 2017 Steuerung: Fanuc 32 i- B Funktionsf\u00e4higkeit: voll funktionsf\u00e4hig Bearbeitungsstunden: ca. Stunden Technische Daten Spindelbohrung: \u00d8 42 mm Verfahr- und Vorschubdaten X-Achse Verfahrweg: ca. 90 mm Z-Achse Verfahrweg: ca. 280 mm Eilgang X: ca. 27 m\/min [&hellip;]<\/p>\n","protected":false},"featured_media":4590,"comment_status":"open","ping_status":"closed","template":"","meta":{"_uf_show_specific_survey":0,"_uf_disable_surveys":false},"product_brand":[],"product_cat":[90],"product_tag":[],"class_list":{"0":"post-4596","1":"product","2":"type-product","3":"status-publish","4":"has-post-thumbnail","6":"product_cat-cnc-drehmaschinen-0-199mm-drehd","8":"first","9":"instock","10":"taxable","11":"shipping-taxable","12":"product-type-simple"},"aioseo_notices":[],"_links":{"self":[{"href":"https:\/\/mueller-wrh.de\/fr\/wp-json\/wp\/v2\/product\/4596","targetHints":{"allow":["GET"]}}],"collection":[{"href":"https:\/\/mueller-wrh.de\/fr\/wp-json\/wp\/v2\/product"}],"about":[{"href":"https:\/\/mueller-wrh.de\/fr\/wp-json\/wp\/v2\/types\/product"}],"replies":[{"embeddable":true,"href":"https:\/\/mueller-wrh.de\/fr\/wp-json\/wp\/v2\/comments?post=4596"}],"wp:featuredmedia":[{"embeddable":true,"href":"https:\/\/mueller-wrh.de\/fr\/wp-json\/wp\/v2\/media\/4590"}],"wp:attachment":[{"href":"https:\/\/mueller-wrh.de\/fr\/wp-json\/wp\/v2\/media?parent=4596"}],"wp:term":[{"taxonomy":"product_brand","embeddable":true,"href":"https:\/\/mueller-wrh.de\/fr\/wp-json\/wp\/v2\/product_brand?post=4596"},{"taxonomy":"product_cat","embeddable":true,"href":"https:\/\/mueller-wrh.de\/fr\/wp-json\/wp\/v2\/product_cat?post=4596"},{"taxonomy":"product_tag","embeddable":true,"href":"https:\/\/mueller-wrh.de\/fr\/wp-json\/wp\/v2\/product_tag?post=4596"}],"curies":[{"name":"wp","href":"https:\/\/api.w.org\/{rel}","templated":true}]}}