{"id":4534,"date":"2025-12-11T16:13:22","date_gmt":"2025-12-11T16:13:22","guid":{"rendered":"https:\/\/mueller-wrh.de\/produkt\/hanwha-xd10-y2_bj-08_2022_intnr231438\/"},"modified":"2025-12-12T10:23:30","modified_gmt":"2025-12-12T10:23:30","slug":"hanwha-xd10-y2_bj-08_2022_intnr231438","status":"publish","type":"product","link":"https:\/\/mueller-wrh.de\/fr\/produit\/hanwha-xd10-y2_bj-08_2022_intnr231438\/","title":{"rendered":"Hanwha XD10 Y2_Bj. 08_2022_IntNr231438"},"content":{"rendered":"<p><b>Emplacement :<\/b> Allemagne, Baden-W\u00fcrttemberg S\u00fcdwest<\/p>\n<p><b>\u00e9tat :<\/b> Comme neuf<\/p>\n<p><b>fabricant :<\/b> HANWHA<\/p>\n<p><b>mod\u00e8le :<\/b> XD-10 Y2<\/p>\n<p><b>Ann\u00e9e de construction :<\/b> 2022<\/p>\n<p>Tour CNC \u00e0 poup\u00e9e mobile Hanwha XD10 Y2 Top Condition<\/p>\n<p>Heures de broche<br \/>\nHeures de fonctionnement<br \/>\nAnn\u00e9e de construction 08_2022<br \/>\nCommande Fanuc de la s\u00e9rie 0i<\/p>\n<p>Tour CNC \u00e0 poup\u00e9e mobile Hanwha XD10 Y2 avec commande Fanuc de la s\u00e9rie 0i<br \/>\nLe tour CNC \u00e0 poup\u00e9e mobile XD10 Y2 de Hanwha est un tour automatique \u00e0 poup\u00e9e mobile de haute pr\u00e9cision avec commande Fanuc int\u00e9gr\u00e9e de la s\u00e9rie 0i, con\u00e7u pour l'usinage de petits diam\u00e8tres dans la production en s\u00e9rie. Il dispose d'une broche principale, d'une contre-broche, d'un \u00e9quipement d'outils complet et d'accessoires pour des processus de fabrication efficaces.<br \/>\nBroche principale<\/p>\n<p>Diam\u00e8tre maximal de rotation : 10 mm<br \/>\nDiam\u00e8tre maximal de l'al\u00e9sage de la broche : 15 mm<br \/>\nVitesse maximale : 15 000 tr\/min<br \/>\nPuissance maximale : 3,7 kW (moteur int\u00e9gr\u00e9)<br \/>\nCourse Z1 : 155 mm<br \/>\nUnit\u00e9 de canons de guidage synchronis\u00e9s : type F853<br \/>\nPince de serrage : Type 120E<\/p>\n<p>Contre-broche<\/p>\n<p>Vitesse maximale : 10.000 tr\/min<br \/>\nPuissance maximale : 1,1 kW<br \/>\nAxe C : r\u00e9solution 0,001\u00b0.<br \/>\nDiam\u00e8tre maximal de pr\u00e9l\u00e8vement : 10 mm<br \/>\nCourse Z2 : 180 mm<br \/>\nPince de serrage : Type 120E<\/p>\n<p>Chariot porte-outils X1, Y1 :<br \/>\nPlaque porte-outils pour 5 outils de tournage ext\u00e9rieur (8 x 8 mm)<\/p>\n<p>Dispositif de per\u00e7age\/fraisage transversal :<br \/>\nNombre : 4 broches de per\u00e7age\/fraisage entra\u00een\u00e9es (ER11)<br \/>\nPuissance : 0,55 kW \u00e0 10.000 tr\/min<br \/>\nAppareil de per\u00e7age frontal pour 4 broches de per\u00e7age (ER11)<\/p>\n<p>Traitement du verso :<br \/>\nPorte-outils pour 8 outils avec axe Y2<br \/>\n4 broches de per\u00e7age\/fraisage entra\u00een\u00e9es (ER11 modulaire)<br \/>\n4 broches de per\u00e7age\/fraisage fixes (ER11 modulaire)<br \/>\nPuissance : 0,55 kW \u00e0 9.000 tr\/min<\/p>\n<p>Avances rapides : 32 m\/min (Z1, Z2, Y, X2) ; 24 m\/min (X1)<br \/>\nPuissance de raccordement : 12 kVA<\/p>\n<p>Contr\u00f4le<br \/>\nType : S\u00e9rie Hanwha Fanuc 0iTF<br \/>\nNombre d'axes : 6 (X1, Z1, Y1, Y2, X2, Z2)<br \/>\nContr\u00f4le simultan\u00e9 de 4 axes<br \/>\nPanneau de commande externe avec volant<br \/>\n\u00c9cran couleur 9,5\u2033 (LCD\/MDI)<br \/>\nFonction d'arr\u00eat automatique (PowerOff)<br \/>\nfonction de v\u00e9rification du programme (test possible via le volant)<br \/>\nConvoyeur de pi\u00e8ces avec bac de r\u00e9cup\u00e9ration<br \/>\nBo\u00eete \u00e0 outils et kit d'outils de service<br \/>\nR\u00e9servoir de liquide de refroidissement : 140 L<br \/>\nDispositif de soufflage pneumatique de la pince de la broche de reprise<br \/>\nManuel et documentation en allemand et en anglais (convoyeur de maintenance et de copeaux)<br \/>\nRavitailleur FMB Turbo 2-20 \/ 3200 mm \u201eC\u201c (diam\u00e8tre de barre : 2-23 mm 1 kit de conversion et tube t\u00e9lescopique)<\/p>\n<p>Machine enti\u00e8rement fonctionnelle \u00e9lectriquement et m\u00e9caniquement<br \/>\nDocumentation technique compl\u00e8te disponible<\/p>\n<p>La machine peut \u00eatre visit\u00e9e sur rendez-vous.<br \/>\nSous r\u00e9serve de modifications et d'erreurs dans les donn\u00e9es techniques et les indications ainsi que de vente interm\u00e9diaire !<\/p>\n<p>Hanwha CNC Swiss Type Lathe XD10 Y2 en excellent \u00e9tat<br \/>\nHeures de broche<br \/>\nHeures d'exploitation<br \/>\nAnn\u00e9e de fabrication : 08_2022<br \/>\nCommande Fanuc de la s\u00e9rie 0i<br \/>\nHanwha CNC Swiss Type Lathe XD10 Y2 avec commande Fanuc de la s\u00e9rie 0i<br \/>\nLe tour Hanwha CNC de type suisse XD10 Y2 est un tour automatique de type suisse de haute pr\u00e9cision avec commande Fanuc int\u00e9gr\u00e9e de la s\u00e9rie 0i, con\u00e7u pour l'usinage de petits diam\u00e8tres en production de s\u00e9rie. Il est \u00e9quip\u00e9 d'une broche principale, d'une sous-broche, d'un \u00e9quipement d'outillage complet et d'accessoires pour des processus de fabrication efficaces.<\/p>\n<p>Broche principale<br \/>\nDiam\u00e8tre maximal de tournage : 10 mm<br \/>\nDiam\u00e8tre maximal de l'al\u00e9sage de la broche : 15 mm<br \/>\nVitesse maximale : 15,000 rpm<br \/>\nPuissance maximale : 3.7 kW (moteur int\u00e9gr\u00e9)<br \/>\nZ1 travel : 155 mm<br \/>\nUnit\u00e9 de guide rotatif synchrone : Type F853<br \/>\nCollet : Type 120E<br \/>\nSous-broche<br \/>\nVitesse maximale : 10,000 rpm<br \/>\nPuissance maximale : 1.1 kW<br \/>\nAxe C : r\u00e9solution 0.001\u00b0.<br \/>\nDiam\u00e8tre maximal du pr\u00e9l\u00e8vement : 10 mm<br \/>\nZ2 travel : 180 mm<br \/>\nCollet : Type 120E<br \/>\nTool Slide X1, Y1 :<br \/>\nPlateau porte-outils pour 5 outils de tournage externes (8 x 8 mm)<br \/>\nDispositif de per\u00e7age\/fraisage crois\u00e9 :<br \/>\nNumber : 4 broches de per\u00e7age\/broyage entra\u00een\u00e9es (ER11)<br \/>\nPuissance : 0,55 kW \u00e0 10,000 rpm<br \/>\nAppareil de per\u00e7age frontal pour 4 broches de per\u00e7age (ER11)<br \/>\nTravail de fond :<br \/>\nPorte-outils pour 8 outils avec axe Y2<br \/>\n4 broches de per\u00e7age\/broyage entra\u00een\u00e9es (ER11 modulaire)<br \/>\n4 broches de per\u00e7age\/broyage fixes (ER11 modulaire)<br \/>\nPuissance : 0,55 kW \u00e0 9,000 rpm<br \/>\nTraverses rapides : 32 m\/min (Z1, Z2, Y, X2) ; 24 m\/min (X1)<br \/>\nCharge connect\u00e9e : 12 kVA<br \/>\nContr\u00f4le<br \/>\nType : Hanwha Fanuc 0iTF Series<br \/>\nNumber of axes : 6 (X1, Z1, Y1, Y2, X2, Z2)<br \/>\nContr\u00f4le simultan\u00e9 de 4 axes<br \/>\nPanneau de commande externe avec manivelle<br \/>\n9.5\u2033 moniteur couleur (LCD\/MDI)<br \/>\nFonction d'arr\u00eat automatique de l'alimentation (PowerOff)<br \/>\nFonction de contr\u00f4le du programme (test possible via la molette)<br \/>\nConvoyeur de pi\u00e8ces avec bac de collecte<br \/>\nBo\u00eete \u00e0 outils et ensemble d'outils de service<br \/>\nR\u00e9servoir de refroidissement : 140 L<br \/>\nDispositif de soufflage pneumatique pour le collet de la broche de pick-up<br \/>\nManuel et documentation en allemand et en anglais (instructions de maintenance et d'utilisation, y compris liste des param\u00e8tres et protocole de test)<br \/>\nConvoyeur \u00e0 puce<br \/>\nBar loader magazine FMB Turbo 2-20 \/ 3200 mm \u201eC\u201c (diam\u00e8tre de barre : 2-23 mm, 1 kit de conversion et tube t\u00e9lescopique)<br \/>\nMachine enti\u00e8rement fonctionnelle sur le plan \u00e9lectrique et m\u00e9canique<br \/>\nDocumentation technique enti\u00e8rement disponible<br \/>\nLa machine peut \u00eatre inspect\u00e9e sous tension sur rendez-vous.<br \/>\nSous r\u00e9serve de modifications et d'erreurs dans les donn\u00e9es techniques et les sp\u00e9cifications ainsi que de vente pr\u00e9alable !<\/p>","protected":false},"excerpt":{"rendered":"<p>Standort: Deutschland, Baden-W\u00fcrttemberg S\u00fcdwest Zustand: Neuwertig Hersteller: HANWHA Modell: XD-10 Y2 Baujahr: 2022 Hanwha CNC-Langdrehmaschine XD10 Y2 Top Zustand Spindelstunden Betriebsstunden Baujahr 08_2022 Fanuc-Steuerung der 0i-Serie Hanwha CNC-Langdrehmaschine XD10 Y2 mit Fanuc-Steuerung der 0i-Serie Die Hanwha CNC-Langdrehmaschine XD10 Y2 ist eine hochpr\u00e4zise Langdrehautomat mit integrierter Fanuc-Steuerung der 0i-Serie, konzipiert f\u00fcr die Bearbeitung kleiner Durchmesser in [&hellip;]<\/p>\n","protected":false},"featured_media":4535,"comment_status":"open","ping_status":"closed","template":"","meta":{"_uf_show_specific_survey":0,"_uf_disable_surveys":false},"product_brand":[],"product_cat":[23],"product_tag":[],"class_list":{"0":"post-4534","1":"product","2":"type-product","3":"status-publish","4":"has-post-thumbnail","6":"product_cat-cnc-langdrehmaschinen","8":"first","9":"instock","10":"taxable","11":"shipping-taxable","12":"product-type-simple"},"aioseo_notices":[],"_links":{"self":[{"href":"https:\/\/mueller-wrh.de\/fr\/wp-json\/wp\/v2\/product\/4534","targetHints":{"allow":["GET"]}}],"collection":[{"href":"https:\/\/mueller-wrh.de\/fr\/wp-json\/wp\/v2\/product"}],"about":[{"href":"https:\/\/mueller-wrh.de\/fr\/wp-json\/wp\/v2\/types\/product"}],"replies":[{"embeddable":true,"href":"https:\/\/mueller-wrh.de\/fr\/wp-json\/wp\/v2\/comments?post=4534"}],"wp:featuredmedia":[{"embeddable":true,"href":"https:\/\/mueller-wrh.de\/fr\/wp-json\/wp\/v2\/media\/4535"}],"wp:attachment":[{"href":"https:\/\/mueller-wrh.de\/fr\/wp-json\/wp\/v2\/media?parent=4534"}],"wp:term":[{"taxonomy":"product_brand","embeddable":true,"href":"https:\/\/mueller-wrh.de\/fr\/wp-json\/wp\/v2\/product_brand?post=4534"},{"taxonomy":"product_cat","embeddable":true,"href":"https:\/\/mueller-wrh.de\/fr\/wp-json\/wp\/v2\/product_cat?post=4534"},{"taxonomy":"product_tag","embeddable":true,"href":"https:\/\/mueller-wrh.de\/fr\/wp-json\/wp\/v2\/product_tag?post=4534"}],"curies":[{"name":"wp","href":"https:\/\/api.w.org\/{rel}","templated":true}]}}