{"id":4521,"date":"2025-12-11T11:06:10","date_gmt":"2025-12-11T11:06:10","guid":{"rendered":"https:\/\/mueller-wrh.de\/produkt\/biglia-b-465y2_bj-2009_-intnr231413-2\/"},"modified":"2025-12-11T11:06:10","modified_gmt":"2025-12-11T11:06:10","slug":"biglia-b-465y2_bj-2009_-intnr231413-2","status":"publish","type":"product","link":"https:\/\/mueller-wrh.de\/fr\/produit\/biglia-b-465y2_bj-2009_-intnr231413-2\/","title":{"rendered":"Biglia B 465Y2_ann\u00e9e 2009_ IntNr231413"},"content":{"rendered":"<p><b>Emplacement :<\/b> Allemagne, Baden-W\u00fcrttemberg S\u00fcdwest<\/p>\n<p><b>\u00e9tat :<\/b> Occasion<\/p>\n<p><b>fabricant :<\/b> Biglia<\/p>\n<p><b>mod\u00e8le :<\/b> B465Y2<\/p>\n<p><b>Ann\u00e9e de construction :<\/b> 2009<\/p>\n<p><b>heures de fonctionnement :<\/b> 20627<\/p>\n<p>Tour CNC Biglia B465 Y2<br \/>\nAnn\u00e9e de construction : 2009<br \/>\nTemps de traitement : env. 21 000 h<br \/>\nNum\u00e9ro de s\u00e9rie : 10625<br \/>\nTour universel CNC puissant avec contre-broche et axe Y.<br \/>\nCommande : Fanuc 31i-B<br \/>\nLongueur max. Diam\u00e8tre de tournage pour l'usinage de barres : 65 mm<br \/>\nLongueur max. Diam\u00e8tre de tournage pour l'usinage de mandrins : 230 mm<br \/>\nlongueur de tournage : environ 250 (320) mm<br \/>\nNombre max. Diam\u00e8tre de rotation : env. 520 mm<\/p>\n<p>Broche principale (HSP) :<br \/>\nNez de broche : 6\u2033<br \/>\nAl\u00e9sage de la broche : 80 mm<br \/>\nVitesse de rotation : 4.000-5.000 min-\u00b9<\/p>\n<p>Contre-broche (GSP) :<br \/>\nnez de la broche : 5\u2033<br \/>\nAl\u00e9sage de la broche : 55 mm<br \/>\nVitesse de rotation : 5.000 min-\u00b9<br \/>\nTourelle porte-outils : 2 \u00d7 12 stations, entra\u00een\u00e9e<br \/>\nCourse de l'axe Y : \u00b150 mm<\/p>\n<p>\u00c9quipement :<br \/>\n2 tourelles avec chacune 12 emplacements d'outils et 24 outils entra\u00een\u00e9s<br \/>\n2 axes C et 2 axes Y<\/p>\n<p>Chargeur de barres CNCDB70 de Giovanni Cucchi<br \/>\nSyst\u00e8me de d\u00e9chargement de pi\u00e8ces avec tapis roulant<br \/>\nConvoyeur \u00e0 copeaux avec 2 pompes de 7 bar, filtre inclus<br \/>\nPistolet de pulv\u00e9risation (4 bar)<br \/>\nPompe haute pression 25 bar, filtre inclus<br \/>\n\u00c9jecteur prolong\u00e9 200 mm<br \/>\ntous les porte-outils visibles sur les photos<\/p>\n<p>Documentation technique compl\u00e8te disponible<\/p>\n<p>La machine est enti\u00e8rement fonctionnelle \u00e9lectriquement et m\u00e9caniquement et peut \u00eatre visit\u00e9e sous tension sur rendez-vous.<br \/>\nSous r\u00e9serve de modifications et d'erreurs dans les donn\u00e9es techniques et les indications ainsi que de vente interm\u00e9diaire !<\/p>\n<p>CNC lathe Biglia B465 Y2<br \/>\nAnn\u00e9e de fabrication : 2009<br \/>\nTemps d'usinage : 20,627 h<\/p>\n<p>Latte universelle CNC puissante avec contre-broche et axe Y.<br \/>\nContr\u00f4le : Fanuc 31i-B<br \/>\nDiam\u00e8tre max. de tournage pour l'usinage de barres : 65 mm<br \/>\nDiam\u00e8tre max. de tournage pour l'usinage de la pi\u00e8ce : 230 mm<br \/>\nLongueur de rotation : env. 250 (320) mm<br \/>\nDiam\u00e8tre max. de balancement : env. 520 mm<\/p>\n<p>Broche principale (HSP) :<br \/>\nNez de broche : 6\u2033<br \/>\nDiam\u00e8tre de la broche : 80 mm<br \/>\nVitesse : 4,000-5,000 rpm<\/p>\n<p>Contre-broche (GSP) :<br \/>\nNez de broche : 5\u2033<br \/>\nDiam\u00e8tre de la broche : 55 mm<br \/>\nVitesse : 5,000 rpm<br \/>\nTool turret : 2 \u00d7 12 stations, driven<br \/>\nCourse de l'axe Y : \u00b150 mm<\/p>\n<p>\u00c9quipement :<br \/>\n2 tourelles, chacune avec 12 positions d'outils et 24 outils d'entra\u00eenement<br \/>\n2 axes C et 2 axes Y<\/p>\n<p>CNCDB70 bar feeder from Giovanni Cucchi<br \/>\nSyst\u00e8me de d\u00e9chargement des pi\u00e8ces avec bande transporteuse<br \/>\nConvoyeur \u00e0 puces avec 2 pompes, 7 bar chacune, filtre inclus<br \/>\nPistolet de pulv\u00e9risation (4 bar)<br \/>\nPompe haute pression 25 bar, filtre inclus<br \/>\n\u00c9jecteur \u00e9tendu 200 mm<br \/>\nTous les porte-outils repr\u00e9sent\u00e9s sur les photos<\/p>\n<p>Documentation technique compl\u00e8te disponible<\/p>\n<p>La machine est enti\u00e8rement fonctionnelle, tant \u00e9lectriquement que m\u00e9caniquement, et peut \u00eatre vue sous tension sur rendez-vous.<br \/>\nSous r\u00e9serve de modifications et d'erreurs dans les donn\u00e9es techniques et les sp\u00e9cifications, ainsi que de vente pr\u00e9alable !<\/p>","protected":false},"excerpt":{"rendered":"<p>Standort: Deutschland, Baden-W\u00fcrttemberg S\u00fcdwest Zustand: Gebraucht Hersteller: Biglia Modell: B465Y2 Baujahr: 2009 Betriebsstunden: 20627 CNC-Drehmaschine Biglia B465 Y2 Baujahr: 2009 Bearbeitungszeit: ca. 21.000 h Seriennr: 10625 Leistungsstarke CNC-Universal-Drehmaschine mit Gegenspindel und Y-Achse. Steuerung: Fanuc 31i-B Max. Drehdurchmesser bei Stangenbearbeitung: 65 mm Max. Drehdurchmesser bei Futterbearbeitung: 230 mm Drehl\u00e4nge: ca. 250 (320) mm Max. Umlaufdurchmesser: ca. [&hellip;]<\/p>\n","protected":false},"featured_media":4511,"comment_status":"open","ping_status":"closed","template":"","meta":{"_uf_show_specific_survey":0,"_uf_disable_surveys":false},"product_brand":[],"product_cat":[89],"product_tag":[],"class_list":{"0":"post-4521","1":"product","2":"type-product","3":"status-publish","4":"has-post-thumbnail","6":"product_cat-cnc-kurzdrehmaschinen","8":"first","9":"instock","10":"taxable","11":"shipping-taxable","12":"product-type-simple"},"aioseo_notices":[],"_links":{"self":[{"href":"https:\/\/mueller-wrh.de\/fr\/wp-json\/wp\/v2\/product\/4521","targetHints":{"allow":["GET"]}}],"collection":[{"href":"https:\/\/mueller-wrh.de\/fr\/wp-json\/wp\/v2\/product"}],"about":[{"href":"https:\/\/mueller-wrh.de\/fr\/wp-json\/wp\/v2\/types\/product"}],"replies":[{"embeddable":true,"href":"https:\/\/mueller-wrh.de\/fr\/wp-json\/wp\/v2\/comments?post=4521"}],"wp:featuredmedia":[{"embeddable":true,"href":"https:\/\/mueller-wrh.de\/fr\/wp-json\/wp\/v2\/media\/4511"}],"wp:attachment":[{"href":"https:\/\/mueller-wrh.de\/fr\/wp-json\/wp\/v2\/media?parent=4521"}],"wp:term":[{"taxonomy":"product_brand","embeddable":true,"href":"https:\/\/mueller-wrh.de\/fr\/wp-json\/wp\/v2\/product_brand?post=4521"},{"taxonomy":"product_cat","embeddable":true,"href":"https:\/\/mueller-wrh.de\/fr\/wp-json\/wp\/v2\/product_cat?post=4521"},{"taxonomy":"product_tag","embeddable":true,"href":"https:\/\/mueller-wrh.de\/fr\/wp-json\/wp\/v2\/product_tag?post=4521"}],"curies":[{"name":"wp","href":"https:\/\/api.w.org\/{rel}","templated":true}]}}