{"id":4433,"date":"2025-10-31T17:15:18","date_gmt":"2025-10-31T17:15:18","guid":{"rendered":"https:\/\/mueller-wrh.de\/produkt\/teilereinigungsanlage-pero-ro_bj-2019-intnr231388\/"},"modified":"2025-10-31T17:15:18","modified_gmt":"2025-10-31T17:15:18","slug":"teilereinigungsanlage-pero-ro_bj-2019-intnr231388","status":"publish","type":"product","link":"https:\/\/mueller-wrh.de\/fr\/produit\/teilereinigungsanlage-pero-ro_bj-2019-intnr231388\/","title":{"rendered":"Syst\u00e8me de nettoyage de pi\u00e8ces PERO RO_Bj. 2019 IntNr231388"},"content":{"rendered":"<p><b>Emplacement :<\/b> Allemagne, Baden-W\u00fcrttemberg S\u00fcdwest<\/p>\n<p><b>\u00e9tat :<\/b> Occasion<\/p>\n<p><b>fabricant :<\/b> Pero<\/p>\n<p><b>mod\u00e8le :<\/b> R0\/057 EX8240<\/p>\n<p><b>Ann\u00e9e de construction :<\/b> 2019<\/p>\n<p>Description technique - PERO RO<br \/>\nInstallation industrielle de nettoyage de pi\u00e8ces \u00e0 base de solvants<br \/>\nLa PERO RO est une installation de nettoyage de pi\u00e8ces industrielle performante pour le nettoyage efficace et \u00e9cologique de pi\u00e8ces et de composants avec des solvants. Elle convient aux applications les plus diverses dans l'industrie de transformation des m\u00e9taux et garantit des normes de propret\u00e9 \u00e9lev\u00e9es tout en \u00e9tant \u00e9conomique.<br \/>\ncaract\u00e9ristiques :<br \/>\n- Nettoyage avec des solvants organiques (par ex. hydrocarbures ou alcools modifi\u00e9s)<br \/>\n- Processus de travail ferm\u00e9 avec circuit de solvants int\u00e9gr\u00e9<br \/>\n- Convient aux lots de petite et moyenne taille et aux pi\u00e8ces de g\u00e9om\u00e9trie variable<br \/>\n- Contr\u00f4le automatis\u00e9 du processus pour des r\u00e9sultats de nettoyage reproductibles<br \/>\n- Construction robuste pour une utilisation industrielle continue<br \/>\nDomaines d'application typiques :<br \/>\n- D\u00e9graissage de pi\u00e8ces tourn\u00e9es et frais\u00e9es<br \/>\n- Nettoyage avant le montage ou le rev\u00eatement<br \/>\n- \u00c9limination de r\u00e9frig\u00e9rants lubrifiants, d'huiles et de particules<\/p>\n<p>La machine peut \u00eatre visit\u00e9e sur rendez-vous.<br \/>\nSous r\u00e9serve de modifications et d'erreurs dans les donn\u00e9es techniques et les indications ainsi que de vente interm\u00e9diaire !<\/p>\n<p>Description technique - PERO RO<br \/>\nSyst\u00e8me de nettoyage de pi\u00e8ces industrielles \u00e0 base de solvant<br \/>\nLe PERO RO est un syst\u00e8me puissant de nettoyage de pi\u00e8ces industrielles pour le nettoyage efficace et \u00e9cologique de pi\u00e8ces et de composants avec des solvants. Il convient \u00e0 une large gamme d'applications dans l'industrie du travail des m\u00e9taux et garantit des normes \u00e9lev\u00e9es de propret\u00e9 avec un fonctionnement \u00e9conomique.<br \/>\nCaract\u00e9ristiques :<br \/>\n- Nettoyage avec des solvants organiques (par ex., hydrocarbures ou alcools modifi\u00e9s)<br \/>\n- Processus de travail ferm\u00e9 avec circulation int\u00e9gr\u00e9e du solvant<br \/>\n- Convient aux lots de petite et moyenne taille et \u00e0 diff\u00e9rentes g\u00e9om\u00e9tries de composants<br \/>\n- Contr\u00f4le automatique du processus pour des r\u00e9sultats de nettoyage reproductibles<br \/>\n- Conception robuste pour une utilisation industrielle continue<br \/>\nDomaines d'application typiques :<br \/>\n- D\u00e9graissage des pi\u00e8ces tourn\u00e9es et usin\u00e9es<br \/>\n- Nettoyage avant l'assemblage ou le rev\u00eatement<br \/>\n- \u00c9limination des lubrifiants de refroidissement, des huiles et des particules<\/p>\n<p>La machine peut \u00eatre visit\u00e9e sur rendez-vous.<br \/>\nSous r\u00e9serve de modifications et d'erreurs dans les donn\u00e9es techniques et les sp\u00e9cifications, ainsi que de vente pr\u00e9alable !<\/p>","protected":false},"excerpt":{"rendered":"<p>Standort: Deutschland, Baden-W\u00fcrttemberg S\u00fcdwest Zustand: Gebraucht Hersteller: Pero Modell: R0\/057 EX8240 Baujahr: 2019 Technische Beschreibung \u2013 PERO RO Industrielle Teilereinigungsanlage auf L\u00f6semittelbasis Die PERO RO ist eine leistungsstarke industrielle Teilereinigungsanlage zur effektiven und umweltgerechten Reinigung von Werkst\u00fccken und Bauteilen mit L\u00f6semitteln. Sie eignet sich f\u00fcr unterschiedlichste Anwendungen in der metallverarbeitenden Industrie und garantiert hohe Sauberkeitsstandards [&hellip;]<\/p>\n","protected":false},"featured_media":4425,"comment_status":"open","ping_status":"closed","template":"","meta":{"_uf_show_specific_survey":0,"_uf_disable_surveys":false},"product_brand":[],"product_cat":[109],"product_tag":[],"class_list":{"0":"post-4433","1":"product","2":"type-product","3":"status-publish","4":"has-post-thumbnail","6":"product_cat-industrielle-reinigungsanlagen","8":"first","9":"instock","10":"taxable","11":"shipping-taxable","12":"product-type-simple"},"aioseo_notices":[],"_links":{"self":[{"href":"https:\/\/mueller-wrh.de\/fr\/wp-json\/wp\/v2\/product\/4433","targetHints":{"allow":["GET"]}}],"collection":[{"href":"https:\/\/mueller-wrh.de\/fr\/wp-json\/wp\/v2\/product"}],"about":[{"href":"https:\/\/mueller-wrh.de\/fr\/wp-json\/wp\/v2\/types\/product"}],"replies":[{"embeddable":true,"href":"https:\/\/mueller-wrh.de\/fr\/wp-json\/wp\/v2\/comments?post=4433"}],"wp:featuredmedia":[{"embeddable":true,"href":"https:\/\/mueller-wrh.de\/fr\/wp-json\/wp\/v2\/media\/4425"}],"wp:attachment":[{"href":"https:\/\/mueller-wrh.de\/fr\/wp-json\/wp\/v2\/media?parent=4433"}],"wp:term":[{"taxonomy":"product_brand","embeddable":true,"href":"https:\/\/mueller-wrh.de\/fr\/wp-json\/wp\/v2\/product_brand?post=4433"},{"taxonomy":"product_cat","embeddable":true,"href":"https:\/\/mueller-wrh.de\/fr\/wp-json\/wp\/v2\/product_cat?post=4433"},{"taxonomy":"product_tag","embeddable":true,"href":"https:\/\/mueller-wrh.de\/fr\/wp-json\/wp\/v2\/product_tag?post=4433"}],"curies":[{"name":"wp","href":"https:\/\/api.w.org\/{rel}","templated":true}]}}