{"id":4333,"date":"2025-10-24T12:43:12","date_gmt":"2025-10-24T12:43:12","guid":{"rendered":"https:\/\/mueller-wrh.de\/produkt\/dmg-gildemeister-sprint-ms36-2_multisprint-36_bj-2018_-intnr231416\/"},"modified":"2025-10-27T12:51:34","modified_gmt":"2025-10-27T12:51:34","slug":"dmg-gildemeister-sprint-ms36-2_multisprint-36_bj-2018_-intnr231416","status":"publish","type":"product","link":"https:\/\/mueller-wrh.de\/fr\/produit\/dmg-gildemeister-sprint-ms36-2_multisprint-36_bj-2018_-intnr231416\/","title":{"rendered":"DMG Gildemeister SPRINT MS36-2_MULTISPRINT 36_Bj.2018_ IntNr231416"},"content":{"rendered":"<p><b>Emplacement :<\/b> Allemagne, Baden-W\u00fcrttemberg S\u00fcdwest<\/p>\n<p><b>\u00e9tat :<\/b> Comme neuf<\/p>\n<p><b>fabricant :<\/b> DMG<\/p>\n<p><b>mod\u00e8le :<\/b> MULTISPRINT MS36-2<\/p>\n<p><b>Ann\u00e9e de construction :<\/b> 2018<\/p>\n<p><b>heures de fonctionnement :<\/b> 31241<\/p>\n<p>Usinage CNC-DMG Gildemeister MULTISPRINT 36 \/ SWISSTYPE jusqu'\u00e0 170 mm de longueur de tournage<br \/>\nAnn\u00e9e de construction : 2018<br \/>\nHeures de fonctionnement : 47548<br \/>\nTemps de traitement : 31241<br \/>\nMise \u00e0 jour : octobre 2025<br \/>\nCommande : Fanuc 30i B<\/p>\n<p>Flexibilit\u00e9 maximale de MULTISPRINT gr\u00e2ce \u00e0 sa modularit\u00e9 et \u00e0 ses axes Y dans chaque position<br \/>\nUtilisation d'outils entra\u00een\u00e9s sur toutes les positions de la broche<br \/>\nAxe Y sur toutes les positions de broche en standard<br \/>\nSWISSTYPEkit pour tournage court et long jusqu'\u00e0 170 mm de longueur<br \/>\nUsinage de mandrins ou de barres : barres de 4 \u00e0 \u00f8 36 mm, composants de mandrins jusqu'\u00e0 \u00f8 50 mm Double usinage arri\u00e8re et excentr\u00e9<\/p>\n<p>Type de machine : Tour automatique multibroche<br \/>\nUsinage SWISSTYPE : jusqu'\u00e0 170 mm de longueur de tournage<br \/>\nCommande : FANUC Series 30i<br \/>\nFlexibilit\u00e9 maximale gr\u00e2ce \u00e0 la modularit\u00e9 et aux axes Y sur toutes les positions de broche<br \/>\nUtilisation d'outils entra\u00een\u00e9s sur toutes les positions de la broche<br \/>\nUsinage : barres de \u00d8 4 - 36 mm, pi\u00e8ces de mandrin jusqu'\u00e0 \u00d8 50 mm<br \/>\nPossibilit\u00e9 d'usinage double face arri\u00e8re et excentr\u00e9<\/p>\n<p>Donn\u00e9es de performance<br \/>\nCaract\u00e9ristique Valeur<br \/>\nLongueur max. Diam\u00e8tre de la pi\u00e8ce \u00e0 usiner 36 mm<br \/>\nLongueur max. Longueur de la pi\u00e8ce \u00e0 usiner 170 mm<br \/>\nLongueur max. Passage de barre 36 mm<br \/>\nCourse (X \/ Y \/ Z) 50 \/ 100 \/ 170 mm<\/p>\n<p>Broches principales<br \/>\nNombre : 6<br \/>\nAxe C (r\u00e9solution angulaire) : 0,002\u00b0.<br \/>\nChariots crois\u00e9s : 6 \u00d7 (axes X\/Y)<br \/>\nCourse Z1-Z6 : 170 mm (avec kit SWISSTYPE)<br \/>\nLongueur max. Passage de barre : \u00d8 40 mm<br \/>\nVitesse de rotation : jusqu'\u00e0 7 500 min-\u00b9<br \/>\nPuissance d'entra\u00eenement (100 % ED) : 13,3 kW<br \/>\nCouple (100 % ED) : 32 Nm<br \/>\nTemps d'indexation du tambour : 0,65 s<\/p>\n<p>Contre-broche Broches pick-up<br \/>\nNombre : 2 (axes C avec axes X\/Y\/Z)<br \/>\nTrou de passage : \u00d8 40 mm<br \/>\nVitesse de rotation : 7 500 min-\u00b9<br \/>\nPuissance d'entra\u00eenement : 13,3 kW<br \/>\nCouple : 32 Nm<br \/>\nCourse de d\u00e9placement (Z7-Z8) : 410 mm<br \/>\nCourse (X7-X8 \/ Y7-Y8) : 277 \/ 312 mm<br \/>\nVitesse d'avance rapide : 40 m\/min<\/p>\n<p>Porte-outils sur chariot crois\u00e9<br \/>\nNombre max. Nombre d'outils : 3<br \/>\nVitesse de rotation : 3 900 \/ 8 000 \/ 13 800 min-\u00b9<br \/>\nPuissance d'entra\u00eenement (100 % ED) : 0,9 kW<br \/>\nCouple (100 % ED) : 5,8 \/ 2,9 \/ 1,7 Nm<br \/>\nCourse (X1-X6 \/ Y1-Y6) : 50 \/ 100 mm<br \/>\nVitesse d'avance rapide : 20 m\/min<br \/>\nChariot pour usinage arri\u00e8re<br \/>\nVitesse de rotation (U7-U8) : 3 900 \/ 8 000 \/ 13 800 min-\u00b9<br \/>\nPuissance d'entra\u00eenement : 0,9 kW<br \/>\nCouple : 5,8 \/ 2,9 \/ 1,7 Nm<br \/>\nAffichage des commandes : \u00e9cran couleur 15\u2033 (\u00d7 2)<br \/>\nSyst\u00e8me de serrage : Hainbuch TOPlus 40 prise de pince de serrage Achsfix<\/p>\n<p>Convoyeur \u00e0 copeaux \u00e0 bande charni\u00e8res avec pompe de levage<br \/>\nSyst\u00e8me haute pression pour l'huile (filtre 50 \/ 25 \u00b5m, pompes 5 \/ 12 MPa)<br \/>\nDivers porte-outils<br \/>\nSyst\u00e8me d'extinction d'incendie<br \/>\nRavitailleur de barres (version chargeur de surface)<br \/>\nSyst\u00e8me de chargement de pi\u00e8ces<\/p>\n<p>La machine est enti\u00e8rement fonctionnelle \u00e9lectriquement et m\u00e9caniquement et peut \u00eatre visit\u00e9e sous tension sur rendez-vous.<br \/>\nSous r\u00e9serve de modifications et d'erreurs dans les donn\u00e9es techniques et les indications ainsi que de vente interm\u00e9diaire !<\/p>\n<p>Usinage CNC-DMG Gildemeister MULTISPRINT 36 \/ SWISSTYPE jusqu'\u00e0 170 mm de longueur de tournage<br \/>\nAnn\u00e9e de fabrication : 2018<br \/>\nHeures d'exploitation : 47548<br \/>\nTemps d'usinage : 31241<br \/>\nSituation : Octobre 2025<br \/>\nContr\u00f4le : Fanuc 30i B<\/p>\n<p>Flexibilit\u00e9 maximale de la MULTISPRINT gr\u00e2ce \u00e0 sa modularit\u00e9 et \u00e0 ses axes Y dans toutes les positions<br \/>\nUtilisation d'outils entra\u00een\u00e9s sur toutes les positions de la broche<br \/>\naxe Y sur toutes les positions de la broche en standard<br \/>\nSWISSTYPEkit pour le tournage court et long jusqu'\u00e0 170 mm de longueur<br \/>\nUsinage de chuck ou de barre : barres de 4 \u00e0 \u00f8 36 mm, composants de chuck jusqu'\u00e0 \u00f8 50 mm Double usinage arri\u00e8re et hors centre<\/p>\n<p>Type de machine : Latte automatique multi-broches<br \/>\nUsinage SWISSTYPE : jusqu'\u00e0 170 mm de longueur de tournage<br \/>\nContr\u00f4le : FANUC Series 30i<br \/>\nFlexibilit\u00e9 maximale gr\u00e2ce \u00e0 la modularit\u00e9 et aux axes Y sur toutes les positions de la broche<br \/>\nUtilisation d'outils entra\u00een\u00e9s sur toutes les positions de la broche<br \/>\nUsinage : Barres de \u00d8 4 - 36 mm, pi\u00e8ces en chuck jusqu'\u00e0 \u00d8 50 mm<br \/>\nUsinage double arri\u00e8re et hors centre possible<\/p>\n<p>Donn\u00e9es de performance<br \/>\nValeur de la fonction<br \/>\nDiam\u00e8tre max. de la pi\u00e8ce 36 mm<br \/>\nLongueur max. de la pi\u00e8ce 170 mm<br \/>\nCapacit\u00e9 max. de bar 36 mm<br \/>\nVoyage (X \/ Y \/ Z) 50 \/ 100 \/ 170 mm<\/p>\n<p>Broches principales<br \/>\nNum\u00e9ro : 6<br \/>\nAxes C (r\u00e9solution angulaire) : 0,002\u00b0.<br \/>\nGlissements crois\u00e9s : 6 \u00d7 (axe X\/Y)<br \/>\nVoyage Z1-Z6 : 170 mm (avec kit SWISSTYPE)<br \/>\nCapacit\u00e9 max. de bar : \u00d8 40 mm<br \/>\nVitesse : jusqu'\u00e0 7,500 rpm<br \/>\nPuissance d'entra\u00eenement (100% duty cycle) : 13,3 kW<br \/>\nCouple (100% duty cycle) : 32 Nm<br \/>\ntemps d'indexation du tambour : 0,65 s<\/p>\n<p>Contre-broches Broches de ramassage<br \/>\nNumber : 2 (axes C avec axes X\/Y\/Z)<br \/>\nTrou de passage : \u00d8 40 mm<br \/>\nVitesse : 7,500 rpm<br \/>\nPuissance d'entra\u00eenement : 13.3 kW<br \/>\nCouple : 32 Nm<br \/>\nDistances de voyage (Z7-Z8) : 410 mm<br \/>\nVoyage (X7-X8 \/ Y7-Y8) : 277 \/ 312 mm<br \/>\nVitesse de traverse rapide : 40 m\/min<\/p>\n<p>Tool holder on cross slide<br \/>\nNombre max. d'outils : 3<br \/>\nVitesse : 3,900 \/ 8,000 \/ 13,800 rpm<br \/>\nPuissance d'entra\u00eenement (100% duty cycle) : 0,9 kW<br \/>\nCouple (100% duty cycle) : 5.8 \/ 2.9 \/ 1.7 Nm<br \/>\nDistances de d\u00e9placement (X1-X6 \/ Y1-Y6) : 50 \/ 100 mm<br \/>\nVitesse de traverse rapide : 20 m\/min<br \/>\nSled pour l'usinage arri\u00e8re<br \/>\nVitesse (U7-U8) : 3,900 \/ 8,000 \/ 13,800 min-\u00b9<br \/>\nPuissance d'entra\u00eenement : 0,9 kW<br \/>\nCouple : 5.8 \/ 2.9 \/ 1.7 Nm<br \/>\n\u00c9cran de contr\u00f4le : \u00e9cran couleur 15\u2033 (\u00d7 2)<br \/>\nSyst\u00e8me de serrage : Hainbuch TOPlus 40 Axle-fixed collet chuck holder<\/p>\n<p>Convoyeur \u00e0 chips \u00e0 courroie ferm\u00e9e avec pompe de levage<br \/>\nSyst\u00e8me haute pression pour l'huile (filtre 50 \/ 25 \u00b5m, pompes 5 \/ 12 MPa)<br \/>\nDivers porte-outils<br \/>\nSyst\u00e8me d'extinction d'incendie<br \/>\nMagasin de chargement de bar (design flat loader)<br \/>\nSyst\u00e8me de chargement des pi\u00e8ces de travail<\/p>\n<p>La machine est enti\u00e8rement fonctionnelle, tant \u00e9lectriquement que m\u00e9caniquement, et peut \u00eatre vue sous tension sur rendez-vous.<br \/>\nSous r\u00e9serve de modifications et d'erreurs dans les donn\u00e9es techniques et les sp\u00e9cifications, ainsi que de vente pr\u00e9alable !<\/p>","protected":false},"excerpt":{"rendered":"<p>Standort: Deutschland, Baden-W\u00fcrttemberg S\u00fcdwest Zustand: Neuwertig Hersteller: DMG Modell: MULTISPRINT MS36-2 Baujahr: 2018 Betriebsstunden: 31241 CNC-DMG Gildemeister MULTISPRINT 36 \/ SWISSTYPE-Bearbeitung bis 170 mm Drehl\u00e4nge Baujahr: 2018 Betriebsstunden: 47548 Bearbeitungszeit: 31241 Stand: Oktober 2025 Steuerung: Fanuc 30i B H\u00f6chste Flexibilit\u00e4t der MULTISPRINT dank ihrer Modularit\u00e4t und ihrer Y-Achsen in jeder Postion Einsatz angetriebener Werkzeuge auf [&hellip;]<\/p>\n","protected":false},"featured_media":4346,"comment_status":"open","ping_status":"closed","template":"","meta":{"_uf_show_specific_survey":0,"_uf_disable_surveys":false},"product_brand":[],"product_cat":[108],"product_tag":[],"class_list":{"0":"post-4333","1":"product","2":"type-product","3":"status-publish","4":"has-post-thumbnail","6":"product_cat-mehrspindler","8":"first","9":"instock","10":"taxable","11":"shipping-taxable","12":"product-type-simple"},"aioseo_notices":[],"_links":{"self":[{"href":"https:\/\/mueller-wrh.de\/fr\/wp-json\/wp\/v2\/product\/4333","targetHints":{"allow":["GET"]}}],"collection":[{"href":"https:\/\/mueller-wrh.de\/fr\/wp-json\/wp\/v2\/product"}],"about":[{"href":"https:\/\/mueller-wrh.de\/fr\/wp-json\/wp\/v2\/types\/product"}],"replies":[{"embeddable":true,"href":"https:\/\/mueller-wrh.de\/fr\/wp-json\/wp\/v2\/comments?post=4333"}],"wp:featuredmedia":[{"embeddable":true,"href":"https:\/\/mueller-wrh.de\/fr\/wp-json\/wp\/v2\/media\/4346"}],"wp:attachment":[{"href":"https:\/\/mueller-wrh.de\/fr\/wp-json\/wp\/v2\/media?parent=4333"}],"wp:term":[{"taxonomy":"product_brand","embeddable":true,"href":"https:\/\/mueller-wrh.de\/fr\/wp-json\/wp\/v2\/product_brand?post=4333"},{"taxonomy":"product_cat","embeddable":true,"href":"https:\/\/mueller-wrh.de\/fr\/wp-json\/wp\/v2\/product_cat?post=4333"},{"taxonomy":"product_tag","embeddable":true,"href":"https:\/\/mueller-wrh.de\/fr\/wp-json\/wp\/v2\/product_tag?post=4333"}],"curies":[{"name":"wp","href":"https:\/\/api.w.org\/{rel}","templated":true}]}}