{"id":4279,"date":"2025-10-14T06:57:20","date_gmt":"2025-10-14T06:57:20","guid":{"rendered":"https:\/\/mueller-wrh.de\/produkt\/star-sv-20_bj-1999-typ-420_intnr231160\/"},"modified":"2025-12-16T10:47:51","modified_gmt":"2025-12-16T10:47:51","slug":"star-sv-20_bj-1999-typ-420_intnr231160","status":"publish","type":"product","link":"https:\/\/mueller-wrh.de\/fr\/produit\/star-sv-20_bj-1999-typ-420_intnr231160\/","title":{"rendered":"Star SV-20_ann\u00e9e 1999 Type 420_IntNr231160"},"content":{"rendered":"<p><b>Emplacement :<\/b> Allemagne, Baden-W\u00fcrttemberg S\u00fcdwest<\/p>\n<p><b>\u00e9tat :<\/b> Occasion<\/p>\n<p><b>fabricant :<\/b> STAR Micronics<\/p>\n<p><b>mod\u00e8le :<\/b> SV-20<\/p>\n<p><b>Ann\u00e9e de construction :<\/b> 1999<\/p>\n<p><b>heures de fonctionnement :<\/b> 78000<\/p>\n<p>IntNr231160<br \/>\nType de machine Tour automatique \u00e0 poup\u00e9e mobile CNC<br \/>\nFabricant STAR<br \/>\nMod\u00e8le SV-20<br \/>\nAnn\u00e9e de construction 1999<br \/>\n\u00e9tat tr\u00e8s bon (occasion)<br \/>\nMachine tr\u00e8s bien entretenue directement par l'utilisateur<br \/>\nLa machine n'a fonctionn\u00e9 qu'avec de l'huile<br \/>\nHeures de fonctionnement d'environ 78.000 heures<br \/>\nCommande FANUC 16i-T avec 9 axes,<br \/>\n9 axes (X \/ C1 \/ Y \/ E \/ B \/ A \/ X \/ C2),<br \/>\n\u00d8 de barre max. 20 mm<br \/>\nLongueur de rotation max. 205 mm \/ 195mm,<br \/>\nBroche principale, vitesse de rotation max. 10.000 tr\/min, axe C,<br \/>\nContre-broche avec pince de serrage, vitesse de rotation max. 10.000 tr\/min, axe C,<br \/>\nPorte-outils \u00e0 4 positions<br \/>\n3 appareils de forage transversal<br \/>\nTourelle \u00e0 8 postes<br \/>\ndivers porte-outils suppl\u00e9mentaires, fourreaux,<br \/>\nConvoyeur de pi\u00e8ces<br \/>\nCapacit\u00e9 du r\u00e9servoir 170L<\/p>\n<p>Utilisation du liquide de refroidissement de la machine : huile <\/p>\n<p>Magasin de chargement FMB Turbo 3-26 \/3200\/A \/ de \u00d83- \u00d826 mm Ann\u00e9e de construction 1999<br \/>\nInstallation d'extinction d'incendie Kraft &amp; Bauer \/ GUT protection contre l'incendie<br \/>\nConvoyeur \u00e0 copeaux Mayfran<\/p>\n<p>La machine peut \u00eatre visit\u00e9e sur rendez-vous.<br \/>\nSous r\u00e9serve de modifications et d'erreurs dans les donn\u00e9es techniques et les indications ainsi que de vente interm\u00e9diaire !<\/p>\n<p>IntNo231160<br \/>\nType de machine CNC t\u00eate coulissante lathe automatique<br \/>\nFabricant STAR<br \/>\nMod\u00e8le SV-20<br \/>\nann\u00e9e de construction 1999<br \/>\nCondition tr\u00e8s bonne (utilis\u00e9e)<br \/>\nMachine tr\u00e8s bien entretenue directement par l'utilisateur<br \/>\nLa machine n'a fonctionn\u00e9 qu'avec de l'huile<br \/>\nHeures d'exploitation environ 78,000 heures<br \/>\nCommande FANUC 16i-T avec 9 axes,<br \/>\n9 axes (X \/ C1 \/ Y \/ E \/ B \/ A \/ X \/ C2),<br \/>\nBar \u00d8 max. 20 mm<br \/>\nLongueur de rotation max. 205 mm \/ 195mm,<br \/>\nBroche principale, vitesse max. 10,000 rpm, axe C,<br \/>\nContre-broche avec chariot collecteur, vitesse max. 10,000 rpm, axe C,<br \/>\nPorte-outils \u00e0 4 volets<br \/>\n3 unit\u00e9s de per\u00e7age crois\u00e9<br \/>\nTourelle avec 8 stations<br \/>\nDivers porte-outils suppl\u00e9mentaires, quills,<br \/>\nparts conveyor belt<br \/>\nCapacit\u00e9 du r\u00e9servoir 170L<\/p>\n<p>Liquide de refroidissement de la machine : huile <\/p>\n<p>Magasin de chargement FMB Turbo 3-26 \/3200\/A \/ de \u00d83- \u00d826 mm Ann\u00e9e de construction 1999<br \/>\nSyst\u00e8me d'extinction d'incendie Kraft &amp; Bauer \/ GUT fire protection<br \/>\nConvoyeur \u00e0 puces Mayfran<\/p>\n<p>La machine peut \u00eatre inspect\u00e9e sur rendez-vous.<br \/>\nSous r\u00e9serve de modifications et d'erreurs dans les donn\u00e9es techniques et les informations ainsi que de vente ant\u00e9rieure !<\/p>","protected":false},"excerpt":{"rendered":"<p>Standort: Deutschland, Baden-W\u00fcrttemberg S\u00fcdwest Zustand: Gebraucht Hersteller: STAR Micronics Modell: SV-20 Baujahr: 1999 Betriebsstunden: 78000 IntNr231160 Maschinentyp CNC-Langdrehautomat Hersteller STAR Modell SV-20 Baujahr 1999 Zustand sehr gut (gebraucht) Sehr gepflegte Maschine direkt vom Anwender Maschine ist nur mit \u00d6l gelaufen Betriebsstunden um die 78.000std. FANUC 16i-T Steuerung mit 9 Achsen, 9 Achsen (X \/ C1 [&hellip;]<\/p>\n","protected":false},"featured_media":4569,"comment_status":"open","ping_status":"closed","template":"","meta":{"_uf_show_specific_survey":0,"_uf_disable_surveys":false},"product_brand":[],"product_cat":[23],"product_tag":[],"class_list":{"0":"post-4279","1":"product","2":"type-product","3":"status-publish","4":"has-post-thumbnail","6":"product_cat-cnc-langdrehmaschinen","8":"first","9":"instock","10":"taxable","11":"shipping-taxable","12":"product-type-simple"},"aioseo_notices":[],"_links":{"self":[{"href":"https:\/\/mueller-wrh.de\/fr\/wp-json\/wp\/v2\/product\/4279","targetHints":{"allow":["GET"]}}],"collection":[{"href":"https:\/\/mueller-wrh.de\/fr\/wp-json\/wp\/v2\/product"}],"about":[{"href":"https:\/\/mueller-wrh.de\/fr\/wp-json\/wp\/v2\/types\/product"}],"replies":[{"embeddable":true,"href":"https:\/\/mueller-wrh.de\/fr\/wp-json\/wp\/v2\/comments?post=4279"}],"wp:featuredmedia":[{"embeddable":true,"href":"https:\/\/mueller-wrh.de\/fr\/wp-json\/wp\/v2\/media\/4569"}],"wp:attachment":[{"href":"https:\/\/mueller-wrh.de\/fr\/wp-json\/wp\/v2\/media?parent=4279"}],"wp:term":[{"taxonomy":"product_brand","embeddable":true,"href":"https:\/\/mueller-wrh.de\/fr\/wp-json\/wp\/v2\/product_brand?post=4279"},{"taxonomy":"product_cat","embeddable":true,"href":"https:\/\/mueller-wrh.de\/fr\/wp-json\/wp\/v2\/product_cat?post=4279"},{"taxonomy":"product_tag","embeddable":true,"href":"https:\/\/mueller-wrh.de\/fr\/wp-json\/wp\/v2\/product_tag?post=4279"}],"curies":[{"name":"wp","href":"https:\/\/api.w.org\/{rel}","templated":true}]}}