{"id":4182,"date":"2025-10-03T11:45:57","date_gmt":"2025-10-03T11:45:57","guid":{"rendered":"https:\/\/mueller-wrh.de\/produkt\/gebr-cnc-langdrehmaschine-used-swiss-type-lathe-star-sr20r-2001-intnr230346\/"},"modified":"2026-03-27T09:50:23","modified_gmt":"2026-03-27T09:50:23","slug":"gebr-cnc-langdrehmaschine-used-swiss-type-lathe-star-sr20r-2001-intnr230346","status":"publish","type":"product","link":"https:\/\/mueller-wrh.de\/fr\/produit\/gebr-cnc-langdrehmaschine-used-swiss-type-lathe-star-sr20r-2001-intnr230346\/","title":{"rendered":"Tour CNC \u00e0 poup\u00e9e mobile d'occasion\/used Swiss-type-lathe STAR SR20R, 2001 (IntNr230346)"},"content":{"rendered":"<p><b>Emplacement :<\/b> Allemagne, Baden-W\u00fcrttemberg S\u00fcdwest<\/p>\n<p><b>\u00e9tat :<\/b> Occasion<\/p>\n<p><b>fabricant :<\/b> STAR Micronics<\/p>\n<p><b>mod\u00e8le :<\/b> SR20R,<\/p>\n<p><b>Ann\u00e9e de construction :<\/b> 2001<\/p>\n<p><b>heures de fonctionnement :<\/b> 51500<\/p>\n<p>Tour CNC \u00e0 poup\u00e9e mobile STAR SR20R d'occasion, ann\u00e9e 2001<br \/>\nCommande, Fabr. Fanuc, s\u00e9rie 18i-T,<br \/>\n7 axes (X\/Z\/Y\/C1\/X1\/Z1(C2),<br \/>\n\u00d8 max. de la barre : 20 mm,<br \/>\nLongueur de rotation max. 205 mm,<br \/>\nBroche principale, vitesse de rotation max. 10.000 tr\/min, axe C 0,001 degr\u00e9,<br \/>\nContre-broche avec pince de serrage, vitesse de rotation max. 8.000 tr\/min, axe C,<br \/>\nPorte-outils pour un total de 19 outils (porte-outils lin\u00e9aires, appareil frontal, usinage de la face arri\u00e8re),<br \/>\nConvoyeur de pi\u00e8ces,<br \/>\nUnit\u00e9 de douille de guidage standard<br \/>\nMagasin de chargement FMB turbo 3-26\/3200 \/ A \/, ann\u00e9e 2001<br \/>\nLiquide de refroidissement utilis\u00e9 par la machine : huile.<br \/>\nInstallation d'extinction Kraft &amp; Bauer<\/p>\n<p>La machine peut \u00eatre visit\u00e9e sous tension sur rendez-vous.<br \/>\nLes donn\u00e9es techniques et les indications sont sujettes \u00e0 des modifications et \u00e0 des erreurs.<br \/>\nSous r\u00e9serve de vente interm\u00e9diaire !<\/p>\n<p>used CNC sliding headstock lathe STAR SR20R, year 2001<br \/>\nmake Fanuc, series 18i-T,<br \/>\n7 axes (X\/Z\/Y\/C1\/X1\/Z1(C2),<br \/>\nbar-\u00d8 max. 20 mm,<br \/>\nlongueur de rotation max. 205 mm,<br \/>\nbroche principale, vitesse max. 10.000 rpm, axe C 0,001 degr\u00e9,<br \/>\ncontre-broche avec collet, vitesse max. 8.000 rpm, axe C,<br \/>\nporte-outils pour un total de 19 outils (porte-outils lin\u00e9aire, fixation frontale, usinage arri\u00e8re),<br \/>\nparts conveyor belt,<br \/>\nstandard guide bush unit<br \/>\nmagazine de chargement FMB turbo 3-26\/3200 \/ A \/, ann\u00e9e 2001<br \/>\nAgent de refroidissement de la machine : huile.<br \/>\nSyst\u00e8me d'extinction Kraft &amp; Bauer<\/p>\n<p>La machine peut \u00eatre inspect\u00e9e sous tension sur rendez-vous.<br \/>\nles changements et les erreurs dans les donn\u00e9es et informations techniques ainsi que<br \/>\nsoumis \u00e0 la vente pr\u00e9alable !<\/p>","protected":false},"excerpt":{"rendered":"<p>Standort: Deutschland, Baden-W\u00fcrttemberg S\u00fcdwest Zustand: Gebraucht Hersteller: STAR Micronics Modell: SR20R, Baujahr: 2001 Betriebsstunden: 51500 gebr. CNC-Langdrehmaschine STAR SR20R, Bj. 2001 Steuerung, Fabr. Fanuc, Serie 18i-T, 7 Achsen (X\/Z\/Y\/C1\/X1\/Z1(C2), Stangen-\u00d8 max. 20 mm, Drehl\u00e4nge max. 205 mm, Hauptspindel, Drehzahl max. 10.000 U\/min, C-Achse 0,001 Grad, Gegenspindel mit Spannzange, Drehzahl max. 8.000 U\/min, C-Achse, Werkzeughalter f. [&hellip;]<\/p>\n","protected":false},"featured_media":5122,"comment_status":"open","ping_status":"closed","template":"","meta":{"_uf_show_specific_survey":0,"_uf_disable_surveys":false},"product_brand":[],"product_cat":[23],"product_tag":[],"class_list":{"0":"post-4182","1":"product","2":"type-product","3":"status-publish","4":"has-post-thumbnail","6":"product_cat-cnc-langdrehmaschinen","8":"first","9":"instock","10":"taxable","11":"shipping-taxable","12":"product-type-simple"},"aioseo_notices":[],"_links":{"self":[{"href":"https:\/\/mueller-wrh.de\/fr\/wp-json\/wp\/v2\/product\/4182","targetHints":{"allow":["GET"]}}],"collection":[{"href":"https:\/\/mueller-wrh.de\/fr\/wp-json\/wp\/v2\/product"}],"about":[{"href":"https:\/\/mueller-wrh.de\/fr\/wp-json\/wp\/v2\/types\/product"}],"replies":[{"embeddable":true,"href":"https:\/\/mueller-wrh.de\/fr\/wp-json\/wp\/v2\/comments?post=4182"}],"wp:featuredmedia":[{"embeddable":true,"href":"https:\/\/mueller-wrh.de\/fr\/wp-json\/wp\/v2\/media\/5122"}],"wp:attachment":[{"href":"https:\/\/mueller-wrh.de\/fr\/wp-json\/wp\/v2\/media?parent=4182"}],"wp:term":[{"taxonomy":"product_brand","embeddable":true,"href":"https:\/\/mueller-wrh.de\/fr\/wp-json\/wp\/v2\/product_brand?post=4182"},{"taxonomy":"product_cat","embeddable":true,"href":"https:\/\/mueller-wrh.de\/fr\/wp-json\/wp\/v2\/product_cat?post=4182"},{"taxonomy":"product_tag","embeddable":true,"href":"https:\/\/mueller-wrh.de\/fr\/wp-json\/wp\/v2\/product_tag?post=4182"}],"curies":[{"name":"wp","href":"https:\/\/api.w.org\/{rel}","templated":true}]}}