{"id":3989,"date":"2025-09-13T11:44:34","date_gmt":"2025-09-13T11:44:34","guid":{"rendered":"https:\/\/mueller-wrh.de\/produkt\/lta-lufttechnik-e120-bsc-2-h-intnr231361\/"},"modified":"2025-09-13T11:44:34","modified_gmt":"2025-09-13T11:44:34","slug":"lta-lufttechnik-e120-bsc-2-h-intnr231361","status":"publish","type":"product","link":"https:\/\/mueller-wrh.de\/fr\/produit\/lta-lufttechnik-e120-bsc-2-h-intnr231361\/","title":{"rendered":"LTA Lufttechnik E120 BSC-2-H, IntNr231361"},"content":{"rendered":"<p><b>Emplacement :<\/b> Allemagne, Baden-W\u00fcrttemberg S\u00fcdwest<\/p>\n<p><b>\u00e9tat :<\/b> Occasion<\/p>\n<p><b>fabricant :<\/b> LTA<\/p>\n<p><b>mod\u00e8le :<\/b> E120 BSC-2H<\/p>\n<p><b>Ann\u00e9e de construction :<\/b> 2025<\/p>\n<p><b>heures de fonctionnement :<\/b> 0<\/p>\n<p>Syst\u00e8me de filtration E 120-BSC-2-H<br \/>\nInstallations d'extraction de brouillard d'huile\/d'\u00e9mulsion<\/p>\n<p>PROPRI\u00c9T\u00c9S \/ CARACT\u00c9RISTIQUES :<br \/>\nSens d'ouverture de la porte de service : dans le sens du flux HAUT<br \/>\nSortie d'air : RADIAL<br \/>\navec pr\u00e9filtre et filtre de neutralisation m\u00e9canique ainsi que :<br \/>\ndeux niveaux de filtration \u00e9lectrostatique pour les a\u00e9rosols compos\u00e9s de<br \/>\nde<br \/>\nIonisateurs et collecteurs<br \/>\n- Ventilateur r\u00e9glable (ErP-Ready)<br \/>\n- Indicateur pr\u00eat \u00e0 l'emploi<br \/>\n- \u00c9lectricit\u00e9 selon EN 60204<br \/>\n- Ex\u00e9cution de l'ensemble de l'installation selon les normes en vigueur<br \/>\n  Directive sur les machines <\/p>\n<p>DONN\u00c9ES TECHNIQUES :<br \/>\nPuissance de la soufflerie : 2400 m\u00b3\/h (soufflage libre)<br \/>\nPuissance d'aspiration : jusqu'\u00e0 1200 m\u00b3\/h<br \/>\nTension de fonctionnement : 230 V +\/-10 % (207-253 V)<br \/>\nFr\u00e9quence : 50-60 Hz<br \/>\nPuissance connect\u00e9e : 0,93 kVA<br \/>\npression diff\u00e9rentielle : 840 Pa<br \/>\nniveau de pression acoustique : environ 70 dB<br \/>\ntemp\u00e9rature : max. 40 \u00b0C<br \/>\nIndice de protection : IP 54 <\/p>\n<p>Pi\u00e8ce de transition E\/M 120\/240, 200-S-B-90<\/p>\n<p>E-120-BSC-2 : 84213925 Pays d'origine CZ<br \/>\nFiche de raccordement au r\u00e9seau : 85444290 Pays d'origine DE<br \/>\nNum\u00e9ro de tarif des marchandises\/tarif douanier : 84213925 <\/p>\n<p>Dimensions (L x l x H) : 1130 x 660 x 610 mm <\/p>\n<p>poids : environ 110 kg <\/p>\n<p>Garantie : \u00e0 convenir<br \/>\nPeinture : RAL 7035 (gris clair) ou (apr\u00e8s accord)<br \/>\nD\u00e9lai de livraison : \u00e0 convenir<\/p>\n<p>Sous r\u00e9serve de modifications et d'erreurs dans les donn\u00e9es techniques et les indications ainsi que de vente interm\u00e9diaire !<\/p>\n<p>Syst\u00e8me de filtration E 120-BSC-2-H<br \/>\nUnit\u00e9s d'extraction d'huile \/ de brouillard d'\u00e9mulsion<\/p>\n<p>FEATURES \/ CARACT\u00c9RISTIQUES :<\/p>\n<p>Sens d'ouverture de la porte de service : vers le haut, dans le sens du flux<\/p>\n<p>Sortie d'air : radiale<\/p>\n<p>Avec pr\u00e9-filtre et filtre de neutralisation m\u00e9canique ainsi que :<br \/>\ndeux \u00e9tapes de filtration \u00e9lectrostatique pour les a\u00e9rosols, compos\u00e9es de<br \/>\nionisateurs et collecteurs<\/p>\n<p>Ventilateur r\u00e9glable (ErP-ready)<\/p>\n<p>\"Indicateur \"pr\u00eat \u00e0 l'emploi<\/p>\n<p>Syst\u00e8me \u00e9lectrique conforme \u00e0 la norme EN 60204<\/p>\n<p>Syst\u00e8me complet con\u00e7u en conformit\u00e9 avec la directive Machines applicable<\/p>\n<p>DONN\u00c9ES TECHNIQUES :<\/p>\n<p>Capacit\u00e9 du ventilateur : 2400 m\u00b3\/h (soufflage libre)<\/p>\n<p>Capacit\u00e9 d'extraction : jusqu'\u00e0 1200 m\u00b3\/h<\/p>\n<p>Tension d'utilisation : 230 V +\/-10 % (207-253 V)<\/p>\n<p>Fr\u00e9quence : 50-60 Hz<\/p>\n<p>Charge connect\u00e9e : 0,93 kVA<\/p>\n<p>Pression diff\u00e9rentielle : 840 Pa<\/p>\n<p>Niveau de pression sonore : environ 70 dB<\/p>\n<p>Temp\u00e9rature : max. 40 \u00b0C<\/p>\n<p>Classe de protection : IP 54<\/p>\n<p>Pi\u00e8ce de transition E\/M 120\/240, 200-S-B-90<\/p>\n<p>E-120-BSC-2 : 84213925, country of origin CZ<\/p>\n<p>Prise de courant : 85444290, country of origin DE<\/p>\n<p>Num\u00e9ro de tarif douanier : 84213925<\/p>\n<p>Dimensions (L x l x H) : 1130 x 660 x 610 mm<br \/>\nPoids : environ 110 kg<br \/>\nGarantie : sous r\u00e9serve d'accord<br \/>\nFinition de la peinture : RAL 7035 (gris clair) ou (comme convenu)<br \/>\nD\u00e9lai de livraison : sous r\u00e9serve d'accord<\/p>\n<p>Donn\u00e9es et informations techniques sujettes \u00e0 modification et \u00e0 erreur. Vente interm\u00e9diaire r\u00e9serv\u00e9e.<\/p>","protected":false},"excerpt":{"rendered":"<p>Standort: Deutschland, Baden-W\u00fcrttemberg S\u00fcdwest Zustand: Gebraucht Hersteller: LTA Modell: E120 BSC-2H Baujahr: 2025 Betriebsstunden: 0 Filtrationssystem E 120-BSC-2-H \u00d6l-\/Emulsionsnebel-Abzugsanlagen EIGENSCHAFTEN \/ MERKMALE: \u00d6ffnungsrichtung Servicet\u00fcr: in Str\u00f6mungsrichtung OBEN Luftauslass : RADIAL mit Vorfilter und Neutralisationsfilter mechanisch sowie: zwei elektrostatischen Filtrationsstufen f\u00fcr Aerosole bestehend aus Ionisatoren und Kollektoren &#8211; Regelbares Gebl\u00e4se (ErP-Ready) &#8211; Anzeige Betriebsbereit &#8211; Elektrik [&hellip;]<\/p>\n","protected":false},"featured_media":3988,"comment_status":"open","ping_status":"closed","template":"","meta":{"_uf_show_specific_survey":0,"_uf_disable_surveys":false},"product_brand":[],"product_cat":[19],"product_tag":[],"class_list":{"0":"post-3989","1":"product","2":"type-product","3":"status-publish","4":"has-post-thumbnail","6":"product_cat-oel-emulsionsnebel-abzugsanlagen","8":"first","9":"instock","10":"taxable","11":"shipping-taxable","12":"product-type-simple"},"aioseo_notices":[],"_links":{"self":[{"href":"https:\/\/mueller-wrh.de\/fr\/wp-json\/wp\/v2\/product\/3989","targetHints":{"allow":["GET"]}}],"collection":[{"href":"https:\/\/mueller-wrh.de\/fr\/wp-json\/wp\/v2\/product"}],"about":[{"href":"https:\/\/mueller-wrh.de\/fr\/wp-json\/wp\/v2\/types\/product"}],"replies":[{"embeddable":true,"href":"https:\/\/mueller-wrh.de\/fr\/wp-json\/wp\/v2\/comments?post=3989"}],"wp:featuredmedia":[{"embeddable":true,"href":"https:\/\/mueller-wrh.de\/fr\/wp-json\/wp\/v2\/media\/3988"}],"wp:attachment":[{"href":"https:\/\/mueller-wrh.de\/fr\/wp-json\/wp\/v2\/media?parent=3989"}],"wp:term":[{"taxonomy":"product_brand","embeddable":true,"href":"https:\/\/mueller-wrh.de\/fr\/wp-json\/wp\/v2\/product_brand?post=3989"},{"taxonomy":"product_cat","embeddable":true,"href":"https:\/\/mueller-wrh.de\/fr\/wp-json\/wp\/v2\/product_cat?post=3989"},{"taxonomy":"product_tag","embeddable":true,"href":"https:\/\/mueller-wrh.de\/fr\/wp-json\/wp\/v2\/product_tag?post=3989"}],"curies":[{"name":"wp","href":"https:\/\/api.w.org\/{rel}","templated":true}]}}