{"id":3975,"date":"2025-09-13T11:32:12","date_gmt":"2025-09-13T11:32:12","guid":{"rendered":"https:\/\/mueller-wrh.de\/produkt\/hermle-c30u-bab-zentrum-_2004_intnr231358\/"},"modified":"2025-10-30T15:35:26","modified_gmt":"2025-10-30T15:35:26","slug":"hermle-c30u-bab-zentrum-_2004_intnr231358","status":"publish","type":"product","link":"https:\/\/mueller-wrh.de\/fr\/produit\/hermle-c30u-bab-zentrum-_2004_intnr231358\/","title":{"rendered":"Hermle C30U, ann\u00e9e 2004_IntNr231358"},"content":{"rendered":"<p><b>Emplacement :<\/b> Allemagne, Baden-W\u00fcrttemberg S\u00fcdwest<\/p>\n<p><b>\u00e9tat :<\/b> Occasion<\/p>\n<p><b>fabricant :<\/b> Hermle<\/p>\n<p><b>mod\u00e8le :<\/b> C30 U<\/p>\n<p><b>Ann\u00e9e de construction :<\/b> 2004<\/p>\n<p>Commande num\u00e9rique iTNC 530 Heidenhain<br \/>\nEx\u00e9cution du programme ON : heures : 49.000<br \/>\nBroche EIN heures : 42.300<br \/>\nAxes en mouvement : 45.000<br \/>\nCourse x 650 mm<br \/>\nCourse en y 600mm<br \/>\nCourse en z 500 mm<br \/>\nBroche principale :<br \/>\nvitesse de rotation max. 18.000 tr\/min<br \/>\nRefroidissement interne (IKZ)<br \/>\nBrouillage ext\u00e9rieur (AKZ)<br \/>\nPuissance d'entra\u00eenement - broche principale 19 kW<br \/>\nPorte-outil SK 40<br \/>\nTable ronde pivotante :<br \/>\nDiam\u00e8tre de la table ronde 280 mm<br \/>\nPlage de pivotement A : -30 \/ + 115 \u00b0.<br \/>\npivotant C : 360<br \/>\ncharge max. de la table env. 1.000 kg<br \/>\nVitesse de rotation A : 25 \/ C : 65 tr\/min<br \/>\nChangeur d'outils :<br \/>\nNombre d'emplacements d'outils 32 pos.<br \/>\nNombre d'emplacements d'outils Magasin 88 pos.<br \/>\nPorte-outil SK 40<br \/>\ndiam\u00e8tre max. de l'outil 80 mm<br \/>\npassage d'outil max. avec bo\u00eete voisine libre. 125 mm<br \/>\nlongueur max. de l'outil 300 mm<br \/>\npoids max. de l'outil 8,0 kg<br \/>\nAvances :<br \/>\nAvance rapide ( X \/ Y \/ Z ) 45 m\/min<br \/>\nCapacit\u00e9 de r\u00e9solution du syst\u00e8me de mesure 0,0001 mm<br \/>\nPuissance totale requise 41 kVA<br \/>\nPoids de la machine env. 9,5 t<\/p>\n<p>Accessoires :<br \/>\ndocumentation compl\u00e8te<br \/>\nConvoyeur \u00e0 copeaux<br \/>\nDispositif d'arrosage<br \/>\narrosage interne<br \/>\nUnit\u00e9 hydraulique<br \/>\nTable circulaire pivotante NC<br \/>\nChangeur d'outils 2 x 80 positions<br \/>\nvolant \u00e9lectrique<br \/>\nPalpeur de mesure Renishaw<br \/>\n20 porte-outils<\/p>\n<p>La machine peut \u00eatre visit\u00e9e sur rendez-vous.<br \/>\nSous r\u00e9serve de modifications et d'erreurs dans les donn\u00e9es techniques et les indications ainsi que de vente interm\u00e9diaire !<\/p>\n<p>iTNC 530 Heidenhain control<br \/>\nEx\u00e9cution du programme ON : heures : 49.000<br \/>\nHeures de broche ON : 42.300<br \/>\nAxes en mouvement : 45,000<br \/>\nx-path 650 mm<br \/>\ny-path 600 mm<br \/>\nz-path 500 mm<br \/>\nBroche principale :<br \/>\nvitesse max. 18,000 rpm<br \/>\nRefroidissement interne (IKZ)<br \/>\nRefroidissement externe (AKZ)<br \/>\nPuissance d'entra\u00eenement - broche principale 19 kW<br \/>\nPorte-outils SK 40<br \/>\nTable tournante pivotante :<br \/>\ndiam\u00e8tre de la table rotative 280 mm<br \/>\nGamme de pivotement A : -30 \/ + 115 \u00b0.<br \/>\npivotement C : 360<br \/>\nCharge max. de la table environ 1,000 kg<br \/>\nVitesse A : 25 \/ C : 65 rpm<br \/>\nChanger d'outil :<br \/>\nNombre de positions d'outils 32 pos.<br \/>\nNombre de positions d'outils Magazine 88 pos.<br \/>\nPorte-outils SK 40<br \/>\nDiam\u00e8tre max. de l'outil 80 mm<br \/>\nDiam\u00e8tre max. de l'outil avec bo\u00eetier de raccordement libre 125 mm<br \/>\nLongueur max. de l'outil 300 mm<br \/>\npoids max. de l'outil 8.0 kg<br \/>\nTaux d'alimentation :<br \/>\nTraverse rapide ( X \/ Y \/ Z ) 45 m\/min<br \/>\nR\u00e9solution du syst\u00e8me de mesure 0.0001 mm<br \/>\nPuissance totale requise 41 kVA<br \/>\nPoids de la machine environ 9,5 tonnes<br \/>\nEspace requis env. 3.5 x 3.5 x 3.5 m<\/p>\n<p>Accessoires :<br \/>\nDocumentation compl\u00e8te<br \/>\nConvoyeur \u00e0 puce<br \/>\nDispositif de refroidissement<br \/>\nAlimentation interne en r\u00e9frig\u00e9rant<br \/>\nUnit\u00e9 hydraulique<br \/>\nTable tournante pivotante NC<br \/>\ntool changer 2 x 80 positions<br \/>\nelectric handwheel<br \/>\n\u00c9chantillon de mesure Renishaw<br \/>\n20 porte-outils<\/p>\n<p>La machine peut \u00eatre inspect\u00e9e sur rendez-vous.<br \/>\nSous r\u00e9serve de modifications et d'erreurs dans les donn\u00e9es techniques et les informations ainsi que de vente ant\u00e9rieure !<\/p>","protected":false},"excerpt":{"rendered":"<p>Standort: Deutschland, Baden-W\u00fcrttemberg S\u00fcdwest Zustand: Gebraucht Hersteller: Hermle Modell: C30 U Baujahr: 2004 Steuerung iTNC 530 Heidenhain Programlauf EIN: Stunden: 49.000 Spindel EIN Stunden: 42.300 Achsen in Bewegung: 45.000 x-Weg 650 mm y-Weg 600mm z-Weg 500 mm Hauptspindel: Drehzahl max. 18.000 U\/min Innenkuehlung (IKZ) Aussenkuelung (AKZ) Antriebsleistung &#8211; Hauptspindel 19 kW Werkzeugaufnahme SK 40 Schwenk-Rundtisch: [&hellip;]<\/p>\n","protected":false},"featured_media":4403,"comment_status":"open","ping_status":"closed","template":"","meta":{"_uf_show_specific_survey":0,"_uf_disable_surveys":false},"product_brand":[],"product_cat":[21],"product_tag":[],"class_list":{"0":"post-3975","1":"product","2":"type-product","3":"status-publish","4":"has-post-thumbnail","6":"product_cat-cnc-bearbeitungszentrum","8":"first","9":"instock","10":"taxable","11":"shipping-taxable","12":"product-type-simple"},"aioseo_notices":[],"_links":{"self":[{"href":"https:\/\/mueller-wrh.de\/fr\/wp-json\/wp\/v2\/product\/3975","targetHints":{"allow":["GET"]}}],"collection":[{"href":"https:\/\/mueller-wrh.de\/fr\/wp-json\/wp\/v2\/product"}],"about":[{"href":"https:\/\/mueller-wrh.de\/fr\/wp-json\/wp\/v2\/types\/product"}],"replies":[{"embeddable":true,"href":"https:\/\/mueller-wrh.de\/fr\/wp-json\/wp\/v2\/comments?post=3975"}],"wp:featuredmedia":[{"embeddable":true,"href":"https:\/\/mueller-wrh.de\/fr\/wp-json\/wp\/v2\/media\/4403"}],"wp:attachment":[{"href":"https:\/\/mueller-wrh.de\/fr\/wp-json\/wp\/v2\/media?parent=3975"}],"wp:term":[{"taxonomy":"product_brand","embeddable":true,"href":"https:\/\/mueller-wrh.de\/fr\/wp-json\/wp\/v2\/product_brand?post=3975"},{"taxonomy":"product_cat","embeddable":true,"href":"https:\/\/mueller-wrh.de\/fr\/wp-json\/wp\/v2\/product_cat?post=3975"},{"taxonomy":"product_tag","embeddable":true,"href":"https:\/\/mueller-wrh.de\/fr\/wp-json\/wp\/v2\/product_tag?post=3975"}],"curies":[{"name":"wp","href":"https:\/\/api.w.org\/{rel}","templated":true}]}}