{"id":3572,"date":"2025-07-01T15:31:11","date_gmt":"2025-07-01T15:31:11","guid":{"rendered":"https:\/\/mueller-wrh.de\/produkt\/fmb-lademagazin-_schaltschrank-mit-inhalt_intnr231331\/"},"modified":"2025-07-01T15:31:11","modified_gmt":"2025-07-01T15:31:11","slug":"fmb-lademagazin-_schaltschrank-mit-inhalt_intnr231331","status":"publish","type":"product","link":"https:\/\/mueller-wrh.de\/fr\/produit\/fmb-lademagazin-_schaltschrank-mit-inhalt_intnr231331\/","title":{"rendered":"Magasin de chargement FMB _Armoire de commande avec contenu_IntNr231331"},"content":{"rendered":"<p><b>Emplacement :<\/b> Allemagne, Baden-W\u00fcrttemberg S\u00fcdwest<\/p>\n<p><b>\u00e9tat :<\/b> Occasion<\/p>\n<p><b>fabricant :<\/b> FMB<\/p>\n<p><b>Ann\u00e9e de construction :<\/b> 2001<\/p>\n<p>Magasin de chargement FMB - Armoire de commande avec contenu<br \/>\n\u00c9tat : Occasion | Vente possible de composants individuels<\/p>\n<p>Nous proposons \u00e0 la vente une armoire de commande d'occasion FMB avec toute la technique install\u00e9e, comme on peut le voir sur les photos.<br \/>\n? Contenu de la livraison (comme visible sur les photos) :<br \/>\nArmoire \u00e9lectrique, y compris c\u00e2blage complet &amp; commande<br \/>\nComposants de commande (par ex. Siemens S5\/S7, relais, bornes, blocs d'alimentation, le cas \u00e9ch\u00e9ant, convertisseur de fr\u00e9quence)<br \/>\nPossibilit\u00e9 de vendre des composants individuels (par exemple, API, panneau, bloc d'alimentation, relais, etc.)<br \/>\nFabricant : FMB Maschinenbaugesellschaft mbH<br \/>\nType : chargeur \/ ravitailleur de barres<br \/>\nAlimentation \u00e9lectrique : standard 230\/400 V (selon la commande)<br \/>\n\u00c9tat : utilis\u00e9, non test\u00e9, comme illustr\u00e9<br \/>\nDocumentation : Documents disponibles<br \/>\nSous r\u00e9serve de modifications et d'erreurs dans les donn\u00e9es techniques et les indications ainsi que de vente interm\u00e9diaire !<\/p>\n<p>FMB loading magazine - switch cabinet with contents<br \/>\nCondition : Used | Sale of individual components also possible<\/p>\n<p>En vente, un cabinet de contr\u00f4le de magazine de chargement FMB utilis\u00e9, y compris la technologie enti\u00e8rement install\u00e9e, comme indiqu\u00e9 sur les photos.<br \/>\n? Port\u00e9e de la livraison (comme visible sur les photos) :<br \/>\nCoffret de commande avec c\u00e2blage et commande complets<br \/>\nComposants de commande (par ex. Siemens S5\/S7, relais, terminaux, unit\u00e9s d'alimentation \u00e9lectrique, variateur de fr\u00e9quence si applicable)<br \/>\nDes composants individuels peuvent \u00e9galement \u00eatre vendus (par ex. PLC, panneau, unit\u00e9 d'alimentation, relais, etc.) )<br \/>\nFabricant : FMB Maschinenbaugesellschaft mbH<br \/>\nType : Magasin de chargement \/ magasin de chargement de barres<br \/>\nAlimentation \u00e9lectrique : Standard 230\/400 V (selon le syst\u00e8me de contr\u00f4le)<br \/>\nCondition : Used, untested, as shown<br \/>\nDocumentation : Documents disponibles<br \/>\nSous r\u00e9serve de modifications et d'erreurs dans les donn\u00e9es techniques et les sp\u00e9cifications ainsi que de vente pr\u00e9alable !<\/p>","protected":false},"excerpt":{"rendered":"<p>Standort: Deutschland, Baden-W\u00fcrttemberg S\u00fcdwest Zustand: Gebraucht Hersteller: FMB Baujahr: 2001 FMB Lademagazin \u2013 Schaltschrank mit Inhalt Zustand: Gebraucht | Verkauf auch einzelner Komponenten m\u00f6glich Zum Verkauf steht ein gebrauchter FMB Lademagazin Schaltschrank samt vollst\u00e4ndig verbauter Technik, wie auf den Bildern ersichtlich. ? Lieferumfang (wie auf Bildern sichtbar): Schaltschrank inkl. kompletter Verkabelung &amp; Steuerung Steuerungskomponenten (z.\u202fB. [&hellip;]<\/p>\n","protected":false},"featured_media":3567,"comment_status":"open","ping_status":"closed","template":"","meta":{"_uf_show_specific_survey":0,"_uf_disable_surveys":false},"product_brand":[],"product_cat":[105],"product_tag":[],"class_list":{"0":"post-3572","1":"product","2":"type-product","3":"status-publish","4":"has-post-thumbnail","6":"product_cat-zubehoer-sonstiges","8":"first","9":"instock","10":"taxable","11":"shipping-taxable","12":"product-type-simple"},"aioseo_notices":[],"_links":{"self":[{"href":"https:\/\/mueller-wrh.de\/fr\/wp-json\/wp\/v2\/product\/3572","targetHints":{"allow":["GET"]}}],"collection":[{"href":"https:\/\/mueller-wrh.de\/fr\/wp-json\/wp\/v2\/product"}],"about":[{"href":"https:\/\/mueller-wrh.de\/fr\/wp-json\/wp\/v2\/types\/product"}],"replies":[{"embeddable":true,"href":"https:\/\/mueller-wrh.de\/fr\/wp-json\/wp\/v2\/comments?post=3572"}],"wp:featuredmedia":[{"embeddable":true,"href":"https:\/\/mueller-wrh.de\/fr\/wp-json\/wp\/v2\/media\/3567"}],"wp:attachment":[{"href":"https:\/\/mueller-wrh.de\/fr\/wp-json\/wp\/v2\/media?parent=3572"}],"wp:term":[{"taxonomy":"product_brand","embeddable":true,"href":"https:\/\/mueller-wrh.de\/fr\/wp-json\/wp\/v2\/product_brand?post=3572"},{"taxonomy":"product_cat","embeddable":true,"href":"https:\/\/mueller-wrh.de\/fr\/wp-json\/wp\/v2\/product_cat?post=3572"},{"taxonomy":"product_tag","embeddable":true,"href":"https:\/\/mueller-wrh.de\/fr\/wp-json\/wp\/v2\/product_tag?post=3572"}],"curies":[{"name":"wp","href":"https:\/\/api.w.org\/{rel}","templated":true}]}}