{"id":3566,"date":"2025-07-01T15:09:06","date_gmt":"2025-07-01T15:09:06","guid":{"rendered":"https:\/\/mueller-wrh.de\/produkt\/fmb-lademagazin-bedientableau-pcs090-auch-plus-2001_intnr231330\/"},"modified":"2025-07-01T15:09:06","modified_gmt":"2025-07-01T15:09:06","slug":"fmb-lademagazin-bedientableau-pcs090-auch-plus-2001_intnr231330","status":"publish","type":"product","link":"https:\/\/mueller-wrh.de\/fr\/produit\/fmb-lademagazin-bedientableau-pcs090-auch-plus-2001_intnr231330\/","title":{"rendered":"FMB Magasin de chargement Tableau de commande PCS090 aussi Plus 2001_IntNr231330"},"content":{"rendered":"<p><b>Emplacement :<\/b> Allemagne, Baden-W\u00fcrttemberg S\u00fcdwest<\/p>\n<p><b>\u00e9tat :<\/b> Occasion<\/p>\n<p><b>fabricant :<\/b> FMB<\/p>\n<p><b>mod\u00e8le :<\/b> PCS090<\/p>\n<p><b>Ann\u00e9e de construction :<\/b> 2001<\/p>\n<p>Pupitre de commande PCS090 aussi Plus pour chargeur FMB<br \/>\nPeut \u00eatre visit\u00e9 sur rendez-vous.<br \/>\nSous r\u00e9serve de modifications et d'erreurs dans les donn\u00e9es techniques et les indications ainsi que de vente interm\u00e9diaire !<\/p>\n<p>Control panel PCS090 also Plus for FMB loading magazine<br \/>\nPeut \u00eatre consult\u00e9 sur rendez-vous.<br \/>\nSous r\u00e9serve de modifications et d'erreurs dans les donn\u00e9es et informations techniques ainsi que de vente pr\u00e9alable !<\/p>","protected":false},"excerpt":{"rendered":"<p>Standort: Deutschland, Baden-W\u00fcrttemberg S\u00fcdwest Zustand: Gebraucht Hersteller: FMB Modell: PCS090 Baujahr: 2001 Bedientableau PCS090 auch Plus f\u00fcr FMB Lademagazin Kann nach Terminvereinbarung besichtigt werden. \u00c4nderungen und Irrt\u00fcmer in den technischen Daten und Angaben sowie Zwischenverkauf vorbehalten! Control panel PCS090 also Plus for FMB loading magazine Can be viewed by appointment. Subject to changes and errors [&hellip;]<\/p>\n","protected":false},"featured_media":3564,"comment_status":"open","ping_status":"closed","template":"","meta":{"_uf_show_specific_survey":0,"_uf_disable_surveys":false},"product_brand":[],"product_cat":[105],"product_tag":[],"class_list":{"0":"post-3566","1":"product","2":"type-product","3":"status-publish","4":"has-post-thumbnail","6":"product_cat-zubehoer-sonstiges","8":"first","9":"instock","10":"taxable","11":"shipping-taxable","12":"product-type-simple"},"aioseo_notices":[],"_links":{"self":[{"href":"https:\/\/mueller-wrh.de\/fr\/wp-json\/wp\/v2\/product\/3566","targetHints":{"allow":["GET"]}}],"collection":[{"href":"https:\/\/mueller-wrh.de\/fr\/wp-json\/wp\/v2\/product"}],"about":[{"href":"https:\/\/mueller-wrh.de\/fr\/wp-json\/wp\/v2\/types\/product"}],"replies":[{"embeddable":true,"href":"https:\/\/mueller-wrh.de\/fr\/wp-json\/wp\/v2\/comments?post=3566"}],"wp:featuredmedia":[{"embeddable":true,"href":"https:\/\/mueller-wrh.de\/fr\/wp-json\/wp\/v2\/media\/3564"}],"wp:attachment":[{"href":"https:\/\/mueller-wrh.de\/fr\/wp-json\/wp\/v2\/media?parent=3566"}],"wp:term":[{"taxonomy":"product_brand","embeddable":true,"href":"https:\/\/mueller-wrh.de\/fr\/wp-json\/wp\/v2\/product_brand?post=3566"},{"taxonomy":"product_cat","embeddable":true,"href":"https:\/\/mueller-wrh.de\/fr\/wp-json\/wp\/v2\/product_cat?post=3566"},{"taxonomy":"product_tag","embeddable":true,"href":"https:\/\/mueller-wrh.de\/fr\/wp-json\/wp\/v2\/product_tag?post=3566"}],"curies":[{"name":"wp","href":"https:\/\/api.w.org\/{rel}","templated":true}]}}