{"id":3560,"date":"2025-07-01T14:48:52","date_gmt":"2025-07-01T14:48:52","guid":{"rendered":"https:\/\/mueller-wrh.de\/produkt\/siemens-motor_1fk6083-6af71-1eh2-intnr231329\/"},"modified":"2025-07-01T14:48:52","modified_gmt":"2025-07-01T14:48:52","slug":"siemens-motor_1fk6083-6af71-1eh2-intnr231329","status":"publish","type":"product","link":"https:\/\/mueller-wrh.de\/fr\/produit\/siemens-motor_1fk6083-6af71-1eh2-intnr231329\/","title":{"rendered":"Siemens Moteur_1FK6083-6AF71-1EH2 IntNr231329"},"content":{"rendered":"<p><b>Emplacement :<\/b> Allemagne, Baden-W\u00fcrttemberg S\u00fcdwest<\/p>\n<p><b>\u00e9tat :<\/b> Occasion<\/p>\n<p><b>fabricant :<\/b> Siemens<\/p>\n<p><b>mod\u00e8le :<\/b> SV-Motor<\/p>\n<p><b>Ann\u00e9e de construction :<\/b> 2004<\/p>\n<p><b>heures de fonctionnement :<\/b> 0<\/p>\n<p>Donn\u00e9es techniques<br \/>\nType : Servomoteur synchrone, s\u00e9rie 1FK6, 6 p\u00f4les<br \/>\nCouple nominal : 16 Nm<br \/>\nVitesse nominale : 3000 tr\/min (\u00e0 100 Hz)<br \/>\nRefroidissement : Auto-refroidi, forme de construction IM B5 (V1, V3)<br \/>\nRaccordement : connecteur de puissance et de signal, pivotant \u00e0 270\u00b0.<br \/>\nEncodeur : encodeur absolu EnDat 2048 S\/R (encodeur A-2048)<br \/>\nArbre : Arbre lisse, classe de tol\u00e9rance N, avec frein de maintien<br \/>\nDegr\u00e9 de protection : IP65, bride DE suppl\u00e9mentaire IP67<br \/>\npoids : environ 18,4 kg<br \/>\nNum\u00e9ro de tarif douanier : 85015220<br \/>\nRaccordement standard par syst\u00e8mes Siemens Sinamics \/ Simodrive habituel.<br \/>\nOrigine : Allemagne<br \/>\nNorme : Conforme \u00e0 la directive sur les machines 2006\/42\/CE<br \/>\nLe moteur peut \u00eatre visit\u00e9 sur rendez-vous.<br \/>\nSous r\u00e9serve de modifications et d'erreurs dans les donn\u00e9es techniques et les indications ainsi que de vente interm\u00e9diaire !<\/p>\n<p>Donn\u00e9es techniques<br \/>\nType : Servomoteur synchrone, s\u00e9rie 1FK6, 6 p\u00f4les<br \/>\nCouple nominal : 16 Nm<br \/>\nVitesse nominale : 3000 rpm (\u00e0 100 Hz)<br \/>\nRefroidissement : Auto-cool\u00e9, conception IM B5 (V1, V3)<br \/>\nConnexion : connecteur d'alimentation et de signal, peut \u00eatre tourn\u00e9 jusqu'\u00e0 270\u00b0.<br \/>\nCodeur : EnDat 2048 S\/R absolute encoder (A-2048 encoder)<br \/>\nArbre : Arbre lisse, tol\u00e9rance classe N, avec frein de retenue<br \/>\nClasse de protection : IP65, bride DE suppl\u00e9mentaire IP67<br \/>\nPoids : env. 18,4 kg<br \/>\nNum\u00e9ro de tarif douanier : 85015220<br \/>\nConnexion standard par Siemens Sinamics \/ Simodrive systems usual.<br \/>\nOrigine : Allemagne<br \/>\nStandard : Machinery Directive 2006\/42\/EC compliant<br \/>\nLe moteur peut \u00eatre inspect\u00e9 sur rendez-vous.<br \/>\nSous r\u00e9serve de modifications et d'erreurs dans les donn\u00e9es techniques et les informations ainsi que de vente ant\u00e9rieure !<\/p>","protected":false},"excerpt":{"rendered":"<p>Standort: Deutschland, Baden-W\u00fcrttemberg S\u00fcdwest Zustand: Gebraucht Hersteller: Siemens Modell: SV-Motor Baujahr: 2004 Betriebsstunden: 0 Technische Daten Typ: Synchronsservomotor, Baureihe 1FK6, 6\u2011polig Nenndrehmoment: 16\u202fNm Nenndrehzahl: 3000\u202fU\/min (bei 100\u202fHz) K\u00fchlung: Selbstgek\u00fchlt, Bauform IM\u202fB5 (V1, V3) Anschluss: Leistungs\u2011 und Signalstecker, um 270\u00b0 drehbar Encoder: Absolutwertgeber EnDat\u202f2048\u202fS\/R (Encoder A\u20112048) Welle: Glatte Welle, Toleranzklasse N, mit Haltebremse Schutzart: IP65, zus\u00e4tzlich [&hellip;]<\/p>\n","protected":false},"featured_media":3557,"comment_status":"open","ping_status":"closed","template":"","meta":{"_uf_show_specific_survey":0,"_uf_disable_surveys":false},"product_brand":[],"product_cat":[87],"product_tag":[],"class_list":{"0":"post-3560","1":"product","2":"type-product","3":"status-publish","4":"has-post-thumbnail","6":"product_cat-servomotoren","8":"first","9":"instock","10":"taxable","11":"shipping-taxable","12":"product-type-simple"},"aioseo_notices":[],"_links":{"self":[{"href":"https:\/\/mueller-wrh.de\/fr\/wp-json\/wp\/v2\/product\/3560","targetHints":{"allow":["GET"]}}],"collection":[{"href":"https:\/\/mueller-wrh.de\/fr\/wp-json\/wp\/v2\/product"}],"about":[{"href":"https:\/\/mueller-wrh.de\/fr\/wp-json\/wp\/v2\/types\/product"}],"replies":[{"embeddable":true,"href":"https:\/\/mueller-wrh.de\/fr\/wp-json\/wp\/v2\/comments?post=3560"}],"wp:featuredmedia":[{"embeddable":true,"href":"https:\/\/mueller-wrh.de\/fr\/wp-json\/wp\/v2\/media\/3557"}],"wp:attachment":[{"href":"https:\/\/mueller-wrh.de\/fr\/wp-json\/wp\/v2\/media?parent=3560"}],"wp:term":[{"taxonomy":"product_brand","embeddable":true,"href":"https:\/\/mueller-wrh.de\/fr\/wp-json\/wp\/v2\/product_brand?post=3560"},{"taxonomy":"product_cat","embeddable":true,"href":"https:\/\/mueller-wrh.de\/fr\/wp-json\/wp\/v2\/product_cat?post=3560"},{"taxonomy":"product_tag","embeddable":true,"href":"https:\/\/mueller-wrh.de\/fr\/wp-json\/wp\/v2\/product_tag?post=3560"}],"curies":[{"name":"wp","href":"https:\/\/api.w.org\/{rel}","templated":true}]}}