{"id":3556,"date":"2025-07-01T14:38:07","date_gmt":"2025-07-01T14:38:07","guid":{"rendered":"https:\/\/mueller-wrh.de\/produkt\/siemens-motor_1fk6063-6af71-1eh2-intnr231328\/"},"modified":"2025-07-01T14:38:07","modified_gmt":"2025-07-01T14:38:07","slug":"siemens-motor_1fk6063-6af71-1eh2-intnr231328","status":"publish","type":"product","link":"https:\/\/mueller-wrh.de\/fr\/produit\/siemens-motor_1fk6063-6af71-1eh2-intnr231328\/","title":{"rendered":"Siemens Moteur_1FK6063-6AF71-1EH2 IntNr231328"},"content":{"rendered":"<p><b>Emplacement :<\/b> Allemagne, Baden-W\u00fcrttemberg S\u00fcdwest<\/p>\n<p><b>\u00e9tat :<\/b> Occasion<\/p>\n<p><b>fabricant :<\/b> Siemens<\/p>\n<p><b>mod\u00e8le :<\/b> SV-Motor<\/p>\n<p><b>Ann\u00e9e de construction :<\/b> 2004<\/p>\n<p><b>heures de fonctionnement :<\/b> 0<\/p>\n<p>Siemens SV_Motor_A06B-0866-B380 AC Moteur de broche<br \/>\nDonn\u00e9es techniques<br \/>\nType : Servomoteur synchrone, mod\u00e8le 1FK6, 6 p\u00f4les<br \/>\nCouple nominal : 11 Nm<br \/>\nVitesse nominale : 3000 tr\/min (100 Hz)<br \/>\nRefroidissement : refroidissement naturel, forme de construction IM B5 (V1, V3)<br \/>\nConnexion : connecteur de puissance\/signal, pivotant sur 270<br \/>\nEncodeur : encodeur absolu EnDat 2048 S\/R (encodeur A-2048)<br \/>\nArbre : Lisse, classe de tol\u00e9rance N, avec frein d'arr\u00eat int\u00e9gr\u00e9<br \/>\nIndice de protection : IP65, IP67 suppl\u00e9mentaire sur la bride de l'arbre (DE)<br \/>\npoids : environ 14,6 kg<br \/>\nForme\/bride : bride DE compatible avec IP67<br \/>\nOrigine : Allemagne<br \/>\nNorme : Conforme \u00e0 la directive sur les machines 2006\/42\/CE<br \/>\nLe moteur peut \u00eatre visit\u00e9 sur rendez-vous.<br \/>\nSous r\u00e9serve de modifications et d'erreurs dans les donn\u00e9es techniques et les indications ainsi que de vente interm\u00e9diaire !<\/p>\n<p>Donn\u00e9es techniques<br \/>\nType : Servomoteur synchrone, mod\u00e8le 1FK6, 6 p\u00f4les<br \/>\nCouple nominal : 11 Nm<br \/>\nVitesse nominale : 3000 rpm (100 Hz)<br \/>\nRefroidissement : refroidissement naturel, conception IM B5 (V1, V3)<br \/>\nConnexion : connecteur d'alimentation\/signal, rotatif sur 270\u00b0.<br \/>\nCodeur : EnDat 2048 S\/R absolute encoder (encoder A-2048)<br \/>\nArbre : Smooth, tol\u00e9rance classe N, avec frein de retenue int\u00e9gr\u00e9<br \/>\nClasse de protection : IP65, sur la bride de l'arbre (DE) en plus IP67<br \/>\nPoids : environ 14,6 kg<br \/>\nDesign\/flange : DE flange compatible avec IP67<br \/>\nOrigine : Allemagne<br \/>\nStandard : Machinery Directive 2006\/42\/EC compliant<\/p>\n<p>Le moteur peut \u00eatre inspect\u00e9 sur rendez-vous.<br \/>\nSous r\u00e9serve de modifications et d'erreurs dans les donn\u00e9es et informations techniques ainsi que de vente pr\u00e9alable !<\/p>\n<p>Translated with DeepL.com (free version)<\/p>","protected":false},"excerpt":{"rendered":"<p>Standort: Deutschland, Baden-W\u00fcrttemberg S\u00fcdwest Zustand: Gebraucht Hersteller: Siemens Modell: SV-Motor Baujahr: 2004 Betriebsstunden: 0 Siemens SV_Motor_A06B-0866-B380 AC Spindel Motor Technische Daten Typ: Synchronsservomotor, Modell 1FK6, 6\u2011polig Nenndrehmoment: 11\u202fNm Nenndrehzahl: 3000\u202fU\/min (100\u202fHz) K\u00fchlung: Nat\u00fcrlich gek\u00fchlt, Bauform IM\u202fB5 (V1, V3) Anschluss: Leistungs-\/Signalstecker, drehbar um 270\u00b0 Encoder: Absolutwertgeber EnDat 2048 S\/R (Encoder A\u20112048) Welle: Glatt, Toleranzklasse N, mit [&hellip;]<\/p>\n","protected":false},"featured_media":3555,"comment_status":"open","ping_status":"closed","template":"","meta":{"_uf_show_specific_survey":0,"_uf_disable_surveys":false},"product_brand":[],"product_cat":[87],"product_tag":[],"class_list":{"0":"post-3556","1":"product","2":"type-product","3":"status-publish","4":"has-post-thumbnail","6":"product_cat-servomotoren","8":"first","9":"instock","10":"taxable","11":"shipping-taxable","12":"product-type-simple"},"aioseo_notices":[],"_links":{"self":[{"href":"https:\/\/mueller-wrh.de\/fr\/wp-json\/wp\/v2\/product\/3556","targetHints":{"allow":["GET"]}}],"collection":[{"href":"https:\/\/mueller-wrh.de\/fr\/wp-json\/wp\/v2\/product"}],"about":[{"href":"https:\/\/mueller-wrh.de\/fr\/wp-json\/wp\/v2\/types\/product"}],"replies":[{"embeddable":true,"href":"https:\/\/mueller-wrh.de\/fr\/wp-json\/wp\/v2\/comments?post=3556"}],"wp:featuredmedia":[{"embeddable":true,"href":"https:\/\/mueller-wrh.de\/fr\/wp-json\/wp\/v2\/media\/3555"}],"wp:attachment":[{"href":"https:\/\/mueller-wrh.de\/fr\/wp-json\/wp\/v2\/media?parent=3556"}],"wp:term":[{"taxonomy":"product_brand","embeddable":true,"href":"https:\/\/mueller-wrh.de\/fr\/wp-json\/wp\/v2\/product_brand?post=3556"},{"taxonomy":"product_cat","embeddable":true,"href":"https:\/\/mueller-wrh.de\/fr\/wp-json\/wp\/v2\/product_cat?post=3556"},{"taxonomy":"product_tag","embeddable":true,"href":"https:\/\/mueller-wrh.de\/fr\/wp-json\/wp\/v2\/product_tag?post=3556"}],"curies":[{"name":"wp","href":"https:\/\/api.w.org\/{rel}","templated":true}]}}