{"id":3533,"date":"2025-06-25T08:33:07","date_gmt":"2025-06-25T08:33:07","guid":{"rendered":"https:\/\/mueller-wrh.de\/produkt\/gebr-lns_fox-ifs_absolute_ws-500_bj-2012_oel-nebel-absauganlage-_intnr231316\/"},"modified":"2025-09-03T15:38:54","modified_gmt":"2025-09-03T15:38:54","slug":"gebr-lns_fox-ifs_absolute_ws-500_bj-2012_oel-nebel-absauganlage-_intnr231316","status":"publish","type":"product","link":"https:\/\/mueller-wrh.de\/fr\/produit\/gebr-lns_fox-ifs_absolute_ws-500_bj-2012_oel-nebel-absauganlage-_intnr231316\/","title":{"rendered":"LNS_FOX IFS_ABSOLUTE_WS 500_ann\u00e9e 2012_installation d'aspiration de brouillard d'huile _IntNr231316"},"content":{"rendered":"<p><b>Emplacement :<\/b> Allemagne, Baden-W\u00fcrttemberg S\u00fcdwest<\/p>\n<p><b>\u00e9tat :<\/b> Occasion<\/p>\n<p><b>fabricant :<\/b> LNS<\/p>\n<p><b>mod\u00e8le :<\/b> WS 500<\/p>\n<p><b>Ann\u00e9e de construction :<\/b> 2012<\/p>\n<p>Donn\u00e9es techniques - LNS FOX IFS WS 500 d'occasion<br \/>\nCaract\u00e9ristique Sp\u00e9cification<br \/>\nMod\u00e8le FOX IFS WS 500<br \/>\nAnn\u00e9e de construction 2012<br \/>\nd\u00e9bit d'environ 500 m\u00b3\/h<br \/>\npuissance du moteur env. 0,37 kW<br \/>\nTension 400 V \/ 50 Hz (typique)<br \/>\npoids environ 35 kg<br \/>\nDimensions env. 465 \u00d7 500 \u00d7 1 145 mm (LxPxH)<br \/>\nNiveaux de filtration 1. pr\u00e9filtre F52. S\u00e9parateur centrifuge3. Post-filtre F5 (HEPA H13 en option)<br \/>\nEfficacit\u00e9 de filtration 99 % pour \u2265 1-2 \u00b5m (F9), HEPA en option 99,95 % pour \u2265 0,1 \u00b5m<br \/>\nNiveau sonore d'environ 65 dB (WS2 mod. similaire)<br \/>\nAccessoires &amp; caract\u00e9ristiques<br \/>\n- Design compact pour un montage directement sur ou \u00e0 c\u00f4t\u00e9 des machines CNC<br \/>\n- Statiff pour l'aspiration<br \/>\n- Trois \u00e9tapes de nettoyage pour une s\u00e9paration efficace de l'huile et du brouillard d'\u00e9mulsion<br \/>\n- Filtre \u00e0 cartouche pouvant \u00eatre \u00e9quip\u00e9 ult\u00e9rieurement d'un kit HEPA, au choix<br \/>\n- Entretien facile, fonctionnement silencieux et \u00e9l\u00e9ments filtrants \u00e0 longue dur\u00e9e de vie <\/p>\n<p>Sous r\u00e9serve de modifications et d'erreurs dans les donn\u00e9es techniques et les indications ainsi que de vente interm\u00e9diaire !<\/p>\n<p>Donn\u00e9es techniques - de marque LNS FOX IFS WS 500<br \/>\nSp\u00e9cification des caract\u00e9ristiques<br \/>\nMod\u00e8le FOX IFS WS 500<br \/>\nAnn\u00e9e de fabrication 2012<br \/>\nD\u00e9bit d'environ 500 m\u00b3\/h<br \/>\nPuissance du moteur env. 0,37 kW<br \/>\nVoltage 400 V \/ 50 Hz (typical)<br \/>\nPoids approx. 35 kg<br \/>\nDimensions approx. 465 \u00d7 500 \u00d7 1 145 mm (lxDxH)<br \/>\n\u00c9tapes de filtration 1. Pr\u00e9-filtre F52. S\u00e9parateur centrifuge3. Post-filtre F5 (HEPA H13 en option)<br \/>\nEfficacit\u00e9 de filtration 99 % \u00e0 \u2265 1-2 \u00b5m (F9), en option HEPA 99.95 % \u00e0 \u2265 0.1 \u00b5m<br \/>\nNiveau de bruit env. 65 dB (WS2 mod. similaire)<br \/>\nAccessoires &amp; caract\u00e9ristiques<br \/>\n- Design compact pour un montage direct sur ou \u00e0 c\u00f4t\u00e9 des machines CNC<br \/>\n- Statiff pour l'extraction<br \/>\n- Trois \u00e9tapes de nettoyage pour une s\u00e9paration efficace de l'huile et du brouillard d'\u00e9mulsion<br \/>\n- Le filtre \u00e0 cartouche peut \u00eatre mis \u00e0 jour en option avec le kit HEPA<br \/>\n- Entretien facile, fonctionnement peu bruyant et \u00e9l\u00e9ments filtrants durables <\/p>\n<p>Sous r\u00e9serve de modifications et d'erreurs dans les donn\u00e9es et informations techniques ainsi que de vente pr\u00e9alable !<\/p>","protected":false},"excerpt":{"rendered":"<p>Standort: Deutschland, Baden-W\u00fcrttemberg S\u00fcdwest Zustand: Gebraucht Hersteller: LNS Modell: WS 500 Baujahr: 2012 Technische Daten \u2013 gebr. LNS FOX IFS WS\u202f500 Merkmal Spezifikation Modell FOX IFS WS\u202f500 Baujahr 2012 F\u00f6rderleistung ca. 500\u202fm\u00b3\/h Motorleistung ca. 0,37\u202fkW Spannung 400\u202fV \/ 50\u202fHz (typisch) Gewicht ca. 35\u202fkg Abmessungen ca.\u202f465\u202f\u00d7\u202f500\u202f\u00d7\u202f1\u202f145\u202fmm (BxTxH) Filterstufen 1. Vorfilter F52. Zentrifugalabscheider3. Nachfilter F5 (optional HEPA [&hellip;]<\/p>\n","protected":false},"featured_media":3809,"comment_status":"open","ping_status":"closed","template":"","meta":{"_uf_show_specific_survey":0,"_uf_disable_surveys":false},"product_brand":[],"product_cat":[19],"product_tag":[],"class_list":{"0":"post-3533","1":"product","2":"type-product","3":"status-publish","4":"has-post-thumbnail","6":"product_cat-oel-emulsionsnebel-abzugsanlagen","8":"first","9":"instock","10":"taxable","11":"shipping-taxable","12":"purchasable","13":"product-type-simple"},"aioseo_notices":[],"_links":{"self":[{"href":"https:\/\/mueller-wrh.de\/fr\/wp-json\/wp\/v2\/product\/3533","targetHints":{"allow":["GET"]}}],"collection":[{"href":"https:\/\/mueller-wrh.de\/fr\/wp-json\/wp\/v2\/product"}],"about":[{"href":"https:\/\/mueller-wrh.de\/fr\/wp-json\/wp\/v2\/types\/product"}],"replies":[{"embeddable":true,"href":"https:\/\/mueller-wrh.de\/fr\/wp-json\/wp\/v2\/comments?post=3533"}],"wp:featuredmedia":[{"embeddable":true,"href":"https:\/\/mueller-wrh.de\/fr\/wp-json\/wp\/v2\/media\/3809"}],"wp:attachment":[{"href":"https:\/\/mueller-wrh.de\/fr\/wp-json\/wp\/v2\/media?parent=3533"}],"wp:term":[{"taxonomy":"product_brand","embeddable":true,"href":"https:\/\/mueller-wrh.de\/fr\/wp-json\/wp\/v2\/product_brand?post=3533"},{"taxonomy":"product_cat","embeddable":true,"href":"https:\/\/mueller-wrh.de\/fr\/wp-json\/wp\/v2\/product_cat?post=3533"},{"taxonomy":"product_tag","embeddable":true,"href":"https:\/\/mueller-wrh.de\/fr\/wp-json\/wp\/v2\/product_tag?post=3533"}],"curies":[{"name":"wp","href":"https:\/\/api.w.org\/{rel}","templated":true}]}}