{"id":3468,"date":"2025-05-13T12:39:02","date_gmt":"2025-05-13T12:39:02","guid":{"rendered":"https:\/\/mueller-wrh.de\/produkt\/smw-hfkn-d-165-45-a5-dreibacken-keilstangenfutter-three-jaw-wedge-bar-chuck-intnr231292\/"},"modified":"2025-05-13T12:39:02","modified_gmt":"2025-05-13T12:39:02","slug":"smw-hfkn-d-165-45-a5-dreibacken-keilstangenfutter-three-jaw-wedge-bar-chuck-intnr231292","status":"publish","type":"product","link":"https:\/\/mueller-wrh.de\/fr\/produit\/smw-hfkn-d-165-45-a5-dreibacken-keilstangenfutter-three-jaw-wedge-bar-chuck-intnr231292\/","title":{"rendered":"SMW HFKN-D 165\/45\/A5 Dreibacken - Mandrin \u00e0 clavette\/ Three-jaw wedge-bar chuck IntNr231292"},"content":{"rendered":"<p><b>Emplacement :<\/b> Allemagne, Baden-W\u00fcrttemberg S\u00fcdwest<\/p>\n<p><b>\u00e9tat :<\/b> Comme neuf<\/p>\n<p><b>mod\u00e8le :<\/b> SMW<\/p>\n<p>Description technique - SMW-Autoblok HFKN-D 165-45 A5<br \/>\nDescription : Mandrin \u00e0 clavette \u00e0 trois mors<br \/>\nFabricant : SMW-Autoblok<br \/>\nMod\u00e8le : HFKN-D 165-45 A5<br \/>\nEx\u00e9cution : Mandrin \u00e0 haute performance avec entra\u00eenement par tige cannel\u00e9e<\/p>\n<p>?\ufe0f Caract\u00e9ristiques techniques (typiques de ce mod\u00e8le) :<br \/>\n\u00d8 du mandrin : 165 mm<\/p>\n<p>Per\u00e7age central traversant (al\u00e9sage) : env. 45 mm<\/p>\n<p>Prise en charge : A5 (DIN 55026)<\/p>\n<p>Actionnement : Hydraulique (m\u00e9canisme \u00e0 biellettes)<\/p>\n<p>Nombre de m\u00e2choires : 3 (serrage centr\u00e9)<\/p>\n<p>Pression max. Force de serrage : selon la pression hydraulique, env. 45-60 kN<\/p>\n<p>Vitesse max. Vitesse de rotation : env. 5000 tr\/min<\/p>\n<p>Pr\u00e9cision de r\u00e9p\u00e9tition : typ. \u2264 0,01 mm<\/p>\n<p>type de m\u00e2choire : soft jaws standard ou hard jaws, possible selon l'\u00e9quipement<\/p>\n<p>Sous r\u00e9serve de modifications et d'erreurs dans les donn\u00e9es techniques et les indications ainsi que de vente interm\u00e9diaire !<\/p>\n<p>Used Technical Description - SMW-Autoblok HFKN-D 165-45 A5<br \/>\nDesign : Three-jaw wedge-bar power chuck<br \/>\nFabricant : SMW-Autoblok<br \/>\nMod\u00e8le : HFKN-D 165-45 A5<br \/>\nConception : Chariot de puissance haute performance avec actionnement par barre de flexion<\/p>\n<p>?\ufe0f Donn\u00e9es techniques (typique pour ce mod\u00e8le) :<br \/>\nDiam\u00e8tre du chuck : 165 mm<\/p>\n<p>Trou de passage central (bore) : env. 45 mm<\/p>\n<p>Interface de montage : A5 (DIN 55026)<\/p>\n<p>Actionnement : hydraulique (m\u00e9canisme \u00e0 barre de torsion)<\/p>\n<p>Nombre de dents : 3 (auto-centrage)<\/p>\n<p>Force de serrage maxi : env. 45-60 kN (selon la pression hydraulique)<\/p>\n<p>Vitesse maximale : environ 5000 rpm<\/p>\n<p>R\u00e9p\u00e9tabilit\u00e9 : typiquement \u2264 0.01 mm<\/p>\n<p>Type de m\u00e2choire : m\u00e2choires souples standard ou m\u00e2choires dures, en fonction de la configuration<\/p>\n<p>Sous r\u00e9serve de modifications techniques, d'erreurs et de vente pr\u00e9alable.<\/p>","protected":false},"excerpt":{"rendered":"<p>Standort: Deutschland, Baden-W\u00fcrttemberg S\u00fcdwest Zustand: Neuwertig Modell: SMW gebr. Technische Beschreibung \u2013 SMW-Autoblok HFKN-D 165-45 A5 Bezeichnung: Dreibacken-Keilstangenfutter Hersteller: SMW-Autoblok Modell: HFKN-D 165-45 A5 Ausf\u00fchrung: Hochleistungs-Kraftspannfutter mit Keilstangenantrieb ?\ufe0f Technische Daten (typisch f\u00fcr dieses Modell): Spannfutter-\u00d8: 165\u202fmm Zentrales Durchgangsbohrung (Bohrung): ca. 45\u202fmm Aufnahme: A5 (DIN 55026) Bet\u00e4tigung: Hydraulisch (Keilstangenmechanismus) Backenzahl: 3 (zentrisch spannend) Max. Spannkraft: [&hellip;]<\/p>\n","protected":false},"featured_media":3467,"comment_status":"open","ping_status":"closed","template":"","meta":{"_uf_show_specific_survey":0,"_uf_disable_surveys":false},"product_brand":[],"product_cat":[102],"product_tag":[],"class_list":{"0":"post-3468","1":"product","2":"type-product","3":"status-publish","4":"has-post-thumbnail","6":"product_cat-spannzangen","8":"first","9":"instock","10":"taxable","11":"shipping-taxable","12":"product-type-simple"},"aioseo_notices":[],"_links":{"self":[{"href":"https:\/\/mueller-wrh.de\/fr\/wp-json\/wp\/v2\/product\/3468","targetHints":{"allow":["GET"]}}],"collection":[{"href":"https:\/\/mueller-wrh.de\/fr\/wp-json\/wp\/v2\/product"}],"about":[{"href":"https:\/\/mueller-wrh.de\/fr\/wp-json\/wp\/v2\/types\/product"}],"replies":[{"embeddable":true,"href":"https:\/\/mueller-wrh.de\/fr\/wp-json\/wp\/v2\/comments?post=3468"}],"wp:featuredmedia":[{"embeddable":true,"href":"https:\/\/mueller-wrh.de\/fr\/wp-json\/wp\/v2\/media\/3467"}],"wp:attachment":[{"href":"https:\/\/mueller-wrh.de\/fr\/wp-json\/wp\/v2\/media?parent=3468"}],"wp:term":[{"taxonomy":"product_brand","embeddable":true,"href":"https:\/\/mueller-wrh.de\/fr\/wp-json\/wp\/v2\/product_brand?post=3468"},{"taxonomy":"product_cat","embeddable":true,"href":"https:\/\/mueller-wrh.de\/fr\/wp-json\/wp\/v2\/product_cat?post=3468"},{"taxonomy":"product_tag","embeddable":true,"href":"https:\/\/mueller-wrh.de\/fr\/wp-json\/wp\/v2\/product_tag?post=3468"}],"curies":[{"name":"wp","href":"https:\/\/api.w.org\/{rel}","templated":true}]}}