{"id":3436,"date":"2025-05-09T15:11:27","date_gmt":"2025-05-09T15:11:27","guid":{"rendered":"https:\/\/mueller-wrh.de\/produkt\/gebr-biglia-wkz-halter-angetr-used-toolholder-driven-oesterle-art-310-5526-e25-bi09-mit-ikz_intnr2312783\/"},"modified":"2025-05-09T15:11:27","modified_gmt":"2025-05-09T15:11:27","slug":"gebr-biglia-wkz-halter-angetr-used-toolholder-driven-oesterle-art-310-5526-e25-bi09-mit-ikz_intnr2312783","status":"publish","type":"product","link":"https:\/\/mueller-wrh.de\/fr\/produit\/gebr-biglia-wkz-halter-angetr-used-toolholder-driven-oesterle-art-310-5526-e25-bi09-mit-ikz_intnr2312783\/","title":{"rendered":"Porte-outils Biglia driven Oesterle Art. 310 5526 E25 BI09 avec IKZ_IntNr2312783"},"content":{"rendered":"<p><b>Emplacement :<\/b> Allemagne, Baden-W\u00fcrttemberg S\u00fcdwest<\/p>\n<p><b>\u00e9tat :<\/b> Occasion<\/p>\n<p><b>fabricant :<\/b> Oesterle<\/p>\n<p><b>mod\u00e8le :<\/b> 0077 avec IKZ<\/p>\n<p><b>Ann\u00e9e de construction :<\/b> 2015<\/p>\n<p>Porte-outils entra\u00een\u00e9s br\u00fbl\u00e9s avec IKZ<br \/>\nFabricant : Oesterle + Partner GbR \/ Allemagne<br \/>\nMachines compatibles<br \/>\nPorte-outils<br \/>\nT\u00eate de per\u00e7age et de fraisage<br \/>\n90 degr\u00e9s Biglia - BMT55<br \/>\nB 301 Y\/B301 YS<br \/>\nB 446 T2\/B 446 T3<br \/>\nB 545 M \/ S \/ SM \/ Y \/ YS<br \/>\nB 565 M \/ S \/ SM \/ Y \/ YS<br \/>\nB 620 - M \/ SM \/ Y \/ YS<br \/>\nB 650 - 658 M \/ SM \/ Y \/ YS<br \/>\nB750 M \/B750 SM \/B750 Y \/B750 YS - 12 fois<br \/>\nB750 M \/B750 SM \/B750 Y \/B750 YS - 16 fois<br \/>\nB1250M \/B1250SM \/B1250Y \/B1250YS-12 fois<br \/>\nB1250M \/B1250SM \/B1250Y \/B120YS - 16 fois<br \/>\nBIGLIA - BMT55\u00d7<\/p>\n<p>Avec IKZ et r\u00e9glage rapide du tube de refroidissement (pat.)<br \/>\n(roulements \u00e0 rouleaux coniques)<br \/>\nPorte-outils<br \/>\n DIN 6499 ER 32<br \/>\n( d ) Plage de serrage<br \/>\n1,0 - 20 mm<br \/>\nIKZ + refroidissement externe<br \/>\nbar 85<\/p>\n<p>Used Driven Tool Holder with Internal Coolant (IKZ)<br \/>\nFabricant : Oesterle + Partner GbR \/ Allemagne<\/p>\n<p>Machines compatibles :<br \/>\nBiglia - BMT55<br \/>\nB 301 Y\/B301 YS<br \/>\nB 446 T2\/B 446 T3<br \/>\nB 545 M \/ S \/ SM \/ Y \/ YS<br \/>\nB 565 M \/ S \/ SM \/ Y \/ YS<br \/>\nB 620 - M \/ SM \/ Y \/ YS<br \/>\nB 650 - 658 M \/ SM \/ Y \/ YS<br \/>\nB750 M \/B750 SM \/B750 Y \/B750 YS - 12 fois<br \/>\nB750 M \/B750 SM \/B750 Y \/B750 YS - 16 fois<br \/>\nB1250M \/B1250SM \/B1250Y \/B1250YS-12 fois<br \/>\nB1250M \/B1250SM \/B1250Y \/B120YS - 16 fois<br \/>\nBIGLIA - BMT55\u00d7<\/p>\n<p>Type de porte-outils :<br \/>\nT\u00eate de per\u00e7age et de fraisage, angle de 90<br \/>\nS\u00e9rie Power-Line avec refroidisseur interne (IKZ) et tube de refroidissement \u00e0 r\u00e9glage rapide brevet\u00e9<br \/>\nPower-Line (avec roulements \u00e0 rouleaux coniques)<\/p>\n<p>Interface de l'outil :<br \/>\nDIN 6499 ER 32<br \/>\nPlage de serrage (d) : 1.0 - 20 mm<\/p>\n<p>Approvisionnement en produits r\u00e9frig\u00e9rants :<br \/>\nRefroidisseur interne (IKZ) + refroidissement externe<br \/>\nTemp\u00e9rature max. Pression : 85 bar<\/p>","protected":false},"excerpt":{"rendered":"<p>Standort: Deutschland, Baden-W\u00fcrttemberg S\u00fcdwest Zustand: Gebraucht Hersteller: Oesterle Modell: 0077 mit IKZ Baujahr: 2015 gebr. angetriebene Werkzeughalter mit IKZ Hersteller: Oesterle + Partner GbR \/ Deutschland Kompatible Maschinen Werkzeugaufnahme Bohr- und Fr\u00e4skopf 90 Grad Biglia \u2013 BMT55 B 301 Y\/B301 YS B 446 T2\/B 446 T3 B 545 M \/ S \/ SM \/ Y [&hellip;]<\/p>\n","protected":false},"featured_media":3435,"comment_status":"open","ping_status":"closed","template":"","meta":{"_uf_show_specific_survey":0,"_uf_disable_surveys":false},"product_brand":[],"product_cat":[20],"product_tag":[],"class_list":{"0":"post-3436","1":"product","2":"type-product","3":"status-publish","4":"has-post-thumbnail","6":"product_cat-werkzeughalter","8":"first","9":"instock","10":"taxable","11":"shipping-taxable","12":"product-type-simple"},"aioseo_notices":[],"_links":{"self":[{"href":"https:\/\/mueller-wrh.de\/fr\/wp-json\/wp\/v2\/product\/3436","targetHints":{"allow":["GET"]}}],"collection":[{"href":"https:\/\/mueller-wrh.de\/fr\/wp-json\/wp\/v2\/product"}],"about":[{"href":"https:\/\/mueller-wrh.de\/fr\/wp-json\/wp\/v2\/types\/product"}],"replies":[{"embeddable":true,"href":"https:\/\/mueller-wrh.de\/fr\/wp-json\/wp\/v2\/comments?post=3436"}],"wp:featuredmedia":[{"embeddable":true,"href":"https:\/\/mueller-wrh.de\/fr\/wp-json\/wp\/v2\/media\/3435"}],"wp:attachment":[{"href":"https:\/\/mueller-wrh.de\/fr\/wp-json\/wp\/v2\/media?parent=3436"}],"wp:term":[{"taxonomy":"product_brand","embeddable":true,"href":"https:\/\/mueller-wrh.de\/fr\/wp-json\/wp\/v2\/product_brand?post=3436"},{"taxonomy":"product_cat","embeddable":true,"href":"https:\/\/mueller-wrh.de\/fr\/wp-json\/wp\/v2\/product_cat?post=3436"},{"taxonomy":"product_tag","embeddable":true,"href":"https:\/\/mueller-wrh.de\/fr\/wp-json\/wp\/v2\/product_tag?post=3436"}],"curies":[{"name":"wp","href":"https:\/\/api.w.org\/{rel}","templated":true}]}}