{"id":3401,"date":"2025-04-29T16:38:34","date_gmt":"2025-04-29T16:38:34","guid":{"rendered":"https:\/\/mueller-wrh.de\/produkt\/gebr-dmc-80-h-baujahr-2001-intnr231113\/"},"modified":"2025-04-29T16:38:34","modified_gmt":"2025-04-29T16:38:34","slug":"gebr-dmc-80-h-baujahr-2001-intnr231113","status":"publish","type":"product","link":"https:\/\/mueller-wrh.de\/fr\/produit\/gebr-dmc-80-h-baujahr-2001-intnr231113\/","title":{"rendered":"DMC 80 H d'occasion, ann\u00e9e 2001 IntNr231113"},"content":{"rendered":"<p><b>Emplacement :<\/b> Allemagne, Baden-W\u00fcrttemberg S\u00fcdwest<\/p>\n<p><b>\u00e9tat :<\/b> Comme neuf<\/p>\n<p><b>fabricant :<\/b> DMG<\/p>\n<p><b>mod\u00e8le :<\/b> DMC 80 H<\/p>\n<p><b>heures de fonctionnement :<\/b> 83500<\/p>\n<p>IntNr231113<br \/>\nNum\u00e9ro de tarif des marchandises \/ Goods tariff number 8457 10 10 00<br \/>\nCentre d'usinage horizontal<br \/>\nFabricant : DMG Deckel Maho<br \/>\nType : DMC 80H hi-dyn. RS4 avec changeur de plaques double et station de palettes 4 postes<br \/>\nTable circulaire CN 360<br \/>\nPaquet de pr\u00e9cision<br \/>\nPorte-outils<br \/>\nC\u00f4ne raide : HST 100* DIN 69893 Forme A<br \/>\nPositions du magasin d'outils cha\u00eene:1 x 90 &amp; 1 x 90<br \/>\nConvoyeur \u00e0 copeaux Y compris le filtre \u00e0 bande de Knoll<br \/>\nBILUTEC Lufttechnik - Syst\u00e8mes de filtration<br \/>\nNum\u00e9ro de machine : 28840003102<br \/>\nAnn\u00e9e de construction : 2001<br \/>\nCommande : Siemens Sinumerik 840D<br \/>\nHeures de fonctionnement : env. 83 500 h<br \/>\nSp\u00e9cifications<br \/>\nDonn\u00e9es techniques<br \/>\nEntra\u00eenement principal<br \/>\n- Entra\u00eenement direct par moteur \u00e0 induction refroidi par liquide et \u00e0 vitesse variable<br \/>\n- Plages de vitesses, programmables en continu :<br \/>\no Mode de fonctionnement : 0 \u00e0 6000 tr\/min<br \/>\no Mode de r\u00e9glage : 0 \u00e0 800 tr\/min<br \/>\no Interventions manuelles : 0 \u00e0 5 000 tr\/min<br \/>\n- de couple :<br \/>\no S1 - 100% Facteur de marche : max. 300 Nm (220 lb-ft)<br \/>\no S6 - 40% Facteur de marche : max. 440 Nm (322 lb-ft)<br \/>\n- performance :<br \/>\no S1 - 100% Facteur de marche : 25 kW (33 CV)<br \/>\no S6 - 40% Facteur de marche : 37 kW (49 CV)<br \/>\nEntra\u00eenement d'avance<br \/>\n- Servomoteurs synchrones AC triphas\u00e9s<br \/>\n- Vitesse d'avance des axes X\/Y\/Z :<br \/>\no Programmable en continu : 1 \u00e0 40 000 mm\/min (0,04 \u00e0 1 575 in\/min)<br \/>\no Avance rapide : 40.000 mm\/min (1.575 in\/min)<br \/>\no Mode de r\u00e9glage : 1 \u00e0 2 000 mm\/min (0,04 \u00e0 79 in\/min)<br \/>\no Interventions manuelles : 1 \u00e0 5.000 mm\/min (0,04 \u00e0 200 in\/min)<br \/>\n- Force d'avancement :<br \/>\no Axes X\/Z (100% cycle de service) : max. 15.000 N (3.372 lb)<br \/>\no Axe Y (100% cycle de service) : max. 10.000 N (2.255 lb)<br \/>\nSyst\u00e8me de mesure<br \/>\n- R\u00e9solution, pas d'entr\u00e9e le plus petit :<br \/>\no Axes X\/Y\/Z : 0,001 mm (0,0004 in)<br \/>\n- Tol\u00e9rance de position (selon VDI\/DGQ 3441) :<br \/>\no Mesure directe des axes X\/Y\/Z : 0,010 mm (0,004 in)<br \/>\no mesure directe de l'axe B : 14 secondes d'arc<br \/>\nTable ronde<br \/>\n- Vitesse de rotation : max. 19 tr\/min<br \/>\n- Force de serrage de la palette : 120.000 N (27.000 lb)<br \/>\n- Couple de basculement : max. 16.000 Nm (3.520 lb-ft)<br \/>\n- Couple tangentiel : max. 4.800 Nm (3.523 lb-ft)<br \/>\nPalette<br \/>\n- Nombre : 1<br \/>\n- Taille : 500 x 630 mm (19,7 x 24,8 in)<br \/>\n- Charge admissible par palette :<br \/>\no En cas d'utilisation d'une palette : max. 500 kg (1.102 lb)<br \/>\no En cas d'utilisation de 2 palettes : max. 900 kg (1.984 lb)<br \/>\n- Rainures en T :<br \/>\no Nombre x largeur : 4 x 14 mm (0,16 x 0,55 in)<br \/>\n- Rainure de guidage :<br \/>\no Nombre x largeur : 1 x 14 mm (0,04 x 0,55 in)<br \/>\nEspace de travail<br \/>\n- Course de d\u00e9placement :<br \/>\no Diam\u00e8tre de l'outil sup\u00e9rieur \u00e0 200 mm (7,87 in) :<br \/>\no Diam\u00e8tre de l'outil inf\u00e9rieur \u00e0 200 mm (7,87 in) :<br \/>\no Plage de d\u00e9placement asym\u00e9trique :<br \/>\no Axe X : 800 mm (31,5 in)<br \/>\no Axe X : +500\/-400 mm (+19,7\/-15,7 in)<br \/>\n\uf0a7 Axe Y : 710 mm (27,9 in)<br \/>\n\uf0a7 Axe Z : 710 mm (27,9 in)<br \/>\n\uf0a7 Axe B : 360<\/p>\n<p>Taille de la machine :<br \/>\n4.600 x 2.400 x 2.700 mm<br \/>\nPoids de la machine :<br \/>\n10 500 kg<\/p>\n<p>1x machine : L = 530 cm x l = 240 cm x H = 284 cm ; M = 15.000 kg<br \/>\n1x armoire \u00e9lectrique : L = 170 cm x l = 60 cm x H = 220 cm ; M = 1.800 kg<br \/>\n1x convoyeur de copeaux : L = 520 cm x l = 50 cm x H = 150 cm ; M = 750 kg<br \/>\n2x palettes avec accessoires : L = 80 cm x l = 60 cm ; M = 500 kg<br \/>\n1x Europalette avec groupe hydraulique<br \/>\n1x Europalette avec quelques accessoires<br \/>\n1x Europalette avec couvertures : L = 200 cm x l = 100 cm<br \/>\n1x support de filtre : L = 240 cm x l = 80 cm x H = 200 cm ; M = 500 kg<br \/>\n1x magasin d'outils : L = 300 cm x l = 240 cm x H = 338 cm ; M = 7.000 kg<br \/>\n1x table ronde : L = 330 cm x l = 300 cm x H = 220 cm ; M = 4.500 kg<\/p>\n<p>D\u00e9lai de livraison \u00e0 court terme apr\u00e8s accord.<\/p>\n<p>La machine peut \u00eatre visit\u00e9e sur rendez-vous.<br \/>\nSous r\u00e9serve de modifications et d'erreurs dans les donn\u00e9es techniques et les indications ainsi que de vente interm\u00e9diaire !<\/p>\n<p>Centre d'usinage horizontal<br \/>\nFabricant : DMG Deckel Maho<br \/>\nType : DMC 80H hi-dyn. RS4 avec changeur de plaques \u00e0 2 volets et station de palettes 4 postes<br \/>\nNC table tournante 360<br \/>\nPaquet de pr\u00e9cision<br \/>\nPorte-outils<br \/>\nSteep taper : HST 100* DIN 69893 Forme A<br \/>\nTool magazine positions Chain:1 x 90 &amp; 1 x 90<br \/>\nConvoyeur \u00e0 puces Including belt filter from Knoll<br \/>\nBILUTEC Lufttechnik - Syst\u00e8mes de filtration<br \/>\nNum\u00e9ro de machine : 28840003102<br \/>\nAnn\u00e9e de fabrication : 2001<br \/>\nContr\u00f4le : Siemens Sinumerik 840D<br \/>\nHeures de fonctionnement : env. 83,500 h<br \/>\nSp\u00e9cifications de la machine<br \/>\nSp\u00e9cifications techniques<br \/>\nPrincipal drive<br \/>\n- Entra\u00eenement direct par un moteur \u00e0 induction \u00e0 refroidissement liquide et \u00e0 vitesse contr\u00f4l\u00e9e<br \/>\n- Gammes de vitesses, programmables \u00e0 l'infini :<br \/>\no Mode de fonctionnement : 0 \u00e0 6,000 rpm<br \/>\no Mode de r\u00e9glage : 0 \u00e0 800 rpm<br \/>\no Intervention manuelle : 0 \u00e0 5,000 rpm<br \/>\n- Torque :<br \/>\no S1 - 100% duty cycle : max. 300 Nm (220 lb-ft)<br \/>\no S6 - 40% duty cycle : max. 440 Nm (322 lb-ft)<br \/>\n- Puissance :<br \/>\no S1 - 100% duty cycle : 25 kW (33 hp)<br \/>\no S6 - 40% duty cycle : 37 kW (49 hp)<br \/>\nEntra\u00eenement de l'alimentation<br \/>\n- Servomoteurs synchrones AC \u00e0 3 phases<br \/>\n- Vitesse d'alimentation des axes X\/Y\/Z :<br \/>\no Infiniment programmable : 1 \u00e0 40,000 mm\/min (0.04 \u00e0 1,575 in\/min)<br \/>\no Traverse rapide : 40,000 mm\/min (1,575 in\/min)<br \/>\no Mode de r\u00e9glage : 1 \u00e0 2,000 mm\/min (0.04 \u00e0 79 in\/min)<br \/>\no Op\u00e9rations manuelles : 1 \u00e0 5,000 mm\/min (0.04 \u00e0 200 in\/min)<br \/>\n- Force d'alimentation :<br \/>\no Axes X\/Z (100% duty cycle) : max. 15,000 N (3,372 lb)<br \/>\no Axe Y (100% duty cycle) : max. 10,000 N (2,255 lb)<br \/>\nSyst\u00e8me de mesure<br \/>\n- R\u00e9solution, plus petit pas d'entr\u00e9e :<br \/>\no Axes X\/Y\/Z : 0.001 mm (0.0004 in)<br \/>\n- Tol\u00e9rance de position (selon VDI\/DGQ 3441) :<br \/>\no Mesure directe des axes X\/Y\/Z : 0.010 mm (0.004 in)<br \/>\no Mesure directe de l'axe B : 14 secondes d'arc<br \/>\nTable rotative<br \/>\n- Vitesse : max. 19 rpm<br \/>\n- Force de serrage des pallettes : 120,000 N (27,000 lb)<br \/>\n- Tilting moment : max. 16,000 Nm (3,520 lb-ft)<br \/>\n- Couple tangentiel : max. 4,800 Nm (3,523 lb-ft)<br \/>\nPallet<br \/>\n- Quantit\u00e9 : 1<br \/>\n- Taille : 500 x 630 mm (19.7 x 24.8 in)<br \/>\n- Charge admissible par palette :<br \/>\no When using 1 pallet : max. 500 kg (1,102 lb)<br \/>\no When using 2 pallets : max. 900 kg (1,984 lb)<br \/>\n- T-slots :<br \/>\no Nombre x largeur : 4 x 14 mm (0.16 x 0.55 in)<br \/>\n- Guide groove :<br \/>\no Nombre x largeur : 1 x 14 mm (0.04 x 0.55 in)<br \/>\nGamme de travail<br \/>\n- Distance de voyage :<br \/>\no Diam\u00e8tre de l'outil sup\u00e9rieur \u00e0 200 mm (7.87 in) :<br \/>\no Diam\u00e8tre de l'outil inf\u00e9rieur \u00e0 200 mm (7.87 in) :<br \/>\no Port\u00e9e de d\u00e9placement asym\u00e9trique :<br \/>\no X-axis : 800 mm (31.5 in)<br \/>\no Axe X : +500\/-400 mm (+19.7\/-15.7 in)<br \/>\n\uf0a7 Axe Y : 710 mm (27.9 in)<br \/>\n\uf0a7 axe Z : 710 mm (27.9 in)<br \/>\n\uf0a7 axe B : 360<\/p>\n<p>Taille machine :<br \/>\n4,600 x 2,400 x 2,700 mm<br \/>\nPoids de la machine :<br \/>\n10,500 kg<\/p>\n<p>1x machine : L = 530 cm x W = 240 cm x H = 284 cm ; M = 15,000 kg<br \/>\n1x control cabinet : L = 170 cm x W = 60 cm x H = 220 cm ; M = 1,800 kg<br \/>\n1x chip conveyor : L = 520 cm x W = 50 cm x H = 150 cm ; M = 750 kg<br \/>\n2x palettes avec accessoires : L = 80 cm x W = 60 cm ; M = 500 kg<br \/>\n1x Euro pallet avec unit\u00e9 hydraulique<br \/>\n1x Euro pallet avec quelques accessoires<br \/>\n1x Euro pallet avec couvertures : L = 200 cm x W = 100 cm<br \/>\n1x porte-filtre : L = 240 cm x W = 80 cm x H = 200 cm ; M = 500 kg<br \/>\n1x tool magazine : L = 300 cm x W = 240 cm x H = 338 cm ; M = 7,000 kg<br \/>\n1x table tournante : L = 330 cm x W = 300 cm x H = 220 cm ; M = 4,500 kg<\/p>\n<p>D\u00e9lai de livraison \u00e0 court terme sur arrangement.<\/p>\n<p>La machine peut \u00eatre inspect\u00e9e sur rendez-vous.<br \/>\nSous r\u00e9serve de modifications et d'erreurs dans les donn\u00e9es techniques et les informations ainsi que de vente ant\u00e9rieure !<\/p>","protected":false},"excerpt":{"rendered":"<p>Standort: Deutschland, Baden-W\u00fcrttemberg S\u00fcdwest Zustand: Neuwertig Hersteller: DMG Modell: DMC 80 H Betriebsstunden: 83500 IntNr231113 Warentarifnummer \/ Goods tariff number 8457 10 10 00 Bearbeitungszentrum Horizontal Hersteller: DMG Deckel Maho Typ: DMC 80H hi-dyn. RS4 mit 2fach Plattenwechsler und Paletten Bahnhof 4 Stationen NC-Rundtisch 360\u00b0 Genauigkeitspaket Werkzeugaufnahmen Steilkegel: HST 100* DIN 69893 Form A Werkzeugmagazinpositionen [&hellip;]<\/p>\n","protected":false},"featured_media":3392,"comment_status":"open","ping_status":"closed","template":"","meta":{"_uf_show_specific_survey":0,"_uf_disable_surveys":false},"product_brand":[],"product_cat":[21],"product_tag":[],"class_list":{"0":"post-3401","1":"product","2":"type-product","3":"status-publish","4":"has-post-thumbnail","6":"product_cat-cnc-bearbeitungszentrum","8":"first","9":"instock","10":"taxable","11":"shipping-taxable","12":"product-type-simple"},"aioseo_notices":[],"_links":{"self":[{"href":"https:\/\/mueller-wrh.de\/fr\/wp-json\/wp\/v2\/product\/3401","targetHints":{"allow":["GET"]}}],"collection":[{"href":"https:\/\/mueller-wrh.de\/fr\/wp-json\/wp\/v2\/product"}],"about":[{"href":"https:\/\/mueller-wrh.de\/fr\/wp-json\/wp\/v2\/types\/product"}],"replies":[{"embeddable":true,"href":"https:\/\/mueller-wrh.de\/fr\/wp-json\/wp\/v2\/comments?post=3401"}],"wp:featuredmedia":[{"embeddable":true,"href":"https:\/\/mueller-wrh.de\/fr\/wp-json\/wp\/v2\/media\/3392"}],"wp:attachment":[{"href":"https:\/\/mueller-wrh.de\/fr\/wp-json\/wp\/v2\/media?parent=3401"}],"wp:term":[{"taxonomy":"product_brand","embeddable":true,"href":"https:\/\/mueller-wrh.de\/fr\/wp-json\/wp\/v2\/product_brand?post=3401"},{"taxonomy":"product_cat","embeddable":true,"href":"https:\/\/mueller-wrh.de\/fr\/wp-json\/wp\/v2\/product_cat?post=3401"},{"taxonomy":"product_tag","embeddable":true,"href":"https:\/\/mueller-wrh.de\/fr\/wp-json\/wp\/v2\/product_tag?post=3401"}],"curies":[{"name":"wp","href":"https:\/\/api.w.org\/{rel}","templated":true}]}}