{"id":3297,"date":"2025-03-19T14:33:03","date_gmt":"2025-03-19T14:33:03","guid":{"rendered":"https:\/\/mueller-wrh.de\/produkt\/lang-lader_bevorratung-und-zufuehrsystem-inkl-20-schraubstoecke-intnr231262\/"},"modified":"2025-03-19T14:33:03","modified_gmt":"2025-03-19T14:33:03","slug":"lang-lader_bevorratung-und-zufuehrsystem-inkl-20-schraubstoecke-intnr231262","status":"publish","type":"product","link":"https:\/\/mueller-wrh.de\/fr\/produit\/lang-lader_bevorratung-und-zufuehrsystem-inkl-20-schraubstoecke-intnr231262\/","title":{"rendered":"LANG Chargeur_Syst\u00e8me d'alimentation et de stockage, y compris 20 \u00e9taux, IntNr231262"},"content":{"rendered":"<p><b>Emplacement :<\/b> Allemagne, Baden-W\u00fcrttemberg S\u00fcdwest<\/p>\n<p><b>\u00e9tat :<\/b> Occasion<\/p>\n<p><b>fabricant :<\/b> LANG<\/p>\n<p><b>mod\u00e8le :<\/b> LANG<\/p>\n<p><b>Ann\u00e9e de construction :<\/b> 2005<\/p>\n<p>Syst\u00e8me de stockage et d'alimentation LANG Technik ann\u00e9e 2005, y compris 20 \u00e9taux<\/p>\n<p>Syst\u00e8me d'automatisation avec disposition en goulottes Capacit\u00e9 de stockage d'environ 50-60 \u00e9taux.<\/p>\n<p>Description technique :<br \/>\nLANG Technik Stockage et syst\u00e8me d'alimentation<br \/>\nLe syst\u00e8me d'automatisation LANG Technik avec disposition en goulotte est une solution automatis\u00e9e sophistiqu\u00e9e pour la manipulation et l'usinage des pi\u00e8ces, sp\u00e9cialement con\u00e7ue pour une gestion efficace et pr\u00e9cise des \u00e9taux. Construit en 2005, ce syst\u00e8me a \u00e9t\u00e9 con\u00e7u pour automatiser les processus de production et augmenter l'efficacit\u00e9 en optimisant la manipulation des pi\u00e8ces et en r\u00e9duisant les interventions manuelles.<\/p>\n<p>Disposition des toboggans :<br \/>\nLe syst\u00e8me d'automatisation est \u00e9quip\u00e9 d'une disposition de goulottes qui permet un d\u00e9chargement et un transport continus, s\u00fbrs et rapides des pi\u00e8ces \u00e0 usiner. Les goulottes servent d'\u00e9l\u00e9ment de liaison entre les diff\u00e9rentes stations de traitement et sont sp\u00e9cialement con\u00e7ues pour garantir un mouvement stable et pr\u00e9cis des pi\u00e8ces tout au long du processus de fabrication.<\/p>\n<p>Commande : l'agencement des toboggans est coordonn\u00e9 par l'unit\u00e9 de commande centrale du syst\u00e8me, de sorte que le fonctionnement est enti\u00e8rement automatique et efficace.<\/p>\n<p>- capacit\u00e9 de stockage : env. 50-60 \u00e9taux<br \/>\n- Mat\u00e9riau de la glissi\u00e8re : acier ou aluminium, selon l'application<br \/>\n- Automatisation : Enti\u00e8rement automatis\u00e9 avec unit\u00e9 de commande centrale<br \/>\n- Domaine d'application : pour l'usinage de pi\u00e8ces de tailles et de formes tr\u00e8s diverses<br \/>\n- Utilisation : Particuli\u00e8rement adapt\u00e9 au travail des m\u00e9taux et \u00e0 la production industrielle<br \/>\n- Int\u00e9gration : facile \u00e0 int\u00e9grer dans les processus de fabrication existants<\/p>\n<p>La machine peut \u00eatre visit\u00e9e sous tension sur rendez-vous.<br \/>\nSous r\u00e9serve de modifications et d'erreurs dans les donn\u00e9es techniques et les indications ainsi que de vente interm\u00e9diaire !<\/p>\n<p>Syst\u00e8me de stockage et d'alimentation LANG Technik construit en 2005, 20 vices inclus<\/p>\n<p>Syst\u00e8me d'automatisation avec arrangement de chute Capacit\u00e9 de stockage d'environ 50-60 vices de serrage.<\/p>\n<p>Description technique :<br \/>\nSyst\u00e8me de stockage et d'alimentation LANG Technik<br \/>\nLe syst\u00e8me d'automatisation LANG Technik avec dispositif de chute est une solution de traitement et de manipulation des pi\u00e8ces automatis\u00e9e et avanc\u00e9e, sp\u00e9cialement con\u00e7ue pour la gestion efficace et pr\u00e9cise des pi\u00e8ces. Construit en 2005, ce syst\u00e8me a \u00e9t\u00e9 con\u00e7u pour automatiser les processus de production et augmenter l'efficacit\u00e9 en optimisant la manipulation des pi\u00e8ces et en r\u00e9duisant les interventions manuelles.<\/p>\n<p>Arrangement des chutes :<br \/>\nLe syst\u00e8me d'automatisation est \u00e9quip\u00e9 d'un dispositif de chute qui permet un d\u00e9chargement et un transport continus, s\u00fbrs et rapides des pi\u00e8ces de travail. Les chutes servent d'\u00e9l\u00e9ment de liaison entre les diff\u00e9rentes stations de traitement et sont sp\u00e9cialement con\u00e7ues pour assurer un d\u00e9placement stable et pr\u00e9cis des pi\u00e8ces tout au long du processus de production.<\/p>\n<p>Contr\u00f4le : l'agencement des chutes est coordonn\u00e9 via l'unit\u00e9 de contr\u00f4le centrale du syst\u00e8me, de sorte que le fonctionnement est enti\u00e8rement automatique et efficace.<\/p>\n<p>- Capacit\u00e9 de stockage : env. 50-60 vices de serrage<br \/>\n- Mat\u00e9riau de la glissi\u00e8re : Acier ou aluminium, en fonction de l'application<br \/>\n- Automatisation : Enti\u00e8rement automatis\u00e9e avec unit\u00e9 de contr\u00f4le centrale<br \/>\n- Domaine d'application : Pour le traitement de pi\u00e8ces de tailles et de formes diverses<br \/>\n- Application : Particuli\u00e8rement adapt\u00e9 au travail des m\u00e9taux et \u00e0 la production industrielle<br \/>\n- Int\u00e9gration : facile \u00e0 int\u00e9grer dans les processus de production existants<\/p>\n<p>La machine peut \u00eatre inspect\u00e9e sous tension sur rendez-vous.<br \/>\nSous r\u00e9serve de modifications et d'erreurs dans les donn\u00e9es et informations techniques ainsi que de vente pr\u00e9alable !<\/p>","protected":false},"excerpt":{"rendered":"<p>Standort: Deutschland, Baden-W\u00fcrttemberg S\u00fcdwest Zustand: Gebraucht Hersteller: LANG Modell: LANG Baujahr: 2005 LANG Technik Bevorratung und Zuf\u00fchrsystem Baujahr 2005, inkl. 20 Schraubst\u00f6cke Automationssystem mit Rutschen-Anordnung Speicherkapazit\u00e4t von ca. 50-60 Spannschraubstocken. Technische Beschreibung: LANG Technik Bevorratung und Zuf\u00fchrsystem LANG Technik Automationssystem mit Rutschenanordnung ist eine hochentwickelte, automatisierte L\u00f6sung zur Handhabung und Bearbeitung von Werkst\u00fccken, die speziell [&hellip;]<\/p>\n","protected":false},"featured_media":3287,"comment_status":"open","ping_status":"closed","template":"","meta":{"_uf_show_specific_survey":0,"_uf_disable_surveys":false},"product_brand":[],"product_cat":[105],"product_tag":[],"class_list":{"0":"post-3297","1":"product","2":"type-product","3":"status-publish","4":"has-post-thumbnail","6":"product_cat-zubehoer-sonstiges","8":"first","9":"instock","10":"taxable","11":"shipping-taxable","12":"product-type-simple"},"aioseo_notices":[],"_links":{"self":[{"href":"https:\/\/mueller-wrh.de\/fr\/wp-json\/wp\/v2\/product\/3297","targetHints":{"allow":["GET"]}}],"collection":[{"href":"https:\/\/mueller-wrh.de\/fr\/wp-json\/wp\/v2\/product"}],"about":[{"href":"https:\/\/mueller-wrh.de\/fr\/wp-json\/wp\/v2\/types\/product"}],"replies":[{"embeddable":true,"href":"https:\/\/mueller-wrh.de\/fr\/wp-json\/wp\/v2\/comments?post=3297"}],"wp:featuredmedia":[{"embeddable":true,"href":"https:\/\/mueller-wrh.de\/fr\/wp-json\/wp\/v2\/media\/3287"}],"wp:attachment":[{"href":"https:\/\/mueller-wrh.de\/fr\/wp-json\/wp\/v2\/media?parent=3297"}],"wp:term":[{"taxonomy":"product_brand","embeddable":true,"href":"https:\/\/mueller-wrh.de\/fr\/wp-json\/wp\/v2\/product_brand?post=3297"},{"taxonomy":"product_cat","embeddable":true,"href":"https:\/\/mueller-wrh.de\/fr\/wp-json\/wp\/v2\/product_cat?post=3297"},{"taxonomy":"product_tag","embeddable":true,"href":"https:\/\/mueller-wrh.de\/fr\/wp-json\/wp\/v2\/product_tag?post=3297"}],"curies":[{"name":"wp","href":"https:\/\/api.w.org\/{rel}","templated":true}]}}