{"id":3286,"date":"2025-03-19T14:31:26","date_gmt":"2025-03-19T14:31:26","guid":{"rendered":"https:\/\/mueller-wrh.de\/produkt\/cellro-magazin-mit-fanuc-roboter-baujahr-2005_intnr231261\/"},"modified":"2025-07-14T09:53:08","modified_gmt":"2025-07-14T09:53:08","slug":"cellro-magazin-mit-fanuc-roboter-baujahr-2005_intnr231261","status":"publish","type":"product","link":"https:\/\/mueller-wrh.de\/fr\/produit\/cellro-magazin-mit-fanuc-roboter-baujahr-2005_intnr231261\/","title":{"rendered":"Magasin Cellro avec robot FANUC ann\u00e9e 2005_IntNr231261"},"content":{"rendered":"<p><b>Emplacement :<\/b> Allemagne, Baden-W\u00fcrttemberg S\u00fcdwest<\/p>\n<p><b>\u00e9tat :<\/b> Occasion<\/p>\n<p><b>fabricant :<\/b> CELLRO<\/p>\n<p><b>mod\u00e8le :<\/b> CELLRO<\/p>\n<p><b>Ann\u00e9e de construction :<\/b> 2005<\/p>\n<p>Cellro Magazine avec le robot FANUC 2005<\/p>\n<p>Magasin Cellro syst\u00e8me de stockage automatis\u00e9 un magasin robotis\u00e9 pour 300 porte-outils<br \/>\nDescription technique du magasin Cellro avec robot Fanuc<\/p>\n<p>Caract\u00e9ristiques :<br \/>\n- Type : Syst\u00e8me de stockage automatis\u00e9 (magasin robotis\u00e9)<br \/>\n- Capacit\u00e9 : 300 porte-outils (pour le stockage et le remplacement rapide des outils)<br \/>\n- Domaine d'application : machines-outils \u00e0 commande num\u00e9rique, tours, fraiseuses, automatisation des processus de fabrication<\/p>\n<p>la fonctionnalit\u00e9 :<br \/>\n- Automatisation : le syst\u00e8me permet la mise \u00e0 disposition et le remplacement automatiques des outils sans intervention manuelle. Ceci est r\u00e9alis\u00e9 gr\u00e2ce \u00e0 un bras robotis\u00e9.<br \/>\n- Stockage : les outils sont d\u00e9pos\u00e9s dans des emplacements sp\u00e9ciaux (places) du magasin et peuvent \u00eatre retir\u00e9s rapidement et efficacement.<br \/>\n- Changement d'outils : le changement d'outils s'effectue en un temps record gr\u00e2ce au processus automatis\u00e9. <\/p>\n<p>La machine peut \u00eatre visit\u00e9e sous tension sur rendez-vous.<br \/>\nSous r\u00e9serve de modifications et d'erreurs dans les donn\u00e9es techniques et les indications ainsi que de vente interm\u00e9diaire !<\/p>\n<p>Cellro magazine avec robot FANUC 2005<\/p>\n<p>Cellro magazine automated storage system a robot magazine for 300 tool holders<br \/>\nDescription technique du magazine Cellro avec robot Fanuc<\/p>\n<p>Caract\u00e9ristiques :<br \/>\n- Type : Syst\u00e8me de stockage automatis\u00e9 (magazine robot)<br \/>\n- Capacit\u00e9 : 300 porte-outils (pour le stockage et le remplacement rapide des outils)<br \/>\n- Domaine d'application : outils de machines CNC, lathes, machines d'usinage, automatisation des processus de fabrication<\/p>\n<p>Fonctionnalit\u00e9 :<br \/>\n- Automatisation : le syst\u00e8me permet l'approvisionnement et le remplacement automatiques des outils sans intervention manuelle. Cela est possible gr\u00e2ce \u00e0 un bras robotis\u00e9.<br \/>\n- Stockage : les outils sont stock\u00e9s dans des emplacements sp\u00e9ciaux dans le magasin et peuvent \u00eatre r\u00e9cup\u00e9r\u00e9s rapidement et efficacement.<br \/>\n- Changement d'outil : les outils sont chang\u00e9s dans les plus brefs d\u00e9lais gr\u00e2ce au processus automatis\u00e9. <\/p>\n<p>La machine peut \u00eatre inspect\u00e9e sous tension sur rendez-vous.<br \/>\nSous r\u00e9serve de modifications et d'erreurs dans les donn\u00e9es techniques et les sp\u00e9cifications ainsi que de vente pr\u00e9alable !<\/p>","protected":false},"excerpt":{"rendered":"<p>Standort: Deutschland, Baden-W\u00fcrttemberg S\u00fcdwest Zustand: Gebraucht Hersteller: CELLRO Modell: CELLRO Baujahr: 2005 Cellro Magazin mit FANUC-Roboter 2005 Cellro Magazin automatisiertes Lagersystem ein Robotermagazin f\u00fcr 300 Werkzeugaufnahmen Technische Beschreibung des Cellro Magazin mit Fanuc Roboter Eigenschaften: \u2022 Typ: Automatisiertes Lagersystem (Robotermagazin) \u2022 Kapazit\u00e4t: 300 Werkzeugaufnahmen (f\u00fcr die Lagerung und den schnellen Austausch von Werkzeugen) \u2022 Einsatzgebiet: [&hellip;]<\/p>\n","protected":false},"featured_media":3355,"comment_status":"open","ping_status":"closed","template":"","meta":{"_uf_show_specific_survey":0,"_uf_disable_surveys":false},"product_brand":[],"product_cat":[105],"product_tag":[],"class_list":{"0":"post-3286","1":"product","2":"type-product","3":"status-publish","4":"has-post-thumbnail","6":"product_cat-zubehoer-sonstiges","8":"first","9":"instock","10":"taxable","11":"shipping-taxable","12":"product-type-simple"},"aioseo_notices":[],"_links":{"self":[{"href":"https:\/\/mueller-wrh.de\/fr\/wp-json\/wp\/v2\/product\/3286","targetHints":{"allow":["GET"]}}],"collection":[{"href":"https:\/\/mueller-wrh.de\/fr\/wp-json\/wp\/v2\/product"}],"about":[{"href":"https:\/\/mueller-wrh.de\/fr\/wp-json\/wp\/v2\/types\/product"}],"replies":[{"embeddable":true,"href":"https:\/\/mueller-wrh.de\/fr\/wp-json\/wp\/v2\/comments?post=3286"}],"wp:featuredmedia":[{"embeddable":true,"href":"https:\/\/mueller-wrh.de\/fr\/wp-json\/wp\/v2\/media\/3355"}],"wp:attachment":[{"href":"https:\/\/mueller-wrh.de\/fr\/wp-json\/wp\/v2\/media?parent=3286"}],"wp:term":[{"taxonomy":"product_brand","embeddable":true,"href":"https:\/\/mueller-wrh.de\/fr\/wp-json\/wp\/v2\/product_brand?post=3286"},{"taxonomy":"product_cat","embeddable":true,"href":"https:\/\/mueller-wrh.de\/fr\/wp-json\/wp\/v2\/product_cat?post=3286"},{"taxonomy":"product_tag","embeddable":true,"href":"https:\/\/mueller-wrh.de\/fr\/wp-json\/wp\/v2\/product_tag?post=3286"}],"curies":[{"name":"wp","href":"https:\/\/api.w.org\/{rel}","templated":true}]}}