{"id":3248,"date":"2025-03-13T16:43:31","date_gmt":"2025-03-13T16:43:31","guid":{"rendered":"https:\/\/mueller-wrh.de\/produkt\/1-gebr-lta-ac-500-bj-2010_-intnr231257\/"},"modified":"2025-09-03T15:41:12","modified_gmt":"2025-09-03T15:41:12","slug":"1-gebr-lta-ac-500-bj-2010_-intnr231257","status":"publish","type":"product","link":"https:\/\/mueller-wrh.de\/fr\/produit\/1-gebr-lta-ac-500-bj-2010_-intnr231257\/","title":{"rendered":"1 LTA AC 500 d'occasion ann\u00e9e 2010_ IntNr231257"},"content":{"rendered":"<p><b>Emplacement :<\/b> Allemagne, Baden-W\u00fcrttemberg S\u00fcdwest<\/p>\n<p><b>\u00e9tat :<\/b> Occasion<\/p>\n<p><b>fabricant :<\/b> LTA<\/p>\n<p><b>mod\u00e8le :<\/b> AC 500<\/p>\n<p><b>Ann\u00e9e de construction :<\/b> 2010<\/p>\n<p>AC 500 solide<br \/>\n - faible consommation d'\u00e9nergie gr\u00e2ce aux \u00e9l\u00e9ments filtrants sans perte de pression et aux ventilateurs \u00e0 haute efficacit\u00e9 \u00e9nerg\u00e9tique<br \/>\n- \u00c9tapes de filtration pour la s\u00e9paration du brouillard de r\u00e9frig\u00e9rant lubrifiant<br \/>\n- Principe de filtration M ( M = m\u00e9canique)<br \/>\n- Utilisation pour le brouillard d'\u00e9mulsion<br \/>\n- possibilit\u00e9 de montage direct sur la machine<br \/>\n- Efficacit\u00e9 de s\u00e9paration jusqu'\u00e0 99%<br \/>\n- Capacit\u00e9 d'aspiration 800 m3\/h (470cfm)<br \/>\n- Capacit\u00e9 de ventilation 1950 m3 \/ 5 (1.147 cfm)<br \/>\n- Consommation d'\u00e9nergie 0,6 kW<br \/>\n- Tension : 400V<br \/>\n- Dimensions : (LxlxH) : 500x500x590 mm<br \/>\n- Poids : 48 KG<\/p>\n<p>Sous r\u00e9serve de modifications et d'erreurs dans les donn\u00e9es techniques et les indications ainsi que de vente interm\u00e9diaire !<\/p>\n<p>AC 500 solide<br \/>\n - Faible consommation d'\u00e9nergie gr\u00e2ce \u00e0 des \u00e9l\u00e9ments filtrants sans pression et \u00e0 des ventilateurs \u00e0 faible consommation d'\u00e9nergie<br \/>\n- \u00c9tapes de filtration pour la s\u00e9paration des fum\u00e9es de lubrifiants de refroidissement<br \/>\n- Principe de filtration M<br \/>\n- Use for emulsion mist<br \/>\n- Fixation directe sur la machine possible<br \/>\n- Efficacit\u00e9 de la s\u00e9paration jusqu'\u00e0 99<br \/>\n- Capacit\u00e9 d'extraction 800 m3\/h (470cfm)<br \/>\n- Capacit\u00e9 de soufflage 1950 m3 \/ 5 (1,147 cfm)<br \/>\n- Consommation d'\u00e9nergie 0,6 kW<br \/>\n- Tension : 400V<br \/>\n- Dimensions : (LxlxH) : 500x500x590 mm<br \/>\n- Poids : 48 KG<\/p>\n<p>Sous r\u00e9serve de modifications et d'erreurs dans les donn\u00e9es et informations techniques ainsi que de vente pr\u00e9alable !<\/p>","protected":false},"excerpt":{"rendered":"<p>Standort: Deutschland, Baden-W\u00fcrttemberg S\u00fcdwest Zustand: Gebraucht Hersteller: LTA Modell: AC 500 Baujahr: 2010 AC 500 solid &#8211; geringer Energieverbrauch dank druckverlustfreier Filterelemente sowie energieeffizienter Gebl\u00e4se \u00b7 Filtrationsstufen f\u00fcr die Abscheidung von K\u00fchlschmierstoffnebel \u00b7 Filtrationsprinzip M ( M = mechanisch) \u00b7 Verwendung f\u00fcr Emulsionsnebel \u00b7 Direktanbau an Maschine m\u00f6glich \u00b7 Abscheidegrad bis 99% &#8211; Absaugleistung 800 [&hellip;]<\/p>\n","protected":false},"featured_media":3832,"comment_status":"open","ping_status":"closed","template":"","meta":{"_uf_show_specific_survey":0,"_uf_disable_surveys":false},"product_brand":[],"product_cat":[19],"product_tag":[],"class_list":{"0":"post-3248","1":"product","2":"type-product","3":"status-publish","4":"has-post-thumbnail","6":"product_cat-oel-emulsionsnebel-abzugsanlagen","8":"first","9":"instock","10":"taxable","11":"shipping-taxable","12":"purchasable","13":"product-type-simple"},"aioseo_notices":[],"_links":{"self":[{"href":"https:\/\/mueller-wrh.de\/fr\/wp-json\/wp\/v2\/product\/3248","targetHints":{"allow":["GET"]}}],"collection":[{"href":"https:\/\/mueller-wrh.de\/fr\/wp-json\/wp\/v2\/product"}],"about":[{"href":"https:\/\/mueller-wrh.de\/fr\/wp-json\/wp\/v2\/types\/product"}],"replies":[{"embeddable":true,"href":"https:\/\/mueller-wrh.de\/fr\/wp-json\/wp\/v2\/comments?post=3248"}],"wp:featuredmedia":[{"embeddable":true,"href":"https:\/\/mueller-wrh.de\/fr\/wp-json\/wp\/v2\/media\/3832"}],"wp:attachment":[{"href":"https:\/\/mueller-wrh.de\/fr\/wp-json\/wp\/v2\/media?parent=3248"}],"wp:term":[{"taxonomy":"product_brand","embeddable":true,"href":"https:\/\/mueller-wrh.de\/fr\/wp-json\/wp\/v2\/product_brand?post=3248"},{"taxonomy":"product_cat","embeddable":true,"href":"https:\/\/mueller-wrh.de\/fr\/wp-json\/wp\/v2\/product_cat?post=3248"},{"taxonomy":"product_tag","embeddable":true,"href":"https:\/\/mueller-wrh.de\/fr\/wp-json\/wp\/v2\/product_tag?post=3248"}],"curies":[{"name":"wp","href":"https:\/\/api.w.org\/{rel}","templated":true}]}}