{"id":3195,"date":"2025-03-13T16:41:22","date_gmt":"2025-03-13T16:41:22","guid":{"rendered":"https:\/\/mueller-wrh.de\/produkt\/gebr-cnc-drehmaschine-takamaz-xy-120-y-plus-bj-2016_02-_intnr231237\/"},"modified":"2025-03-13T16:41:22","modified_gmt":"2025-03-13T16:41:22","slug":"gebr-cnc-drehmaschine-takamaz-xy-120-y-plus-bj-2016_02-_intnr231237","status":"publish","type":"product","link":"https:\/\/mueller-wrh.de\/fr\/produit\/gebr-cnc-drehmaschine-takamaz-xy-120-y-plus-bj-2016_02-_intnr231237\/","title":{"rendered":"Tour CNC Takamaz XY-120 Y plus Bj.2016_02 _IntNr231237"},"content":{"rendered":"<p><b>Emplacement :<\/b> Allemagne, Baden-W\u00fcrttemberg S\u00fcdwest<\/p>\n<p><b>\u00e9tat :<\/b> Occasion<\/p>\n<p><b>fabricant :<\/b> Takamaz<\/p>\n<p><b>mod\u00e8le :<\/b> XY-120Y plus<\/p>\n<p><b>Ann\u00e9e de construction :<\/b> 2016<\/p>\n<p><b>heures de fonctionnement :<\/b> 6945<\/p>\n<p>Num\u00e9ro interne : 231237<br \/>\nD\u00e9signation de machine : Tour court CNC<br \/>\nFabricant : Takamaz<br \/>\nMod\u00e8le : XY-120 Y Plus<br \/>\nAnn\u00e9e de construction : f\u00e9vrier 2016<br \/>\nCommande : Fanuc Oi-TD<br \/>\n________________________________________<br \/>\nTakamaz XY-120 Y Plus - Tour CNC \u00e0 charioter court<br \/>\nLa Takamaz XY-120 Y Plus est un tour CNC \u00e0 poup\u00e9e mobile de haute pr\u00e9cision, sp\u00e9cialement con\u00e7u pour r\u00e9pondre aux exigences de la production en s\u00e9rie. Avec sa conception compacte, sa construction robuste et sa puissante commande Fanuc Oi-TD, il permet d'usiner des pi\u00e8ces complexes avec une efficacit\u00e9 et une pr\u00e9cision maximales. L'axe Y int\u00e9gr\u00e9 \u00e9largit consid\u00e9rablement les possibilit\u00e9s d'usinage, ce qui permet d'effectuer des op\u00e9rations de fraisage et de per\u00e7age exigeantes en un seul serrage.<br \/>\n________________________________________<br \/>\nDonn\u00e9es techniques :<br \/>\n- Ann\u00e9e de construction : 2016 (f\u00e9vrier)<br \/>\n- Commande : Fanuc Oi-TD<br \/>\n- Heures de traitement : 6 945 heures<br \/>\n- Heures de commande : 40 718 heures<br \/>\n- Fonctionnement : Enti\u00e8rement fonctionnel<br \/>\nLes axes :<br \/>\n- Axe X1 (150mm)<br \/>\n- Axe Z1 (330mm)<br \/>\n- Axe Y1 (+\/- 35mm)<br \/>\n- Axe X2 (150 mm)<br \/>\n- Axe Z2 (440mm)<br \/>\n- Capacit\u00e9 de traitement :<br \/>\n- Max. Diam\u00e8tre de rotation : Main 170 mm \/ Sub135mm<br \/>\n- Longueur max. Longueur de tournage : 330 mm<br \/>\n- Passage de barre : Main \u00d8 42 mm \/ Sub \u00d820mm<br \/>\n- vitesse de rotation de la broche : jusqu'\u00e0 5.000 tr\/min<br \/>\n- Puissance d'entra\u00eenement : moteur de broche puissant pour des vitesses de coupe \u00e9lev\u00e9es<br \/>\n- 2 tourelles porte-outils : 12 tourelles chacune, adapt\u00e9es aux outils entra\u00een\u00e9s<br \/>\n________________________________________<br \/>\nP\u00e9riph\u00e9riques :<br \/>\n- Ravitailleur de barres : Top Automazioni Fusion FU350M - pour une alimentation efficace en mat\u00e9riaux<br \/>\n- Syst\u00e8me d'arrosage : int\u00e9gr\u00e9 pour des conditions d'usinage optimales<br \/>\n- Manuels : disponibles<br \/>\n- Convoyeur \u00e0 copeaux<br \/>\n________________________________________<br \/>\nPoids et dimensions :<br \/>\n- Dimensions (L x l x H) : 2.630 x 1.950 x 1.730 mm<br \/>\n- Poids de la machine : 4.500 kg<br \/>\n________________________________________<br \/>\n\u00e9tat :<br \/>\nLa machine est enti\u00e8rement fonctionnelle et se trouve dans un bon \u00e9tat d'usage.<br \/>\nN'h\u00e9sitez pas \u00e0 nous contacter pour de plus amples informations ou pour convenir d'une date de visite sous le courant de la machine.<br \/>\nSous r\u00e9serve de modifications et d'erreurs dans les donn\u00e9es techniques et les indications ainsi que de vente interm\u00e9diaire.<\/p>\n<p>D\u00e9signation de la machine : CNC short lathe<br \/>\nFabricant : Takamaz<br \/>\nMod\u00e8le : XY-120 Y Plus<br \/>\nAnn\u00e9e de fabrication : f\u00e9vrier 2016<br \/>\nSyst\u00e8me de contr\u00f4le : Fanuc Oi-TD<br \/>\n________________________________________<br \/>\nTakamaz XY-120 Y Plus - Machine de tournage court CNC<br \/>\nLa Takamaz XY-120 Y Plus est une machine de tournage court CNC de haute pr\u00e9cision qui a \u00e9t\u00e9 sp\u00e9cialement d\u00e9velopp\u00e9e pour r\u00e9pondre aux exigences de la production en s\u00e9rie. Avec son design compact, sa construction robuste et sa puissante commande Fanuc Oi-TD, elle permet d'usiner des pi\u00e8ces complexes avec un maximum d'efficacit\u00e9 et de pr\u00e9cision. L'axe Y int\u00e9gr\u00e9 \u00e9largit consid\u00e9rablement les options d'usinage, permettant m\u00eame d'effectuer des op\u00e9rations de fraisage et de per\u00e7age exigeantes en un seul r\u00e9glage.<br \/>\n________________________________________<br \/>\nDonn\u00e9es techniques :<br \/>\n- Ann\u00e9e de construction : 2016 (f\u00e9vrier)<br \/>\n- Syst\u00e8me de contr\u00f4le : Fanuc Oi-TD<br \/>\n- Heures d'usinage : 6,945 heures<br \/>\n- Heures de l'unit\u00e9 de contr\u00f4le : 40,718 heures<br \/>\n- Fonctionnalit\u00e9 : Enti\u00e8rement fonctionnel<br \/>\nAxes<br \/>\n- Axe X1 (150mm)<br \/>\n- Axe Z1 (330mm)<br \/>\n- Axe Y1 (+\/- 35mm)<br \/>\n- Axe X2 (150 mm)<br \/>\n- Axe Z2 (440mm)<br \/>\n- Capacit\u00e9 d'usinage :<br \/>\n- Max. Diam\u00e8tre de tournage : Main 170 mm \/ Sub135mm<br \/>\n- Longueur max. Longueur de rotation : 330 mm<br \/>\n- Capacit\u00e9 du bar : Main \u00d8 42 mm \/ Sub \u00d820mm<br \/>\n- Vitesse de la broche : jusqu'\u00e0 5,000 rpm<br \/>\n- Puissance d'entra\u00eenement : moteur de broche puissant pour des vitesses de coupe \u00e9lev\u00e9es<br \/>\n- 2 tourelles d'outils : tourelle \u00e0 12 positions chacune, adapt\u00e9e aux outils d'entra\u00eenement<br \/>\nP\u00e9riph\u00e9riques :<br \/>\n- Bar feeder : Top Automazioni Fusion FU350M - pour une alimentation efficace des mat\u00e9riaux<br \/>\n- Syst\u00e8me de refroidissement : int\u00e9gr\u00e9 pour des conditions de traitement optimales<br \/>\n- Manuels : disponibles<br \/>\n- Convoyeur \u00e0 puce<br \/>\n________________________________________<br \/>\nPoids et dimensions :<br \/>\n- Dimensions (L x l x H) : 2,630 x 1,950 x 1,730 mm<br \/>\n- Poids de la machine : 4,500 kg<br \/>\n________________________________________<br \/>\nCondition :<br \/>\nLa machine est enti\u00e8rement fonctionnelle et est en bon \u00e9tat d'usage.<br \/>\nPour plus d'informations ou pour organiser un rendez-vous afin de voir la machine sous tension, n'h\u00e9sitez pas \u00e0 nous contacter.<br \/>\nSous r\u00e9serve de modifications et d'erreurs dans les donn\u00e9es et informations techniques ainsi que de vente ant\u00e9rieure.<\/p>","protected":false},"excerpt":{"rendered":"<p>Standort: Deutschland, Baden-W\u00fcrttemberg S\u00fcdwest Zustand: Gebraucht Hersteller: Takamaz Modell: XY-120Y plus Baujahr: 2016 Betriebsstunden: 6945 Interne Nr.: 231237 Maschinenbezeichnung: CNC-Kurzdrehmaschine Hersteller: Takamaz Modell: XY-120 Y Plus Baujahr: Februar 2016 Steuerung: Fanuc Oi-TD ________________________________________ Takamaz XY-120 Y Plus \u2013 CNC-Kurzdrehmaschine Die Takamaz XY-120 Y Plus ist eine hochpr\u00e4zise CNC-Kurzdrehmaschine, die speziell f\u00fcr die Anforderungen in der [&hellip;]<\/p>\n","protected":false},"featured_media":3185,"comment_status":"open","ping_status":"closed","template":"","meta":{"_uf_show_specific_survey":0,"_uf_disable_surveys":false},"product_brand":[],"product_cat":[90],"product_tag":[],"class_list":{"0":"post-3195","1":"product","2":"type-product","3":"status-publish","4":"has-post-thumbnail","6":"product_cat-cnc-drehmaschinen-0-199mm-drehd","8":"first","9":"instock","10":"taxable","11":"shipping-taxable","12":"product-type-simple"},"aioseo_notices":[],"_links":{"self":[{"href":"https:\/\/mueller-wrh.de\/fr\/wp-json\/wp\/v2\/product\/3195","targetHints":{"allow":["GET"]}}],"collection":[{"href":"https:\/\/mueller-wrh.de\/fr\/wp-json\/wp\/v2\/product"}],"about":[{"href":"https:\/\/mueller-wrh.de\/fr\/wp-json\/wp\/v2\/types\/product"}],"replies":[{"embeddable":true,"href":"https:\/\/mueller-wrh.de\/fr\/wp-json\/wp\/v2\/comments?post=3195"}],"wp:featuredmedia":[{"embeddable":true,"href":"https:\/\/mueller-wrh.de\/fr\/wp-json\/wp\/v2\/media\/3185"}],"wp:attachment":[{"href":"https:\/\/mueller-wrh.de\/fr\/wp-json\/wp\/v2\/media?parent=3195"}],"wp:term":[{"taxonomy":"product_brand","embeddable":true,"href":"https:\/\/mueller-wrh.de\/fr\/wp-json\/wp\/v2\/product_brand?post=3195"},{"taxonomy":"product_cat","embeddable":true,"href":"https:\/\/mueller-wrh.de\/fr\/wp-json\/wp\/v2\/product_cat?post=3195"},{"taxonomy":"product_tag","embeddable":true,"href":"https:\/\/mueller-wrh.de\/fr\/wp-json\/wp\/v2\/product_tag?post=3195"}],"curies":[{"name":"wp","href":"https:\/\/api.w.org\/{rel}","templated":true}]}}