{"id":3166,"date":"2025-03-13T16:40:39","date_gmt":"2025-03-13T16:40:39","guid":{"rendered":"https:\/\/mueller-wrh.de\/produkt\/gebr-cnc-drehmaschine-index-c100-mit-2-revolver_beladesystem_-bj-2011-_intnr231240\/"},"modified":"2025-03-13T16:40:39","modified_gmt":"2025-03-13T16:40:39","slug":"gebr-cnc-drehmaschine-index-c100-mit-2-revolver_beladesystem_-bj-2011-_intnr231240","status":"publish","type":"product","link":"https:\/\/mueller-wrh.de\/fr\/produit\/gebr-cnc-drehmaschine-index-c100-mit-2-revolver_beladesystem_-bj-2011-_intnr231240\/","title":{"rendered":"Tour CNC Index C100 d'occasion avec 2 tourelles_syst\u00e8me de chargement_ ann\u00e9e 2011 _IntNr231240"},"content":{"rendered":"<p><b>Emplacement :<\/b> Allemagne, Baden-W\u00fcrttemberg S\u00fcdwest<\/p>\n<p><b>\u00e9tat :<\/b> Occasion<\/p>\n<p><b>fabricant :<\/b> Index<\/p>\n<p><b>mod\u00e8le :<\/b> C100 avec 2 revolvers<\/p>\n<p><b>Ann\u00e9e de construction :<\/b> 2011<\/p>\n<p>Num\u00e9ro interne : 231240<br \/>\nD\u00e9signation de machine : Tour court CNC<br \/>\nFabricant : Index<br \/>\nMod\u00e8le : C100 2 REVOLVER<br \/>\nAnn\u00e9e de construction : 2011<br \/>\nCommande : Siemens<br \/>\nNombre de tourelles : 2 (en haut \/ en bas)<br \/>\nPlaces d'outils par tourelle : 12 stations, toutes entra\u00een\u00e9es<br \/>\n________________________________________<br \/>\nINDEX C100 \/ 2 REVOLVER WHU Syst\u00e8me de chargement Tour CNC \u00e0 poup\u00e9e mobile<br \/>\n________________________________________<br \/>\nDonn\u00e9es techniques :<br \/>\n- Ann\u00e9e de construction : 2011<br \/>\n- Commande : Siemens 840D<br \/>\n- heures de traitement :  Heures<br \/>\n- Heures de commande : Heures<br \/>\n- Fonctionnement : Enti\u00e8rement fonctionnel<br \/>\nConfiguration des axes :<br \/>\n- Axe X (haut\/bas) :<br \/>\no Course : env. 100 mm<br \/>\no Avance rapide : jusqu'\u00e0 30 m\/min<br \/>\n- Axe Z (haut\/bas) :<br \/>\no Course : env. 320 mm<br \/>\no Avance rapide : jusqu'\u00e0 30 m\/min<br \/>\n- Axe Y (optionnel, si disponible) :<br \/>\no Course : \u00b150 mm<br \/>\nDonn\u00e9es de la broche :<br \/>\n- Broche principale :<br \/>\no Vitesse de rotation de la broche : jusqu'\u00e0 6.000 tr\/min<br \/>\no Puissance d'entra\u00eenement : env. 18 kW<br \/>\n- contre-broche :<br \/>\no Synchronis\u00e9 avec la broche principale<br \/>\no M\u00eames caract\u00e9ristiques techniques que la broche principale<br \/>\nEntra\u00eenement de l'outil :<br \/>\n- Outils motoris\u00e9s : Oui<br \/>\n- Vitesse de rotation de l'outil : jusqu'\u00e0 6.000 tr\/min<br \/>\n- Puissance d'entra\u00eenement : env. 5 kW par tourelle<br \/>\nParticularit\u00e9s :<br \/>\n- Possibilit\u00e9 de travailler simultan\u00e9ment avec les deux tourelles<br \/>\n- Une dynamique \u00e9lev\u00e9e pour des temps de cycle courts<br \/>\n- Chargeur de barres et convoyeur de copeaux en option<\/p>\n<p>P\u00e9riph\u00e9riques :<br \/>\n- Syst\u00e8me d'alimentation : syst\u00e8me de chargement WHU \/ dispositif de chargement \u00e0 portique pour les \u00e9bauches de pi\u00e8ces<br \/>\n- Manuels : disponibles<br \/>\n- Convoyeur \u00e0 copeaux<br \/>\n- Syst\u00e8me de haute pression<br \/>\n- Mesures de verre<br \/>\n________________________________________<br \/>\nDimensions et poids :<br \/>\n- Dimensions de la machine (L x l x H) : env. 3.000 x 1.800 x 2.000 mm<br \/>\n- Poids : environ 6 500 kg<\/p>\n<p>\u00e9tat :<br \/>\nLa machine est enti\u00e8rement fonctionnelle et se trouve dans un bon \u00e9tat d'usage.<br \/>\nN'h\u00e9sitez pas \u00e0 nous contacter pour de plus amples informations ou pour convenir d'une date de visite sous le courant de la machine.<br \/>\nSous r\u00e9serve de modifications et d'erreurs dans les donn\u00e9es techniques et les indications ainsi que de vente interm\u00e9diaire.<\/p>\n<p>D\u00e9signation de la machine : CNC short lathe<br \/>\nFabricant : Index<br \/>\nMod\u00e8le : C100 2 REVOLVER<br \/>\nAnn\u00e9e de fabrication : 2011<br \/>\nContr\u00f4le : Siemens<br \/>\nNombre de tourelles : 2 (haut \/ bas)<br \/>\nNombre de places par tour : 12 stations, toutes motoris\u00e9es<br \/>\n________________________________________<br \/>\nINDEX C100 \/ 2 REVOLVER WHU Syst\u00e8me de chargement CNC machine \u00e0 tournage court<br \/>\n________________________________________<br \/>\nDonn\u00e9es techniques :<br \/>\n- Ann\u00e9e de fabrication : 2011<br \/>\n- Contr\u00f4le : Siemens 840D<br \/>\n- Heures d'usinage : Hours<br \/>\n- Heures de contr\u00f4le : Hours<br \/>\n- Fonctionnalit\u00e9 : Enti\u00e8rement fonctionnel<br \/>\nConfiguration de l'axe :<br \/>\n- axe X (haut\/bas) :<br \/>\no Distance de voyage : environ 100 mm<br \/>\no Traverse rapide : jusqu'\u00e0 30 m\/min<br \/>\n- Axes Z (haut\/bas) :<br \/>\no Distance de voyage : env. 320 mm<br \/>\no Traverse rapide : jusqu'\u00e0 30 m\/min<br \/>\n- axe Y (en option, si disponible) :<br \/>\no Chemin de traverse : \u00b150 mm<br \/>\nDonn\u00e9es de la broche :<br \/>\n- Broche principale :<br \/>\no Vitesse de la broche : jusqu'\u00e0 6,000 rpm<br \/>\no Puissance d'entra\u00eenement : env. 18 kW<br \/>\n- Broche de comptoir :<br \/>\no Synchronis\u00e9 avec la broche principale<br \/>\no M\u00eames caract\u00e9ristiques techniques que la broche principale<br \/>\nOutil d'entra\u00eenement :<br \/>\n- Outils de conduite : Yes<br \/>\n- Vitesse de l'outil : jusqu'\u00e0 6,000 rpm<br \/>\n- Puissance d'entra\u00eenement : env. 5 kW par tournette<br \/>\nCaract\u00e9ristiques sp\u00e9ciales :<br \/>\n- Possibilit\u00e9 de travailler simultan\u00e9ment avec les deux tourelles<br \/>\n- Haute dynamique pour des temps de cycle courts<br \/>\n- En option avec chargeur de barres et convoyeur de chips<br \/>\nP\u00e9riph\u00e9riques :<br \/>\n- Syst\u00e8me d'alimentation : syst\u00e8me de chargement WHU \/ dispositif de chargement \u00e0 portique pour les pi\u00e8ces \u00e0 blanc<br \/>\n- Manuels : disponibles<br \/>\n- Convoyeur \u00e0 puce<br \/>\n- Syst\u00e8me haute pression<br \/>\n- \u00c9chelles en verre<br \/>\n________________________________________<br \/>\nDimensions et poids :<br \/>\n- Dimensions de la machine (L x l x H) : env. 3,000 x 1,800 x 2,000 mm<br \/>\n- Poids : environ 6,500 kg<\/p>\n<p>Condition :<br \/>\nLa machine est enti\u00e8rement fonctionnelle et est en bon \u00e9tat d'usage.<br \/>\nPour plus d'informations ou pour organiser un rendez-vous afin de voir la machine sous tension, n'h\u00e9sitez pas \u00e0 nous contacter.<br \/>\nSous r\u00e9serve de modifications et d'erreurs dans les donn\u00e9es et informations techniques ainsi que de vente ant\u00e9rieure.<\/p>","protected":false},"excerpt":{"rendered":"<p>Standort: Deutschland, Baden-W\u00fcrttemberg S\u00fcdwest Zustand: Gebraucht Hersteller: Index Modell: C100 mit 2 Revolver Baujahr: 2011 Interne Nr.: 231240 Maschinenbezeichnung: CNC-Kurzdrehmaschine Hersteller: Index Modell: C100 2 REVOLVER Baujahr: 2011 Steuerung: Siemens Anzahl Revolver: 2 (oben \/ Unten) Werkzeugplaetze pro Revolver: 12 Stationen, alle Angetrieben ________________________________________ INDEX C100 \/ 2 REVOLVER WHU Beladesystem CNC-Kurzdrehmaschine ________________________________________ Technische Daten: [&hellip;]<\/p>\n","protected":false},"featured_media":3158,"comment_status":"open","ping_status":"closed","template":"","meta":{"_uf_show_specific_survey":0,"_uf_disable_surveys":false},"product_brand":[],"product_cat":[90],"product_tag":[],"class_list":{"0":"post-3166","1":"product","2":"type-product","3":"status-publish","4":"has-post-thumbnail","6":"product_cat-cnc-drehmaschinen-0-199mm-drehd","8":"first","9":"instock","10":"taxable","11":"shipping-taxable","12":"product-type-simple"},"aioseo_notices":[],"_links":{"self":[{"href":"https:\/\/mueller-wrh.de\/fr\/wp-json\/wp\/v2\/product\/3166","targetHints":{"allow":["GET"]}}],"collection":[{"href":"https:\/\/mueller-wrh.de\/fr\/wp-json\/wp\/v2\/product"}],"about":[{"href":"https:\/\/mueller-wrh.de\/fr\/wp-json\/wp\/v2\/types\/product"}],"replies":[{"embeddable":true,"href":"https:\/\/mueller-wrh.de\/fr\/wp-json\/wp\/v2\/comments?post=3166"}],"wp:featuredmedia":[{"embeddable":true,"href":"https:\/\/mueller-wrh.de\/fr\/wp-json\/wp\/v2\/media\/3158"}],"wp:attachment":[{"href":"https:\/\/mueller-wrh.de\/fr\/wp-json\/wp\/v2\/media?parent=3166"}],"wp:term":[{"taxonomy":"product_brand","embeddable":true,"href":"https:\/\/mueller-wrh.de\/fr\/wp-json\/wp\/v2\/product_brand?post=3166"},{"taxonomy":"product_cat","embeddable":true,"href":"https:\/\/mueller-wrh.de\/fr\/wp-json\/wp\/v2\/product_cat?post=3166"},{"taxonomy":"product_tag","embeddable":true,"href":"https:\/\/mueller-wrh.de\/fr\/wp-json\/wp\/v2\/product_tag?post=3166"}],"curies":[{"name":"wp","href":"https:\/\/api.w.org\/{rel}","templated":true}]}}