{"id":3002,"date":"2025-03-13T16:34:44","date_gmt":"2025-03-13T16:34:44","guid":{"rendered":"https:\/\/mueller-wrh.de\/produkt\/gebr-emag-weiss-w11-cnc-sl650-bj-20-intnr231185\/"},"modified":"2025-03-13T16:34:44","modified_gmt":"2025-03-13T16:34:44","slug":"gebr-emag-weiss-w11-cnc-sl650-bj-20-intnr231185","status":"publish","type":"product","link":"https:\/\/mueller-wrh.de\/fr\/produit\/gebr-emag-weiss-w11-cnc-sl650-bj-20-intnr231185\/","title":{"rendered":"EMAG WEISS W11 CNC SL650 `20 d'occasion (IntNr231185)"},"content":{"rendered":"<p><b>Emplacement :<\/b> Allemagne, Baden-W\u00fcrttemberg S\u00fcdwest<\/p>\n<p><b>\u00e9tat :<\/b> Occasion<\/p>\n<p><b>fabricant :<\/b> EMAG BLANC<\/p>\n<p><b>mod\u00e8le :<\/b> W11_CNC_SL650<\/p>\n<p><b>Ann\u00e9e de construction :<\/b> 2020<\/p>\n<p><b>heures de fonctionnement :<\/b> 6875<\/p>\n<p>EMAG WEISS Rectifieuse cylindrique EMAG WEISS type W11-CNC \/ UNIVERSAL RUNDSCHLEIFCHMASCH W 11-CNC SL650<br \/>\nHeures de broche : environ 6 850 heures<br \/>\nCourant Heures d'allumage : 20 422 heures<br \/>\nLe concept de commande 2 en 1 caract\u00e9rise cette machine :<br \/>\n100 % Rectification cylindrique conventionnelle ou passage \u00e0 100% Rectification cylindrique CNC<br \/>\nDonn\u00e9es techniques :<br \/>\n- Commande : \u00e0 commande CNC (selon l'ann\u00e9e de construction Heidenhain, Siemens ou Fanuc)<br \/>\nLongueur de pon\u00e7age max. mm 650 \/ 1.500 ; en 25,5 \/ 59<br \/>\nHauteur de pointe mm 200 en 8<br \/>\n\u00d8 ext\u00e9rieur de pon\u00e7age mm1 \/ 390 in 0 \/ 15,5<br \/>\npoids max. \ufb02ottant MK 4 kg 100 \/ lb 220,5<br \/>\nPoids max. de la pi\u00e8ce entre pointes kg 250 \/lb 551<br \/>\nPasse : Course de l'axe X mm 380 \/ 480 \/in 15 \/ 19<br \/>\nPasse : Course de l'axe Z mm 1.150 \/ 1.650 en 45,5 \/ 65<br \/>\n\u00d8 de la meule mm 400 \/ 500 en 15,5 \/ 19,5<br \/>\nNennleistung (100%ED)\tkW 9 \/ 11 hp 12 \/ 15<br \/>\nVitesse p\u00e9riph\u00e9rique m\/s 20 - 50<\/p>\n<p>Equipement de la machine :<br \/>\n- Entra\u00eenement de la meule : moteur puissant pour des r\u00e9sultats de pon\u00e7age pr\u00e9cis<br \/>\n- Contre-poup\u00e9e : contre-poup\u00e9e r\u00e9glable pour diff\u00e9rentes longueurs de pi\u00e8ces \u00e0 usiner<br \/>\n- Fixation de la pi\u00e8ce : mandrin ou pointes de centrage (selon l'application)<br \/>\n- Syst\u00e8me d'arrosage : int\u00e9gr\u00e9, pour \u00e9viter la surchauffe et obtenir des r\u00e9sultats de pon\u00e7age optimaux<br \/>\n- Interface conviviale pour l'utilisateur : Interface utilisateur CNC intuitive pour une programmation et un contr\u00f4le faciles<br \/>\n- Syst\u00e8mes de mesure pour la surveillance en temps r\u00e9el et l'assurance qualit\u00e9<br \/>\n- Banc de machine Banc coul\u00e9 Base de Karsten avec rigidit\u00e9 statique-dynamique \u00e9lev\u00e9e<br \/>\n- Axe X Guides lin\u00e9aires de haute pr\u00e9cision, vis \u00e0 billes et r\u00e8gle en verre<br \/>\n- Axe Z V-plat ou guides lin\u00e9aires, vis \u00e0 billes et r\u00e8gle en verre<br \/>\n- Commande \u00c9cran tactile avec commande CNC int\u00e9gr\u00e9e sur base Windows Programmation par dialogue, programmation DIN, m\u00e9moire de programme.<br \/>\n- Equipement technique Armoire \u00e9lectrique selon VDE avec marque CE<br \/>\n- Syst\u00e8me d'arrosage et d'aspiration<br \/>\n- Syst\u00e8me de filtre \u00e0 bande de papier avec 250 | bacs<br \/>\n- Hotte d'aspiration m\u00e9canique de 1600 m\u00b2\/3 avec commande sans pied de support<br \/>\n- Axe de mesure pour aborder plusieurs diam\u00e8tres avec Wide Range<br \/>\n- T\u00eate de mesure. Position de mesure librement programmable.<br \/>\n- Pr\u00e9parer l'interface du robot.<br \/>\n- Seulement 10 x l \/ O fournis sans connecteur d'interface Logiciel et API<\/p>\n<p>Applications :<br \/>\n- Usinage cylindrique ext\u00e9rieur et int\u00e9rieur<br \/>\n- Rectification de pr\u00e9cision pour la construction de machines, l'industrie automobile et la fabrication d'outils<br \/>\n- Fabrication d'arbres, de douilles, de rouleaux et d'autres pi\u00e8ces \u00e0 sym\u00e9trie de rotation<br \/>\nCaract\u00e9ristiques particuli\u00e8res :<br \/>\n- Grande rigidit\u00e9 du corps de la machine pour un travail sans vibrations<br \/>\n- Commande CNC pour des cycles de meulage complexes et un usinage flexible<br \/>\n- Possibilit\u00e9 d'adaptation aux exigences sp\u00e9cifiques du client<br \/>\nPossibilit\u00e9 d'\u00e9quipement ult\u00e9rieur en option \u00c9quipements :<br \/>\n- Syst\u00e8mes de chargement et de d\u00e9chargement automatis\u00e9s<br \/>\n- Fixations sp\u00e9ciales et supports de meule sp\u00e9ciaux<br \/>\nDisques de pon\u00e7age en option Disponible :<br \/>\n- Voir les photos<\/p>\n<p>La machine peut \u00eatre visit\u00e9e sur rendez-vous.<br \/>\nSous r\u00e9serve de modifications et d'erreurs dans les donn\u00e9es techniques et les indications ainsi que de vente interm\u00e9diaire !<\/p>\n<p>EMAG WEISS Cylindrical Grinding Machine EMAG WEISS Type W11-CNC \/ UNIVERSAL CIRCULAR GRINDING MACHINE W 11-CNC SL650<br \/>\nHeures de broche : environ 6,850 heures<br \/>\nHeures de travail : 20,422 heures<br \/>\nLe concept de contr\u00f4le 2 en 1 caract\u00e9rise cette machine :<br \/>\n100% meulage cylindrique conventionnel ou passer au 100% meulage cylindrique CNC<br \/>\nDonn\u00e9es techniques :<br \/>\n- Commande : \u00e0 commande num\u00e9rique (Heidenhain, Siemens ou Fanuc, selon l'ann\u00e9e de fabrication)<br \/>\nLongueur de fraisage max. mm 650 \/ 1,500 ; in 25.5 \/ 59<br \/>\nHauteur du centre mm 200 in 8<br \/>\nBroyage externe \u00d8 mm1 \/ 390 in 0 \/ 15.5<br \/>\nmax. weight \ufb02ying MK 4 kg 100 \/ lb 220.5<br \/>\nPoids max. de la pi\u00e8ce entre les centres kg 250 \/ lb 551<br \/>\nAlimentation : X-axis travel mm 380 \/ 480 \/in 15 \/ 19<br \/>\nInfeed : Z-axis travel mm 1,150 \/ 1,650 in 45.5 \/ 65<br \/>\nRoue de broyage \u00d8 mm 400 \/ 500 en 15.5 \/ 19.5<br \/>\nRated power (100%ED) kW 9 \/ 11 hp 12 \/ 15<br \/>\nVitesse p\u00e9riph\u00e9rique m\/s 20 - 50<\/p>\n<p>\u00c9quipement de la machine :<br \/>\n- Entra\u00eenement de la roue de broyage : un moteur puissant pour des r\u00e9sultats de broyage pr\u00e9cis<br \/>\n- Tailstock : Tailstock ajustable pour diff\u00e9rentes longueurs de pi\u00e8ces \u00e0 usiner<br \/>\n- Support de pi\u00e8ces de travail : Chuck ou centers (en fonction de l'application)<br \/>\n- Syst\u00e8me de refroidissement : Int\u00e9gr\u00e9, pour \u00e9viter la surchauffe et pour des r\u00e9sultats de sablage optimaux<br \/>\n- Interface conviviale pour l'utilisateur : Interface utilisateur CNC intuitive pour une utilisation facile<br \/>\n- Syst\u00e8mes de mesure pour la surveillance en temps r\u00e9el et l'assurance qualit\u00e9<br \/>\n- Machine bed Cast bed Karstens base with high static-dynamic rigidity<br \/>\n- Guides lin\u00e9aires de haute pr\u00e9cision X-axis, vis \u00e0 billes et \u00e9chelle en verre<br \/>\n- Axes Z guides V-flat ou lin\u00e9aires, vis \u00e0 billes et \u00e9chelle en verre<br \/>\n- Control \u00c9cran tactile avec commande CNC int\u00e9gr\u00e9e sur la base de Windows Programmation par dialogue, programmation DIN, m\u00e9moire de programme.<br \/>\n- \u00c9quipement technique Coffret \u00e9lectrique conforme \u00e0 la norme VDE avec marque CE<br \/>\n- Syst\u00e8me de refroidissement et syst\u00e8me d'extraction<br \/>\n- Syst\u00e8me de filtration \u00e0 bande de papier avec 250 | conteneurs<br \/>\n- Syst\u00e8me m\u00e9canique d'extraction de fum\u00e9e de 1600 m\u00b2\/3 avec contr\u00f4le sans pied de support<br \/>\n- Axe de mesure pour l'approche de plusieurs diam\u00e8tres avec une large gamme de mesures<br \/>\n- t\u00eate de mesure. Position de mesure librement programmable.<br \/>\n- Pr\u00e9parer l'interface du robot.<br \/>\n- Fournir seulement 10 x l \/ O sans connecteur d'interface Logiciel et PLC<br \/>\nApplications :<br \/>\n- Usinage cylindrique externe et interne<br \/>\n- Broyage de pr\u00e9cision pour l'ing\u00e9nierie m\u00e9canique, l'industrie automobile et l'usinage d'outils<br \/>\n- Production d'arbres, de douilles, de rouleaux et d'autres pi\u00e8ces \u00e0 sym\u00e9trie de r\u00e9volution<br \/>\nCaract\u00e9ristiques sp\u00e9ciales :<br \/>\n- Grande rigidit\u00e9 du corps de la machine pour un travail sans vibrations<br \/>\n- Contr\u00f4le CNC pour des cycles de meulage complexes et un usinage flexible<br \/>\n- Peut \u00eatre adapt\u00e9 aux exigences sp\u00e9cifiques du client<br \/>\n\u00c9quipement de retrofit en option :<br \/>\n- Syst\u00e8mes de chargement et de d\u00e9chargement automatis\u00e9s<br \/>\n- Fixations sp\u00e9ciales et supports de meules de rectification sp\u00e9ciaux<\/p>\n<p>Roues de broyage disponibles en option :<br \/>\n- Voir les photos<\/p>\n<p>La machine peut \u00eatre inspect\u00e9e sur rendez-vous.<br \/>\nSous r\u00e9serve de modifications et d'erreurs dans les donn\u00e9es techniques et les informations ainsi que de vente ant\u00e9rieure !<\/p>","protected":false},"excerpt":{"rendered":"<p>Standort: Deutschland, Baden-W\u00fcrttemberg S\u00fcdwest Zustand: Gebraucht Hersteller: EMAG WEISS Modell: W11_CNC_SL650 Baujahr: 2020 Betriebsstunden: 6875 EMAG WEISS Rundschleifmaschine EMAG WEISS Typ W11-CNC \/ UNIVERSAL RUNDSCHLEIFMASCHINE W 11-CNC SL650 Spindelstunden: ca. 6.850 Stunden Strom Einschaltstunden: 20.422 Stunden 2 in 1 Steuerungskonzept zeichnet diese Maschine aus: 100 % Konventionell rundschleifen oder umschalten auf 100% CNC rundschleifen Technische [&hellip;]<\/p>\n","protected":false},"featured_media":2994,"comment_status":"open","ping_status":"closed","template":"","meta":{"_uf_show_specific_survey":0,"_uf_disable_surveys":false},"product_brand":[],"product_cat":[22],"product_tag":[],"class_list":{"0":"post-3002","1":"product","2":"type-product","3":"status-publish","4":"has-post-thumbnail","6":"product_cat-cnc-schleifmaschinen","8":"first","9":"instock","10":"taxable","11":"shipping-taxable","12":"product-type-simple"},"aioseo_notices":[],"_links":{"self":[{"href":"https:\/\/mueller-wrh.de\/fr\/wp-json\/wp\/v2\/product\/3002","targetHints":{"allow":["GET"]}}],"collection":[{"href":"https:\/\/mueller-wrh.de\/fr\/wp-json\/wp\/v2\/product"}],"about":[{"href":"https:\/\/mueller-wrh.de\/fr\/wp-json\/wp\/v2\/types\/product"}],"replies":[{"embeddable":true,"href":"https:\/\/mueller-wrh.de\/fr\/wp-json\/wp\/v2\/comments?post=3002"}],"wp:featuredmedia":[{"embeddable":true,"href":"https:\/\/mueller-wrh.de\/fr\/wp-json\/wp\/v2\/media\/2994"}],"wp:attachment":[{"href":"https:\/\/mueller-wrh.de\/fr\/wp-json\/wp\/v2\/media?parent=3002"}],"wp:term":[{"taxonomy":"product_brand","embeddable":true,"href":"https:\/\/mueller-wrh.de\/fr\/wp-json\/wp\/v2\/product_brand?post=3002"},{"taxonomy":"product_cat","embeddable":true,"href":"https:\/\/mueller-wrh.de\/fr\/wp-json\/wp\/v2\/product_cat?post=3002"},{"taxonomy":"product_tag","embeddable":true,"href":"https:\/\/mueller-wrh.de\/fr\/wp-json\/wp\/v2\/product_tag?post=3002"}],"curies":[{"name":"wp","href":"https:\/\/api.w.org\/{rel}","templated":true}]}}