{"id":2924,"date":"2025-03-13T16:32:08","date_gmt":"2025-03-13T16:32:08","guid":{"rendered":"https:\/\/mueller-wrh.de\/produkt\/gebr-gildemeister-speed-12-7_linear-bj-04_intnr231165\/"},"modified":"2026-03-13T12:16:50","modified_gmt":"2026-03-13T12:16:50","slug":"gebr-gildemeister-speed-12-7_linear-bj-04_intnr231165","status":"publish","type":"product","link":"https:\/\/mueller-wrh.de\/fr\/produit\/gebr-gildemeister-speed-12-7_linear-bj-04_intnr231165\/","title":{"rendered":"DMG Speed 12-7_Linear ann\u00e9e `04_avec FMB Minimag (IntNr231165)"},"content":{"rendered":"<p><b>Emplacement :<\/b> Allemagne, Baden-W\u00fcrttemberg S\u00fcdwest<\/p>\n<p><b>\u00e9tat :<\/b> Occasion<\/p>\n<p><b>fabricant :<\/b> DMG<\/p>\n<p><b>mod\u00e8le :<\/b> Vitesse 12-7<\/p>\n<p><b>Ann\u00e9e de construction :<\/b> 2004<\/p>\n<p><b>heures de fonctionnement :<\/b> 153199<\/p>\n<p>Nous proposons \u00e0 la vente un tour automatique \u00e0 poup\u00e9e mobile DMG Speed 12-7 Linear \u00e0 haute dynamique.<br \/>\navec magasin de chargement FMB Minimag.<br \/>\nCommande : Fanuc 16i-TB avec interface utilisateur sp\u00e9cifique \u00e0 DMG<br \/>\nAnn\u00e9e de construction 2004<\/p>\n<p>Donn\u00e9es techniques<\/p>\n<p>Nombre d'axes : 7 axes (X1, Y1, Z1, X2, Z2, C1, C2)<br \/>\nLongueur max. Diam\u00e8tre de la tige : 12,7 mm<br \/>\nLongueur max. Longueur de rotation : 120 mm<br \/>\nVitesses d'avance rapide : Axe X (lin\u00e9aire) : 40 m\/min<br \/>\nRefroidissement du moteur lin\u00e9aire : groupe de refroidissement s\u00e9par\u00e9 pour la stabilisation thermique de l'entra\u00eenement lin\u00e9aire.<br \/>\nAxe Z : 30 m\/min<\/p>\n<p>Plage de vitesse de la broche principale : 0 - 12.000 tr\/min<br \/>\nPuissance d'entra\u00eenement : 3,7 \/ 5,5 kW<br \/>\nAxe C : r\u00e9solution de 0,001\u00b0 pour des op\u00e9rations de fraisage de haute pr\u00e9cision<\/p>\n<p>Plage de vitesse de la contre-broche : 0 - 12.000 tr\/min<br \/>\nCourse Z2 : 150 mm<br \/>\nAxe C : Axe C complet int\u00e9gr\u00e9<\/p>\n<p>Porte-outils (syst\u00e8me de chariot lin\u00e9aire)<br \/>\nNombre total d'outils : jusqu'\u00e0 18 places<br \/>\nOutils entra\u00een\u00e9s : 3 \u00e0 5 places pour l'usinage transversal<br \/>\nVitesse de rotation des outils entra\u00een\u00e9s : max. 6.000 tr\/min<\/p>\n<p>Magasin de chargement : FMB Minimag pour la plage de diam\u00e8tres de 2 \u00e0 23 mm.<br \/>\nLongueur de la barre : 3.0200 mm<br \/>\nConvoyeur \u00e0 copeaux<br \/>\nPetites installations d'extinction \/ installations d'extinction d'objets Kraft et Bauer<br \/>\nS\u00e9parateur de pi\u00e8ces<br \/>\nInstallation de d\u00e9cochage des copeaux  <\/p>\n<p>La machine peut \u00eatre visit\u00e9e sur rendez-vous.<br \/>\nSous r\u00e9serve de modifications et d'erreurs dans les donn\u00e9es techniques et les indications ainsi que de vente interm\u00e9diaire !<\/p>\n<p>En vente : un tour automatique \u00e0 poup\u00e9e mobile DMG Speed 12-7 hautement dynamique<br \/>\navec le magasin de chargement FMB Minimag.<br \/>\nSyst\u00e8me de contr\u00f4le : Fanuc 16i-TB avec interface utilisateur sp\u00e9cifique \u00e0 DMG<br \/>\nAnn\u00e9e de fabrication : 2004<\/p>\n<p>Donn\u00e9es techniques<\/p>\n<p>Number of axes : 7 axes (X1, Y1, Z1, X2, Z2, C1, C2)<br \/>\nDiam\u00e8tre max. du bar : 12,7 mm<br \/>\nLongueur max. de rotation : 120 mm<br \/>\nVitesses de traverse rapides : X-axis (lin\u00e9aire) : 40 m\/min<br \/>\nRefroidissement du moteur lin\u00e9aire : unit\u00e9 de refroidissement s\u00e9par\u00e9e pour la stabilisation thermique de l'entra\u00eenement lin\u00e9aire.<br \/>\naxe Z : 30 m\/min<\/p>\n<p>Gamme de vitesse de la broche principale : 0 - 12,000 rpm<br \/>\nPuissance d'entra\u00eenement : 3.7 \/ 5.5 kW<br \/>\nAxe C : r\u00e9solution de 0,001\u00b0 pour les op\u00e9rations de fraisage de haute pr\u00e9cision<\/p>\n<p>Gamme de vitesse de la contre-broche : 0 - 12,000 rpm<br \/>\nGamme de voyage Z2 : 150 mm<br \/>\nC-axis : C-axis enti\u00e8rement int\u00e9gr\u00e9<\/p>\n<p>Porte-outils (syst\u00e8me de glissi\u00e8re lin\u00e9aire)<br \/>\nNombre total d'outils : jusqu'\u00e0 18 positions<br \/>\nOutils motoris\u00e9s : 3 \u00e0 5 positions pour le cross-making<br \/>\nVitesse des outils d'entra\u00eenement : max. 6,000 rpm<\/p>\n<p>Magasin de chargement : FMB Minimag pour la gamme de diam\u00e8tres de 2 \u00e0 23 mm.<br \/>\nLongueur de la barre : 3,020 mm<br \/>\nConvoyeur \u00e0 puce<br \/>\nSmall fire extinguishing system \/ Kraft und Bauer object fire extinguishing systems<br \/>\nS\u00e9parateur de pi\u00e8ces<br \/>\nSyst\u00e8me de flushing de puces  <\/p>\n<p>La machine peut \u00eatre inspect\u00e9e sur rendez-vous.<br \/>\nSous r\u00e9serve de modifications et d'erreurs dans les donn\u00e9es et informations techniques ainsi que de vente pr\u00e9alable !<\/p>","protected":false},"excerpt":{"rendered":"<p>Standort: Deutschland, Baden-W\u00fcrttemberg S\u00fcdwest Zustand: Gebraucht Hersteller: DMG Modell: Speed 12-7 Baujahr: 2004 Betriebsstunden: 153199 Zum Verkauf steht ein hochdynamischer Langdrehautomat DMG Speed 12-7 Linear mit Lademagazin FMB Minimag. Steuerung: Fanuc 16i-TB mit DMG-spezifischer Bedienoberfl\u00e4che Baujahr 2004 Technische Daten Anzahl der Achsen: 7 Achsen (X1, Y1, Z1, X2, Z2, C1, C2) Max. Stangendurchmesser: 12,7 mm [&hellip;]<\/p>\n","protected":false},"featured_media":4990,"comment_status":"open","ping_status":"closed","template":"","meta":{"_uf_show_specific_survey":0,"_uf_disable_surveys":false},"product_brand":[],"product_cat":[23],"product_tag":[],"class_list":{"0":"post-2924","1":"product","2":"type-product","3":"status-publish","4":"has-post-thumbnail","6":"product_cat-cnc-langdrehmaschinen","8":"first","9":"instock","10":"taxable","11":"shipping-taxable","12":"product-type-simple"},"aioseo_notices":[],"_links":{"self":[{"href":"https:\/\/mueller-wrh.de\/fr\/wp-json\/wp\/v2\/product\/2924","targetHints":{"allow":["GET"]}}],"collection":[{"href":"https:\/\/mueller-wrh.de\/fr\/wp-json\/wp\/v2\/product"}],"about":[{"href":"https:\/\/mueller-wrh.de\/fr\/wp-json\/wp\/v2\/types\/product"}],"replies":[{"embeddable":true,"href":"https:\/\/mueller-wrh.de\/fr\/wp-json\/wp\/v2\/comments?post=2924"}],"wp:featuredmedia":[{"embeddable":true,"href":"https:\/\/mueller-wrh.de\/fr\/wp-json\/wp\/v2\/media\/4990"}],"wp:attachment":[{"href":"https:\/\/mueller-wrh.de\/fr\/wp-json\/wp\/v2\/media?parent=2924"}],"wp:term":[{"taxonomy":"product_brand","embeddable":true,"href":"https:\/\/mueller-wrh.de\/fr\/wp-json\/wp\/v2\/product_brand?post=2924"},{"taxonomy":"product_cat","embeddable":true,"href":"https:\/\/mueller-wrh.de\/fr\/wp-json\/wp\/v2\/product_cat?post=2924"},{"taxonomy":"product_tag","embeddable":true,"href":"https:\/\/mueller-wrh.de\/fr\/wp-json\/wp\/v2\/product_tag?post=2924"}],"curies":[{"name":"wp","href":"https:\/\/api.w.org\/{rel}","templated":true}]}}