{"id":2915,"date":"2025-03-13T16:31:55","date_gmt":"2025-03-13T16:31:55","guid":{"rendered":"https:\/\/mueller-wrh.de\/produkt\/bzi-52-sk-52-spannkoepfe-glatt-mit-quer-und-laengsrillen-intnr231184\/"},"modified":"2025-03-13T16:31:55","modified_gmt":"2025-03-13T16:31:55","slug":"bzi-52-sk-52-spannkoepfe-glatt-mit-quer-und-laengsrillen-intnr231184","status":"publish","type":"product","link":"https:\/\/mueller-wrh.de\/fr\/produit\/bzi-52-sk-52-spannkoepfe-glatt-mit-quer-und-laengsrillen-intnr231184\/","title":{"rendered":"BZI 52 \/ SK 52 T\u00eates de serrage lisses, avec rainures transversales et longitudinales IntNr231184"},"content":{"rendered":"<p><b>Emplacement :<\/b> Allemagne, Baden-W\u00fcrttemberg S\u00fcdwest<\/p>\n<p><b>\u00e9tat :<\/b> Comme neuf<\/p>\n<p><b>mod\u00e8le :<\/b> BZI 52 \/ SK 52<\/p>\n<p>IntNr231184<br \/>\nDescription de l'article : T\u00eates de serrage BZI 52 \/ SK 52<\/p>\n<p>Convient pour :<\/p>\n<p>HAINBUCH SPANNTOP 52-A5 \/ Nova et MINI<br \/>\nMarques \/ fabricants comparables<br \/>\nVersions :<\/p>\n<p>T\u00eates de serrage lisses<br \/>\nAvec rainures transversales et longitudinales pour le mat\u00e9riau brut<br \/>\nVariantes de profil\u00e9s : Rond et hexagonal (0,5 mm ou 1 mm d'augmentation)<br \/>\nPossibilit\u00e9s d'utilisation : Usinage de pr\u00e9cision<br \/>\n\u00e9tat :<\/p>\n<p>Neuf et d'occasion disponible en diff\u00e9rentes dimensions<br \/>\nCommande :<br \/>\nVeuillez indiquer le \u2300 de serrage souhait\u00e9 lors de la commande.<\/p>\n<p>Domaines d'application :<\/p>\n<p>Centres d'usinage<br \/>\nMachines de mesure<br \/>\nTension des palettes<br \/>\nIndications :<\/p>\n<p>T\u00eates de serrage pour profil\u00e9s sp\u00e9ciaux selon les souhaits individuels sur demande<br \/>\nD'autres tailles de c\u00f4nes, formes (par ex. carr\u00e9es) et \u00e9bauches usinables sont \u00e9galement disponibles sur demande.<\/p>\n<p>Sous r\u00e9serve de modifications et d'erreurs dans les donn\u00e9es techniques et les indications ainsi que de vente interm\u00e9diaire !<\/p>\n<p>Num\u00e9ro interne : IntNr231184<br \/>\nDescription : BZI 52 \/ SK 52 t\u00eates de serrage<\/p>\n<p>Convient pour :<\/p>\n<p>HAINBUCH SPANNTOP 52-A5 \/ Nova et MINI<br \/>\nComparable makes \/ manufacturers<br \/>\nVersions :<\/p>\n<p>Smooth expansion chucks<br \/>\nAvec rainures transversales et longitudinales pour la mati\u00e8re premi\u00e8re<br \/>\nVariantes de profil : Rond et hexagonal (0,5 mm ou 1 mm d'augmentation)<br \/>\nApplications possibles : Usinage fin<br \/>\nCondition :<\/p>\n<p>New and used available in various dimensions<br \/>\nOrder :<br \/>\nVeuillez sp\u00e9cifier le serrage \u2300 requis lors de la commande.<\/p>\n<p>Domaines d'application :<\/p>\n<p>Centres d'usinage<br \/>\nMachines de mesure<br \/>\nSerrage de palettes<br \/>\nNotes :<\/p>\n<p>T\u00eates de serrage pour profil\u00e9s sp\u00e9ciaux selon les exigences individuelles sur demande<br \/>\nD'autres tailles et formes (par ex. carr\u00e9es) ainsi que des flans usinables sont \u00e9galement disponibles sur demande.<\/p>\n<p>Sous r\u00e9serve de modifications et d'erreurs dans les donn\u00e9es techniques et les informations ainsi que de vente pr\u00e9alable !<\/p>","protected":false},"excerpt":{"rendered":"<p>Standort: Deutschland, Baden-W\u00fcrttemberg S\u00fcdwest Zustand: Neuwertig Modell: BZI 52 \/ SK 52 IntNr231184 Artikelbeschreibung: BZI 52 \/ SK 52 Spannk\u00f6pfe Geeignet f\u00fcr: HAINBUCH SPANNTOP 52-A5 \/ Nova und MINI Vergleichbare Fabrikate \/ Hersteller Ausf\u00fchrungen: Glatte Spannk\u00f6pfe Mit Quer- und L\u00e4ngsrillen f\u00fcr Rohmaterial Profilvarianten: Rund und 6-Kant (0,5 mm oder 1 mm steigend) Einsatzm\u00f6glichkeiten: Feinbearbeitung Zustand: [&hellip;]<\/p>\n","protected":false},"featured_media":2909,"comment_status":"open","ping_status":"closed","template":"","meta":{"_uf_show_specific_survey":0,"_uf_disable_surveys":false},"product_brand":[],"product_cat":[102],"product_tag":[],"class_list":{"0":"post-2915","1":"product","2":"type-product","3":"status-publish","4":"has-post-thumbnail","6":"product_cat-spannzangen","8":"first","9":"instock","10":"taxable","11":"shipping-taxable","12":"product-type-simple"},"aioseo_notices":[],"_links":{"self":[{"href":"https:\/\/mueller-wrh.de\/fr\/wp-json\/wp\/v2\/product\/2915","targetHints":{"allow":["GET"]}}],"collection":[{"href":"https:\/\/mueller-wrh.de\/fr\/wp-json\/wp\/v2\/product"}],"about":[{"href":"https:\/\/mueller-wrh.de\/fr\/wp-json\/wp\/v2\/types\/product"}],"replies":[{"embeddable":true,"href":"https:\/\/mueller-wrh.de\/fr\/wp-json\/wp\/v2\/comments?post=2915"}],"wp:featuredmedia":[{"embeddable":true,"href":"https:\/\/mueller-wrh.de\/fr\/wp-json\/wp\/v2\/media\/2909"}],"wp:attachment":[{"href":"https:\/\/mueller-wrh.de\/fr\/wp-json\/wp\/v2\/media?parent=2915"}],"wp:term":[{"taxonomy":"product_brand","embeddable":true,"href":"https:\/\/mueller-wrh.de\/fr\/wp-json\/wp\/v2\/product_brand?post=2915"},{"taxonomy":"product_cat","embeddable":true,"href":"https:\/\/mueller-wrh.de\/fr\/wp-json\/wp\/v2\/product_cat?post=2915"},{"taxonomy":"product_tag","embeddable":true,"href":"https:\/\/mueller-wrh.de\/fr\/wp-json\/wp\/v2\/product_tag?post=2915"}],"curies":[{"name":"wp","href":"https:\/\/api.w.org\/{rel}","templated":true}]}}