{"id":2871,"date":"2025-03-13T16:29:16","date_gmt":"2025-03-13T16:29:16","guid":{"rendered":"https:\/\/mueller-wrh.de\/produkt\/gebr-werkzeughalter-star-451-51-00-star-sv-12-intnr231138\/"},"modified":"2025-03-13T16:29:16","modified_gmt":"2025-03-13T16:29:16","slug":"gebr-werkzeughalter-star-451-51-00-star-sv-12-intnr231138","status":"publish","type":"product","link":"https:\/\/mueller-wrh.de\/fr\/produit\/gebr-werkzeughalter-star-451-51-00-star-sv-12-intnr231138\/","title":{"rendered":"Porte-outils usag\u00e9 STAR 451-51-00-Star SV-12 (IntNr231138)"},"content":{"rendered":"<p><b>Emplacement :<\/b> Allemagne, Baden-W\u00fcrttemberg S\u00fcdwest<\/p>\n<p><b>\u00e9tat :<\/b> Comme neuf<\/p>\n<p><b>fabricant :<\/b> STAR Micronics<\/p>\n<p>Machine de per\u00e7age\/fraisage crois\u00e9 \u00e0 2 broches ER8 ; grande vitesse 12000 1\/min<br \/>\npour la broche principale et la contre-broche<br \/>\n451-51-00<br \/>\nConvient pour les types de machines STAR suivants :<br \/>\nST-20-32-38 SV-12-20-32 \/ ECAS<br \/>\nVitesse de sortie max. 12000 1\/min<br \/>\nSous r\u00e9serve de modifications et d'erreurs dans les donn\u00e9es et informations techniques ainsi que de vente pr\u00e9alable !<\/p>","protected":false},"excerpt":{"rendered":"<p>Standort: Deutschland, Baden-W\u00fcrttemberg S\u00fcdwest Zustand: Neuwertig Hersteller: STAR Micronics 2-spindle cross drilling\/milling machine ER8; high speed 12000 1\/min for main spindle and counter spindle 451-51-00 Suitable for the following STAR machine types: ST-20-32-38 SV-12-20-32 \/ ECAS Output speed max. 12000 1\/min Subject to changes and errors in the technical data and information as well as [&hellip;]<\/p>\n","protected":false},"featured_media":2869,"comment_status":"open","ping_status":"closed","template":"","meta":{"_uf_show_specific_survey":0,"_uf_disable_surveys":false},"product_brand":[],"product_cat":[20],"product_tag":[],"class_list":{"0":"post-2871","1":"product","2":"type-product","3":"status-publish","4":"has-post-thumbnail","6":"product_cat-werkzeughalter","8":"first","9":"instock","10":"taxable","11":"shipping-taxable","12":"product-type-simple"},"aioseo_notices":[],"_links":{"self":[{"href":"https:\/\/mueller-wrh.de\/fr\/wp-json\/wp\/v2\/product\/2871","targetHints":{"allow":["GET"]}}],"collection":[{"href":"https:\/\/mueller-wrh.de\/fr\/wp-json\/wp\/v2\/product"}],"about":[{"href":"https:\/\/mueller-wrh.de\/fr\/wp-json\/wp\/v2\/types\/product"}],"replies":[{"embeddable":true,"href":"https:\/\/mueller-wrh.de\/fr\/wp-json\/wp\/v2\/comments?post=2871"}],"wp:featuredmedia":[{"embeddable":true,"href":"https:\/\/mueller-wrh.de\/fr\/wp-json\/wp\/v2\/media\/2869"}],"wp:attachment":[{"href":"https:\/\/mueller-wrh.de\/fr\/wp-json\/wp\/v2\/media?parent=2871"}],"wp:term":[{"taxonomy":"product_brand","embeddable":true,"href":"https:\/\/mueller-wrh.de\/fr\/wp-json\/wp\/v2\/product_brand?post=2871"},{"taxonomy":"product_cat","embeddable":true,"href":"https:\/\/mueller-wrh.de\/fr\/wp-json\/wp\/v2\/product_cat?post=2871"},{"taxonomy":"product_tag","embeddable":true,"href":"https:\/\/mueller-wrh.de\/fr\/wp-json\/wp\/v2\/product_tag?post=2871"}],"curies":[{"name":"wp","href":"https:\/\/api.w.org\/{rel}","templated":true}]}}