{"id":2834,"date":"2025-03-13T16:27:40","date_gmt":"2025-03-13T16:27:40","guid":{"rendered":"https:\/\/mueller-wrh.de\/produkt\/gebr-werkzeughalter-star-421-59-00-intnr231134\/"},"modified":"2025-03-13T16:27:40","modified_gmt":"2025-03-13T16:27:40","slug":"gebr-werkzeughalter-star-421-59-00-intnr231134","status":"publish","type":"product","link":"https:\/\/mueller-wrh.de\/fr\/produit\/gebr-werkzeughalter-star-421-59-00-intnr231134\/","title":{"rendered":"porte-outils usag\u00e9 STAR 421-59-00 (IntNr231134)"},"content":{"rendered":"<p><b>Emplacement :<\/b> Allemagne, Baden-W\u00fcrttemberg S\u00fcdwest<\/p>\n<p><b>\u00e9tat :<\/b> Comme neuf<\/p>\n<p><b>fabricant :<\/b> STAR Micronics<\/p>\n<p>Appareil de per\u00e7age\/fraisage frontal double \u00e0 2 broches ER11 pour le per\u00e7age et le fraisage frontaux.<br \/>\nTraitement du verso<br \/>\npour la broche principale et la contre-broche<br \/>\n421-59-00 &amp; 451-59-00<br \/>\nConvient aux types de machines STAR suivants :<br \/>\nST-20-32-38 SV-12-20-32 \/ ECAS<br \/>\nTraduction 1:1<br \/>\nVitesse d'entr\u00e9e max. 6000 1\/min<br \/>\nvitesse de sortie max. 6000 1\/min<br \/>\nCouple de sortie max. 32 Nm<br \/>\nSous r\u00e9serve de modifications et d'erreurs dans les donn\u00e9es techniques et les indications ainsi que de vente interm\u00e9diaire !<\/p>\n<p>Unit\u00e9 de per\u00e7age\/fraisage avant double \u00e0 2 broches ER11 pour l'usinage avant et arri\u00e8re<br \/>\nusinage arri\u00e8re<br \/>\npour la broche principale et la contre-broche<br \/>\n421-59-00 &amp; 451-59-00<br \/>\nConvient pour les types de machines STAR suivants :<br \/>\nST-20-32-38 SV-12-20-32 \/ ECAS<br \/>\nRapport de transmission 1:1<br \/>\nVitesse d'entr\u00e9e max. 6000 1\/min<br \/>\nVitesse de sortie max. 6000 1\/min<br \/>\nCouple de sortie max. 32 Nm<br \/>\nSous r\u00e9serve de modifications et d'erreurs dans les donn\u00e9es et informations techniques ainsi que de vente pr\u00e9alable !<\/p>","protected":false},"excerpt":{"rendered":"<p>Standort: Deutschland, Baden-W\u00fcrttemberg S\u00fcdwest Zustand: Neuwertig Hersteller: STAR Micronics 2-Spindel-Doppelfrontalbohr-\/Fr\u00e4sapparat ER11 f\u00fcr Front- und R\u00fcckseitenbearbeitung zu Hauptspindel und Gegenspindel 421-59-00 &amp; 451-59-00 Passend f\u00fcr folgende STAR-Maschinentypen: ST-20-32-38 SV-12-20-32 \/ ECAS \u00dcbersetzung 1:1 Eingangsdrehzahl max. 6000 1\/min Ausgangsdrehzahl max. 6000 1\/min Ausgangsdrehmoment max. 32 Nm Aenderungen und Irrtuemer in den technischen Daten und Angaben sowie Zwischenverkauf [&hellip;]<\/p>\n","protected":false},"featured_media":2831,"comment_status":"open","ping_status":"closed","template":"","meta":{"_uf_show_specific_survey":0,"_uf_disable_surveys":false},"product_brand":[],"product_cat":[20],"product_tag":[],"class_list":{"0":"post-2834","1":"product","2":"type-product","3":"status-publish","4":"has-post-thumbnail","6":"product_cat-werkzeughalter","8":"first","9":"instock","10":"taxable","11":"shipping-taxable","12":"product-type-simple"},"aioseo_notices":[],"_links":{"self":[{"href":"https:\/\/mueller-wrh.de\/fr\/wp-json\/wp\/v2\/product\/2834","targetHints":{"allow":["GET"]}}],"collection":[{"href":"https:\/\/mueller-wrh.de\/fr\/wp-json\/wp\/v2\/product"}],"about":[{"href":"https:\/\/mueller-wrh.de\/fr\/wp-json\/wp\/v2\/types\/product"}],"replies":[{"embeddable":true,"href":"https:\/\/mueller-wrh.de\/fr\/wp-json\/wp\/v2\/comments?post=2834"}],"wp:featuredmedia":[{"embeddable":true,"href":"https:\/\/mueller-wrh.de\/fr\/wp-json\/wp\/v2\/media\/2831"}],"wp:attachment":[{"href":"https:\/\/mueller-wrh.de\/fr\/wp-json\/wp\/v2\/media?parent=2834"}],"wp:term":[{"taxonomy":"product_brand","embeddable":true,"href":"https:\/\/mueller-wrh.de\/fr\/wp-json\/wp\/v2\/product_brand?post=2834"},{"taxonomy":"product_cat","embeddable":true,"href":"https:\/\/mueller-wrh.de\/fr\/wp-json\/wp\/v2\/product_cat?post=2834"},{"taxonomy":"product_tag","embeddable":true,"href":"https:\/\/mueller-wrh.de\/fr\/wp-json\/wp\/v2\/product_tag?post=2834"}],"curies":[{"name":"wp","href":"https:\/\/api.w.org\/{rel}","templated":true}]}}