{"id":2827,"date":"2025-03-13T16:27:27","date_gmt":"2025-03-13T16:27:27","guid":{"rendered":"https:\/\/mueller-wrh.de\/produkt\/gebr-werkzeughalter-star-421-02-00-intnr231130\/"},"modified":"2025-03-13T16:27:27","modified_gmt":"2025-03-13T16:27:27","slug":"gebr-werkzeughalter-star-421-02-00-intnr231130","status":"publish","type":"product","link":"https:\/\/mueller-wrh.de\/fr\/produit\/gebr-werkzeughalter-star-421-02-00-intnr231130\/","title":{"rendered":"porte-outils usag\u00e9 STAR 421-02-00 (IntNr231130)"},"content":{"rendered":"<p><b>Emplacement :<\/b> Allemagne, Baden-W\u00fcrttemberg S\u00fcdwest<\/p>\n<p><b>\u00e9tat :<\/b> Comme neuf<\/p>\n<p><b>fabricant :<\/b> STAR Micronics<\/p>\n<p>Porte-outils triple 12 x 12mm tige<br \/>\nBroche principale et contre-broche<br \/>\n421-02-00<br \/>\nConvient aux types de machines STAR suivants :<br \/>\nST-20-32-38 SV-12-20-32 \/ ECAS<br \/>\nSous r\u00e9serve de modifications et d'erreurs dans les donn\u00e9es techniques et les indications ainsi que de vente interm\u00e9diaire !<\/p>\n<p>Porte-outils 3-fold 12 x 12mm shank<br \/>\nBroche principale et contre-broche<br \/>\n421-02-00<br \/>\nConvient pour les types de machines STAR suivants :<br \/>\nST-20-32-38 SV-12-20-32 \/ ECAS<br \/>\nSous r\u00e9serve de modifications et d'erreurs dans les donn\u00e9es et informations techniques ainsi que de vente pr\u00e9alable !<\/p>","protected":false},"excerpt":{"rendered":"<p>Standort: Deutschland, Baden-W\u00fcrttemberg S\u00fcdwest Zustand: Neuwertig Hersteller: STAR Micronics 3-fach Werkzeughalter 12 x 12mm Schaft Hauptspindel und Gegenspindel 421-02-00 Passend f\u00fcr folgende STAR-Maschinentypen: ST-20-32-38 SV-12-20-32 \/ ECAS Aenderungen und Irrtuemer in den technischen Daten und Angaben sowie Zwischenverkauf vorbehalten! 3-fold tool holder 12 x 12mm shank Main spindle and counter spindle 421-02-00 Suitable for the [&hellip;]<\/p>\n","protected":false},"featured_media":2825,"comment_status":"open","ping_status":"closed","template":"","meta":{"_uf_show_specific_survey":0,"_uf_disable_surveys":false},"product_brand":[],"product_cat":[20],"product_tag":[],"class_list":{"0":"post-2827","1":"product","2":"type-product","3":"status-publish","4":"has-post-thumbnail","6":"product_cat-werkzeughalter","8":"first","9":"instock","10":"taxable","11":"shipping-taxable","12":"product-type-simple"},"aioseo_notices":[],"_links":{"self":[{"href":"https:\/\/mueller-wrh.de\/fr\/wp-json\/wp\/v2\/product\/2827","targetHints":{"allow":["GET"]}}],"collection":[{"href":"https:\/\/mueller-wrh.de\/fr\/wp-json\/wp\/v2\/product"}],"about":[{"href":"https:\/\/mueller-wrh.de\/fr\/wp-json\/wp\/v2\/types\/product"}],"replies":[{"embeddable":true,"href":"https:\/\/mueller-wrh.de\/fr\/wp-json\/wp\/v2\/comments?post=2827"}],"wp:featuredmedia":[{"embeddable":true,"href":"https:\/\/mueller-wrh.de\/fr\/wp-json\/wp\/v2\/media\/2825"}],"wp:attachment":[{"href":"https:\/\/mueller-wrh.de\/fr\/wp-json\/wp\/v2\/media?parent=2827"}],"wp:term":[{"taxonomy":"product_brand","embeddable":true,"href":"https:\/\/mueller-wrh.de\/fr\/wp-json\/wp\/v2\/product_brand?post=2827"},{"taxonomy":"product_cat","embeddable":true,"href":"https:\/\/mueller-wrh.de\/fr\/wp-json\/wp\/v2\/product_cat?post=2827"},{"taxonomy":"product_tag","embeddable":true,"href":"https:\/\/mueller-wrh.de\/fr\/wp-json\/wp\/v2\/product_tag?post=2827"}],"curies":[{"name":"wp","href":"https:\/\/api.w.org\/{rel}","templated":true}]}}