{"id":2784,"date":"2025-03-13T16:25:19","date_gmt":"2025-03-13T16:25:19","guid":{"rendered":"https:\/\/mueller-wrh.de\/produkt\/star-3-fach-bohrhalter-o22mm-mit-kuehlmittelzufuehrung-extern-oder-intern-intnr231119\/"},"modified":"2025-03-13T16:25:19","modified_gmt":"2025-03-13T16:25:19","slug":"star-3-fach-bohrhalter-o22mm-mit-kuehlmittelzufuehrung-extern-oder-intern-intnr231119","status":"publish","type":"product","link":"https:\/\/mueller-wrh.de\/fr\/produit\/star-3-fach-bohrhalter-o22mm-mit-kuehlmittelzufuehrung-extern-oder-intern-intnr231119\/","title":{"rendered":"STAR Porte-foret triple \u00d822mm avec arrosage (externe ou interne) IntNr231119"},"content":{"rendered":"<p><b>Emplacement :<\/b> Allemagne, Baden-W\u00fcrttemberg S\u00fcdwest<\/p>\n<p><b>\u00e9tat :<\/b> Comme neuf<\/p>\n<p><b>fabricant :<\/b> STAR Micronics<\/p>\n<p><b>Ann\u00e9e de construction :<\/b> 2021<\/p>\n<p>triple support de forage \u00d822mm avec arrosage (externe ou<br \/>\ninterne) vers la broche principale et la contre-broche<br \/>\n7.074.495<br \/>\nConvient aux types de machines STAR suivants :<br \/>\nST-20-32-38 SV-12-20-32 \/ ECAS<br \/>\nSous r\u00e9serve de modifications et d'erreurs dans les donn\u00e9es techniques et les indications ainsi que de vente interm\u00e9diaire !<\/p>\n<p>3-fold drill holder \u00d822mm with coolant supply (external or<br \/>\ninterne) \u00e0 la broche principale et \u00e0 la contre-broche<br \/>\n7.074.495<br \/>\nConvient pour les types de machines STAR suivants :<br \/>\nST-20-32-38- SV-12-20-32 \/ ECAS<br \/>\nSous r\u00e9serve de modifications et d'erreurs dans les donn\u00e9es et informations techniques ainsi que de vente pr\u00e9alable !<\/p>","protected":false},"excerpt":{"rendered":"<p>Standort: Deutschland, Baden-W\u00fcrttemberg S\u00fcdwest Zustand: Neuwertig Hersteller: STAR Micronics Baujahr: 2021 3-fach Bohrhalter \u00d822mm mit K\u00fchlmittelzuf\u00fchrung (extern oder intern) zu Hauptspindel und Gegenspindel 7.074.495 Passend f\u00fcr folgende STAR-Maschinentypen: ST-20-32-38 SV-12-20-32 \/ ECAS Aenderungen und Irrtuemer in den technischen Daten und Angaben sowie Zwischenverkauf vorbehalten! 3-fold drill holder \u00d822mm with coolant supply (external or internal) to [&hellip;]<\/p>\n","protected":false},"featured_media":2782,"comment_status":"open","ping_status":"closed","template":"","meta":{"_uf_show_specific_survey":0,"_uf_disable_surveys":false},"product_brand":[],"product_cat":[20],"product_tag":[],"class_list":{"0":"post-2784","1":"product","2":"type-product","3":"status-publish","4":"has-post-thumbnail","6":"product_cat-werkzeughalter","8":"first","9":"instock","10":"taxable","11":"shipping-taxable","12":"product-type-simple"},"aioseo_notices":[],"_links":{"self":[{"href":"https:\/\/mueller-wrh.de\/fr\/wp-json\/wp\/v2\/product\/2784","targetHints":{"allow":["GET"]}}],"collection":[{"href":"https:\/\/mueller-wrh.de\/fr\/wp-json\/wp\/v2\/product"}],"about":[{"href":"https:\/\/mueller-wrh.de\/fr\/wp-json\/wp\/v2\/types\/product"}],"replies":[{"embeddable":true,"href":"https:\/\/mueller-wrh.de\/fr\/wp-json\/wp\/v2\/comments?post=2784"}],"wp:featuredmedia":[{"embeddable":true,"href":"https:\/\/mueller-wrh.de\/fr\/wp-json\/wp\/v2\/media\/2782"}],"wp:attachment":[{"href":"https:\/\/mueller-wrh.de\/fr\/wp-json\/wp\/v2\/media?parent=2784"}],"wp:term":[{"taxonomy":"product_brand","embeddable":true,"href":"https:\/\/mueller-wrh.de\/fr\/wp-json\/wp\/v2\/product_brand?post=2784"},{"taxonomy":"product_cat","embeddable":true,"href":"https:\/\/mueller-wrh.de\/fr\/wp-json\/wp\/v2\/product_cat?post=2784"},{"taxonomy":"product_tag","embeddable":true,"href":"https:\/\/mueller-wrh.de\/fr\/wp-json\/wp\/v2\/product_tag?post=2784"}],"curies":[{"name":"wp","href":"https:\/\/api.w.org\/{rel}","templated":true}]}}