{"id":2741,"date":"2025-03-13T16:17:32","date_gmt":"2025-03-13T16:17:32","guid":{"rendered":"https:\/\/mueller-wrh.de\/produkt\/gebr-tsugami-hs2075ax-bj-2012-intnr230381\/"},"modified":"2025-07-14T09:54:40","modified_gmt":"2025-07-14T09:54:40","slug":"gebr-tsugami-hs2075ax-bj-2012-intnr230381","status":"publish","type":"product","link":"https:\/\/mueller-wrh.de\/fr\/produit\/gebr-tsugami-hs2075ax-bj-2012-intnr230381\/","title":{"rendered":"d'occasion Tsugami HS2075AX, ann\u00e9e 2012 (IntNr230381)"},"content":{"rendered":"<p><b>Emplacement :<\/b> Allemagne, Baden-W\u00fcrttemberg S\u00fcdwest<\/p>\n<p><b>\u00e9tat :<\/b> Occasion<\/p>\n<p><b>fabricant :<\/b> TSUGAMI<\/p>\n<p><b>mod\u00e8le :<\/b> HS2075AX<\/p>\n<p><b>Ann\u00e9e de construction :<\/b> 2012<\/p>\n<p>Centre de tournage\/fraisage CNC \u00e0 poup\u00e9e mobile avec axe B<br \/>\nHeures de fonctionnement : 7200<br \/>\nCommande : Fanuc 31i-A<br \/>\nLongueur d'usinage : max. 250 mm<br \/>\nNombre d'axes contr\u00f4l\u00e9s : 7 axes et max. 5 axes simultan\u00e9s<br \/>\nAxe B : 0\u00b0-130\u00b0 librement programmable<br \/>\nPassage de barre : \u00d8 3 mm \u00e0 \u00d8 20 mm max.<br \/>\nPuissance d'entra\u00eenement de la broche principale : 3,7 kW<br \/>\nPuissance d'entra\u00eenement de la contre-broche : 2,2 kW<br \/>\nVitesse de rotation de la broche principale : 10.000 tr\/min<br \/>\nVitesse de rotation de la contre-broche : 10.000 tr\/min<br \/>\nAxe C : broche principale et contre-broche<br \/>\nNombre de supports lin\u00e9aires : 2 pi\u00e8ces<br \/>\nNombre total d'outils : 35 pi\u00e8ces<br \/>\nDimensions (LxlxH) en mm : 2.110\u00d71.200\u00d71.885<br \/>\nPoids : 3 300 kg<br \/>\nTransformation de la rotation longue en rotation courte<br \/>\nStations de forage de trous profonds<br \/>\nBroche \u00e0 grande vitesse NAKANISHI<br \/>\nChariot arri\u00e8re avec axe Y<br \/>\nPer\u00e7age transversal verso<br \/>\nConvoyeur \u00e0 copeaux<br \/>\nSyst\u00e8me d'extinction d'incendie<br \/>\nFMB Ravitailleur Minimag 20, ann\u00e9e 2012<\/p>\n<p>La machine peut \u00eatre visit\u00e9e sous tension apr\u00e8s accord.<br \/>\nSous r\u00e9serve de modifications et d'erreurs dans les donn\u00e9es et informations techniques ainsi que de vente interm\u00e9diaire !<\/p>\n<p>used CNC Swiss-typeands turning\/milling center with B-axis<br \/>\nheures de fonctionnement : 7200<br \/>\ncontrol : Fanuc 31i-A<br \/>\nlongueur d'usinage : max. 250 mm<br \/>\nNombre d'axes contr\u00f4l\u00e9s : 7 axes et max. 5 axes simultan\u00e9s<br \/>\naxe B : 0\u00b0-130\u00b0 librement programmable<br \/>\nCapacit\u00e9 de la barre : \u00d8 3 mm jusqu'\u00e0 \u00d8 20 mm max.<br \/>\npuissance d'entra\u00eenement de la broche principale : 3,7 kW<br \/>\npuissance d'entra\u00eenement de la contre-broche : 2,2 kW<br \/>\nvitesse de la broche principale : 10.000 rpm<br \/>\nvitesse de la contre-broche : 10.000 rpm<br \/>\nAxe C : broche principale et contre-broche<br \/>\nnombre de supports lin\u00e9aires : 2 pi\u00e8ces<br \/>\nNombre total d'outils : 35 pi\u00e8ces<br \/>\nDimensions (LxlxH) en mm : 2.110\u00d71.200\u00d71.885<br \/>\npoids : 3 300 kg<br \/>\nConversion de la rotation longue \u00e0 la rotation courte<br \/>\nStations de forage de trous profonds<br \/>\nBroche \u00e0 grande vitesse NAKANISHI<br \/>\nGlissi\u00e8re arri\u00e8re avec axe Y<br \/>\nPer\u00e7age crois\u00e9 sur le c\u00f4t\u00e9 arri\u00e8re<br \/>\nConvoyeur \u00e0 puce<br \/>\nSyst\u00e8me d'extinction d'incendie<br \/>\nFMB bar feeder Minimag 20, ann\u00e9e 2012<\/p>\n<p>La machine peut \u00eatre inspect\u00e9e sous tension sur rendez-vous.<br \/>\nChanges and errors in the technical data and information and subject to prior sale !<\/p>","protected":false},"excerpt":{"rendered":"<p>Standort: Deutschland, Baden-W\u00fcrttemberg S\u00fcdwest Zustand: Gebraucht Hersteller: TSUGAMI Modell: HS2075AX Baujahr: 2012 gebr. CNC-Lang-Kurzdreh\/Fr\u00e4szentrum mit B-Achse Betriebsstunden: 7200 Steuerung: Fanuc 31i-A Bearbeitungsl\u00e4nge: max. 250 mm Anzahl gesteuerter Achsen: 7 Achsen und max. 5-Achsen simultan B-Achse: 0\u00b0-130\u00b0 frei programmierbar Stangendurchlass: \u00d8 3 mm bis max. \u00d8 20 mm Antriebsleistung Hauptspindel: 3,7 kW Antriebsleistung Gegenspindel: 2,2 kW [&hellip;]<\/p>\n","protected":false},"featured_media":2732,"comment_status":"open","ping_status":"closed","template":"","meta":{"_uf_show_specific_survey":0,"_uf_disable_surveys":false},"product_brand":[],"product_cat":[23],"product_tag":[],"class_list":{"0":"post-2741","1":"product","2":"type-product","3":"status-publish","4":"has-post-thumbnail","6":"product_cat-cnc-langdrehmaschinen","8":"first","9":"instock","10":"taxable","11":"shipping-taxable","12":"product-type-simple"},"aioseo_notices":[],"_links":{"self":[{"href":"https:\/\/mueller-wrh.de\/fr\/wp-json\/wp\/v2\/product\/2741","targetHints":{"allow":["GET"]}}],"collection":[{"href":"https:\/\/mueller-wrh.de\/fr\/wp-json\/wp\/v2\/product"}],"about":[{"href":"https:\/\/mueller-wrh.de\/fr\/wp-json\/wp\/v2\/types\/product"}],"replies":[{"embeddable":true,"href":"https:\/\/mueller-wrh.de\/fr\/wp-json\/wp\/v2\/comments?post=2741"}],"wp:featuredmedia":[{"embeddable":true,"href":"https:\/\/mueller-wrh.de\/fr\/wp-json\/wp\/v2\/media\/2732"}],"wp:attachment":[{"href":"https:\/\/mueller-wrh.de\/fr\/wp-json\/wp\/v2\/media?parent=2741"}],"wp:term":[{"taxonomy":"product_brand","embeddable":true,"href":"https:\/\/mueller-wrh.de\/fr\/wp-json\/wp\/v2\/product_brand?post=2741"},{"taxonomy":"product_cat","embeddable":true,"href":"https:\/\/mueller-wrh.de\/fr\/wp-json\/wp\/v2\/product_cat?post=2741"},{"taxonomy":"product_tag","embeddable":true,"href":"https:\/\/mueller-wrh.de\/fr\/wp-json\/wp\/v2\/product_tag?post=2741"}],"curies":[{"name":"wp","href":"https:\/\/api.w.org\/{rel}","templated":true}]}}